{"id":996,"date":"2024-07-29T08:28:43","date_gmt":"2024-07-29T08:28:43","guid":{"rendered":"https:\/\/h17n.com\/fr\/?post_type=product&#038;p=996"},"modified":"2024-07-30T02:54:51","modified_gmt":"2024-07-30T02:54:51","slug":"bringin","status":"publish","type":"product","link":"https:\/\/h17n.com\/fr\/acheter-du-bitcoin\/bringin\/","title":{"rendered":"Bringin : Acheter et Vendre Bitcoin en Utilisant SEPA IBAN"},"content":{"rendered":"<p><a href=\"https:\/\/spend.bringin.xyz\/signup?affiliate=H17N\">Bringin<\/a> est un outil con\u00e7u pour acheter, vendre et convertir du Bitcoin en Euros de mani\u00e8re s\u00e9curis\u00e9e, soit directement sur votre compte bancaire via SEPA\/IBAN, soit sur une carte de d\u00e9bit virtuelle. Cette solution permet non seulement de d\u00e9penser, acheter et vendre du Bitcoin en toute s\u00e9curit\u00e9, mais offre \u00e9galement des options innovantes pour convertir le Bitcoin en monnaie fiduciaire. La conversion du Bitcoin en monnaie fiduciaire, essentielle pour \u00e9tendre l&rsquo;utilit\u00e9 du Bitcoin dans les r\u00e9gions o\u00f9 il n&rsquo;est pas encore accept\u00e9 pour les biens et services.<\/p>\n<blockquote><p>\n  Pour l&rsquo;adoption massive du Bitcoin, il est n\u00e9cessaire que les utilisateurs puissent d\u00e9penser leur Bitcoin rapidement et en toute s\u00e9curit\u00e9. Nous visons \u00e0 cr\u00e9er tous les outils n\u00e9cessaires pour rendre le Bitcoin pratique pour tout le monde. &#8211; Bringin\n<\/p><\/blockquote>\n<p>En Europe, les individus utilisant des \u00e9changes de Bitcoin sont constamment menac\u00e9s d&rsquo;\u00eatre d\u00e9bank\u00e9s, car les banques bloquent souvent les paiements de fournisseurs tiers associ\u00e9s \u00e0 ces \u00e9changes pour des raisons de conformit\u00e9. Avec le durcissement des r\u00e9glementations des march\u00e9s des crypto-actifs (MiCA) en 2024, les exigences de conformit\u00e9 pour ces fournisseurs travaillant avec des entreprises de Bitcoin deviendront encore plus strictes. Bringin Bitcoin offre une solution pour \u00e9viter le gel de votre compte en attribuant \u00e0 chaque utilisateur un compte IBAN d\u00e9di\u00e9.<\/p>\n<p>Fait int\u00e9ressant, le transfert SEPA de Bringin vers votre compte bancaire est initi\u00e9 \u00e0 partir d&rsquo;un compte bancaire bas\u00e9 \u00e0 Malte \u00e0 votre nom. Ainsi, lorsque votre banque r\u00e9ceptrice traite le transfert, il appara\u00eet que vous d\u00e9placez simplement des Euros d&rsquo;un compte bancaire \u00e0 votre nom vers un autre compte bancaire \u00e0 votre nom.<\/p>\n<h2>Fonctionnalit\u00e9s de Bringin<\/h2>\n<p>Bringin offre une suite compl\u00e8te de fonctionnalit\u00e9s visant \u00e0 simplifier le processus de conversion et \u00e0 am\u00e9liorer l&rsquo;utilisation du Bitcoin dans les transactions quotidiennes :<\/p>\n<ul>\n<li><strong>Acheter et Vendre du Bitcoin :<\/strong> Vous pouvez <a href=\"https:\/\/h17n.com\/fr\/acheter-du-bitcoin\/\">acheter et vendre du Bitcoin<\/a> avec <a href=\"https:\/\/h17n.com\/fr\/acheter-bitcoin-avec-sepa\/\">un compte bancaire europ\u00e9en<\/a> en utilisant SEPA et IBAN. De plus, vous pouvez acheter du Bitcoin pour votre <a href=\"https:\/\/h17n.com\/fr\/portefeuilles-materiels\/\">portefeuille mat\u00e9riel<\/a> et votre <a href=\"https:\/\/h17n.com\/bitcoin-wallet-vs-lightning-wallet\/\">portefeuille \u00e9clair<\/a> sans avoir \u00e0 payer les frais de transaction en cha\u00eene.<\/li>\n<li><strong>APIs :<\/strong> Bringin propose des APIs permettant aux entreprises d&rsquo;int\u00e9grer des solutions de conversion de Bitcoin de mani\u00e8re transparente. Ces APIs permettent \u00e0 leurs utilisateurs de cr\u00e9er des factures Bitcoin, qui peuvent \u00eatre instantan\u00e9ment converties en monnaie fiduciaire. Cela permet aux entreprises d&rsquo;accepter les paiements en Bitcoin sans la complexit\u00e9 de g\u00e9rer le Bitcoin.<\/li>\n<li><strong>Soutien du R\u00e9seau Lightning :<\/strong> Bringin Bitcoin prend en charge les transactions via le <a href=\"https:\/\/h17n.com\/fr\/reseau-lightning\/\">R\u00e9seau Lightning<\/a> pour des paiements en Bitcoin plus rapides et moins chers pour les particuliers et les entreprises. Par exemple, vous pouvez payer des factures Lightning Bitcoin avec le compte IBAN de Bringin.<\/li>\n<li><strong>Portefeuille Autonome :<\/strong> Les commer\u00e7ants utilisant Bringin gardent le contr\u00f4le total de leurs fonds, qu&rsquo;ils soient on-chain ou sur le R\u00e9seau Lightning, \u00e9liminant les pr\u00e9occupations concernant la garde par des tiers.<\/li>\n<li><strong>IBANs D\u00e9di\u00e9s :<\/strong> Chaque utilisateur re\u00e7oit un IBAN d\u00e9di\u00e9 li\u00e9 \u00e0 son compte Bringin pour garantir des transferts de fonds s\u00e9curis\u00e9s et transparents vers son compte bancaire.<\/li>\n<li><strong>Carte de D\u00e9bit Virtuelle :<\/strong> Bringin propose une carte <a href=\"https:\/\/h17n.com\/bitcoin-cards\/\">de d\u00e9bit virtuelle<\/a> pour que vous puissiez d\u00e9penser votre Bitcoin dans les boutiques en ligne ou l&rsquo;utiliser pour diverses d\u00e9penses telles que les abonnements \u00e0 la salle de sport, les loyers, et m\u00eame <a href=\"https:\/\/h17n.com\/fr\/utiliser-bitcoin\/travala\/\">r\u00e9server des voyages et des h\u00f4tels avec Bitcoin<\/a>.<\/li>\n<li><strong>Comptabilit\u00e9 :<\/strong> Bringin fournit aux commer\u00e7ants un tableau de bord pour g\u00e9n\u00e9rer des rapports sur les transactions et conversions pass\u00e9es, simplifiant ainsi la <a href=\"https:\/\/h17n.com\/fr\/impot-sur-bitcoin\/\">d\u00e9claration fiscale du Bitcoin<\/a> et la gestion des stocks.<\/li>\n<\/ul>\n<p><a href=\"https:\/\/spend.bringin.xyz\/signup?affiliate=H17N\" title=\"\" class=\"button\">Inscrivez-vous \u00e0 Bringin<\/a><\/p>\n<h2>Comment fonctionne Bringin<\/h2>\n<p>Bringin Bitcoin fonctionne gr\u00e2ce \u00e0 un processus simple pour les particuliers et les entreprises. Les particuliers souhaitant utiliser Bringin pour convertir le Bitcoin dans leur portefeuille Bitcoin en Euros doivent passer par une v\u00e9rification par t\u00e9l\u00e9phone, e-mail et pi\u00e8ce d&rsquo;identit\u00e9. Une fois v\u00e9rifi\u00e9s, les Euros issus de la conversion du Bitcoin sont d\u00e9pos\u00e9s sur leur compte IBAN d\u00e9di\u00e9 via un transfert SEPA s\u00e9curis\u00e9. De plus, les particuliers peuvent opter pour cr\u00e9er une carte de d\u00e9bit virtuelle \u00e0 usage unique pour d\u00e9penser directement leur Bitcoin dans les boutiques en ligne ou pour divers services.<\/p>\n<p>Pour les entreprises, elles doivent remplir un formulaire en ligne r\u00e9pondant \u00e0 quelques questions et la plateforme contactera l&rsquo;entreprise. Bringin propose des APIs permettant l&rsquo;int\u00e9gration des fonctionnalit\u00e9s de conversion de Bitcoin pour les clients europ\u00e9ens, facilitant ainsi les paiements de factures en Bitcoin, qui sont instantan\u00e9ment convertis en Euros et d\u00e9pos\u00e9s directement sur le compte bancaire de l&rsquo;entreprise.<\/p>\n<p>En termes simples, Bringin vous permet d&rsquo;obtenir un compte IBAN qui fonctionne avec n&rsquo;importe quel logiciel Bitcoin et R\u00e9seau Lightning. Cela signifie que vous pouvez facilement et en toute s\u00e9curit\u00e9 convertir entre Euros et Bitcoin en utilisant <a href=\"https:\/\/h17n.com\/fr\/portefeuilles-mobiles\/\">des portefeuilles Bitcoin<\/a>, <a href=\"https:\/\/h17n.com\/fr\/paiements-bitcoin\/btcpay-server\/\">BTCPay Server<\/a>, LNBits et des clients Nostr.<\/p>\n<p>Imaginez ceci : lorsque vous recevez un paiement en Bitcoin via BTCPay Server, Bringin peut automatiquement \u00e9changer une partie de celui-ci en Euros et les d\u00e9poser directement dans votre compte IBAN. Notamment, le transfert SEPA de Bringin vers votre banque est initi\u00e9 \u00e0 partir d&rsquo;un compte bancaire maltais \u00e0 votre nom. Par cons\u00e9quent, il appara\u00eet \u00e0 votre banque r\u00e9ceptrice que vous transf\u00e9rez des Euros entre vos propres comptes bancaires.<\/p>\n<blockquote><p>\n  En utilisant Bringin pour les conversions de Bitcoin, les banques voient des transferts d&rsquo;argent r\u00e9guliers, mais en coulisses, le Lightning Network vous permet de d\u00e9placer facilement le Bitcoin dans et hors de Bringin, en respectant toutes les r\u00e9glementations, y compris MiCA (Markets in Crypto-Assets), une r\u00e9glementation mise en place par l&rsquo;Union europ\u00e9enne (UE) sp\u00e9cifiquement pour les crypto-monnaies et autres actifs num\u00e9riques.\n<\/p><\/blockquote>\n<p>Pour vendre du Bitcoin via Bringin, il suffit d&rsquo;entrer le montant souhait\u00e9 de Bitcoin, de v\u00e9rifier le prix actuel du Bitcoin et de calculer le total d&rsquo;Euros que vous recevrez, en tenant compte d&rsquo;une commission de transaction fixe de 1 %. Apr\u00e8s confirmation, vous pouvez choisir de cr\u00e9er une carte de d\u00e9bit virtuelle ou de retirer des Euros sur votre compte bancaire. Apr\u00e8s avoir s\u00e9lectionn\u00e9 l&rsquo;option de retrait et revu le r\u00e9sum\u00e9 de la commande, vous avez 24 heures pour envoyer le montant sp\u00e9cifi\u00e9 de Bitcoin \u00e0 l&rsquo;adresse fournie. Une fois la transaction Bitcoin confirm\u00e9e, vous pouvez initier un transfert SEPA de votre compte Bringin vers votre compte bancaire souhait\u00e9.<\/p>\n<p>Pour acheter du Bitcoin en utilisant un IBAN, vous devez d\u00e9poser des Euros sur votre compte Bringin en transf\u00e9rant des fonds vers le compte IBAN d\u00e9di\u00e9 fourni sur leur tableau de bord. En fait, vous pouvez acheter du Bitcoin directement dans votre <a href=\"https:\/\/h17n.com\/fr\/portefeuilles-materiels\/\">portefeuille mat\u00e9riel<\/a> ou tout autre portefeuille en utilisant Bringin, \u00e9liminant ainsi le besoin de passer par des \u00e9changes. Notamment, Bringin ne garde pas la garde de votre Bitcoin, permettant ainsi des conversions directes entre votre portefeuille Bitcoin personnel.<\/p>\n<h2>Frais de Bringin<\/h2>\n<p>En ce qui concerne les frais de Bringin, la plateforme offre une approche simple et transparente. Par exemple, si vous vendez du Bitcoin depuis un portefeuille Lightning, vous serez factur\u00e9 une commission de transaction de 1 % sur tout montant sup\u00e9rieur \u00e0 30 EUR. Cependant, cette commission de 1 % ne s&rsquo;applique qu&rsquo;au montant sup\u00e9rieur \u00e0 30 EUR, et vous devrez \u00e9galement prendre en compte les frais de traitement Lightning, qui sont plus faibles.<\/p>\n<p>Pour illustrer cela, disons que vous vendez 50 EUR de Bitcoin depuis un portefeuille Lightning. Dans ce sc\u00e9nario, vous payez une commission de transaction de 1 % sur les 20 EUR au-dessus du seuil de 30 EUR, soit 0,20 EUR (1 % de 20 EUR). D&rsquo;un autre c\u00f4t\u00e9, si vous vendez du Bitcoin depuis un portefeuille on-chain, Bringin facture une commission de transaction fixe de 1 % sur tout montant sup\u00e9rieur \u00e0 55 EUR. Par exemple, si vous vendez 100 EUR de Bitcoin depuis un portefeuille on-chain, vous payez une commission de transaction de 1 EUR (1 % de 45 EUR, le montant d\u00e9passant 55 EUR).<\/p>\n<p>Pour les entreprises int\u00e9grant l&rsquo;API de Bringin, la soci\u00e9t\u00e9 propose un mod\u00e8le de tarification permettant une int\u00e9gration sans engagement de frais mensuels.<\/p>\n<h2>Pays Pris en Charge par Bringin<\/h2>\n<p>Bringin ne peut inscrire que des utilisateurs des pays faisant partie de l&rsquo;Espace \u00e9conomique europ\u00e9en (EEE), tels que l&rsquo;Autriche, la Belgique, la France, l&rsquo;Allemagne, l&rsquo;Italie, les Pays-Bas et l&rsquo;Espagne. La plateforme est disponible en anglais, italien, espagnol et russe.<\/p>\n<h2>Bringin est-il s\u00fbr et l\u00e9gitime ?<\/h2>\n<p>Bringin est une entreprise l\u00e9gitime enregistr\u00e9e en Lituanie. Elle collabore avec des entit\u00e9s agr\u00e9\u00e9es pour offrir des services de garde et de conversion, et elle assure la conformit\u00e9 aux normes r\u00e9glementaires tout en prot\u00e9geant les int\u00e9r\u00eats des utilisateurs. La plateforme facilite les transferts de fonds transparents gr\u00e2ce \u00e0 des transactions instantan\u00e9es <a href=\"https:\/\/h17n.com\/fr\/acheter-du-bitcoin\/pocket-bitcoin\/\">SEPA<\/a> \u00e0 partir d&rsquo;IBAN d\u00e9di\u00e9s vers les comptes b\u00e9n\u00e9ficiaires choisis par les utilisateurs. Cette approche r\u00e9duit le risque de gel des fonds ou de blocage des comptes en raison des pressions r\u00e9glementaires.<\/p>\n<p>\u00c0 l&rsquo;inverse de la plupart des \u00e9changes de cryptomonnaies traditionnels, Bringin opte pour un mod\u00e8le non-custodial. Elle facilite la vente de Bitcoin \u00e0 partir de portefeuilles <a href=\"https:\/\/h17n.com\/self-custody\/\">auto-g\u00e9r\u00e9s<\/a> pour am\u00e9liorer la s\u00e9curit\u00e9 globale de vos fonds et la fiabilit\u00e9. De plus, leur site web est facile \u00e0 utiliser, ce qui simplifie la conversion de vos Bitcoins en Euros tout en gardant tout s\u00e9curis\u00e9 et simple.<\/p>\n<h2>Bringin : \u00c9changer des Bitcoins en Euros avec SEPA<\/h2>\n<p>Bringin est un outil pr\u00e9cieux pour les particuliers et les entreprises cherchant \u00e0 faire le lien entre le Bitcoin et les transactions quotidiennes. Son accent sur la s\u00e9curit\u00e9, la facilit\u00e9 d&rsquo;utilisation et des tarifs comp\u00e9titifs de 1 % de frais en font une option attrayante pour quiconque souhaite d\u00e9penser ses Bitcoins en Europe sans tracas.<\/p>\n<p>Bringin facilite la vente de Bitcoin ou la conversion de Bitcoin en Euros afin que vous puissiez les utiliser en ligne ou pour des choses comme le loyer ou les frais de gym. Il est simple d&rsquo;utilisation et vous permet de garder votre portefeuille auto-g\u00e9r\u00e9. De plus, un compte IBAN d\u00e9di\u00e9 vous est fourni pour faciliter des transactions s\u00e9curis\u00e9es.<\/p>\n<p>Les entreprises peuvent \u00e9galement accepter les paiements en Bitcoin et les convertir rapidement en Euros, les d\u00e9posant directement sur leurs comptes bancaires. Cela permet non seulement d&rsquo;\u00e9largir la base de clients, mais aussi d&rsquo;\u00e9liminer les complexit\u00e9s de la gestion ind\u00e9pendante du Bitcoin par les entreprises.<\/p>\n<p><a href=\"https:\/\/spend.bringin.xyz\/signup?affiliate=H17N\" title=\"\" class=\"button\">Inscrivez-vous \u00e0 Bringin<\/a><\/p>\n<h2>Plus d&rsquo;informations<\/h2>\n<ul>\n<li><a href=\"https:\/\/h17n.com\/fr\/bitcoin-bringin\/\">L&rsquo;exp\u00e9rience honn\u00eate d&rsquo;un utilisateur avec Bringin<\/a><\/li>\n<\/ul>\n","protected":false},"excerpt":{"rendered":"<p>Bringin est un outil con\u00e7u pour acheter, vendre et convertir des Bitcoins en Euros de mani\u00e8re s\u00e9curis\u00e9e, soit directement sur votre compte bancaire en utilisant SEPA\/IBAN, soit sur une carte de d\u00e9bit virtuelle.<\/p>\n","protected":false},"featured_media":997,"comment_status":"open","ping_status":"closed","template":"","meta":[],"product_brand":[],"product_cat":[40],"product_tag":[],"class_list":{"0":"post-996","1":"product","2":"type-product","3":"status-publish","4":"has-post-thumbnail","6":"product_cat-acheter-du-bitcoin","7":"","8":"woocommerce-text-align-center","9":"woocommerce-image-align-center","10":"do-quantity-buttons","12":"first","13":"instock","14":"shipping-taxable","15":"product-type-external"},"_links":{"self":[{"href":"https:\/\/h17n.com\/fr\/wp-json\/wp\/v2\/product\/996","targetHints":{"allow":["GET"]}}],"collection":[{"href":"https:\/\/h17n.com\/fr\/wp-json\/wp\/v2\/product"}],"about":[{"href":"https:\/\/h17n.com\/fr\/wp-json\/wp\/v2\/types\/product"}],"replies":[{"embeddable":true,"href":"https:\/\/h17n.com\/fr\/wp-json\/wp\/v2\/comments?post=996"}],"wp:featuredmedia":[{"embeddable":true,"href":"https:\/\/h17n.com\/fr\/wp-json\/wp\/v2\/media\/997"}],"wp:attachment":[{"href":"https:\/\/h17n.com\/fr\/wp-json\/wp\/v2\/media?parent=996"}],"wp:term":[{"taxonomy":"product_brand","embeddable":true,"href":"https:\/\/h17n.com\/fr\/wp-json\/wp\/v2\/product_brand?post=996"},{"taxonomy":"product_cat","embeddable":true,"href":"https:\/\/h17n.com\/fr\/wp-json\/wp\/v2\/product_cat?post=996"},{"taxonomy":"product_tag","embeddable":true,"href":"https:\/\/h17n.com\/fr\/wp-json\/wp\/v2\/product_tag?post=996"}],"curies":[{"name":"wp","href":"https:\/\/api.w.org\/{rel}","templated":true}]}}