{"id":97,"date":"2023-02-24T10:40:07","date_gmt":"2023-02-24T10:40:07","guid":{"rendered":"https:\/\/h17n.com\/fr\/?post_type=product&#038;p=97"},"modified":"2023-04-27T11:31:48","modified_gmt":"2023-04-27T11:31:48","slug":"trezor","status":"publish","type":"product","link":"https:\/\/h17n.com\/fr\/portefeuilles-materiels\/trezor\/","title":{"rendered":"Revue de Trezor : un portefeuille mat\u00e9riel open-source"},"content":{"rendered":"<p><a href=\"https:\/\/trezor.io\/\" rel=\"nofollow noopener\" target=\"_blank\">Trezor<\/a> propose des portefeuilles mat\u00e9riels qui stockent vos cl\u00e9s bitcoin hors ligne dans des dispositifs physiques de type USB. Trezor est un portefeuille mat\u00e9riel qui offre une s\u00e9curit\u00e9 de haut niveau pour g\u00e9rer les cl\u00e9s priv\u00e9es de bitcoin. Les portefeuilles mat\u00e9riels robustes con\u00e7us par Trezor sont faciles et s\u00e9curis\u00e9s pour stocker des bitcoins.<\/p>\n<p>Contrairement aux portefeuilles chauds, Trezor permet aux utilisateurs de voir les pi\u00e8ces sans Internet ni ordinateur. Les utilisateurs de Trezor peuvent acc\u00e9der aux \u00e9changes de bitcoins int\u00e9gr\u00e9s pour acheter, vendre ou \u00e9changer des bitcoins lors de l&rsquo;utulisation de leurs portefeuilles mat\u00e9riels. Trezor One permet aussi aux utilisateurs d&rsquo;acheter des bitcoins directement via l&rsquo;application Trezor en utilisant une monnaie fiduciaire.<\/p>\n<h2>Trezor : comment \u00e7a marche ?<\/h2>\n<p>Le portefeuille mat\u00e9riel Trezor fonctionne comme un petit ordinateur et valide toutes les transactions qu&rsquo;il contient, ce qui permet de v\u00e9rifier \u00e0 tout moment les montants, les destinataires et d&rsquo;autres d\u00e9tails. L&rsquo;appareil fonctionne en g\u00e9n\u00e9rant et en stockant des cl\u00e9s priv\u00e9es, qui sont n\u00e9cessaires pour acc\u00e9der \u00e0 vos actifs num\u00e9riques et les d\u00e9penser. Un code PIN et une phrase de r\u00e9cup\u00e9ration sont g\u00e9n\u00e9r\u00e9s au cours du processus d&rsquo;installation. Le code PIN est n\u00e9cessaire pour d\u00e9verrouiller l&rsquo;appareil et confirmer les transactions, tandis que la phrase de r\u00e9cup\u00e9ration est utilis\u00e9e pour r\u00e9tablir l&rsquo;acc\u00e8s \u00e0 vos fonds en cas de perte ou d&rsquo;endommagement de l&rsquo;appareil. Pour envoyer des bitcoins depuis votre portefeuille Trezor, connectez-le \u00e0 votre ordinateur ou \u00e0 votre appareil mobile et confirmez la transaction \u00e0 l&rsquo;aide de votre code PIN. La transaction est ensuite sign\u00e9e par l&rsquo;appareil avec votre cl\u00e9 priv\u00e9e et diffus\u00e9e sur le r\u00e9seau.<\/p>\n<p>Si votre portefeuille Trezor est perdu ou endommag\u00e9, vous pouvez r\u00e9cup\u00e9rer vos bitcoins en utilisant la phrase de r\u00e9cup\u00e9ration qui peut \u00eatre utilis\u00e9e pour g\u00e9n\u00e9rer les m\u00eames cl\u00e9s priv\u00e9es que l&rsquo;appareil d&rsquo;origine.<\/p>\n<div class=\"action box\">\n<p>Est-ce que Trezor a une application mobile ? Non, Trezor n&rsquo;a pas d&rsquo;application mobile pour le moment. Cependant, vous pouvez effectuer des paiements avec Trezor via votre t\u00e9l\u00e9phone Android. Pour ce faire, vous devrez vous connecter \u00e0 Trezor Suite dans votre navigateur en utilisant WebUSB. Les instructions d\u00e9taill\u00e9es se trouvent <a href=\"https:\/\/trezor.io\/learn\/a\/trezor-on-android\" target=\"_blank\" rel=\"nofollow noopener\">ici<\/a>.<\/p>\n<\/div>\n<h2>Avantages du portefeuille Trezor<\/h2>\n<ul>\n<li>Vous pouvez avoir un plan d&rsquo;\u00e9pargne en bitcoins en utilisant la strat\u00e9gie <a href=\"https:\/\/h17n.com\/fr\/investissement-programme\/\" target=\"_blank\" rel=\"noopener\">Dollar-cost averaging (DCA)<\/a> avec des achats programm\u00e9s directement sur votre portefeuille Trezor<\/li>\n<li>Il peut \u00eatre connect\u00e9 aux portefeuilles et des applications tiers comme Electrum, Exodus, Coinmate et Coinmap<\/li>\n<li>C&rsquo;est un logiciel open-source<\/li>\n<li>Les connexions anonymes sur Tor sont possibles<\/li>\n<li>Vous pouvez acheter des bitcoins avec une monnaie fiduciaire en utilisant Trezor<\/li>\n<li>Il propose Trezor Suite (une application de bureau) et une application Web pour Chrome et Firefox<\/li>\n<li>Un grand \u00e9cran et un \u00e9cran tactile couleur<\/li>\n<\/ul>\n<h2>Inconv\u00e9nients du portefeuille Trezor<\/h2>\n<ul>\n<li>Il est un peu cher par rapport aux autres portefeuilles mat\u00e9riels<\/li>\n<li>Il n&rsquo;a pas de fonction Bluetooth<\/li>\n<li>Il n&rsquo;a pas d&rsquo;application mobile<\/li>\n<li>Il n&rsquo;y a pas d&rsquo;air gap<\/li>\n<li>Bo\u00eetier en plastique est non durable<\/li>\n<\/ul>\n<h2>Trezor est-il s\u00fbr ?<\/h2>\n<p>Le portefeuille Trezor est l&rsquo;un des moyens les plus s\u00fbrs de stocker et de g\u00e9rer des bitcoins. Il prot\u00e8ge vos cl\u00e9s priv\u00e9es et vos fonds contre le piratage et autres dangers en ligne en combinant le stockage hors ligne, le cryptage et la confirmation physique. Il dispose \u00e9galement de fonctionnalit\u00e9s de s\u00e9curit\u00e9 suppl\u00e9mentaires telles que la prise en charge de plusieurs signatures et la protection par mot de passe. Cependant, afin de prot\u00e9ger vos biens, les meilleures mesures de s\u00e9curit\u00e9 doivent \u00eatre suivies.<\/p>\n","protected":false},"excerpt":{"rendered":"<p>Trezor propose des portefeuilles mat\u00e9riels qui stockent les bitcoins hors ligne dans des dispositifs physiques de type USB. Trezor est un portefeuille mat\u00e9riel qui fournit une s\u00e9curit\u00e9 de haut niveau pour g\u00e9rer les cl\u00e9s priv\u00e9es des bitcoins. Les portefeuilles mat\u00e9riels robustes con\u00e7us par Trezor sont faciles et s\u00e9curis\u00e9s pour stocker vos bitcoins et vos sats.<\/p>\n","protected":false},"featured_media":522,"comment_status":"open","ping_status":"closed","template":"","meta":[],"product_brand":[],"product_cat":[50],"product_tag":[],"class_list":{"0":"post-97","1":"product","2":"type-product","3":"status-publish","4":"has-post-thumbnail","6":"product_cat-portefeuilles-materiels","7":"pa_coinjoin-oui","8":"","9":"woocommerce-text-align-center","10":"woocommerce-image-align-center","11":"do-quantity-buttons","13":"first","14":"instock","15":"shipping-taxable","16":"product-type-external"},"_links":{"self":[{"href":"https:\/\/h17n.com\/fr\/wp-json\/wp\/v2\/product\/97","targetHints":{"allow":["GET"]}}],"collection":[{"href":"https:\/\/h17n.com\/fr\/wp-json\/wp\/v2\/product"}],"about":[{"href":"https:\/\/h17n.com\/fr\/wp-json\/wp\/v2\/types\/product"}],"replies":[{"embeddable":true,"href":"https:\/\/h17n.com\/fr\/wp-json\/wp\/v2\/comments?post=97"}],"wp:featuredmedia":[{"embeddable":true,"href":"https:\/\/h17n.com\/fr\/wp-json\/wp\/v2\/media\/522"}],"wp:attachment":[{"href":"https:\/\/h17n.com\/fr\/wp-json\/wp\/v2\/media?parent=97"}],"wp:term":[{"taxonomy":"product_brand","embeddable":true,"href":"https:\/\/h17n.com\/fr\/wp-json\/wp\/v2\/product_brand?post=97"},{"taxonomy":"product_cat","embeddable":true,"href":"https:\/\/h17n.com\/fr\/wp-json\/wp\/v2\/product_cat?post=97"},{"taxonomy":"product_tag","embeddable":true,"href":"https:\/\/h17n.com\/fr\/wp-json\/wp\/v2\/product_tag?post=97"}],"curies":[{"name":"wp","href":"https:\/\/api.w.org\/{rel}","templated":true}]}}