{"id":963,"date":"2023-07-26T10:54:21","date_gmt":"2023-07-26T10:54:21","guid":{"rendered":"https:\/\/h17n.com\/fr\/?post_type=product&#038;p=963"},"modified":"2023-07-26T10:55:26","modified_gmt":"2023-07-26T10:55:26","slug":"billfodl","status":"publish","type":"product","link":"https:\/\/h17n.com\/fr\/sauvegarde-de-phrase-de-recuperation\/billfodl\/","title":{"rendered":"Revue de Billfodl : une plaque de stockage de la phrase de r\u00e9cup\u00e9ration"},"content":{"rendered":"<p><a href=\"https:\/\/privacypros.io\/collections\/billfodls\/\" target=\"_blank\" rel=\"noopener\">Billfodl<\/a> est un dispositif de sauvegarde ignifuge, imperm\u00e9able et inviolable pour vos cl\u00e9s priv\u00e9es bitcoin, votre phrase de d\u00e9part et d&rsquo;autres donn\u00e9es sensibles. Il est fait de mat\u00e9riaux de haute qualit\u00e9, dont l&rsquo;acier inoxydable, le laiton et le titane, et il est con\u00e7u pour r\u00e9sister aux temp\u00e9ratures extr\u00eames, \u00e0 l&rsquo;eau et aux attaques physiques.<\/p>\n<p>Pour utiliser Billfodl, il vous suffit d&rsquo;\u00e9peler votre cl\u00e9 ou graine en glissant les tuiles dans les lattes. Vous pouvez stocker jusqu&rsquo;\u00e0 96 caract\u00e8res, ce qui est suffisant pour sauvegarder une graine enti\u00e8re de 24 mots. Une fois que vous avez install\u00e9 votre cl\u00e9 ou graine, vous pouvez la verrouiller en place avec la vis incluse.<\/p>\n<p>Billfodl est un excellent moyen de prot\u00e9ger votre phrase de r\u00e9cup\u00e9ration Bitcoin contre les pirates et autres menaces. C&rsquo;est aussi un appareil tr\u00e8s facile \u00e0 utiliser et il est couvert par une garantie \u00e0 vie.<\/p>\n<h2>Comment fonctionne Billfodl ?<\/h2>\n<p>Billfodl est un moyen simple mais efficace de sauvegarder votre phrase de d\u00e9part. L&rsquo;appareil se compose d&rsquo;une enceinte en acier inoxydable avec une s\u00e9rie de lattes et de tuiles. Pour utiliser Billfodl, il vous suffit d&rsquo;\u00e9peler votre cl\u00e9 ou graine en glissant les tuiles dans les lattes. Les carreaux sont grav\u00e9s au laser, ils sont donc faciles \u00e0 lire et ne se d\u00e9coloreront pas avec le temps. Une fois que vous avez install\u00e9 votre cl\u00e9 ou graine, vous pouvez la verrouiller en place avec la vis incluse.<\/p>\n<h2>Caract\u00e9ristiques de Billfodl<\/h2>\n<p>La sauvegarde m\u00e9tallique de la phrase de r\u00e9cup\u00e9ration vous offre les caract\u00e9ristiques suivantes.<\/p>\n<ul>\n<li><strong>R\u00e9sistant au feu :<\/strong> Billfodl peut r\u00e9sister \u00e0 des temp\u00e9ratures allant jusqu&rsquo;\u00e0 1 800 degr\u00e9s Fahrenheit.<\/li>\n<li><strong>Imperm\u00e9able \u00e0 l&rsquo;eau :<\/strong> Billfodl peut supporter d&rsquo;\u00eatre immerg\u00e9 dans l&rsquo;eau pendant 24 heures.<\/li>\n<li><strong>Inviolable :<\/strong> Billfodl est con\u00e7u pour \u00eatre inviolable.<\/li>\n<li><strong>Durable :<\/strong> Billfodl est fabriqu\u00e9 \u00e0 partir de mat\u00e9riaux de haute qualit\u00e9, il est donc con\u00e7u pour durer.<\/li>\n<li><strong>Facile \u00e0 utiliser :<\/strong> Billfodl est tr\u00e8s facile \u00e0 utiliser, m\u00eame pour les d\u00e9butants.<\/li>\n<li><strong>Garantie \u00e0 vie :<\/strong> Billfodl b\u00e9n\u00e9ficie d&rsquo;une garantie \u00e0 vie.<\/li>\n<\/ul>\n<h2>Prix de Billfodl<\/h2>\n<p>Billfodl est disponible \u00e0 un prix attractif de seulement 99,00 $. Compar\u00e9 \u00e0 d&rsquo;autres options sur le march\u00e9, qui peuvent facturer plus de 200 $ pour des fonctionnalit\u00e9s et une assistance similaires, cela fait de Billfodl un choix abordable.<\/p>\n<h2>Billfodl est-il l\u00e9gitime et s\u00fbr ?<\/h2>\n<p>Billfodl est un produit l\u00e9gitime. C&rsquo;est un outil de sauvegarde de graines de r\u00e9cup\u00e9ration en acier inoxydable qui est con\u00e7u pour stocker votre phrase de r\u00e9cup\u00e9ration de bitcoins de mani\u00e8re durable et s\u00e9curis\u00e9e. La plaque m\u00e9tallique est fabriqu\u00e9e en acier inoxydable 316 de qualit\u00e9 marine, qui est r\u00e9sistant \u00e0 l&rsquo;eau et au feu. Elle est \u00e9galement inviolable. Elle a \u00e9t\u00e9 test\u00e9e sur un site d&rsquo;essai du minist\u00e8re de la s\u00e9curit\u00e9 int\u00e9rieure et a surv\u00e9cu \u00e0 une combustion de 600 gallons de k\u00e9ros\u00e8ne.<\/p>\n<h2>S\u00e9curisez vos crypto-actifs avec Billfodl<\/h2>\n<p>Billfodl pr\u00e9sente une solution fiable et rentable pour prot\u00e9ger votre phrase de r\u00e9cup\u00e9ration. Avec sa conception ignifuge, imperm\u00e9able et inviolable, ainsi que son prix modeste de 99 $, il offre une option s\u00fbre et \u00e9conomique. L&rsquo;installation conviviale et la garantie \u00e0 vie renforcent encore son attrait.<\/p>\n","protected":false},"excerpt":{"rendered":"<p>Le Billfodl est une plaque de stockage de la phrase de r\u00e9cup\u00e9ration en acier inoxydable qui offre une protection ultime pour vos cl\u00e9s priv\u00e9es bitcoin ou vos phrases de r\u00e9cup\u00e9ration.<\/p>\n","protected":false},"featured_media":965,"comment_status":"open","ping_status":"closed","template":"","meta":[],"product_brand":[],"product_cat":[313],"product_tag":[360,362],"class_list":{"0":"post-963","1":"product","2":"type-product","3":"status-publish","4":"has-post-thumbnail","6":"product_cat-sauvegarde-de-phrase-de-recuperation","7":"product_tag-intermediaire","8":"product_tag-sauvegarde","9":"","10":"woocommerce-text-align-center","11":"woocommerce-image-align-center","12":"do-quantity-buttons","14":"first","15":"instock","16":"shipping-taxable","17":"product-type-external"},"_links":{"self":[{"href":"https:\/\/h17n.com\/fr\/wp-json\/wp\/v2\/product\/963","targetHints":{"allow":["GET"]}}],"collection":[{"href":"https:\/\/h17n.com\/fr\/wp-json\/wp\/v2\/product"}],"about":[{"href":"https:\/\/h17n.com\/fr\/wp-json\/wp\/v2\/types\/product"}],"replies":[{"embeddable":true,"href":"https:\/\/h17n.com\/fr\/wp-json\/wp\/v2\/comments?post=963"}],"wp:featuredmedia":[{"embeddable":true,"href":"https:\/\/h17n.com\/fr\/wp-json\/wp\/v2\/media\/965"}],"wp:attachment":[{"href":"https:\/\/h17n.com\/fr\/wp-json\/wp\/v2\/media?parent=963"}],"wp:term":[{"taxonomy":"product_brand","embeddable":true,"href":"https:\/\/h17n.com\/fr\/wp-json\/wp\/v2\/product_brand?post=963"},{"taxonomy":"product_cat","embeddable":true,"href":"https:\/\/h17n.com\/fr\/wp-json\/wp\/v2\/product_cat?post=963"},{"taxonomy":"product_tag","embeddable":true,"href":"https:\/\/h17n.com\/fr\/wp-json\/wp\/v2\/product_tag?post=963"}],"curies":[{"name":"wp","href":"https:\/\/api.w.org\/{rel}","templated":true}]}}