{"id":956,"date":"2023-07-25T18:44:36","date_gmt":"2023-07-25T18:44:36","guid":{"rendered":"https:\/\/h17n.com\/fr\/?post_type=product&#038;p=956"},"modified":"2023-07-25T18:44:48","modified_gmt":"2023-07-25T18:44:48","slug":"airbtc","status":"publish","type":"product","link":"https:\/\/h17n.com\/fr\/utiliser-bitcoin\/airbtc\/","title":{"rendered":"AirBTC : payez les locations de vacances en bitcoins"},"content":{"rendered":"<p><a href=\"https:\/\/airbtc.online\/\" target=\"_blank\" rel=\"noopener\">AirBTC<\/a> une plateforme de location de vacances 100% Bitcoin qui permet aux bitcoiners de louer des propri\u00e9t\u00e9s \u00e0 d&rsquo;autres bitcoiners. Fond\u00e9e en 2022 par une \u00e9quipe de d\u00e9veloppeurs et d&rsquo;entrepreneurs bitcoins d\u00e9vou\u00e9s, c&rsquo;est comme AirBnB, mais pour les bitcoins.<\/p>\n<p>AirBTC en est encore \u00e0 ses d\u00e9buts, mais elle a le potentiel de devenir une plateforme populaire pour les bitcoiners qui recherchent un moyen pratique et s\u00fbr de louer des propri\u00e9t\u00e9s de vacances.<\/p>\n<h2>Avantages d&rsquo;AirBTC<\/h2>\n<p>La plateforme offre un certain nombre d&rsquo;avantages par rapport aux plateformes traditionnelles de location de vacances, notamment :<\/p>\n<ul>\n<li><strong>Des paiements faciles et rapides :<\/strong> les paiements sont effectu\u00e9s en bitcoins, qui peuvent \u00eatre envoy\u00e9s instantan\u00e9ment et avec des frais minimes.<\/li>\n<li><strong>Faibles exigences en mati\u00e8re de conformit\u00e9 r\u00e9glementaire :<\/strong> AirBTC ne n\u00e9cessite aucune v\u00e9rification KYC ou AML, ce qui en fait une option plus respectueuse de la vie priv\u00e9e.<\/li>\n<li><strong>Une base d&rsquo;utilisateurs conviviale et fid\u00e8le :<\/strong> les utilisateurs d&rsquo;AirBTC sont tous des bitcoiners, ce qui signifie qu&rsquo;il y a une compr\u00e9hension commune de la technologie et des valeurs qui la sous-tendent.<\/li>\n<li><strong>Une \u00e9volutivit\u00e9 \u00e0 faible co\u00fbt :<\/strong> la plateforme utilise <a href=\"https:\/\/h17n.com\/fr\/reseau-lightning\/\" target=\"_blank\" rel=\"noopener\">le Lightning Network<\/a>, ce qui signifie que les transactions peuvent \u00eatre trait\u00e9es rapidement et \u00e0 moindre co\u00fbt.<\/li>\n<\/ul>\n<h2>Comment fonctionne AirBTC ?<\/h2>\n<p>La plateforme fonctionne de mani\u00e8re similaire aux autres sites de r\u00e9servation d&rsquo;h\u00e9bergement. La principale distinction est qu&rsquo;AirBTC accepte uniquement le bitcoin comme moyen de paiement. Les h\u00f4tes peuvent payer leurs r\u00e9servations exclusivement en bitcoins, tandis que les h\u00f4tes re\u00e7oivent leurs paiements dans la m\u00eame crypto-monnaie.<\/p>\n<p>Un aspect cl\u00e9 de la plateforme est son engagement \u00e0 \u00eatre une plateforme non gardienne. Vous gardez le contr\u00f4le total de vos bitcoins \u00e0 tout moment, ce qui garantit une s\u00e9curit\u00e9 et une confiance accrues.<\/p>\n<p>En tant qu&rsquo;utilisateur, vous pouvez louer des propri\u00e9t\u00e9s directement aupr\u00e8s d&rsquo;autres bitcoiners. Les paiements peuvent \u00eatre effectu\u00e9s \u00e0 l&rsquo;aide de transactions bitcoin sur la cha\u00eene ou par le biais du Lightning Network. Pour ceux qui sont int\u00e9ress\u00e9s par l&rsquo;h\u00e9bergement, AirBTC offre une fantastique opportunit\u00e9 de gagner des bitcoins en louant leurs propri\u00e9t\u00e9s \u00e0 d&rsquo;autres bitcoiners. Lorsque des invit\u00e9s r\u00e9servent votre propri\u00e9t\u00e9, le paiement est directement envoy\u00e9 \u00e0 votre adresse Bitcoin ou Lightning.<\/p>\n<h2>Frais d&rsquo;AirBTC<\/h2>\n<p>AirBTC pr\u00e9l\u00e8ve 15ee sur toutes les r\u00e9servations. Ces frais sont inclus dans le prix que les invit\u00e9s voient sur le site web. Elle sert \u00e0 couvrir les co\u00fbts de fonctionnement de la plateforme, notamment l&rsquo;assistance \u00e0 la client\u00e8le, le marketing et le d\u00e9veloppement.<\/p>\n<p>AirBTC utilise le dollar am\u00e9ricain comme monnaie d&rsquo;affichage, mais les paiements sont effectu\u00e9s en bitcoins. Cela s&rsquo;explique par le fait que le bitcoin est une monnaie plus volatile que les monnaies fiduciaires, et qu&rsquo;AirBTC souhaite \u00e9viter toute fluctuation potentielle des prix. Lorsque vous effectuez une r\u00e9servation, le montant est converti en bitcoins au taux de change actuel. L&rsquo;h\u00f4te re\u00e7oit ensuite le montant en bitcoins, moins les frais d&rsquo;AirBTC.<\/p>\n<p>Si le cours du bitcoin augmente ou diminue entre le moment de la r\u00e9servation et le s\u00e9jour, l&rsquo;h\u00f4te recevra toujours le montant en bitcoins qui lui a \u00e9t\u00e9 vers\u00e9 \u00e0 la date de la r\u00e9servation. Cela signifie que l&rsquo;h\u00f4te est prot\u00e9g\u00e9 de toute perte potentielle due aux fluctuations de prix.<\/p>\n<h2>AirBTC : l&rsquo;avenir des locations de vacances pour les bitcoiners<\/h2>\n<p>AirBTC est une nouvelle plateforme innovante qui offre aux bitcoiners un moyen pratique et s\u00e9curis\u00e9 de louer des propri\u00e9t\u00e9s de vacances. La plateforme pr\u00e9sente un certain nombre d&rsquo;avantages par rapport aux plateformes traditionnelles de location de vacances, notamment le fait qu&rsquo;elle n&rsquo;accepte que le bitcoin comme moyen de paiement, ce qui en fait une option plus respectueuse de la vie priv\u00e9e. En outre, elle utilise le dollar am\u00e9ricain comme monnaie d&rsquo;affichage, ce qui permet aux h\u00f4tes de comprendre plus facilement les prix. Enfin, elle prot\u00e8ge les h\u00f4tes de toute perte potentielle due aux fluctuations des prix.<\/p>\n<p>Toutefois, AirBTC en est encore \u00e0 ses d\u00e9buts et pr\u00e9sente donc certaines limites. Par exemple, la plateforme a une base d&rsquo;utilisateurs plus petite que les plateformes traditionnelles de location de vacances, et la s\u00e9lection de propri\u00e9t\u00e9s n&rsquo;est pas aussi grande.<\/p>\n","protected":false},"excerpt":{"rendered":"<p>AirBTC est une nouvelle plateforme qui permet aux Bitcoiners de louer des propri\u00e9t\u00e9s de vacances \u00e0 d&rsquo;autres Bitcoiners. Il est similaire \u00e0 AirBnB, mais il n&rsquo;accepte que le bitcoin comme moyen de paiement.<\/p>\n","protected":false},"featured_media":960,"comment_status":"open","ping_status":"closed","template":"","meta":[],"product_brand":[],"product_cat":[55],"product_tag":[],"class_list":{"0":"post-956","1":"product","2":"type-product","3":"status-publish","4":"has-post-thumbnail","6":"product_cat-utiliser-bitcoin","7":"","8":"woocommerce-text-align-center","9":"woocommerce-image-align-center","10":"do-quantity-buttons","12":"first","13":"instock","14":"shipping-taxable","15":"product-type-external"},"_links":{"self":[{"href":"https:\/\/h17n.com\/fr\/wp-json\/wp\/v2\/product\/956","targetHints":{"allow":["GET"]}}],"collection":[{"href":"https:\/\/h17n.com\/fr\/wp-json\/wp\/v2\/product"}],"about":[{"href":"https:\/\/h17n.com\/fr\/wp-json\/wp\/v2\/types\/product"}],"replies":[{"embeddable":true,"href":"https:\/\/h17n.com\/fr\/wp-json\/wp\/v2\/comments?post=956"}],"wp:featuredmedia":[{"embeddable":true,"href":"https:\/\/h17n.com\/fr\/wp-json\/wp\/v2\/media\/960"}],"wp:attachment":[{"href":"https:\/\/h17n.com\/fr\/wp-json\/wp\/v2\/media?parent=956"}],"wp:term":[{"taxonomy":"product_brand","embeddable":true,"href":"https:\/\/h17n.com\/fr\/wp-json\/wp\/v2\/product_brand?post=956"},{"taxonomy":"product_cat","embeddable":true,"href":"https:\/\/h17n.com\/fr\/wp-json\/wp\/v2\/product_cat?post=956"},{"taxonomy":"product_tag","embeddable":true,"href":"https:\/\/h17n.com\/fr\/wp-json\/wp\/v2\/product_tag?post=956"}],"curies":[{"name":"wp","href":"https:\/\/api.w.org\/{rel}","templated":true}]}}