{"id":94,"date":"2023-02-24T08:59:32","date_gmt":"2023-02-24T08:59:32","guid":{"rendered":"https:\/\/h17n.com\/fr\/?post_type=product&#038;p=94"},"modified":"2023-05-18T15:28:11","modified_gmt":"2023-05-18T15:28:11","slug":"exodus","status":"publish","type":"product","link":"https:\/\/h17n.com\/fr\/portefeuilles-de-bureau\/exodus\/","title":{"rendered":"Exodus : un portefeuille Bitcoin auto-d\u00e9positaire"},"content":{"rendered":"<p><a href=\"https:\/\/www.exodus.com\/\" rel=\"nofollow noopener\" target=\"_blank\">Exodus<\/a> est un portefeuille auto d\u00e9positaire qui permet d&rsquo;envoyer, de recevoir, d&rsquo;acheter, de vendre, d&rsquo;\u00e9changer, de miser et de gagner des int\u00e9r\u00eats sur les bitcoins et autres cryptos. Il est disponible sur un ordinateur de bureau, sur un mobile et sous forme d&rsquo;extension de navigateur. Compatible avec les portefeuilles mat\u00e9riels, il offre \u00e9galement une gamme de fonctionnalit\u00e9s, notamment un \u00e9change int\u00e9gr\u00e9, un <a href=\"https:\/\/h17n.com\/fr\/reseau-lightning\/\" target=\"_blank\" rel=\"noopener\">portefeuille lightning  et une interface exceptionnelle avec son design et sa facilit\u00e9 d&rsquo;utilisation qui le distingue de la concurrence.<\/p>\n<h2>Processus d&rsquo;installation<\/h2>\n<p>Pour commencer, t\u00e9l\u00e9charge Exodus pour un <a href=\"https:\/\/www.exodus.com\/download\/\" rel=\"nofollow noopener\" target=\"_blank\">ordinateur de bureau<\/a> (pour les syst\u00e8mes d&rsquo;exploitation Windows, Linux et macOS), un <a href=\"https:\/\/www.exodus.com\/download\/\" rel=\"nofollow noopener\" target=\"_blank\">mobile<\/a> (pour iOS ou Android) ou comme <a href=\"https:\/\/www.exodus.com\/web3-wallet\/\" rel=\"nofollow noopener\" target=\"_blank\">extension de navigateur<\/a>. Vous ne devez pas saisir d&rsquo;informations personnelles. Mais pour continuer, le service vous demande de sauvegarder votre portefeuille. \u00c9crivez une phrase de r\u00e9cup\u00e9ration de 12 mots pour restaurer le portefeuille en cas d&rsquo;urgence ou pour l&rsquo;utiliser sur un autre appareil. Puis d\u00e9finissez un code d&rsquo;acc\u00e8s fort pour ouvrir votre portefeuille. Votre portefeuille est maintenant pr\u00eat \u00e0 \u00eatre utilis\u00e9.<\/p>\n<h2>Avantages et inconv\u00e9nients du portefeuille Exodus<\/h2>\n<h3>Avantages<\/h3>\n<ul>\n<li><strong>Interface simple et conviviale.<\/strong> Le portefeuille a un design simple et intuitif qui le rend facile \u00e0 utiliser et \u00e0 naviguer. <\/li>\n<li><strong>Int\u00e9gration avec l&rsquo;\u00e9change ShapeShift.<\/strong> Vous pouvez acc\u00e9der \u00e0 l&rsquo;\u00e9change de bitcoins int\u00e9gr\u00e9 pour acheter, vendre ou \u00e9changer des bitcoins. Il est \u00e9galement possible d&rsquo;acheter des bitcoins en USD, EUR ou GBP avec vos cartes de cr\u00e9dit\/d\u00e9bit dans la version mobile Exodus. <\/li>\n<li><strong>Prise en charge des portefeuilles mat\u00e9riels.<\/strong> Le portefeuille de bureau Exodus est compatible avec les portefeuilles mat\u00e9riels Trezor (Trezor One et Trezor Model T). Il vous permet d&rsquo;envoyer et de recevoir vos actifs avec Trezor. Ces fonctions ne sont disponibles que dans la version de bureau. Avec Exodus mobile, le solde Trezor peut uniquement \u00eatre consult\u00e9. Exodus Web3 Wallet ne prend pas en charge Trezor.<\/li>\n<li><strong>Portefeuille Lightning.<\/strong> Il est disponible sur Exodus mobile. Ce portefeuille aide \u00e0 r\u00e9duire les frais et permet des transactions plus rapides via le r\u00e9seau Lightning. Vous pouvez financer le portefeuille Lightning ou retirer des bitcoins de celui-ci via votre portefeuille bitcoin Exodus. <\/li>\n<li><strong>R\u00e9compenses Exodus.<\/strong> Vous pouvez cr\u00e9er votre propre pool de jalonnement et gagner des r\u00e9compenses du r\u00e9seau.<\/li>\n<li><strong>Face ID ou Touch ID.<\/strong> Vous pouvez activer Face ID pour les appareils iOS ou Touch ID pour Android comme couche de s\u00e9curit\u00e9 suppl\u00e9mentaire. <\/li>\n<li><strong>Assistance humaine 24\/7.<\/strong> L&rsquo;assistance client\u00e8le du portefeuille Exodus est disponible 24 heures sur 24 et 7 jours sur 7, soit sur la <a href=\"https:\/\/www.exodus.com\/contact-support\/\" rel=\"nofollow noopener\" target=\"_blank\">page d&rsquo;assistance client\u00e8le<\/a> du site Web d&rsquo;Exodus, soit en envoyant un email \u00e0 support@exodus.com. Ils peuvent aussi \u00eatre contact\u00e9s via Twitter et Facebook. Cependant, l&rsquo;assistance t\u00e9l\u00e9phonique n&rsquo;est pas disponible.<\/li>\n<\/ul>\n<h3>Inconv\u00e9nients<\/h3>\n<ul>\n<li><strong>S\u00e9curit\u00e9.<\/strong> Les approbations A2F et multi-signatures ne sont pas prises en charge.<\/li>\n<li><strong>Pas de code source ouvert.<\/strong> Le portefeuille a un code source ferm\u00e9. Cela signifie qu&rsquo;il vous emp\u00eache d&rsquo;avoir une transparence totale du portefeuille, son code n&rsquo;est pas accessible au public pour une r\u00e9vision, un examen et une contribution. <\/li>\n<li><strong>Pas de prise en charge de CoinJoin.<\/strong> Exodus ne prend pas en charge les transactions CoinJoin. Par cons\u00e9quent, les paiements multiples de plusieurs parties ne sont pas combin\u00e9s en une seule transaction.<\/li>\n<li><strong>Portefeuille chaud.<\/strong> Comme tous les portefeuilles chauds, Exodus doit \u00eatre connect\u00e9 \u00e0 Internet pour \u00eatre utilis\u00e9. \u00c0 cause de cela, il est plus vuln\u00e9rable aux attaques de hackers.<\/li>\n<\/ul>\n<h2>Plus d&rsquo;informations<\/h2>\n<ul>\n<li><a href=\"https:\/\/apps.apple.com\/app\/apple-store\/id1414384820?pt=118366236&amp;ct=download&amp;mt=8\" rel=\"nofollow noopener\" target=\"_blank\">Exodus pour iOS<\/a><\/li>\n<li><a href=\"https:\/\/play.google.com\/store\/apps\/details?id=exodusmovement.exodus\" rel=\"nofollow noopener\" target=\"_blank\">Exodus pour Android<\/a><\/li>\n<li><a href=\"https:\/\/twitter.com\/exodus_io\" rel=\"nofollow noopener\" target=\"_blank\">Exodus sur Twitter<\/a><\/li>\n<li><a href=\"https:\/\/www.facebook.com\/exodus.io\/\" rel=\"nofollow noopener\" target=\"_blank\">Exodus sur Facebook<\/a><\/li>\n<\/ul>\n","protected":false},"excerpt":{"rendered":"<p>Exodus est un portefeuille non d\u00e9positaire pour les applications de bureau, mobiles et bas\u00e9es sur un navigateur Web. Il poss\u00e8de une interface intuitive et conviviale et est compatible avec les portefeuilles mat\u00e9riels Trezor. Il vous permet d&rsquo;envoyer, de recevoir, d&rsquo;acheter, de vendre, d&rsquo;\u00e9changer, de miser et de gagner des int\u00e9r\u00eats sur les bitcoins et autres cryptos.<\/p>\n","protected":false},"featured_media":96,"comment_status":"open","ping_status":"closed","template":"","meta":[],"product_brand":[],"product_cat":[49],"product_tag":[],"class_list":{"0":"post-94","1":"product","2":"type-product","3":"status-publish","4":"has-post-thumbnail","6":"product_cat-portefeuilles-de-bureau","7":"pa_coinjoin-non","8":"","9":"woocommerce-text-align-center","10":"woocommerce-image-align-center","11":"do-quantity-buttons","13":"first","14":"instock","15":"shipping-taxable","16":"product-type-external"},"_links":{"self":[{"href":"https:\/\/h17n.com\/fr\/wp-json\/wp\/v2\/product\/94","targetHints":{"allow":["GET"]}}],"collection":[{"href":"https:\/\/h17n.com\/fr\/wp-json\/wp\/v2\/product"}],"about":[{"href":"https:\/\/h17n.com\/fr\/wp-json\/wp\/v2\/types\/product"}],"replies":[{"embeddable":true,"href":"https:\/\/h17n.com\/fr\/wp-json\/wp\/v2\/comments?post=94"}],"wp:featuredmedia":[{"embeddable":true,"href":"https:\/\/h17n.com\/fr\/wp-json\/wp\/v2\/media\/96"}],"wp:attachment":[{"href":"https:\/\/h17n.com\/fr\/wp-json\/wp\/v2\/media?parent=94"}],"wp:term":[{"taxonomy":"product_brand","embeddable":true,"href":"https:\/\/h17n.com\/fr\/wp-json\/wp\/v2\/product_brand?post=94"},{"taxonomy":"product_cat","embeddable":true,"href":"https:\/\/h17n.com\/fr\/wp-json\/wp\/v2\/product_cat?post=94"},{"taxonomy":"product_tag","embeddable":true,"href":"https:\/\/h17n.com\/fr\/wp-json\/wp\/v2\/product_tag?post=94"}],"curies":[{"name":"wp","href":"https:\/\/api.w.org\/{rel}","templated":true}]}}