{"id":925,"date":"2023-06-30T16:18:50","date_gmt":"2023-06-30T16:18:50","guid":{"rendered":"https:\/\/h17n.com\/fr\/?post_type=product&#038;p=925"},"modified":"2024-12-06T11:55:07","modified_gmt":"2024-12-06T11:55:07","slug":"boltz","status":"publish","type":"product","link":"https:\/\/h17n.com\/fr\/acheter-du-bitcoin\/boltz\/","title":{"rendered":"Boltz: un \u00e9change sans KYC pour des submarine swaps"},"content":{"rendered":"<p><a href=\"\/\/boltz.exchange\/\" target=\"_blank\" rel=\"noopener\">Boltz Bitcoin<\/a> est un \u00e9change sans KYC, ax\u00e9 sur la confidentialit\u00e9, qui prend en charge Tor et propose des submarine swaps entre Liquid, Lightning et Bitcoin on-chain. Un submarine swap est un moyen d&rsquo;\u00e9changer des bitcoins depuis <a href=\"https:\/\/h17n.com\/fr\/reseau-lightning\/\">Lightning<\/a> et Liquid vers des adresses on-chain et vice versa en utilisant un fournisseur de services comme Boltz.<\/p>\n<h2>Le probl\u00e8me que Boltz r\u00e9sout<\/h2>\n<p>Boltz r\u00e9sout le probl\u00e8me d&rsquo;obtenir suffisamment de capacit\u00e9 entrante dans les canaux Lightning pour recevoir des fonds. Traditionnellement, les utilisateurs du r\u00e9seau Lightning ont eu du mal \u00e0 obtenir une capacit\u00e9 entrante suffisante dans leurs canaux pour recevoir des fonds. Boltz offre une solution en vous permettant d&rsquo;\u00e9changer les liquidit\u00e9s entrantes dont vous avez besoin sans avoir \u00e0 compter sur les autres ou attendre que leur capacit\u00e9 se d\u00e9veloppe naturellement. Cela \u00e9limine le besoin de demander manuellement des ouvertures de canaux ou d&rsquo;utiliser d&rsquo;autres services, offrant un moyen plus simple d&rsquo;obtenir des liquidit\u00e9s entrantes sur le r\u00e9seau Lightning.<\/p>\n<h2>Comment fonctionne Boltz<\/h2>\n<p>L&rsquo;\u00e9change Boltz fonctionne sans comptes d&rsquo;utilisateurs et donne la priorit\u00e9 \u00e0 la confidentialit\u00e9 des utilisateurs en ne suivant ni en ne stockant aucune donn\u00e9e pouvant \u00eatre li\u00e9e \u00e0 votre identit\u00e9. Il fonctionne comme un \u00e9change non d\u00e9positaire, prenant en charge les portefeuilles r\u00e9guliers et Lightning. Boltz permet des \u00e9changes non d\u00e9positaires entre diff\u00e9rentes couches Bitcoin, vous donnant un contr\u00f4le total sur votre bitcoin \u00e0 tout moment.<\/p>\n<p>Pour utiliser l&rsquo;\u00e9change Boltz, vous pouvez suivre les \u00e9tapes suivantes :<\/p>\n<ul>\n<li>Visitez le <a href=\"https:\/\/boltz.exchange\/\" target=\"_blank\" rel=\"noopener\">site web de Boltz<\/a>.<\/li>\n<li>Choisissez le type de swap que vous souhaitez effectuer, comme un swap Lightning ou un swap Liquid.<\/li>\n<li>Suivez les instructions \u00e0 l&rsquo;\u00e9cran pour saisir les d\u00e9tails n\u00e9cessaires, y compris le montant que vous souhaitez \u00e9changer et les adresses concern\u00e9es.<\/li>\n<li>Cliquez sur \u00a0\u00bb Cr\u00e9er un \u00e9change atomique \u00ab\u00a0<\/li>\n<li>Attendez que le swap soit trait\u00e9, ce qui peut prendre un certain temps en fonction des conditions du r\u00e9seau.<\/li>\n<li>Une fois l&rsquo;\u00e9change termin\u00e9, vous recevrez le bitcoin \u00e9chang\u00e9 dans votre portefeuille d\u00e9sign\u00e9.<\/li>\n<\/ul>\n<h2>Caract\u00e9ristiques de Boltz<\/h2>\n<p>Boltz propose une gamme de fonctionnalit\u00e9s d&rsquo;\u00e9change pour vous. Avec Boltz, vous pouvez facilement basculer entre Liquid, Lightning et Bitcoin en cha\u00eene \u00e0 l&rsquo;aide d&rsquo;une seule application Web. Vous pouvez \u00e9changer jusqu&rsquo;\u00e0 0,1 BTC. De plus, Boltz prend en charge l&rsquo;\u00e9change vers des adresses Taproot, en particulier bech32m. Pour am\u00e9liorer la confidentialit\u00e9, les \u00e9changes peuvent \u00eatre effectu\u00e9s via Tor. De plus, Boltz fournit des quantit\u00e9s pr\u00e9cises sur la cha\u00eene, vous permettant d&rsquo;\u00e9changer avec pr\u00e9cision jusqu&rsquo;au niveau satoshi.<\/p>\n<h2>Frais de Boltz<\/h2>\n<p>L&rsquo;utilisation de Boltz implique deux types de frais. Le premier est la commission du mineur qui est n\u00e9cessaire pour les transactions sur la cha\u00eene dans le cadre des submarine swaps. Le second est un frais suppl\u00e9mentaire factur\u00e9 par Boltz qui correspond \u00e0 un pourcentage du montant \u00e9chang\u00e9. Ces frais correspondent au service fourni par Boltz. Avant d&rsquo;initier un swap, vous pourrez voir le montant exact des frais.<\/p>\n<h2>Est-Ce Que Boltz Est L\u00e9gitime Et S\u00e9curis\u00e9\u202f?<\/h2>\n<p>Oui, l&rsquo;\u00e9change de Bitcoin Boltz est une plateforme l\u00e9gitime et s\u00e9curis\u00e9e. Boltz est un \u00e9change de confiance, ce qui signifie qu&rsquo;il repose sur des m\u00e9canismes cryptographiques pour faciliter les transactions sans autorit\u00e9 centrale qui les supervise. Cela peut \u00eatre attractif pour les utilisateurs qui priorisent l&rsquo;anonymat et le contr\u00f4le sur leurs fonds. Il s&rsquo;agit d&rsquo;un \u00e9change non-custodial, ce qui signifie que vous conservez la garde de vos Bitcoins tout au long du processus d&rsquo;\u00e9change. Cela contraste avec les \u00e9changes custodiaux, o\u00f9 vous d\u00e9posez vos Bitcoins dans les portefeuilles de l&rsquo;\u00e9change.<\/p>\n<p>Enfin, l&rsquo;\u00e9change de BTC Boltz fonctionne comme un \u00e9change non-KYC (connaissance du client), il ne n\u00e9cessite pas que vous fournissiez une identification personnelle. Cela signifie que l&rsquo;\u00e9change est ax\u00e9 sur la confidentialit\u00e9.<\/p>\n<h2>Plus d&rsquo;informations<\/h2>\n<ul>\n<li><a href=\"https:\/\/boltz.exchange\/\" target=\"_blank\" rel=\"noopener\">Site web de Boltz<\/a><\/li>\n<li><a href=\"https:\/\/twitter.com\/boltzhq\" target=\"_blank\" rel=\"noopener\">Boltz sur Twitter<\/a><\/li>\n<li><a href=\"https:\/\/discord.com\/invite\/QBvZGcW\" target=\"_blank\" rel=\"noopener\">Boltz sur Discord<\/a><\/li>\n<\/ul>\n","protected":false},"excerpt":{"rendered":"<p>Boltz est un \u00e9change ax\u00e9 sur la confidentialit\u00e9 prenant en charge Tor et offrant des submarine swaps entre Lightning, Liquid et Bitcoin.<\/p>\n","protected":false},"featured_media":949,"comment_status":"open","ping_status":"closed","template":"","meta":[],"product_brand":[],"product_cat":[40],"product_tag":[358],"class_list":{"0":"post-925","1":"product","2":"type-product","3":"status-publish","4":"has-post-thumbnail","6":"product_cat-acheter-du-bitcoin","7":"product_tag-avance","8":"","9":"woocommerce-text-align-center","10":"woocommerce-image-align-center","11":"do-quantity-buttons","13":"first","14":"instock","15":"shipping-taxable","16":"product-type-external"},"_links":{"self":[{"href":"https:\/\/h17n.com\/fr\/wp-json\/wp\/v2\/product\/925","targetHints":{"allow":["GET"]}}],"collection":[{"href":"https:\/\/h17n.com\/fr\/wp-json\/wp\/v2\/product"}],"about":[{"href":"https:\/\/h17n.com\/fr\/wp-json\/wp\/v2\/types\/product"}],"replies":[{"embeddable":true,"href":"https:\/\/h17n.com\/fr\/wp-json\/wp\/v2\/comments?post=925"}],"wp:featuredmedia":[{"embeddable":true,"href":"https:\/\/h17n.com\/fr\/wp-json\/wp\/v2\/media\/949"}],"wp:attachment":[{"href":"https:\/\/h17n.com\/fr\/wp-json\/wp\/v2\/media?parent=925"}],"wp:term":[{"taxonomy":"product_brand","embeddable":true,"href":"https:\/\/h17n.com\/fr\/wp-json\/wp\/v2\/product_brand?post=925"},{"taxonomy":"product_cat","embeddable":true,"href":"https:\/\/h17n.com\/fr\/wp-json\/wp\/v2\/product_cat?post=925"},{"taxonomy":"product_tag","embeddable":true,"href":"https:\/\/h17n.com\/fr\/wp-json\/wp\/v2\/product_tag?post=925"}],"curies":[{"name":"wp","href":"https:\/\/api.w.org\/{rel}","templated":true}]}}