{"id":924,"date":"2023-06-30T14:06:49","date_gmt":"2023-06-30T14:06:49","guid":{"rendered":"https:\/\/h17n.com\/fr\/?post_type=product&#038;p=924"},"modified":"2023-06-30T14:10:17","modified_gmt":"2023-06-30T14:10:17","slug":"boltring","status":"publish","type":"product","link":"https:\/\/h17n.com\/fr\/paiements-bitcoin\/boltring\/","title":{"rendered":"BoltRing : un anneau de paiement Bitcoin"},"content":{"rendered":"<p><a href=\"https:\/\/bitcoin-ring.com\/\" target=\"_blank\" rel=\"noopener\">BoltRing<\/a> est un anneau de paiement Bitcoin qui vous permet d&rsquo;effectuer des paiements s\u00e9curis\u00e9s et pratiques avec Bitcoin, m\u00eame sans smartphone ni connexion Internet. Ce petit appareil compatible NFC est fabriqu\u00e9 en c\u00e9ramique de haute qualit\u00e9 et r\u00e9siste \u00e0 l&rsquo;eau, \u00e0 la poussi\u00e8re et aux rayures.<\/p>\n<p>BoltRing avait une \u00e9dition de pr\u00e9-lancement qui \u00e9tait disponible \u00e0 l&rsquo;achat lors de la conf\u00e9rence BTC Prague 2023. Cette version exclusive de pr\u00e9-lancement a permis aux premiers utilisateurs de mettre la main sur BoltRing avant sa sortie officielle.<\/p>\n<p>Les avantages de l&rsquo;utilisation de BoltRing sont les suivants :<\/p>\n<ul>\n<li><strong>S\u00e9curit\u00e9 :<\/strong> BoltRing utilise le Lightning Network, une solution de mise \u00e0 l&rsquo;\u00e9chelle s\u00e9curis\u00e9e et efficace pour le bitcoin, ce qui garantit la s\u00e9curit\u00e9 des transactions.<\/li>\n<li><strong>Commodit\u00e9 :<\/strong> vous pouvez effectuer des paiements sans avoir besoin d&rsquo;un smartphone ou d&rsquo;une connexion Internet.<\/li>\n<li><strong>Polyvalence :<\/strong> BoltRing fonctionne sur n&rsquo;importe quel terminal de point de vente qui accepte les paiements Lightning, ce qui vous offre un large \u00e9ventail d&rsquo;options de paiement.<\/li>\n<\/ul>\n<h2>Comment utiliser BoltRing<\/h2>\n<p>Pour utiliser BoltRing, vous devez d&rsquo;abord le connecter \u00e0 un service Bolt. Une fois la configuration termin\u00e9e, BoltRing g\u00e9n\u00e8re des liens sp\u00e9ciaux <a href=\"https:\/\/h17n.com\/fr\/quest-ce-que-lnurl\/\" target=\"_blank\" rel=\"noopener\">LNURL<\/a> LUD-17 qui sont uniques et crypt\u00e9s. Ces liens offrent une protection contre le rejeu pour garantir la s\u00e9curit\u00e9 de vos transactions. Les commer\u00e7ants qui disposent d&rsquo;un support NFC sur leur point de vente peuvent lire le BoltRing et effectuer un retrait unique \u00e0 partir de votre portefeuille Lightning connect\u00e9.<\/p>\n<div class=\"action box\">\n<p>LUD-17, ou Lightning URL Description, est une nouvelle m\u00e9thode de repr\u00e9sentation des adresses de sites web dans les portefeuilles Lightning. Elle permet d&rsquo;utiliser des adresses de sites Web de n&rsquo;importe quelle longueur.<\/p><\/div>\n<p>L&rsquo;anneau a une antenne qui fait le tour \u00e0 l&rsquo;int\u00e9rieur de l&rsquo;anneau. L&rsquo;utilisation de l&rsquo;anneau de paiement Bitcoin BoltRing est aussi simple que de le taper sur une facture Lightning \u00e0 un terminal de point de vente. Cette m\u00e9thode de paiement instantan\u00e9e et sans frais utilise le <a href=\"https:\/\/h17n.com\/fr\/reseau-lightning\" target=\"_blank\" rel=\"noopener\">r\u00e9seau Lightning<\/a> et la technologie LNURL, ce qui rend les transactions rapides et sans effort.<\/p>\n<p>BoltRing a \u00e9t\u00e9 test\u00e9 avec <a href=\"https:\/\/h17n.com\/fr\/utiliser-bitcoin\/carte-bolt\/\" target=\"_blank\" rel=\"noopener\">Bolt Card<\/a>, Breeze POS, BTCPay PoS, LNBITS TPoS, et d&rsquo;autres prises en charge sont en cours.<\/p>\n<h2>M\u00e9thodes de paiement de BoltRing<\/h2>\n<p>Une fois qu&rsquo;il sera officiellement mis \u00e0 la disposition du public, vous pourrez utiliser les m\u00e9thodes suivantes pour acheter l&rsquo;anneau :<\/p>\n<ul>\n<li><strong>Paiement \u00e0 la livraison :<\/strong> Il suffit de pr\u00e9parer le montant de la facture, et le transporteur percevra le paiement en esp\u00e8ces \u00e0 la livraison. Veuillez noter que les ch\u00e8ques ne sont pas accept\u00e9s. Des frais suppl\u00e9mentaires de 6,50 EUR en esp\u00e8ces \u00e0 la livraison doivent \u00eatre pay\u00e9s directement au transporteur lors de la livraison du colis.<\/li>\n<li><strong>D\u00e9bit direct :<\/strong> BoltRing d\u00e9duira automatiquement le montant de la facture de votre compte bancaire sp\u00e9cifi\u00e9 apr\u00e8s avoir re\u00e7u votre commande. Des frais de 2 EUR s&rsquo;appliquent.<\/li>\n<li><strong>Paiement sur facture :<\/strong> passez votre commande et payez une fois qu&rsquo;elle est arriv\u00e9e. Des frais de 2 EUR sont applicables.<\/li>\n<li><strong>Carte de cr\u00e9dit :<\/strong> profitez d&rsquo;un paiement sans tracas avec votre carte de cr\u00e9dit.<\/li>\n<li><strong>PayPal :<\/strong> effectuez des paiements plus rapides et plus faciles gr\u00e2ce \u00e0 votre compte PayPal.<\/li>\n<li><strong>Paiement \u00e0 l&rsquo;avance :<\/strong> pour une livraison gratuite en Allemagne (hors livraison express), transf\u00e9rez le montant total d\u00fb sur leur compte avec les d\u00e9tails fournis.<\/li>\n<li><strong>Paiement en esp\u00e8ces (retrait en magasin) :<\/strong> commandez en ligne et r\u00e9cup\u00e9rez votre achat dans la boutique BoltRinf, TemplateShop, situ\u00e9e \u00e0 Template Street, Templateville, Allemagne. Le paiement en esp\u00e8ces est accept\u00e9 lors de la prise en charge.<\/li>\n<\/ul>\n<h2>BoltRing est-il s\u00fbr ?<\/h2>\n<p>BoltRing donne la priorit\u00e9 \u00e0 la s\u00fbret\u00e9 et \u00e0 la s\u00e9curit\u00e9. Bien qu&rsquo;il fonctionne actuellement sur un m\u00e9canisme \u00e0 un seul clic sans validateur de paiement, vous avez le contr\u00f4le sur les mesures de s\u00e9curit\u00e9. Vous pouvez d\u00e9finir des limites sur le nombre de transactions par jour ou par transaction, et m\u00eame d\u00e9sactiver le service si n\u00e9cessaire. \u00c0 l&rsquo;avenir, des fonctionnalit\u00e9s de s\u00e9curit\u00e9 suppl\u00e9mentaires telles que la liste blanche des marchands ou la saisie du code PIN seront introduites pour renforcer encore la s\u00e9curit\u00e9.<\/p>\n<p>Il est important de noter que BoltRing n&rsquo;est pas un portefeuille mat\u00e9riel et ne stocke pas les cl\u00e9s priv\u00e9es de votre portefeuille. Au lieu de cela, il g\u00e9n\u00e8re des liens de retrait LNURL uniques pour chaque transaction. Vous avez la possibilit\u00e9 d&rsquo;utiliser BoltRing avec un service de garde comme CoinCorner ou de l&rsquo;auto-h\u00e9berger pour plus de flexibilit\u00e9.<\/p>\n<p>Pour renforcer la s\u00e9curit\u00e9, BoltRing est \u00e9quip\u00e9 d&rsquo;une puce ADN NTAG 424. Cette puce sp\u00e9cialis\u00e9e fournit un cryptage et une protection avanc\u00e9s pour emp\u00eacher l&rsquo;acc\u00e8s non autoris\u00e9 et la falsification. Il agit comme un bouclier protecteur, garantissant que vos informations de paiement restent s\u00e9curis\u00e9es lors des transactions avec BoltRing.<\/p>\n<h2>Plus d&rsquo;information<\/h2>\n<ul>\n<li><a href=\"https:\/\/bitcoin-ring.com\/\" rel=\"nofollow noopener\" target=\"_blank\">Site web de BoltRing<\/a><\/li>\n<li><a href=\"https:\/\/twitter.com\/bitcoin_ring\" rel=\"nofollow noopener\" target=\"_blank\">BoltRing sur Twitter<\/a><\/li>\n<\/ul>\n","protected":false},"excerpt":{"rendered":"<p>BoltRing est un anneau de paiement Bitcoin qui vous permet d&rsquo;effectuer des paiements Lightning sans avoir besoin d&rsquo;un smartphone ou d&rsquo;une connexion Internet.<\/p>\n","protected":false},"featured_media":943,"comment_status":"open","ping_status":"closed","template":"","meta":[],"product_brand":[],"product_cat":[47],"product_tag":[],"class_list":{"0":"post-924","1":"product","2":"type-product","3":"status-publish","4":"has-post-thumbnail","6":"product_cat-paiements-bitcoin","7":"","8":"woocommerce-text-align-center","9":"woocommerce-image-align-center","10":"do-quantity-buttons","12":"first","13":"instock","14":"shipping-taxable","15":"product-type-external"},"_links":{"self":[{"href":"https:\/\/h17n.com\/fr\/wp-json\/wp\/v2\/product\/924","targetHints":{"allow":["GET"]}}],"collection":[{"href":"https:\/\/h17n.com\/fr\/wp-json\/wp\/v2\/product"}],"about":[{"href":"https:\/\/h17n.com\/fr\/wp-json\/wp\/v2\/types\/product"}],"replies":[{"embeddable":true,"href":"https:\/\/h17n.com\/fr\/wp-json\/wp\/v2\/comments?post=924"}],"wp:featuredmedia":[{"embeddable":true,"href":"https:\/\/h17n.com\/fr\/wp-json\/wp\/v2\/media\/943"}],"wp:attachment":[{"href":"https:\/\/h17n.com\/fr\/wp-json\/wp\/v2\/media?parent=924"}],"wp:term":[{"taxonomy":"product_brand","embeddable":true,"href":"https:\/\/h17n.com\/fr\/wp-json\/wp\/v2\/product_brand?post=924"},{"taxonomy":"product_cat","embeddable":true,"href":"https:\/\/h17n.com\/fr\/wp-json\/wp\/v2\/product_cat?post=924"},{"taxonomy":"product_tag","embeddable":true,"href":"https:\/\/h17n.com\/fr\/wp-json\/wp\/v2\/product_tag?post=924"}],"curies":[{"name":"wp","href":"https:\/\/api.w.org\/{rel}","templated":true}]}}