{"id":923,"date":"2023-06-28T21:48:50","date_gmt":"2023-06-28T21:48:50","guid":{"rendered":"https:\/\/h17n.com\/fr\/?post_type=product&#038;p=923"},"modified":"2023-06-28T21:48:50","modified_gmt":"2023-06-28T21:48:50","slug":"bitlink","status":"publish","type":"product","link":"https:\/\/h17n.com\/fr\/portefeuilles-web\/bitlink\/","title":{"rendered":"BitLink : envoyez des bitcoins \u00e0 vos amis avec une URL"},"content":{"rendered":"<p><a href=\"https:\/\/bitlink.money\/\" target=\"_blank\" rel=\"noopener\">BitLink<\/a> est un nouveau portefeuille Web en cours de d\u00e9veloppement. Il fonctionne comme un portefeuille Web Lightning Bitcoin. Alors qu&rsquo;il est encore dans sa phase de d\u00e9veloppement, BitLink offre toutes les fonctionnalit\u00e9s vous permettant d&rsquo;envoyer ou de d\u00e9penser des bitcoins disponible dans le portefeuille. L&rsquo;une de ses caract\u00e9ristiques les plus remarquables est la possibilit\u00e9 d&rsquo;acheter des bitcoins pair-\u00e0-pair sans avoir besoin de proc\u00e9dures KYC. Le d\u00e9voilement de BitLink a eu lieu lors de la conf\u00e9rence Bitcoin 2023 \u00e0 Miami, mettant en valeur son potentiel dans la communaut\u00e9 bitcoin.<\/p>\n<h2>Comment commencer \u00e0 utiliser BitLink<\/h2>\n<p>Pour commencer \u00e0 utiliser BitLink, il n&rsquo;y a pas de processus d&rsquo;inscription traditionnel. Au lieu de cela, vous pouvez simplement vous connecter en utilisant votre compte Google\/Gmail. Alternativement, vous pouvez d\u00e9verrouiller le portefeuille en d\u00e9posant des bitcoins dans le portefeuille sans vous connecter. Une fois connect\u00e9, vous \u00eates dirig\u00e9 vers votre tableau de bord personnalis\u00e9, qui offre une gamme de fonctionnalit\u00e9s. Celles-ci incluent des options pour acheter du bitcoin, envoyer et recevoir des fonds, acc\u00e9der \u00e0 la communaut\u00e9, participer \u00e0 des r\u00e9f\u00e9rences, voir des transactions, regarder des vid\u00e9os \u00e9ducatives et participer au webinaire \u00ab Learn Today \u00bb sp\u00e9cialement con\u00e7u pour les nouveaux arrivants dans le monde du bitcoin.<\/p>\n<h2>Comment fonctionne BitLink ?<\/h2>\n<p>Le processus commence par le d\u00e9p\u00f4t de bitcoins dans le portefeuille BitLink. Une fois les fonds disponibles, vous pouvez cr\u00e9er un nouveau BitLink contenant du bitcoin et le partager avec vos amis et votre famille via n&rsquo;importe quelle application de messagerie comme WhatsApp, Viber, Messenger ou SMS. L&rsquo;avantage est que les destinataires n&rsquo;ont pas besoin de parcourir des \u00e9tapes complexes telles que l&rsquo;installation de portefeuilles, la cr\u00e9ation de compte ou la fourniture d&rsquo;informations personnelles (KYC). BitLink sert d&rsquo;outil p\u00e9dagogique, initiant les destinataires au bitcoin et agissant comme leur premier portefeuille pour stocker et g\u00e9rer leurs fonds.<\/p>\n<div class=\"warning box\">\n<p>Il est crucial de garder l&rsquo;URL de BitLink confidentielle, car toute personne y ayant acc\u00e8s peut \u00e9galement acc\u00e9der aux fonds associ\u00e9s. M\u00eame l&rsquo;\u00e9quipe de BitLink ne peut pas aider \u00e0 r\u00e9cup\u00e9rer les URL BitLink perdues ou oubli\u00e9es. Cependant, si les utilisateurs ont cr\u00e9\u00e9 un compte avec l&rsquo;identifiant BitLink, ils peuvent facilement r\u00e9cup\u00e9rer leurs fonds en se connectant \u00e0 nouveau sur la section de leur portefeuille. En cas de suspicion de compromission de la s\u00e9curit\u00e9, il est recommand\u00e9 de g\u00e9n\u00e9rer un nouveau BitLink, ce qui emp\u00eache l&rsquo;exp\u00e9diteur initial d&rsquo;acc\u00e9der aux fonds.<\/p>\n<\/div>\n<p>Si vous souhaitez envoyer des bitcoins vers un portefeuille Lightning en utilisant le <a href=\"https:\/\/h17n.com\/fr\/reseau-lightning\/\" target=\"_blank\" rel=\"noopener\">r\u00e9seau Lightning<\/a>, il faut suivre les \u00e9tapes suivantes. Tout d&rsquo;abord, acc\u00e9dez \u00e0 la section \u00ab Envoyer \u00bb dans le portefeuille BitLink. S\u00e9lectionnez l&rsquo;option d&rsquo;envoi de bitcoin et choisissez \u00ab via le r\u00e9seau Lightning \u00bb comme m\u00e9thode de transfert. Indiquez l&rsquo;adresse BTC Lightning du destinataire ou scannez son code QR. Enfin, cliquez sur \u00ab Envoyer \u00bb pour effectuer le transfert.<\/p>\n<p>Si vous cherchez des portefeuilles Lightning recommand\u00e9s par BitLink, il existe plusieurs options qui valent la peine d&rsquo;\u00eatre prises en compte. Il s&rsquo;agit notamment de <a href=\"https:\/\/www.walletofsatoshi.com\/\" rel=\"nofollow noopener\" target=\"_blank\">Wallet of Satoshi<\/a>, <a href=\"https:\/\/h17n.com\/fr\/portefeuilles-mobiles\/muun\/\" target=\"_blank\" rel=\"noopener\">Muun<\/a> et <a href=\"https:\/\/www.blink.sv\/\" rel=\"nofollow noopener\" target=\"_blank\">Blink Wallet<\/a> (qui prend en charge l&rsquo;\u00e9pargne en dollars am\u00e9ricains). Aux Philippines, vous pouvez utiliser Pouch.ph pour convertir Lightning en pesos philippins.<\/p>\n<p>Notez que la fonction \u00a0\u00bb Acheter du bitcoin \u00a0\u00bb de BitLink est actuellement en version b\u00eata. Il vous permet d&rsquo;acheter des bitcoins via une bo\u00eete de discussion. Bien que cette m\u00e9thode puisse sembler non conventionnelle, soyez assur\u00e9 qu&rsquo;elle est l\u00e9gitime. L&rsquo;\u00e9quipe de la communaut\u00e9 BitLink est disponible pour vous aider dans le processus d&rsquo;achat.<\/p>\n<p>BitLink d\u00e9veloppe activement de nouvelles fonctionnalit\u00e9s pour am\u00e9liorer ses services. \u00c0 l&rsquo;avenir, le portefeuille passera \u00e0 un mod\u00e8le non d\u00e9positaire, vous offrant plus de contr\u00f4le sur vos fonds. Vous pourrez \u00e9galement envoyer vos bitcoins \u00e0 des \u00e9changes centralis\u00e9s via des transactions en cha\u00eene. De plus, vous aurez la possibilit\u00e9 d&rsquo;envoyer des bitcoins sur des comptes bancaires philippins et d&rsquo;utiliser des services populaires tels que Instapay, Maya ou GCASH.<\/p>\n<h2>Programme de parrainage de BitLink<\/h2>\n<p>Le programme de parrainage de BitLink est con\u00e7u pour vous r\u00e9compenser de vos efforts. Lorsque vos amis parrain\u00e9s ach\u00e8tent des bitcoins, vous gagnez 0,5 % du montant total qu&rsquo;ils d\u00e9pensent pour toujours. Il n&rsquo;y a pas de code de parrainage. Vous devez envoyer un nouveau BitLink \u00e0 votre ami que vous souhaitez parrainer. Les paiements vous sont envoy\u00e9s en temps r\u00e9el.<\/p>\n<h2>Frais de BitLink<\/h2>\n<p>BitLink facture des frais de 1 % lors de l&rsquo;achat de bitcoin (BTC) par carte de cr\u00e9dit, d\u00e9p\u00f4t bancaire ou transactions pair-\u00e0-pair. De plus, des frais de 1% sont appliqu\u00e9s pour la cr\u00e9ation de nouveaux BitLinks. Cependant, toutes les transactions sortantes, qu&rsquo;il s&rsquo;agisse d&rsquo;envoyer vers un autre portefeuille BTC Lightning ou un compte bancaire, sont enti\u00e8rement gratuites, avec des frais de 0 %.<\/p>\n<h2>Plus d&rsquo;informations<\/h2>\n<ul>\n<li><a href=\"https:\/\/bitlink.money\/\">Site web de BitLink<\/a><\/li>\n<li><a href=\"https:\/\/twitter.com\/bitlinkmoney\" rel=\"nofollow noopener\" target=\"_blank\">BitLink sur Twitter<\/a><\/li>\n<\/ul>\n<h2>Alternatives \u00e0 BitLink<\/h2>\n<div class=\"woocommerce columns-4 \"><ul class=\"products columns-4\">\n<li class=\"woocommerce-text-align-center woocommerce-image-align-center do-quantity-buttons product type-product post-879 status-publish first instock product_cat-utiliser-bitcoin has-post-thumbnail shipping-taxable product-type-external\">\n\t<a href=\"https:\/\/h17n.com\/fr\/utiliser-bitcoin\/lightning-gifts\/\" class=\"woocommerce-LoopProduct-link woocommerce-loop-product__link\"><img loading=\"lazy\" decoding=\"async\" width=\"300\" height=\"300\" src=\"https:\/\/h17n.com\/fr\/wp-content\/uploads\/sites\/2\/2023\/06\/lightning-gifts-300x300.webp\" class=\"attachment-woocommerce_thumbnail size-woocommerce_thumbnail\" alt=\"Lightning Gifts : g\u00e9n\u00e9rer des cadeaux Bitcoin\" srcset=\"https:\/\/h17n.com\/fr\/wp-content\/uploads\/sites\/2\/2023\/06\/lightning-gifts-300x300.webp 300w, https:\/\/h17n.com\/fr\/wp-content\/uploads\/sites\/2\/2023\/06\/lightning-gifts-150x150.webp 150w, https:\/\/h17n.com\/fr\/wp-content\/uploads\/sites\/2\/2023\/06\/lightning-gifts-100x100.webp 100w\" sizes=\"auto, (max-width: 300px) 100vw, 300px\" \/><h2 class=\"woocommerce-loop-product__title\">Lightning Gifts : g\u00e9n\u00e9rer des cadeaux Bitcoin<\/h2>\n            <div class=\"star-rating\" title=\"Pas encore not\u00e9\"><span style=\"width:0%\"><strong class=\"rating\">0<\/strong> sur 5<\/span><\/div>        <a href=\"https:\/\/h17n.com\/fr\/utiliser-bitcoin\/lightning-gifts\/#reviews\" class=\"woocommerce-review-link\" rel=\"nofollow\">(0)<\/a>\n\n\n<\/a><a href=\"https:\/\/lightning.gifts\/\" aria-describedby=\"woocommerce_loop_add_to_cart_link_describedby_879\" data-quantity=\"1\" class=\"button product_type_external\" data-product_id=\"879\" data-product_sku=\"\" aria-label=\"D\u00e9couvrir Lightning Gifts\" rel=\"nofollow\">D\u00e9couvrir Lightning Gifts<\/a>\t<span id=\"woocommerce_loop_add_to_cart_link_describedby_879\" class=\"screen-reader-text\">\n\t\t\t<\/span>\n<\/li>\n<li class=\"woocommerce-text-align-center woocommerce-image-align-center do-quantity-buttons product type-product post-609 status-publish instock product_cat-education product_cat-utiliser-bitcoin has-post-thumbnail shipping-taxable product-type-external\">\n\t<a href=\"https:\/\/h17n.com\/fr\/utiliser-bitcoin\/lightsats\/\" class=\"woocommerce-LoopProduct-link woocommerce-loop-product__link\"><img loading=\"lazy\" decoding=\"async\" width=\"300\" height=\"300\" src=\"https:\/\/h17n.com\/fr\/wp-content\/uploads\/sites\/2\/2023\/05\/lightsats-jpg-300x300.webp\" class=\"attachment-woocommerce_thumbnail size-woocommerce_thumbnail\" alt=\"Lightsats : envoyer des sats en cadeau\" srcset=\"https:\/\/h17n.com\/fr\/wp-content\/uploads\/sites\/2\/2023\/05\/lightsats-jpg-300x300.webp 300w, https:\/\/h17n.com\/fr\/wp-content\/uploads\/sites\/2\/2023\/05\/lightsats-jpg-150x150.webp 150w, https:\/\/h17n.com\/fr\/wp-content\/uploads\/sites\/2\/2023\/05\/lightsats-jpg-100x100.webp 100w\" sizes=\"auto, (max-width: 300px) 100vw, 300px\" \/><h2 class=\"woocommerce-loop-product__title\">Lightsats : envoyer des sats en cadeau<\/h2>\n            <div class=\"star-rating\" title=\"Pas encore not\u00e9\"><span style=\"width:0%\"><strong class=\"rating\">0<\/strong> sur 5<\/span><\/div>        <a href=\"https:\/\/h17n.com\/fr\/utiliser-bitcoin\/lightsats\/#reviews\" class=\"woocommerce-review-link\" rel=\"nofollow\">(0)<\/a>\n\n\n<\/a><a href=\"https:\/\/lightsats.com\" aria-describedby=\"woocommerce_loop_add_to_cart_link_describedby_609\" data-quantity=\"1\" class=\"button product_type_external\" data-product_id=\"609\" data-product_sku=\"\" aria-label=\"D\u00e9couvrir Lightsats\" rel=\"nofollow\">D\u00e9couvrir Lightsats<\/a>\t<span id=\"woocommerce_loop_add_to_cart_link_describedby_609\" class=\"screen-reader-text\">\n\t\t\t<\/span>\n<\/li>\n<\/ul>\n<\/div>\n","protected":false},"excerpt":{"rendered":"<p>BitLink est un nouveau portefeuille Web qui vous permet d&rsquo;envoyer ou de d\u00e9penser facilement des bitcoins. Il offre \u00e9galement une fonctionnalit\u00e9 sp\u00e9ciale qui vous permet d&rsquo;envoyer des bitcoins en cadeau \u00e0 l&rsquo;aide d&rsquo;un lien.<\/p>\n","protected":false},"featured_media":940,"comment_status":"open","ping_status":"closed","template":"","meta":[],"product_brand":[],"product_cat":[40,351,55],"product_tag":[],"class_list":{"0":"post-923","1":"product","2":"type-product","3":"status-publish","4":"has-post-thumbnail","6":"product_cat-acheter-du-bitcoin","7":"product_cat-portefeuilles-web","8":"product_cat-utiliser-bitcoin","9":"","10":"woocommerce-text-align-center","11":"woocommerce-image-align-center","12":"do-quantity-buttons","14":"first","15":"instock","16":"shipping-taxable","17":"product-type-external"},"_links":{"self":[{"href":"https:\/\/h17n.com\/fr\/wp-json\/wp\/v2\/product\/923","targetHints":{"allow":["GET"]}}],"collection":[{"href":"https:\/\/h17n.com\/fr\/wp-json\/wp\/v2\/product"}],"about":[{"href":"https:\/\/h17n.com\/fr\/wp-json\/wp\/v2\/types\/product"}],"replies":[{"embeddable":true,"href":"https:\/\/h17n.com\/fr\/wp-json\/wp\/v2\/comments?post=923"}],"wp:featuredmedia":[{"embeddable":true,"href":"https:\/\/h17n.com\/fr\/wp-json\/wp\/v2\/media\/940"}],"wp:attachment":[{"href":"https:\/\/h17n.com\/fr\/wp-json\/wp\/v2\/media?parent=923"}],"wp:term":[{"taxonomy":"product_brand","embeddable":true,"href":"https:\/\/h17n.com\/fr\/wp-json\/wp\/v2\/product_brand?post=923"},{"taxonomy":"product_cat","embeddable":true,"href":"https:\/\/h17n.com\/fr\/wp-json\/wp\/v2\/product_cat?post=923"},{"taxonomy":"product_tag","embeddable":true,"href":"https:\/\/h17n.com\/fr\/wp-json\/wp\/v2\/product_tag?post=923"}],"curies":[{"name":"wp","href":"https:\/\/api.w.org\/{rel}","templated":true}]}}