{"id":922,"date":"2023-06-28T20:32:20","date_gmt":"2023-06-28T20:32:20","guid":{"rendered":"https:\/\/h17n.com\/fr\/?post_type=product&#038;p=922"},"modified":"2023-06-28T20:36:48","modified_gmt":"2023-06-28T20:36:48","slug":"swapee","status":"publish","type":"product","link":"https:\/\/h17n.com\/fr\/portefeuilles-web\/swapee\/","title":{"rendered":"Swapee : un portefeuille Web Lightning"},"content":{"rendered":"<p><a href=\"https:\/\/swapee.me\/\" target=\"_blank\" rel=\"noopener\">Swapee<\/a> est un portefeuille en ligne non d\u00e9positaire con\u00e7u pour stocker, envoyer et recevoir des bitcoins, y compris les transactions du <a href=\"https:\/\/h17n.com\/fr\/adresse-lightning\/\" target=\"_blank\" rel=\"noopener\">Lightning Network<\/a>. Il s&rsquo;adresse aussi bien aux particuliers qu&rsquo;aux entreprises et offre une plateforme s\u00e9curis\u00e9e pour g\u00e9rer les transactions en bitcoins.<\/p>\n<h2>Comment fonctionne Swapee ?<\/h2>\n<p>La mise en route du portefeuille web Swapee est simple. Il suffit de cr\u00e9er un compte en fournissant un nom d&rsquo;utilisateur et un mot de passe. Une fois que vous avez un compte, vous pouvez commencer \u00e0 demander des paiements en bitcoins, \u00e9liminant ainsi le besoin de devises traditionnelles comme le dollar ou l&rsquo;euro. D\u00e8s r\u00e9ception du bitcoin, vous avez la possibilit\u00e9 de le d\u00e9penser imm\u00e9diatement ou de le sauvegarder pour une utilisation future.<\/p>\n<p>Swapee vous permet d&rsquo;envoyer des fonds vers diff\u00e9rentes destinations, notamment des adresses bitcoin, des factures Lightning Network ou d&rsquo;autres noms d&rsquo;utilisateur Swapee. Il prend en charge diff\u00e9rents portefeuilles bitcoins, notamment <a href=\"https:\/\/www.walletofsatoshi.com\/\" rel=\"nofollow noopener\" target=\"_blank\">Wallet of Satoshi<\/a>, <a href=\"https:\/\/h17n.com\/fr\/portefeuilles-mobiles\/muun\/\" target=\"_blank\" rel=\"noopener\">Muun<\/a>, <a href=\"https:\/\/h17n.com\/fr\/portefeuilles-de-navigateur\/alby\/\" target=\"_blank\" rel=\"noopener\">Alby<\/a> et <a href=\"https:\/\/coinos.io\/\" rel=\"nofollow noopener\" target=\"_blank\">CoinOS<\/a>.<\/p>\n<h2>Frais de Swapee<\/h2>\n<p>Bien que l&rsquo;ouverture d&rsquo;un compte et la r\u00e9ception de paiements sur Swapee soient enti\u00e8rement gratuites, il est important de noter qu&rsquo;il existe des frais de conversion minimes de 0,1 % si vous d\u00e9cidez de vous retirer de la cha\u00eene vers le Lightning Network ou vice versa. Ces frais existent pour faciliter le processus de conversion en douceur entre les deux r\u00e9seaux.<\/p>\n<h2>Swapee est-il s\u00fbr ?<\/h2>\n<p>Swapee est une nouvelle technologie qui a \u00e9t\u00e9 lanc\u00e9e cette ann\u00e9e, et bien qu&rsquo;elle n&rsquo;ait pas subi de tests approfondis, elle int\u00e8gre certaines mesures de s\u00e9curit\u00e9. Il fonctionne comme un portefeuille non d\u00e9positaire, ce qui signifie que les utilisateurs contr\u00f4lent leurs fonds. De plus, Swapee met en \u0153uvre une authentification \u00e0 deux facteurs (A2F) pour fournir une couche de s\u00e9curit\u00e9 suppl\u00e9mentaire.<\/p>\n<p>Il est important de noter que Swapee n&rsquo;est pas un portefeuille open-source, ce qui signifie que le code sous-jacent n&rsquo;est pas accessible au public pour examen et examen par la communaut\u00e9. Ce manque de transparence peut soulever des inqui\u00e9tudes concernant la s\u00e9curit\u00e9 et la fiabilit\u00e9 de la plateforme. Comme pour tout nouveau portefeuille, il est recommand\u00e9 de faire preuve de prudence et de mener des recherches approfondies avant de confier des sommes importantes \u00e0 un portefeuille.<\/p>\n<h2>Plus d&rsquo;informations<\/h2>\n<ul>\n<li><a href=\"https:\/\/swapee.me\/\" target=\"_blank\" rel=\"noopener\">Site web de Swapee<\/a>\n<\/li>\n<\/ul>\n<h2>Alternatives aux portefeuilles Lightning<\/h2>\n<div class=\"woocommerce columns-4 \"><ul class=\"products columns-4\">\n<li class=\"woocommerce-text-align-center woocommerce-image-align-center do-quantity-buttons product type-product post-614 status-publish first instock product_cat-portefeuilles-de-navigateur has-post-thumbnail shipping-taxable product-type-external\">\n\t<a href=\"https:\/\/h17n.com\/fr\/portefeuilles-de-navigateur\/alby\/\" class=\"woocommerce-LoopProduct-link woocommerce-loop-product__link\"><img loading=\"lazy\" decoding=\"async\" width=\"300\" height=\"300\" src=\"https:\/\/h17n.com\/fr\/wp-content\/uploads\/sites\/2\/2023\/05\/alby-jpg-300x300.webp\" class=\"attachment-woocommerce_thumbnail size-woocommerce_thumbnail\" alt=\"Alby : une application de navigateur Bitcoin Lightning\" srcset=\"https:\/\/h17n.com\/fr\/wp-content\/uploads\/sites\/2\/2023\/05\/alby-jpg-300x300.webp 300w, https:\/\/h17n.com\/fr\/wp-content\/uploads\/sites\/2\/2023\/05\/alby-jpg-150x150.webp 150w, https:\/\/h17n.com\/fr\/wp-content\/uploads\/sites\/2\/2023\/05\/alby-jpg-100x100.webp 100w\" sizes=\"auto, (max-width: 300px) 100vw, 300px\" \/><h2 class=\"woocommerce-loop-product__title\">Alby : une application de navigateur Bitcoin Lightning<\/h2>\n            <div class=\"star-rating\" title=\"Pas encore not\u00e9\"><span style=\"width:0%\"><strong class=\"rating\">0<\/strong> sur 5<\/span><\/div>        <a href=\"https:\/\/h17n.com\/fr\/portefeuilles-de-navigateur\/alby\/#reviews\" class=\"woocommerce-review-link\" rel=\"nofollow\">(0)<\/a>\n\n\n<\/a><a href=\"https:\/\/getalby.com\/\" aria-describedby=\"woocommerce_loop_add_to_cart_link_describedby_614\" data-quantity=\"1\" class=\"button product_type_external\" data-product_id=\"614\" data-product_sku=\"\" aria-label=\"Obtenir Alby\" rel=\"nofollow\">Obtenir Alby<\/a>\t<span id=\"woocommerce_loop_add_to_cart_link_describedby_614\" class=\"screen-reader-text\">\n\t\t\t<\/span>\n<\/li>\n<li class=\"woocommerce-text-align-center woocommerce-image-align-center do-quantity-buttons product type-product post-615 status-publish instock product_cat-portefeuilles-mobiles has-post-thumbnail shipping-taxable product-type-external\">\n\t<a href=\"https:\/\/h17n.com\/fr\/portefeuilles-mobiles\/phoenix\/\" class=\"woocommerce-LoopProduct-link woocommerce-loop-product__link\"><img loading=\"lazy\" decoding=\"async\" width=\"300\" height=\"300\" src=\"https:\/\/h17n.com\/fr\/wp-content\/uploads\/sites\/2\/2023\/05\/phoenix-jpg-300x300.webp\" class=\"attachment-woocommerce_thumbnail size-woocommerce_thumbnail\" alt=\"Avis sur le portefeuille Phoenix\" srcset=\"https:\/\/h17n.com\/fr\/wp-content\/uploads\/sites\/2\/2023\/05\/phoenix-jpg-300x300.webp 300w, https:\/\/h17n.com\/fr\/wp-content\/uploads\/sites\/2\/2023\/05\/phoenix-jpg-150x150.webp 150w, https:\/\/h17n.com\/fr\/wp-content\/uploads\/sites\/2\/2023\/05\/phoenix-jpg-100x100.webp 100w\" sizes=\"auto, (max-width: 300px) 100vw, 300px\" \/><h2 class=\"woocommerce-loop-product__title\">Avis sur le portefeuille Phoenix<\/h2>\n            <div class=\"star-rating\" title=\"Pas encore not\u00e9\"><span style=\"width:0%\"><strong class=\"rating\">0<\/strong> sur 5<\/span><\/div>        <a href=\"https:\/\/h17n.com\/fr\/portefeuilles-mobiles\/phoenix\/#reviews\" class=\"woocommerce-review-link\" rel=\"nofollow\">(0)<\/a>\n\n\n<\/a><a href=\"https:\/\/phoenix.acinq.co\/\" aria-describedby=\"woocommerce_loop_add_to_cart_link_describedby_615\" data-quantity=\"1\" class=\"button product_type_external\" data-product_id=\"615\" data-product_sku=\"\" aria-label=\"D\u00e9couvrir Phoenix\" rel=\"nofollow\">D\u00e9couvrir Phoenix<\/a>\t<span id=\"woocommerce_loop_add_to_cart_link_describedby_615\" class=\"screen-reader-text\">\n\t\t\t<\/span>\n<\/li>\n<li class=\"woocommerce-text-align-center woocommerce-image-align-center do-quantity-buttons product type-product post-923 status-publish instock product_cat-acheter-du-bitcoin product_cat-portefeuilles-web product_cat-utiliser-bitcoin has-post-thumbnail shipping-taxable product-type-external\">\n\t<a href=\"https:\/\/h17n.com\/fr\/portefeuilles-web\/bitlink\/\" class=\"woocommerce-LoopProduct-link woocommerce-loop-product__link\"><img loading=\"lazy\" decoding=\"async\" width=\"300\" height=\"300\" src=\"https:\/\/h17n.com\/fr\/wp-content\/uploads\/sites\/2\/2023\/06\/bitlink-300x300.webp\" class=\"attachment-woocommerce_thumbnail size-woocommerce_thumbnail\" alt=\"BitLink : envoyez des bitcoins \u00e0 vos amis avec une URL\" srcset=\"https:\/\/h17n.com\/fr\/wp-content\/uploads\/sites\/2\/2023\/06\/bitlink-300x300.webp 300w, https:\/\/h17n.com\/fr\/wp-content\/uploads\/sites\/2\/2023\/06\/bitlink-150x150.webp 150w, https:\/\/h17n.com\/fr\/wp-content\/uploads\/sites\/2\/2023\/06\/bitlink-100x100.webp 100w\" sizes=\"auto, (max-width: 300px) 100vw, 300px\" \/><h2 class=\"woocommerce-loop-product__title\">BitLink : envoyez des bitcoins \u00e0 vos amis avec une URL<\/h2>\n            <div class=\"star-rating\" title=\"Pas encore not\u00e9\"><span style=\"width:0%\"><strong class=\"rating\">0<\/strong> sur 5<\/span><\/div>        <a href=\"https:\/\/h17n.com\/fr\/portefeuilles-web\/bitlink\/#reviews\" class=\"woocommerce-review-link\" rel=\"nofollow\">(0)<\/a>\n\n\n<\/a><a href=\"https:\/\/bitlink.money\/\" aria-describedby=\"woocommerce_loop_add_to_cart_link_describedby_923\" data-quantity=\"1\" class=\"button product_type_external\" data-product_id=\"923\" data-product_sku=\"\" aria-label=\"D\u00e9couvrir BitLink\" rel=\"nofollow\">D\u00e9couvrir BitLink<\/a>\t<span id=\"woocommerce_loop_add_to_cart_link_describedby_923\" class=\"screen-reader-text\">\n\t\t\t<\/span>\n<\/li>\n<li class=\"woocommerce-text-align-center woocommerce-image-align-center do-quantity-buttons product type-product post-94 status-publish last instock product_cat-portefeuilles-de-bureau has-post-thumbnail shipping-taxable product-type-external\">\n\t<a href=\"https:\/\/h17n.com\/fr\/portefeuilles-de-bureau\/exodus\/\" class=\"woocommerce-LoopProduct-link woocommerce-loop-product__link\"><img loading=\"lazy\" decoding=\"async\" width=\"300\" height=\"300\" src=\"https:\/\/h17n.com\/fr\/wp-content\/uploads\/sites\/2\/2023\/02\/exodus-300x300.jpg\" class=\"attachment-woocommerce_thumbnail size-woocommerce_thumbnail\" alt=\"Exodus : un portefeuille Bitcoin auto-d\u00e9positaire\" srcset=\"https:\/\/h17n.com\/fr\/wp-content\/uploads\/sites\/2\/2023\/02\/exodus-300x300.jpg 300w, https:\/\/h17n.com\/fr\/wp-content\/uploads\/sites\/2\/2023\/02\/exodus-150x150.jpg 150w, https:\/\/h17n.com\/fr\/wp-content\/uploads\/sites\/2\/2023\/02\/exodus-768x768.jpg 768w, https:\/\/h17n.com\/fr\/wp-content\/uploads\/sites\/2\/2023\/02\/exodus-120x120.jpg 120w, https:\/\/h17n.com\/fr\/wp-content\/uploads\/sites\/2\/2023\/02\/exodus-600x600.jpg 600w, https:\/\/h17n.com\/fr\/wp-content\/uploads\/sites\/2\/2023\/02\/exodus-100x100.jpg 100w, https:\/\/h17n.com\/fr\/wp-content\/uploads\/sites\/2\/2023\/02\/exodus.jpg 1024w\" sizes=\"auto, (max-width: 300px) 100vw, 300px\" \/><h2 class=\"woocommerce-loop-product__title\">Exodus : un portefeuille Bitcoin auto-d\u00e9positaire<\/h2>\n            <div class=\"star-rating\" title=\"Pas encore not\u00e9\"><span style=\"width:0%\"><strong class=\"rating\">0<\/strong> sur 5<\/span><\/div>        <a href=\"https:\/\/h17n.com\/fr\/portefeuilles-de-bureau\/exodus\/#reviews\" class=\"woocommerce-review-link\" rel=\"nofollow\">(0)<\/a>\n\n\n<\/a><a href=\"https:\/\/www.exodus.com\/\" aria-describedby=\"woocommerce_loop_add_to_cart_link_describedby_94\" data-quantity=\"1\" class=\"button product_type_external\" data-product_id=\"94\" data-product_sku=\"\" aria-label=\"D\u00e9couvrir Exodus\" rel=\"nofollow\">D\u00e9couvrir Exodus<\/a>\t<span id=\"woocommerce_loop_add_to_cart_link_describedby_94\" class=\"screen-reader-text\">\n\t\t\t<\/span>\n<\/li>\n<li class=\"woocommerce-text-align-center woocommerce-image-align-center do-quantity-buttons product type-product post-100 status-publish first instock product_cat-portefeuilles-materiels has-post-thumbnail shipping-taxable product-type-external\">\n\t<a href=\"https:\/\/h17n.com\/fr\/portefeuilles-materiels\/ledger\/\" class=\"woocommerce-LoopProduct-link woocommerce-loop-product__link\"><img loading=\"lazy\" decoding=\"async\" width=\"300\" height=\"300\" src=\"https:\/\/h17n.com\/fr\/wp-content\/uploads\/sites\/2\/2023\/02\/ledger-1-300x300.jpg\" class=\"attachment-woocommerce_thumbnail size-woocommerce_thumbnail\" alt=\"Ledger : un portefeuille mat\u00e9riel pour Android et iOS\" srcset=\"https:\/\/h17n.com\/fr\/wp-content\/uploads\/sites\/2\/2023\/02\/ledger-1-300x300.jpg 300w, https:\/\/h17n.com\/fr\/wp-content\/uploads\/sites\/2\/2023\/02\/ledger-1-150x150.jpg 150w, https:\/\/h17n.com\/fr\/wp-content\/uploads\/sites\/2\/2023\/02\/ledger-1-100x100.jpg 100w\" sizes=\"auto, (max-width: 300px) 100vw, 300px\" \/><h2 class=\"woocommerce-loop-product__title\">Ledger : un portefeuille mat\u00e9riel pour Android et iOS<\/h2>\n            <div class=\"star-rating\" title=\"Pas encore not\u00e9\"><span style=\"width:0%\"><strong class=\"rating\">0<\/strong> sur 5<\/span><\/div>        <a href=\"https:\/\/h17n.com\/fr\/portefeuilles-materiels\/ledger\/#reviews\" class=\"woocommerce-review-link\" rel=\"nofollow\">(0)<\/a>\n\n\n\t<span class=\"price\"><span class=\"woocommerce-Price-amount amount\"><bdi><span class=\"woocommerce-Price-currencySymbol\">&euro;<\/span>83.00<\/bdi><\/span><\/span>\n<\/a><a href=\"https:\/\/www.ledger.com\/\" aria-describedby=\"woocommerce_loop_add_to_cart_link_describedby_100\" data-quantity=\"1\" class=\"button product_type_external\" data-product_id=\"100\" data-product_sku=\"\" aria-label=\"D\u00e9couvrir Ledger\" rel=\"nofollow\">D\u00e9couvrir Ledger<\/a>\t<span id=\"woocommerce_loop_add_to_cart_link_describedby_100\" class=\"screen-reader-text\">\n\t\t\t<\/span>\n<\/li>\n<li class=\"woocommerce-text-align-center woocommerce-image-align-center do-quantity-buttons product type-product post-129 status-publish instock product_cat-portefeuilles-mobiles product_tag-debutant has-post-thumbnail shipping-taxable product-type-external\">\n\t<a href=\"https:\/\/h17n.com\/fr\/portefeuilles-mobiles\/muun\/\" class=\"woocommerce-LoopProduct-link woocommerce-loop-product__link\"><img loading=\"lazy\" decoding=\"async\" width=\"300\" height=\"300\" src=\"https:\/\/h17n.com\/fr\/wp-content\/uploads\/sites\/2\/2023\/02\/portefeuille-muun-300x300.jpg\" class=\"attachment-woocommerce_thumbnail size-woocommerce_thumbnail\" alt=\"Muun : un portefeuille Bitcoin mobile\" srcset=\"https:\/\/h17n.com\/fr\/wp-content\/uploads\/sites\/2\/2023\/02\/portefeuille-muun-300x300.jpg 300w, https:\/\/h17n.com\/fr\/wp-content\/uploads\/sites\/2\/2023\/02\/portefeuille-muun-1024x1024.jpg 1024w, https:\/\/h17n.com\/fr\/wp-content\/uploads\/sites\/2\/2023\/02\/portefeuille-muun-150x150.jpg 150w, https:\/\/h17n.com\/fr\/wp-content\/uploads\/sites\/2\/2023\/02\/portefeuille-muun-768x768.jpg 768w, https:\/\/h17n.com\/fr\/wp-content\/uploads\/sites\/2\/2023\/02\/portefeuille-muun-120x120.jpg 120w, https:\/\/h17n.com\/fr\/wp-content\/uploads\/sites\/2\/2023\/02\/portefeuille-muun-600x600.jpg 600w, https:\/\/h17n.com\/fr\/wp-content\/uploads\/sites\/2\/2023\/02\/portefeuille-muun-100x100.jpg 100w, https:\/\/h17n.com\/fr\/wp-content\/uploads\/sites\/2\/2023\/02\/portefeuille-muun.jpg 1080w\" sizes=\"auto, (max-width: 300px) 100vw, 300px\" \/><h2 class=\"woocommerce-loop-product__title\">Muun : un portefeuille Bitcoin mobile<\/h2>\n            <div class=\"star-rating\" title=\"Pas encore not\u00e9\"><span style=\"width:0%\"><strong class=\"rating\">0<\/strong> sur 5<\/span><\/div>        <a href=\"https:\/\/h17n.com\/fr\/portefeuilles-mobiles\/muun\/#reviews\" class=\"woocommerce-review-link\" rel=\"nofollow\">(0)<\/a>\n\n\n<\/a><a href=\"https:\/\/muun.com\/\" aria-describedby=\"woocommerce_loop_add_to_cart_link_describedby_129\" data-quantity=\"1\" class=\"button product_type_external\" data-product_id=\"129\" data-product_sku=\"\" aria-label=\"D\u00e9couvrir Muun\" rel=\"nofollow\">D\u00e9couvrir Muun<\/a>\t<span id=\"woocommerce_loop_add_to_cart_link_describedby_129\" class=\"screen-reader-text\">\n\t\t\t<\/span>\n<\/li>\n<li class=\"woocommerce-text-align-center woocommerce-image-align-center do-quantity-buttons product type-product post-138 status-publish instock product_cat-portefeuilles-mobiles has-post-thumbnail shipping-taxable product-type-external\">\n\t<a href=\"https:\/\/h17n.com\/fr\/portefeuilles-mobiles\/pine\/\" class=\"woocommerce-LoopProduct-link woocommerce-loop-product__link\"><img loading=\"lazy\" decoding=\"async\" width=\"300\" height=\"300\" src=\"https:\/\/h17n.com\/fr\/wp-content\/uploads\/sites\/2\/2023\/02\/pine-300x300.jpg\" class=\"attachment-woocommerce_thumbnail size-woocommerce_thumbnail\" alt=\"Pine : recevoir, envoyer des bitcoins comme un email\" srcset=\"https:\/\/h17n.com\/fr\/wp-content\/uploads\/sites\/2\/2023\/02\/pine-300x300.jpg 300w, https:\/\/h17n.com\/fr\/wp-content\/uploads\/sites\/2\/2023\/02\/pine-150x150.jpg 150w, https:\/\/h17n.com\/fr\/wp-content\/uploads\/sites\/2\/2023\/02\/pine-120x120.jpg 120w, https:\/\/h17n.com\/fr\/wp-content\/uploads\/sites\/2\/2023\/02\/pine-100x100.jpg 100w, https:\/\/h17n.com\/fr\/wp-content\/uploads\/sites\/2\/2023\/02\/pine.jpg 600w\" sizes=\"auto, (max-width: 300px) 100vw, 300px\" \/><h2 class=\"woocommerce-loop-product__title\">Pine : recevoir, envoyer des bitcoins comme un email<\/h2>\n            <div class=\"star-rating\" title=\"Pas encore not\u00e9\"><span style=\"width:0%\"><strong class=\"rating\">0<\/strong> sur 5<\/span><\/div>        <a href=\"https:\/\/h17n.com\/fr\/portefeuilles-mobiles\/pine\/#reviews\" class=\"woocommerce-review-link\" rel=\"nofollow\">(0)<\/a>\n\n\n<\/a><a href=\"https:\/\/pine.pm\/\" aria-describedby=\"woocommerce_loop_add_to_cart_link_describedby_138\" data-quantity=\"1\" class=\"button product_type_external\" data-product_id=\"138\" data-product_sku=\"\" aria-label=\"D\u00e9couvrir Pine\" rel=\"nofollow\">D\u00e9couvrir Pine<\/a>\t<span id=\"woocommerce_loop_add_to_cart_link_describedby_138\" class=\"screen-reader-text\">\n\t\t\t<\/span>\n<\/li>\n<li class=\"woocommerce-text-align-center woocommerce-image-align-center do-quantity-buttons product type-product post-92 status-publish last instock product_cat-portefeuilles-de-bureau has-post-thumbnail shipping-taxable product-type-external\">\n\t<a href=\"https:\/\/h17n.com\/fr\/portefeuilles-de-bureau\/electrum\/\" class=\"woocommerce-LoopProduct-link woocommerce-loop-product__link\"><img loading=\"lazy\" decoding=\"async\" width=\"300\" height=\"300\" src=\"https:\/\/h17n.com\/fr\/wp-content\/uploads\/sites\/2\/2023\/02\/portefeuille-electrum-300x300.jpg\" class=\"attachment-woocommerce_thumbnail size-woocommerce_thumbnail\" alt=\"Revue du portefeuille Electrum\" srcset=\"https:\/\/h17n.com\/fr\/wp-content\/uploads\/sites\/2\/2023\/02\/portefeuille-electrum-300x300.jpg 300w, https:\/\/h17n.com\/fr\/wp-content\/uploads\/sites\/2\/2023\/02\/portefeuille-electrum-150x150.jpg 150w, https:\/\/h17n.com\/fr\/wp-content\/uploads\/sites\/2\/2023\/02\/portefeuille-electrum-768x768.jpg 768w, https:\/\/h17n.com\/fr\/wp-content\/uploads\/sites\/2\/2023\/02\/portefeuille-electrum-120x120.jpg 120w, https:\/\/h17n.com\/fr\/wp-content\/uploads\/sites\/2\/2023\/02\/portefeuille-electrum-600x600.jpg 600w, https:\/\/h17n.com\/fr\/wp-content\/uploads\/sites\/2\/2023\/02\/portefeuille-electrum-100x100.jpg 100w, https:\/\/h17n.com\/fr\/wp-content\/uploads\/sites\/2\/2023\/02\/portefeuille-electrum.jpg 1024w\" sizes=\"auto, (max-width: 300px) 100vw, 300px\" \/><h2 class=\"woocommerce-loop-product__title\">Revue du portefeuille Electrum<\/h2>\n            <div class=\"star-rating\" title=\"Pas encore not\u00e9\"><span style=\"width:0%\"><strong class=\"rating\">0<\/strong> sur 5<\/span><\/div>        <a href=\"https:\/\/h17n.com\/fr\/portefeuilles-de-bureau\/electrum\/#reviews\" class=\"woocommerce-review-link\" rel=\"nofollow\">(0)<\/a>\n\n\n<\/a><a href=\"https:\/\/electrum.org\/\" aria-describedby=\"woocommerce_loop_add_to_cart_link_describedby_92\" data-quantity=\"1\" class=\"button product_type_external\" data-product_id=\"92\" data-product_sku=\"\" aria-label=\"D\u00e9couvrir Electrum\" rel=\"nofollow\">D\u00e9couvrir Electrum<\/a>\t<span id=\"woocommerce_loop_add_to_cart_link_describedby_92\" class=\"screen-reader-text\">\n\t\t\t<\/span>\n<\/li>\n<li class=\"woocommerce-text-align-center woocommerce-image-align-center do-quantity-buttons product type-product post-1079 status-publish first instock product_cat-portefeuilles-bitcoin product_cat-portefeuilles-de-bureau product_cat-portefeuilles-mobiles has-post-thumbnail shipping-taxable product-type-external\">\n\t<a href=\"https:\/\/h17n.com\/fr\/portefeuilles-bitcoin\/blockstream-green\/\" class=\"woocommerce-LoopProduct-link woocommerce-loop-product__link\"><img loading=\"lazy\" decoding=\"async\" width=\"300\" height=\"300\" src=\"https:\/\/h17n.com\/fr\/wp-content\/uploads\/sites\/2\/2025\/01\/green-300x300.png\" class=\"attachment-woocommerce_thumbnail size-woocommerce_thumbnail\" alt=\"Revue du Wallet Blockstream Green\" srcset=\"https:\/\/h17n.com\/fr\/wp-content\/uploads\/sites\/2\/2025\/01\/green-300x300.png 300w, https:\/\/h17n.com\/fr\/wp-content\/uploads\/sites\/2\/2025\/01\/green-150x150.png 150w, https:\/\/h17n.com\/fr\/wp-content\/uploads\/sites\/2\/2025\/01\/green-100x100.png 100w\" sizes=\"auto, (max-width: 300px) 100vw, 300px\" \/><h2 class=\"woocommerce-loop-product__title\">Revue du Wallet Blockstream Green<\/h2>\n            <div class=\"star-rating\" title=\"Pas encore not\u00e9\"><span style=\"width:0%\"><strong class=\"rating\">0<\/strong> sur 5<\/span><\/div>        <a href=\"https:\/\/h17n.com\/fr\/portefeuilles-bitcoin\/blockstream-green\/#reviews\" class=\"woocommerce-review-link\" rel=\"nofollow\">(0)<\/a>\n\n\n<\/a><a href=\"https:\/\/blockstream.com\/green\/\" aria-describedby=\"woocommerce_loop_add_to_cart_link_describedby_1079\" data-quantity=\"1\" class=\"button product_type_external\" data-product_id=\"1079\" data-product_sku=\"\" aria-label=\"Acheter &ldquo;Revue du Wallet Blockstream Green&rdquo;\" rel=\"nofollow\">Acheter le produit<\/a>\t<span id=\"woocommerce_loop_add_to_cart_link_describedby_1079\" class=\"screen-reader-text\">\n\t\t\t<\/span>\n<\/li>\n<li class=\"woocommerce-text-align-center woocommerce-image-align-center do-quantity-buttons product type-product post-922 status-publish instock product_cat-portefeuilles-web has-post-thumbnail shipping-taxable product-type-external\">\n\t<a href=\"https:\/\/h17n.com\/fr\/portefeuilles-web\/swapee\/\" class=\"woocommerce-LoopProduct-link woocommerce-loop-product__link\"><img loading=\"lazy\" decoding=\"async\" width=\"300\" height=\"300\" src=\"https:\/\/h17n.com\/fr\/wp-content\/uploads\/sites\/2\/2023\/06\/swapee-300x300.webp\" class=\"attachment-woocommerce_thumbnail size-woocommerce_thumbnail\" alt=\"Swapee : un portefeuille Web Lightning\" srcset=\"https:\/\/h17n.com\/fr\/wp-content\/uploads\/sites\/2\/2023\/06\/swapee-300x300.webp 300w, https:\/\/h17n.com\/fr\/wp-content\/uploads\/sites\/2\/2023\/06\/swapee-150x150.webp 150w, https:\/\/h17n.com\/fr\/wp-content\/uploads\/sites\/2\/2023\/06\/swapee-100x100.webp 100w\" sizes=\"auto, (max-width: 300px) 100vw, 300px\" \/><h2 class=\"woocommerce-loop-product__title\">Swapee : un portefeuille Web Lightning<\/h2>\n            <div class=\"star-rating\" title=\"Pas encore not\u00e9\"><span style=\"width:0%\"><strong class=\"rating\">0<\/strong> sur 5<\/span><\/div>        <a href=\"https:\/\/h17n.com\/fr\/portefeuilles-web\/swapee\/#reviews\" class=\"woocommerce-review-link\" rel=\"nofollow\">(0)<\/a>\n\n\n<\/a><a href=\"https:\/\/swapee.me\/\" aria-describedby=\"woocommerce_loop_add_to_cart_link_describedby_922\" data-quantity=\"1\" class=\"button product_type_external\" data-product_id=\"922\" data-product_sku=\"\" aria-label=\"D\u00e9couvrir Swapee\" rel=\"nofollow\">D\u00e9couvrir Swapee<\/a>\t<span id=\"woocommerce_loop_add_to_cart_link_describedby_922\" class=\"screen-reader-text\">\n\t\t\t<\/span>\n<\/li>\n<li class=\"woocommerce-text-align-center woocommerce-image-align-center do-quantity-buttons product type-product post-669 status-publish instock product_cat-envois-de-fonds product_cat-gagner product_cat-utiliser-bitcoin has-post-thumbnail shipping-taxable product-type-external\">\n\t<a href=\"https:\/\/h17n.com\/fr\/gagner\/appli-zebedee\/\" class=\"woocommerce-LoopProduct-link woocommerce-loop-product__link\"><img loading=\"lazy\" decoding=\"async\" width=\"300\" height=\"300\" src=\"https:\/\/h17n.com\/fr\/wp-content\/uploads\/sites\/2\/2023\/05\/zebedee-300x300.webp\" class=\"attachment-woocommerce_thumbnail size-woocommerce_thumbnail\" alt=\"ZEBEDEE : l&#039;application Bitcoin polyvalente\" srcset=\"https:\/\/h17n.com\/fr\/wp-content\/uploads\/sites\/2\/2023\/05\/zebedee-300x300.webp 300w, https:\/\/h17n.com\/fr\/wp-content\/uploads\/sites\/2\/2023\/05\/zebedee-150x150.webp 150w, https:\/\/h17n.com\/fr\/wp-content\/uploads\/sites\/2\/2023\/05\/zebedee-100x100.webp 100w\" sizes=\"auto, (max-width: 300px) 100vw, 300px\" \/><h2 class=\"woocommerce-loop-product__title\">ZEBEDEE : l&rsquo;application Bitcoin polyvalente<\/h2>\n            <div class=\"star-rating\" title=\"Pas encore not\u00e9\"><span style=\"width:0%\"><strong class=\"rating\">0<\/strong> sur 5<\/span><\/div>        <a href=\"https:\/\/h17n.com\/fr\/gagner\/appli-zebedee\/#reviews\" class=\"woocommerce-review-link\" rel=\"nofollow\">(0)<\/a>\n\n\n<\/a><a href=\"https:\/\/zebedee.io\/\" aria-describedby=\"woocommerce_loop_add_to_cart_link_describedby_669\" data-quantity=\"1\" class=\"button product_type_external\" data-product_id=\"669\" data-product_sku=\"\" aria-label=\"D\u00e9couvrir ZEBEDEE\" rel=\"nofollow\">D\u00e9couvrir ZEBEDEE<\/a>\t<span id=\"woocommerce_loop_add_to_cart_link_describedby_669\" class=\"screen-reader-text\">\n\t\t\t<\/span>\n<\/li>\n<\/ul>\n<\/div>\n","protected":false},"excerpt":{"rendered":"<p>Swapee est un portefeuille Web non d\u00e9positaire et Lightning Bitcoin qui permet aux particuliers et aux entreprises de stocker, envoyer et recevoir des bitcoins.<\/p>\n","protected":false},"featured_media":930,"comment_status":"open","ping_status":"closed","template":"","meta":[],"product_brand":[],"product_cat":[351],"product_tag":[],"class_list":{"0":"post-922","1":"product","2":"type-product","3":"status-publish","4":"has-post-thumbnail","6":"product_cat-portefeuilles-web","7":"","8":"woocommerce-text-align-center","9":"woocommerce-image-align-center","10":"do-quantity-buttons","12":"first","13":"instock","14":"shipping-taxable","15":"product-type-external"},"_links":{"self":[{"href":"https:\/\/h17n.com\/fr\/wp-json\/wp\/v2\/product\/922","targetHints":{"allow":["GET"]}}],"collection":[{"href":"https:\/\/h17n.com\/fr\/wp-json\/wp\/v2\/product"}],"about":[{"href":"https:\/\/h17n.com\/fr\/wp-json\/wp\/v2\/types\/product"}],"replies":[{"embeddable":true,"href":"https:\/\/h17n.com\/fr\/wp-json\/wp\/v2\/comments?post=922"}],"wp:featuredmedia":[{"embeddable":true,"href":"https:\/\/h17n.com\/fr\/wp-json\/wp\/v2\/media\/930"}],"wp:attachment":[{"href":"https:\/\/h17n.com\/fr\/wp-json\/wp\/v2\/media?parent=922"}],"wp:term":[{"taxonomy":"product_brand","embeddable":true,"href":"https:\/\/h17n.com\/fr\/wp-json\/wp\/v2\/product_brand?post=922"},{"taxonomy":"product_cat","embeddable":true,"href":"https:\/\/h17n.com\/fr\/wp-json\/wp\/v2\/product_cat?post=922"},{"taxonomy":"product_tag","embeddable":true,"href":"https:\/\/h17n.com\/fr\/wp-json\/wp\/v2\/product_tag?post=922"}],"curies":[{"name":"wp","href":"https:\/\/api.w.org\/{rel}","templated":true}]}}