{"id":92,"date":"2023-02-23T21:19:06","date_gmt":"2023-02-23T21:19:06","guid":{"rendered":"https:\/\/h17n.com\/fr\/?post_type=product&#038;p=92"},"modified":"2024-12-04T16:23:33","modified_gmt":"2024-12-04T16:23:33","slug":"electrum","status":"publish","type":"product","link":"https:\/\/h17n.com\/fr\/portefeuilles-de-bureau\/electrum\/","title":{"rendered":"Revue du portefeuille Electrum"},"content":{"rendered":"<p><a href=\"https:\/\/electrum.org\/\" rel=\"nofollow noopener\" target=\"_blank\">Electrum<\/a> est un portefeuille bitcoin open source non d\u00e9positaire. C&rsquo;est un portefeuille l\u00e9ger qui peut \u00eatre utilis\u00e9 sur un ordinateur de bureau, un mobile ou avec l&rsquo;interface de ligne de commande. Electrum est compatible avec les portefeuilles mat\u00e9riels et <a href=\"https:\/\/h17n.com\/fr\/multisig\/\" target=\"_blank\" rel=\"noopener\">multisig<\/a>. Il prend en charge le <a href=\"https:\/\/h17n.com\/fr\/reseau-lightning\/\" target=\"_blank\" rel=\"noopener\">r\u00e9seau Lightning<\/a> pour des transactions rapides et pas chers et est destin\u00e9 \u00e0 stocker, envoyer et recevoir des bitcoins.<\/p>\n<h2>D\u00e9marrer avec le portefeuille Electrum<\/h2>\n<p>Electrum fonctionne sur des syst\u00e8mes d&rsquo;exploitation tels que Windows, Linux, macOS, Android et <a href=\"https:\/\/electrum.readthedocs.io\/en\/latest\/tails.html\" rel=\"nofollow noopener\" target=\"_blank\">Tails<\/a>. Vous pouvez t\u00e9l\u00e9charger le portefeuille de bureau sur le site officiel ou le portefeuille mobile sur <a href=\"https:\/\/play.google.com\/store\/apps\/details?id=org.electrum.electrum&amp;hl=en&amp;gl=US\" rel=\"nofollow noopener\" target=\"_blank\">Google Play Store<\/a>. Ensuite, cr\u00e9ez un nouveau portefeuille et choisissez son type (standard, avec authentification \u00e0 deux facteurs, multisignature ou adresses bitcoin). Votre phrase de r\u00e9cup\u00e9ration, un ensemble sp\u00e9cifique de 12 mots qui doivent \u00eatre gard\u00e9s secrets et s\u00e9curis\u00e9s, sert de sauvegarde et sera ensuite g\u00e9n\u00e9r\u00e9e. Le service v\u00e9rifie l&rsquo;exactitude de la phrase et vous demande de l&rsquo;entrer \u00e0 nouveau. Ensuite, vous pouvez choisir un mot de passe pour crypter les cl\u00e9s de votre portefeuille ou d\u00e9sactiver le cryptage. Cependant, ce mot de passe ne peut pas \u00eatre utilis\u00e9 pour restaurer le portefeuille.<\/p>\n<div class=\"alert box\">\n<p>Il est hautement recommand\u00e9 de t\u00e9l\u00e9charger le portefeuille Electrum uniquement sur le <a href=\"https:\/\/electrum.org\/\" rel=\"nofollow noopener\" target=\"_blank\">site officiel<\/a> et de v\u00e9rifier les signatures GPG (elles sont utilis\u00e9es pour v\u00e9rifier l&rsquo;int\u00e9grit\u00e9 des fichiers t\u00e9l\u00e9charg\u00e9s et pour s&rsquo;assurer que les fichiers n&rsquo;ont pas \u00e9t\u00e9 modifi\u00e9s ou corrompus en transit).<\/p>\n<\/div>\n<h2>Avantages d&rsquo;Electrum<\/h2>\n<ul>\n<li><strong>M\u00e9thode de v\u00e9rification de paiement simplifi\u00e9e.<\/strong> La m\u00e9thode VPS permet de v\u00e9rifier les transactions sans t\u00e9l\u00e9charger la blockchain enti\u00e8re. Elle rend Electrum l\u00e9ger, ce qui lui permet d&rsquo;envoyer et de recevoir des bitcoins rapidement. <\/li>\n<li><strong>Authentification \u00e0 deux facteurs.<\/strong> Electrum dispose d&rsquo;une fonctionnalit\u00e9 d&rsquo;authentification \u00e0 deux facteurs, ce qui ajoute un nouveau niveau de s\u00e9curit\u00e9. L&rsquo;authentification \u00e0 deux facteurs impl\u00e9ment\u00e9e utilise un service tiers TrustedCoin : il stocke une autre cl\u00e9 en plus de celle stock\u00e9e dans le fichier du portefeuille sur votre ordinateur. Les sats ne peuvent pas \u00eatre envoy\u00e9s sans une signature de transaction du c\u00f4t\u00e9 de TrustedCoin.<\/li>\n<li><strong>Portefeuille multisig.<\/strong> Ce type de portefeuille exige que deux personnes signent une transaction avant qu&rsquo;elle puisse \u00eatre effectu\u00e9e. Cela ajoute une couche de s\u00e9curit\u00e9 suppl\u00e9mentaire et aide \u00e0 emp\u00eacher l&rsquo;acc\u00e8s non autoris\u00e9 aux fonds.  <\/li>\n<li><strong>Anonymat.<\/strong> Electrum n&rsquo;exige pas de s&rsquo;inscrire avec une adresse e-mail ou de fournir d&rsquo;autres informations personnelles. Le portefeuille ne r\u00e9v\u00e8le aucune information personnelle (le portefeuille sans KYC). Il n&rsquo;y a pas de fonctionnalit\u00e9 de prise en charge de Tor dans l&rsquo;application, mais il existe une instruction des d\u00e9veloppeurs sur la fa\u00e7on d&rsquo;utiliser le portefeuille dans le <a href=\"https:\/\/electrum.readthedocs.io\/en\/latest\/tor.html\" rel=\"nofollow noopener\" target=\"_blank\">r\u00e9seau Tor<\/a>. Vous pouvez utiliser cette possibilit\u00e9 pour obtenir plus d&rsquo;anonymat.<\/li>\n<li><strong>Portefeuille avec la mode \u00a0\u00bb watch-only \u00ab\u00a0.<\/strong> Cela signifie que vous pouvez voir le solde de votre portefeuille et cr\u00e9er des transactions sans stocker la cl\u00e9 priv\u00e9e. <\/li>\n<li><strong>Prise en charge du stockage \u00e0 froid.<\/strong> Pour conserver vos sats et signer les transactions, Electrum propose la technologie de stockage \u00e0 froid. Elle peut \u00eatre mise en \u0153uvre dans un portefeuille logiciel hors ligne (Electrum propose de l&rsquo;installer sur un appareil d\u00e9connect\u00e9 d&rsquo;Internet) ou dans des portefeuilles mat\u00e9riels tiers comme [Trezor](https:\/\/h17n.com\/fr\/portefeuilles-materiels\/trezor\/), [Ledger](https:\/\/h17n.com\/fr\/portefeuilles-materiels\/ledger-wallet\/) et [Keepkey](https:\/\/h17n.com\/fr\/portefeuilles-materiels\/keepkey\/). <\/li>\n<\/ul>\n<div class=\"woocommerce columns-4 \"><ul class=\"products columns-4\">\n<li class=\"woocommerce-text-align-center woocommerce-image-align-center do-quantity-buttons product type-product post-100 status-publish first instock product_cat-portefeuilles-materiels has-post-thumbnail shipping-taxable product-type-external\">\n\t<a href=\"https:\/\/h17n.com\/fr\/portefeuilles-materiels\/ledger\/\" class=\"woocommerce-LoopProduct-link woocommerce-loop-product__link\"><img loading=\"lazy\" decoding=\"async\" width=\"300\" height=\"300\" src=\"https:\/\/h17n.com\/fr\/wp-content\/uploads\/sites\/2\/2023\/02\/ledger-1-300x300.jpg\" class=\"attachment-woocommerce_thumbnail size-woocommerce_thumbnail\" alt=\"Ledger : un portefeuille mat\u00e9riel pour Android et iOS\" srcset=\"https:\/\/h17n.com\/fr\/wp-content\/uploads\/sites\/2\/2023\/02\/ledger-1-300x300.jpg 300w, https:\/\/h17n.com\/fr\/wp-content\/uploads\/sites\/2\/2023\/02\/ledger-1-150x150.jpg 150w, https:\/\/h17n.com\/fr\/wp-content\/uploads\/sites\/2\/2023\/02\/ledger-1-100x100.jpg 100w\" sizes=\"auto, (max-width: 300px) 100vw, 300px\" \/><h2 class=\"woocommerce-loop-product__title\">Ledger : un portefeuille mat\u00e9riel pour Android et iOS<\/h2>\n            <div class=\"star-rating\" title=\"Pas encore not\u00e9\"><span style=\"width:0%\"><strong class=\"rating\">0<\/strong> sur 5<\/span><\/div>        <a href=\"https:\/\/h17n.com\/fr\/portefeuilles-materiels\/ledger\/#reviews\" class=\"woocommerce-review-link\" rel=\"nofollow\">(0)<\/a>\n\n\n\t<span class=\"price\"><span class=\"woocommerce-Price-amount amount\"><bdi><span class=\"woocommerce-Price-currencySymbol\">&euro;<\/span>83.00<\/bdi><\/span><\/span>\n<\/a><a href=\"https:\/\/www.ledger.com\/\" aria-describedby=\"woocommerce_loop_add_to_cart_link_describedby_100\" data-quantity=\"1\" class=\"button product_type_external\" data-product_id=\"100\" data-product_sku=\"\" aria-label=\"D\u00e9couvrir Ledger\" rel=\"nofollow\">D\u00e9couvrir Ledger<\/a>\t<span id=\"woocommerce_loop_add_to_cart_link_describedby_100\" class=\"screen-reader-text\">\n\t\t\t<\/span>\n<\/li>\n<li class=\"woocommerce-text-align-center woocommerce-image-align-center do-quantity-buttons product type-product post-97 status-publish instock product_cat-portefeuilles-materiels has-post-thumbnail shipping-taxable product-type-external\">\n\t<a href=\"https:\/\/h17n.com\/fr\/portefeuilles-materiels\/trezor\/\" class=\"woocommerce-LoopProduct-link woocommerce-loop-product__link\"><img loading=\"lazy\" decoding=\"async\" width=\"300\" height=\"300\" src=\"https:\/\/h17n.com\/fr\/wp-content\/uploads\/sites\/2\/2023\/04\/trezor-1-jpg-300x300.webp\" class=\"attachment-woocommerce_thumbnail size-woocommerce_thumbnail\" alt=\"Revue de Trezor : un portefeuille mat\u00e9riel open-source\" srcset=\"https:\/\/h17n.com\/fr\/wp-content\/uploads\/sites\/2\/2023\/04\/trezor-1-jpg-300x300.webp 300w, https:\/\/h17n.com\/fr\/wp-content\/uploads\/sites\/2\/2023\/04\/trezor-1-jpg-150x150.webp 150w, https:\/\/h17n.com\/fr\/wp-content\/uploads\/sites\/2\/2023\/04\/trezor-1-jpg-100x100.webp 100w\" sizes=\"auto, (max-width: 300px) 100vw, 300px\" \/><h2 class=\"woocommerce-loop-product__title\">Revue de Trezor : un portefeuille mat\u00e9riel open-source<\/h2>\n            <div class=\"star-rating\" title=\"Pas encore not\u00e9\"><span style=\"width:0%\"><strong class=\"rating\">0<\/strong> sur 5<\/span><\/div>        <a href=\"https:\/\/h17n.com\/fr\/portefeuilles-materiels\/trezor\/#reviews\" class=\"woocommerce-review-link\" rel=\"nofollow\">(0)<\/a>\n\n\n\t<span class=\"price\"><span class=\"woocommerce-Price-amount amount\"><bdi><span class=\"woocommerce-Price-currencySymbol\">&euro;<\/span>65.00<\/bdi><\/span><\/span>\n<\/a><a href=\"https:\/\/trezor.io\/\" aria-describedby=\"woocommerce_loop_add_to_cart_link_describedby_97\" data-quantity=\"1\" class=\"button product_type_external\" data-product_id=\"97\" data-product_sku=\"\" aria-label=\"D\u00e9couvrir Trezor\" rel=\"nofollow\">D\u00e9couvrir Trezor<\/a>\t<span id=\"woocommerce_loop_add_to_cart_link_describedby_97\" class=\"screen-reader-text\">\n\t\t\t<\/span>\n<\/li>\n<\/ul>\n<\/div>\n<h2>Inconv\u00e9nients d&rsquo;Electrum<\/h2>\n<ul>\n<li><strong>Pas de soutien \u00e0 la client\u00e8le.<\/strong> Vous ne pouvez pas utiliser le chat en direct ou \u00e9crire un email pour obtenir des r\u00e9ponses \u00e0 vos questions. Au lieu de cela, vous pouvez lire la <a href=\"https:\/\/electrum.org\/#documentation\" rel=\"nofollow noopener\" target=\"_blank\">documentation<\/a> sur le site officiel, visiter le forum officiel d&rsquo;Electrum ou lire les informations sur Twitter ou Reddit.<\/li>\n<li><strong>Certaines versions du portefeuille sont sensibles aux attaques de phishing.<\/strong> Les versions d&rsquo;Electrum ant\u00e9rieures \u00e0 3.3.4 sont vuln\u00e9rables aux attaques de phishing, ainsi que d&rsquo;autres failles de s\u00e9curit\u00e9. <\/li>\n<li><strong>Pas de portefeuille mobile iOS<\/strong>. Les portefeuilles mobiles Electrum sont con\u00e7us pour les appareils Android.<\/li>\n<li><strong>C&rsquo;est un portefeuille chaud.<\/strong> Comme tous les portefeuilles chauds, Electrum peut \u00eatre vuln\u00e9rable aux attaques des hackers. Pour r\u00e9duire le risque de piratage, les d\u00e9veloppeurs fournissent une s\u00e9rie de mesures de s\u00e9curit\u00e9 pour garder vos fonds en s\u00e9curit\u00e9. <\/li>\n<\/ul>\n<h2>Plus d&rsquo;informations<\/h2>\n<ul>\n<li><a href=\"https:\/\/electrum.readthedocs.io\" rel=\"nofollow noopener\" target=\"_blank\">Documentation d&rsquo;Electrum<\/a><\/li>\n<li><a href=\"https:\/\/twitter.com\/ElectrumWallet\" rel=\"nofollow noopener\" target=\"_blank\">Annonces officielles sur Twitter<\/a><\/li>\n<li><a href=\"bitcointalk.org\" rel=\"nofollow noopener\" target=\"_blank\">Forum Bitcointalk<\/a> pour poser des questions<\/li>\n<\/ul>\n","protected":false},"excerpt":{"rendered":"<p>Electrum est un portefeuille Bitcoin l\u00e9ger et non d\u00e9positaire. Il permet de stocker, de recevoir et d&rsquo;envoyer des sats. Le portefeuille offre \u00e9galement une gamme de fonctionnalit\u00e9s, telles que le cryptage, l&rsquo;authentification \u00e0 deux facteurs et un syst\u00e8me de r\u00e9cup\u00e9ration via la phrase de d\u00e9marrage.<\/p>\n","protected":false},"featured_media":91,"comment_status":"open","ping_status":"closed","template":"","meta":[],"product_brand":[],"product_cat":[49],"product_tag":[],"class_list":{"0":"post-92","1":"product","2":"type-product","3":"status-publish","4":"has-post-thumbnail","6":"product_cat-portefeuilles-de-bureau","7":"pa_coinjoin-non","8":"","9":"woocommerce-text-align-center","10":"woocommerce-image-align-center","11":"do-quantity-buttons","13":"first","14":"instock","15":"shipping-taxable","16":"product-type-external"},"_links":{"self":[{"href":"https:\/\/h17n.com\/fr\/wp-json\/wp\/v2\/product\/92","targetHints":{"allow":["GET"]}}],"collection":[{"href":"https:\/\/h17n.com\/fr\/wp-json\/wp\/v2\/product"}],"about":[{"href":"https:\/\/h17n.com\/fr\/wp-json\/wp\/v2\/types\/product"}],"replies":[{"embeddable":true,"href":"https:\/\/h17n.com\/fr\/wp-json\/wp\/v2\/comments?post=92"}],"wp:featuredmedia":[{"embeddable":true,"href":"https:\/\/h17n.com\/fr\/wp-json\/wp\/v2\/media\/91"}],"wp:attachment":[{"href":"https:\/\/h17n.com\/fr\/wp-json\/wp\/v2\/media?parent=92"}],"wp:term":[{"taxonomy":"product_brand","embeddable":true,"href":"https:\/\/h17n.com\/fr\/wp-json\/wp\/v2\/product_brand?post=92"},{"taxonomy":"product_cat","embeddable":true,"href":"https:\/\/h17n.com\/fr\/wp-json\/wp\/v2\/product_cat?post=92"},{"taxonomy":"product_tag","embeddable":true,"href":"https:\/\/h17n.com\/fr\/wp-json\/wp\/v2\/product_tag?post=92"}],"curies":[{"name":"wp","href":"https:\/\/api.w.org\/{rel}","templated":true}]}}