{"id":915,"date":"2023-06-09T17:10:59","date_gmt":"2023-06-09T17:10:59","guid":{"rendered":"https:\/\/h17n.com\/fr\/?post_type=product&#038;p=915"},"modified":"2024-12-14T11:48:40","modified_gmt":"2024-12-14T11:48:40","slug":"lnp2pbot","status":"publish","type":"product","link":"https:\/\/h17n.com\/fr\/acheter-du-bitcoin\/lnp2pbot\/","title":{"rendered":"Lnp2pBot : un bot Telegram BTC"},"content":{"rendered":"<p><a href=\"https:\/\/lnp2pbot.com\/\" rel=\"nofollow noopener\" target=\"_blank\">Lnp2pBot<\/a> est un bot Telegram pair-\u00e0-pair qui vous permet d&rsquo;acheter et de vendre des bitcoins sur le <a href=\"https:\/\/h17n.com\/fr\/reseau-lightning\/\" target=\"_blank\" rel=\"noopener\">Lightning Network<\/a> en utilisant ta monnaie locale sans n\u00e9cessiter d&rsquo;enregistrement de l&rsquo;utilisateur ou de v\u00e9rification d&rsquo;identit\u00e9 (KYC). C&rsquo;est un bot open source et non d\u00e9positaire actuellement disponible en anglais, espagnol, portugais, persan (farsi) et fran\u00e7ais. Il est populaire en Am\u00e9rique latine.<\/p>\n<p>Le bot Bitcoin pour Telegram a \u00e9t\u00e9 d\u00e9velopp\u00e9 par un programmeur v\u00e9n\u00e9zu\u00e9lien <a href=\"https:\/\/twitter.com\/negrunch\" rel=\"nofollow noopener\" target=\"_blank\">Francisco Calder\u00f3n<\/a>.<\/p>\n<h2>Comment fonctionne Lnp2pBot<\/h2>\n<p>Pour commencer \u00e0 acheter et \u00e0 vendre des bitcoins en utilisant le march\u00e9 P2P Lnp2pBot, il vous suffit d&rsquo;avoir un compte Telegram avec la fonction \u00a0\u00bb nom d&rsquo;utilisateur \u00a0\u00bb activ\u00e9e, ainsi qu&rsquo;un portefeuille Lightning. Les portefeuilles recommand\u00e9s sont <a href=\"https:\/\/h17n.com\/fr\/portefeuilles-mobiles\/muun\/\" target=\"_blank\" rel=\"noopener\">Muun<\/a>, <a href=\"https:\/\/h17n.com\/fr\/portefeuilles-mobiles\/bluewallet\/\" target=\"_blank\" rel=\"noopener\">BlueWallet<\/a> et <a href=\"https:\/\/h17n.com\/fr\/portefeuilles-mobiles\/phoenix\/\" target=\"_blank\" rel=\"noopener\">Phoenix<\/a>.<\/p>\n<p>Il n&rsquo;est pas n\u00e9cessaire que vous fournissiez des informations personnelles ; les transactions sont enti\u00e8rement entre pairs, et Lnp2pBot ne collecte ni ne stocke aucune information personnelle sur les parties impliqu\u00e9es.<\/p>\n<p>Pour utiliser Lnp2pBot, la premi\u00e8re \u00e9tape consiste \u00e0 ajouter le bot \u00e0 vos contacts sur Telegram. Cela peut \u00eatre fait en visitant le <a href=\"https:\/\/lnp2pbot.com\/\" rel=\"nofollow noopener\" target=\"_blank\">site Web de Lnp2pBot<\/a> et en s\u00e9lectionnant l&rsquo;option \u00a0\u00bb Lancer le bot \u00ab\u00a0. Une fois cliqu\u00e9, il vous sera demand\u00e9 d&rsquo;accepter le lien Telegram, ce qui activera la connexion avec le bot. Apr\u00e8s avoir accept\u00e9, ouvre l&rsquo;application Telegram sur votre t\u00e9l\u00e9phone ou votre appareil de bureau et clique sur \u00a0\u00bb D\u00e9marrer \u00a0\u00bb pour initier l&rsquo;interaction avec Lnp2pBot.<\/p>\n<p>Pour continuer, il est n\u00e9cessaire d&rsquo;activer votre nom d&rsquo;utilisateur Telegram. Cela peut \u00eatre accompli en acc\u00e9dant au menu hamburger situ\u00e9 dans le coin sup\u00e9rieur gauche de l&rsquo;application, en s\u00e9lectionnant \u00a0\u00bb Param\u00e8tres \u00ab\u00a0, puis en passant \u00e0 \u00a0\u00bb Modifier le profil \u00a0\u00bb et en d\u00e9finissant un nom d&rsquo;utilisateur. Une fois ces \u00e9tapes termin\u00e9es, vous pourrez dialoguer avec Lnp2pBot via le chat en ligne qui pr\u00e9sente un menu contenant une gamme de fonctionnalit\u00e9s et les commandes correspondantes. Ces commandes incluent des options telles que l&rsquo;achat, la vente, l&rsquo;annulation de commandes et l&rsquo;acc\u00e8s \u00e0 des informations utiles.<\/p>\n<p>\u00c9tant donn\u00e9 que Lnp2pBot est un \u00e9change pair-\u00e0-pair sur Telegram, il est techniquement accessible \u00e0 toute personne poss\u00e9dant l&rsquo;application. Cependant, le bot peut obtenir le prix du march\u00e9 de 58 devises <a href=\"https:\/\/lnp2pbot.com\/learn\/in-which-countries-is-it-available.html\" rel=\"nofollow noopener\" target=\"_blank\">r\u00e9pertori\u00e9es ici<\/a>.<\/p>\n<div class=\"warning box\">\n<p>Lnp2pBot n&rsquo;\u00e9tant pas une entreprise, il ne dispose pas d&rsquo;un service client d\u00e9di\u00e9. Cependant, il existe une communaut\u00e9 disponible o\u00f9 vous pouvez demander de l&rsquo;aide si n\u00e9cessaire. Il est important de noter que les membres de cette communaut\u00e9 sont des b\u00e9n\u00e9voles et ne re\u00e7oivent aucune forme de compensation pour leur aide. Si vous avez des questions ou avez besoin d&rsquo;assistance, vous pouvez contacter la communaut\u00e9, mais n&rsquo;oubliez pas que des r\u00e9ponses imm\u00e9diates ne peuvent pas \u00eatre garanties.<\/p>\n<\/div>\n<h2>Frais de Lnp2pBot<\/h2>\n<p>Le bot facture un forfait de 0,6 %. Il n&rsquo;y a pas de frais suppl\u00e9mentaires car il inclut la commission de r\u00e9seau. C&rsquo;est le vendeur qui paie cette commission, pas l&rsquo;acheteur.<\/p>\n<h2>Alternatives \u00e0 Lnp2pBot<\/h2>\n<div class=\"woocommerce columns-3 \"><ul class=\"products columns-3\">\n<li class=\"woocommerce-text-align-center woocommerce-image-align-center do-quantity-buttons product type-product post-689 status-publish first instock product_cat-acheter-du-bitcoin has-post-thumbnail shipping-taxable product-type-external\">\n\t<a href=\"https:\/\/h17n.com\/fr\/acheter-du-bitcoin\/agoradesk\/\" class=\"woocommerce-LoopProduct-link woocommerce-loop-product__link\"><img loading=\"lazy\" decoding=\"async\" width=\"300\" height=\"300\" src=\"https:\/\/h17n.com\/fr\/wp-content\/uploads\/sites\/2\/2023\/05\/agora-300x300.webp\" class=\"attachment-woocommerce_thumbnail size-woocommerce_thumbnail\" alt=\"AgoraDesk : un \u00e9change de bitcoins sans KYC\" srcset=\"https:\/\/h17n.com\/fr\/wp-content\/uploads\/sites\/2\/2023\/05\/agora-300x300.webp 300w, https:\/\/h17n.com\/fr\/wp-content\/uploads\/sites\/2\/2023\/05\/agora-150x150.webp 150w, https:\/\/h17n.com\/fr\/wp-content\/uploads\/sites\/2\/2023\/05\/agora-100x100.webp 100w\" sizes=\"auto, (max-width: 300px) 100vw, 300px\" \/><h2 class=\"woocommerce-loop-product__title\">AgoraDesk : un \u00e9change de bitcoins sans KYC<\/h2>\n            <div class=\"star-rating\" title=\"Pas encore not\u00e9\"><span style=\"width:0%\"><strong class=\"rating\">0<\/strong> sur 5<\/span><\/div>        <a href=\"https:\/\/h17n.com\/fr\/acheter-du-bitcoin\/agoradesk\/#reviews\" class=\"woocommerce-review-link\" rel=\"nofollow\">(0)<\/a>\n\n\n<\/a><a href=\"https:\/\/agoradesk.com\/\" aria-describedby=\"woocommerce_loop_add_to_cart_link_describedby_689\" data-quantity=\"1\" class=\"button product_type_external\" data-product_id=\"689\" data-product_sku=\"\" aria-label=\"D\u00e9couvrir AgoraDesk\" rel=\"nofollow\">D\u00e9couvrir AgoraDesk<\/a>\t<span id=\"woocommerce_loop_add_to_cart_link_describedby_689\" class=\"screen-reader-text\">\n\t\t\t<\/span>\n<\/li>\n<li class=\"woocommerce-text-align-center woocommerce-image-align-center do-quantity-buttons product type-product post-178 status-publish instock product_cat-acheter-du-bitcoin product_cat-onfidentialite has-post-thumbnail shipping-taxable product-type-external\">\n\t<a href=\"https:\/\/h17n.com\/fr\/acheter-du-bitcoin\/bisq\/\" class=\"woocommerce-LoopProduct-link woocommerce-loop-product__link\"><img loading=\"lazy\" decoding=\"async\" width=\"300\" height=\"300\" src=\"https:\/\/h17n.com\/fr\/wp-content\/uploads\/sites\/2\/2023\/02\/bisq-300x300.jpg\" class=\"attachment-woocommerce_thumbnail size-woocommerce_thumbnail\" alt=\"Bisq : un \u00e9change de bitcoins pair-\u00e0-pair\" srcset=\"https:\/\/h17n.com\/fr\/wp-content\/uploads\/sites\/2\/2023\/02\/bisq-300x300.jpg 300w, https:\/\/h17n.com\/fr\/wp-content\/uploads\/sites\/2\/2023\/02\/bisq-150x150.jpg 150w, https:\/\/h17n.com\/fr\/wp-content\/uploads\/sites\/2\/2023\/02\/bisq-100x100.jpg 100w\" sizes=\"auto, (max-width: 300px) 100vw, 300px\" \/><h2 class=\"woocommerce-loop-product__title\">Bisq : un \u00e9change de bitcoins pair-\u00e0-pair<\/h2>\n            <div class=\"star-rating\" title=\"Pas encore not\u00e9\"><span style=\"width:0%\"><strong class=\"rating\">0<\/strong> sur 5<\/span><\/div>        <a href=\"https:\/\/h17n.com\/fr\/acheter-du-bitcoin\/bisq\/#reviews\" class=\"woocommerce-review-link\" rel=\"nofollow\">(0)<\/a>\n\n\n<\/a><a href=\"https:\/\/bisq.network\/\" aria-describedby=\"woocommerce_loop_add_to_cart_link_describedby_178\" data-quantity=\"1\" class=\"button product_type_external\" data-product_id=\"178\" data-product_sku=\"\" aria-label=\"D\u00e9couvrir Bisq\" rel=\"nofollow\">D\u00e9couvrir Bisq<\/a>\t<span id=\"woocommerce_loop_add_to_cart_link_describedby_178\" class=\"screen-reader-text\">\n\t\t\t<\/span>\n<\/li>\n<li class=\"woocommerce-text-align-center woocommerce-image-align-center do-quantity-buttons product type-product post-191 status-publish last instock product_cat-acheter-du-bitcoin has-post-thumbnail shipping-taxable product-type-external\">\n\t<a href=\"https:\/\/h17n.com\/fr\/acheter-du-bitcoin\/hodl-hodl\/\" class=\"woocommerce-LoopProduct-link woocommerce-loop-product__link\"><img loading=\"lazy\" decoding=\"async\" width=\"300\" height=\"300\" src=\"https:\/\/h17n.com\/fr\/wp-content\/uploads\/sites\/2\/2023\/02\/hodl-hodl-300x300.jpg\" class=\"attachment-woocommerce_thumbnail size-woocommerce_thumbnail\" alt=\"Hodl Hodl : une plateforme de trading de bitcoins\" srcset=\"https:\/\/h17n.com\/fr\/wp-content\/uploads\/sites\/2\/2023\/02\/hodl-hodl-300x300.jpg 300w, https:\/\/h17n.com\/fr\/wp-content\/uploads\/sites\/2\/2023\/02\/hodl-hodl-1024x1024.jpg 1024w, https:\/\/h17n.com\/fr\/wp-content\/uploads\/sites\/2\/2023\/02\/hodl-hodl-150x150.jpg 150w, https:\/\/h17n.com\/fr\/wp-content\/uploads\/sites\/2\/2023\/02\/hodl-hodl-768x768.jpg 768w, https:\/\/h17n.com\/fr\/wp-content\/uploads\/sites\/2\/2023\/02\/hodl-hodl-120x120.jpg 120w, https:\/\/h17n.com\/fr\/wp-content\/uploads\/sites\/2\/2023\/02\/hodl-hodl-600x600.jpg 600w, https:\/\/h17n.com\/fr\/wp-content\/uploads\/sites\/2\/2023\/02\/hodl-hodl-100x100.jpg 100w, https:\/\/h17n.com\/fr\/wp-content\/uploads\/sites\/2\/2023\/02\/hodl-hodl.jpg 1280w\" sizes=\"auto, (max-width: 300px) 100vw, 300px\" \/><h2 class=\"woocommerce-loop-product__title\">Hodl Hodl : une plateforme de trading de bitcoins<\/h2>\n            <div class=\"star-rating\" title=\"Pas encore not\u00e9\"><span style=\"width:0%\"><strong class=\"rating\">0<\/strong> sur 5<\/span><\/div>        <a href=\"https:\/\/h17n.com\/fr\/acheter-du-bitcoin\/hodl-hodl\/#reviews\" class=\"woocommerce-review-link\" rel=\"nofollow\">(0)<\/a>\n\n\n<\/a><a href=\"https:\/\/hodlhodl.com\/\" aria-describedby=\"woocommerce_loop_add_to_cart_link_describedby_191\" data-quantity=\"1\" class=\"button product_type_external\" data-product_id=\"191\" data-product_sku=\"\" aria-label=\"D\u00e9couvrir Hodl Hodl\" rel=\"nofollow\">D\u00e9couvrir Hodl Hodl<\/a>\t<span id=\"woocommerce_loop_add_to_cart_link_describedby_191\" class=\"screen-reader-text\">\n\t\t\t<\/span>\n<\/li>\n<li class=\"woocommerce-text-align-center woocommerce-image-align-center do-quantity-buttons product type-product post-825 status-publish first instock product_cat-acheter-du-bitcoin has-post-thumbnail shipping-taxable product-type-external\">\n\t<a href=\"https:\/\/h17n.com\/fr\/acheter-du-bitcoin\/peach\/\" class=\"woocommerce-LoopProduct-link woocommerce-loop-product__link\"><img loading=\"lazy\" decoding=\"async\" width=\"300\" height=\"300\" src=\"https:\/\/h17n.com\/fr\/wp-content\/uploads\/sites\/2\/2023\/05\/peach-1-300x300.webp\" class=\"attachment-woocommerce_thumbnail size-woocommerce_thumbnail\" alt=\"Peach : un \u00e9change pair-\u00e0-pair\" srcset=\"https:\/\/h17n.com\/fr\/wp-content\/uploads\/sites\/2\/2023\/05\/peach-1-300x300.webp 300w, https:\/\/h17n.com\/fr\/wp-content\/uploads\/sites\/2\/2023\/05\/peach-1-150x150.webp 150w, https:\/\/h17n.com\/fr\/wp-content\/uploads\/sites\/2\/2023\/05\/peach-1-100x100.webp 100w\" sizes=\"auto, (max-width: 300px) 100vw, 300px\" \/><h2 class=\"woocommerce-loop-product__title\">Peach : un \u00e9change pair-\u00e0-pair<\/h2>\n            <div class=\"star-rating\" title=\"Pas encore not\u00e9\"><span style=\"width:0%\"><strong class=\"rating\">0<\/strong> sur 5<\/span><\/div>        <a href=\"https:\/\/h17n.com\/fr\/acheter-du-bitcoin\/peach\/#reviews\" class=\"woocommerce-review-link\" rel=\"nofollow\">(0)<\/a>\n\n\n<\/a><a href=\"https:\/\/peachbitcoin.com\/\" aria-describedby=\"woocommerce_loop_add_to_cart_link_describedby_825\" data-quantity=\"1\" class=\"button product_type_external\" data-product_id=\"825\" data-product_sku=\"\" aria-label=\"Obtenez un bonus d&#039;inscription\" rel=\"nofollow\">Obtenez un bonus d&#039;inscription<\/a>\t<span id=\"woocommerce_loop_add_to_cart_link_describedby_825\" class=\"screen-reader-text\">\n\t\t\t<\/span>\n<\/li>\n<li class=\"woocommerce-text-align-center woocommerce-image-align-center do-quantity-buttons product type-product post-246 status-publish instock product_cat-acheter-du-bitcoin product_tag-avance has-post-thumbnail shipping-taxable product-type-external\">\n\t<a href=\"https:\/\/h17n.com\/fr\/acheter-du-bitcoin\/robosats\/\" class=\"woocommerce-LoopProduct-link woocommerce-loop-product__link\"><img loading=\"lazy\" decoding=\"async\" width=\"300\" height=\"300\" src=\"https:\/\/h17n.com\/fr\/wp-content\/uploads\/sites\/2\/2023\/02\/robosats-300x300.jpg\" class=\"attachment-woocommerce_thumbnail size-woocommerce_thumbnail\" alt=\"Robosats : un \u00e9change de bitcoins P2P sans KYC\" srcset=\"https:\/\/h17n.com\/fr\/wp-content\/uploads\/sites\/2\/2023\/02\/robosats-300x300.jpg 300w, https:\/\/h17n.com\/fr\/wp-content\/uploads\/sites\/2\/2023\/02\/robosats-150x150.jpg 150w, https:\/\/h17n.com\/fr\/wp-content\/uploads\/sites\/2\/2023\/02\/robosats-100x100.jpg 100w\" sizes=\"auto, (max-width: 300px) 100vw, 300px\" \/><h2 class=\"woocommerce-loop-product__title\">Robosats : un \u00e9change de bitcoins P2P sans KYC<\/h2>\n            <div class=\"star-rating\" title=\"Pas encore not\u00e9\"><span style=\"width:0%\"><strong class=\"rating\">0<\/strong> sur 5<\/span><\/div>        <a href=\"https:\/\/h17n.com\/fr\/acheter-du-bitcoin\/robosats\/#reviews\" class=\"woocommerce-review-link\" rel=\"nofollow\">(0)<\/a>\n\n\n<\/a><a href=\"https:\/\/learn.robosats.com\/\" aria-describedby=\"woocommerce_loop_add_to_cart_link_describedby_246\" data-quantity=\"1\" class=\"button product_type_external\" data-product_id=\"246\" data-product_sku=\"\" aria-label=\"D\u00e9couvrir Robosats\" rel=\"nofollow\">D\u00e9couvrir Robosats<\/a>\t<span id=\"woocommerce_loop_add_to_cart_link_describedby_246\" class=\"screen-reader-text\">\n\t\t\t<\/span>\n<\/li>\n<\/ul>\n<\/div>\n<h2>Plus d&rsquo;informations<\/h2>\n<ul>\n<li><a href=\"https:\/\/lnp2pbot.com\/learn\" rel=\"nofollow noopener\" target=\"_blank\">Apprendre \u00e0 utiliser Lnp2pBot<\/a><\/li>\n<li>Lancer le bot : <a href=\"https:\/\/t.me\/lnp2pbot\" rel=\"nofollow noopener\" target=\"_blank\">@lnp2pBot<\/a><\/li>\n<\/ul>\n","protected":false},"excerpt":{"rendered":"<p>Lnp2pBot est un robot bitcoin Telegram open source qui vous permet d&rsquo;acheter et de vendre des bitcoins en utilisant votre devise locale sans exigences KYC.<\/p>\n","protected":false},"featured_media":919,"comment_status":"open","ping_status":"closed","template":"","meta":[],"product_brand":[],"product_cat":[40],"product_tag":[],"class_list":{"0":"post-915","1":"product","2":"type-product","3":"status-publish","4":"has-post-thumbnail","6":"product_cat-acheter-du-bitcoin","7":"","8":"woocommerce-text-align-center","9":"woocommerce-image-align-center","10":"do-quantity-buttons","12":"first","13":"instock","14":"shipping-taxable","15":"product-type-external"},"_links":{"self":[{"href":"https:\/\/h17n.com\/fr\/wp-json\/wp\/v2\/product\/915","targetHints":{"allow":["GET"]}}],"collection":[{"href":"https:\/\/h17n.com\/fr\/wp-json\/wp\/v2\/product"}],"about":[{"href":"https:\/\/h17n.com\/fr\/wp-json\/wp\/v2\/types\/product"}],"replies":[{"embeddable":true,"href":"https:\/\/h17n.com\/fr\/wp-json\/wp\/v2\/comments?post=915"}],"wp:featuredmedia":[{"embeddable":true,"href":"https:\/\/h17n.com\/fr\/wp-json\/wp\/v2\/media\/919"}],"wp:attachment":[{"href":"https:\/\/h17n.com\/fr\/wp-json\/wp\/v2\/media?parent=915"}],"wp:term":[{"taxonomy":"product_brand","embeddable":true,"href":"https:\/\/h17n.com\/fr\/wp-json\/wp\/v2\/product_brand?post=915"},{"taxonomy":"product_cat","embeddable":true,"href":"https:\/\/h17n.com\/fr\/wp-json\/wp\/v2\/product_cat?post=915"},{"taxonomy":"product_tag","embeddable":true,"href":"https:\/\/h17n.com\/fr\/wp-json\/wp\/v2\/product_tag?post=915"}],"curies":[{"name":"wp","href":"https:\/\/api.w.org\/{rel}","templated":true}]}}