{"id":911,"date":"2023-06-09T18:31:02","date_gmt":"2023-06-09T18:31:02","guid":{"rendered":"https:\/\/h17n.com\/fr\/?post_type=product&#038;p=911"},"modified":"2023-06-09T18:31:03","modified_gmt":"2023-06-09T18:31:03","slug":"opensats","status":"publish","type":"product","link":"https:\/\/h17n.com\/fr\/subventions-bitcoin\/opensats\/","title":{"rendered":"OpenSats : les subventions pour les projets Bitcoin"},"content":{"rendered":"<p><a href=\"https:\/\/opensats.org\/\" rel=\"nofollow noopener\" target=\"_blank\">OpenSats<\/a> est une organisation \u00e0 but non lucratif 501(c)(3) qui soutient les projets gratuits et open source li\u00e9s \u00e0 Bitcoin, ainsi que les initiatives connexes en mati\u00e8re d&rsquo;\u00e9ducation et de recherche. L&rsquo;organisation \u00e0 but non lucratif accorde des subventions en bitcoins sans frais de gestion \u00e0 une vari\u00e9t\u00e9 de contributeurs, notamment des d\u00e9veloppeurs, des concepteurs, des chercheurs, des \u00e9ducateurs et des r\u00e9viseurs. Les donateurs peuvent diriger leurs contributions vers des projets sp\u00e9cifiques ou vers le fonds g\u00e9n\u00e9ral.<\/p>\n<h2>Comment fonctionne OpenSats<\/h2>\n<p>Les projets gratuits et open source li\u00e9s \u00e0 Bitcoin, y compris ceux qui aident Bitcoin \u00e0 prosp\u00e9rer et \u00e0 atteindre son plein potentiel, peuvent demander \u00e0 \u00eatre r\u00e9pertori\u00e9s sur le site Web d&rsquo;OpenSats en soumettant une demande. De plus, les personnes impliqu\u00e9es dans des initiatives Bitcoin gratuits et open source peuvent demander un financement du fonds g\u00e9n\u00e9ral d&rsquo;OpenSats en soumettant une demande <a href=\"http:\/\/opensats.org\/apply\" rel=\"nofollow noopener\" target=\"_blank\">ici<\/a>.<\/p>\n<p>Les opportunit\u00e9s de financement sont annonc\u00e9es chaque ann\u00e9e, sous r\u00e9serve de la disponibilit\u00e9 des fonds. Les projets qui s&rsquo;alignent sur la d\u00e9claration de mission d&rsquo;OpenSats sont encourag\u00e9s \u00e0 postuler. Les membres du conseil d&rsquo;administration \u00e9valuent chaque demande en fonction de sa valeur technique, de son impact potentiel et de la capacit\u00e9 de l&rsquo;\u00e9quipe \u00e0 l&rsquo;ex\u00e9cuter. Pour \u00eatre \u00e9ligibles aux dons, les projets doivent \u00eatre gratuits et open source et li\u00e9s \u00e0 Bitcoin ou \u00e0 une technologie auxiliaire (telle que Tor) qui aide \u00e0 soutenir l&rsquo;utilisation de Bitcoin.<\/p>\n<p>OpenSats met en relation les donateurs avec des contributeurs gratuits et open source par le biais d&rsquo;un catalogue de projets soigneusement examin\u00e9s et valid\u00e9s. Les donateurs peuvent parcourir le catalogue et sugg\u00e9rer des dons aux projets de leur choix, ou ils peuvent choisir de contribuer \u00e0 un fonds g\u00e9n\u00e9ral qui distribue des subventions en bitcoins \u00e0 des demandeurs de subventions qualifi\u00e9s et v\u00e9rifi\u00e9s sur une base trimestrielle. En tant qu&rsquo;organisation \u00e0 but non lucratif 501(c)(3), tous les dons sont d\u00e9ductibles des imp\u00f4ts.<\/p>\n<p>OpenSats accepte les dons en monnaie fiduciaire et en bitcoins. Les dons en fiats seront convertis en bitcoins, et toutes les subventions seront remises aux projets gratuits et open source et aux b\u00e9n\u00e9ficiaires des subventions en bitcoins. OpenSats distribue 100 pour cent de toutes les contributions qu&rsquo;elle re\u00e7oit.<\/p>\n<blockquote><p>Aucun don ne sera utilis\u00e9 par l&rsquo;organisation \u00e0 moins que le donateur ne fasse un don SP\u00c9CIFIQUE \u00e0 notre fonds op\u00e9rationnel, ce qui peut \u00eatre fait en utilisant <a href=\"https:\/\/opensats.org\/?donate=ops\" rel=\"nofollow noopener\" target=\"_blank\">ce lien<\/a>. Ces fonds seront utilis\u00e9s pour couvrir nos d\u00e9penses op\u00e9rationnelles g\u00e9n\u00e9rales telles que les frais juridiques, comptables et de traitement des paiements, ainsi que pour payer le salaire de notre directeur g\u00e9n\u00e9ral. Jusqu&rsquo;\u00e0 pr\u00e9sent, ces d\u00e9penses op\u00e9rationnelles ont \u00e9t\u00e9 couvertes par quelques g\u00e9n\u00e9reux donateurs, et nous esp\u00e9rons continuer \u00e0 trouver des donateurs pour couvrir ces co\u00fbts afin que nous puissions assurer une r\u00e9percussion \u00e0 100 % des dons de la plateforme vers Bitcoin et les contributeurs gratuits et open source.<\/p><\/blockquote>\n<p>En plus des demandes de financement, les projets gratuits et open source qui s&rsquo;alignent sur la mission d&rsquo;OpenSats sont invit\u00e9s \u00e0 demander \u00e0 \u00eatre list\u00e9s sur le site web de l&rsquo;organisation. Toutes les demandes qui r\u00e9pondent aux crit\u00e8res n\u00e9cessaires seront \u00e9valu\u00e9es par le conseil d&rsquo;administration. Une fois approuv\u00e9s par le conseil d&rsquo;administration, les projets seront pr\u00e9sent\u00e9s sur le <a href=\"https:\/\/opensats.org\/projects\" rel=\"nofollow noopener\" target=\"_blank\">portail des projets<\/a> OpenSats pendant un an (vous pouvez pr\u00e9senter une nouvelle demande apr\u00e8s un an). Les donateurs pourront apporter des fonds et recommander au conseil d&rsquo;administration d&rsquo;OpenSats d&rsquo;allouer leurs dons \u00e0 ces projets pr\u00e9-approuv\u00e9s.<\/p>\n<h3>Crit\u00e8res pour les subventions en bitcoins<\/h3>\n<p>Les crit\u00e8res d&rsquo;approbation des projets sont les suivants :<\/p>\n<ul>\n<li><strong>Bitcoin.<\/strong> Projets qui auront un impact direct sur l&rsquo;utilit\u00e9 ou l&rsquo;adoption de Bitcoin. Les projets potentiels comprennent les contributions au Bitcoin Core, la recherche scientifique\/de s\u00e9curit\u00e9, la r\u00e9vision de code, les am\u00e9liorations de conception\/UX, etc.<\/li>\n<li><strong>Source gratuit et ouverte.<\/strong> OpenSats soutient les logiciels, outils et contributeurs gratuits et gratuits qui am\u00e9liorent Bitcoin et l&rsquo;aident \u00e0 atteindre son plein potentiel. Les domaines d&rsquo;int\u00e9r\u00eat potentiels comprennent la messagerie s\u00e9curis\u00e9e, les outils d&rsquo;acceptation des commer\u00e7ants et les protocoles de la couche deux, entre autres.<\/li>\n<li><strong>\u00c9ducation et mentorat.<\/strong> OpenSats accorde une grande importance \u00e0 l&rsquo;\u00e9ducation et au mentorat et attend des contributeurs et des projets financ\u00e9s qu&rsquo;ils soient pr\u00eats \u00e0 partager leurs connaissances et leur exp\u00e9rience avec l&rsquo;ensemble de la communaut\u00e9.<\/li>\n<\/ul>\n<h2>Plus d&rsquo;informations<\/h2>\n<ul>\n<li><a href=\"https:\/\/opensats.org\/apply\" rel=\"nofollow noopener\" target=\"_blank\">Demander une subvention ou inscrire votre projet<\/a><\/li>\n<li>Parcourir le <a href=\"https:\/\/opensats.org\/projects\" rel=\"nofollow noopener\" target=\"_blank\">portail des projets d&rsquo;OpenSats<\/a><\/li>\n<\/ul>\n","protected":false},"excerpt":{"rendered":"<p>OpenSats est une organisation \u00e0 but non lucratif 501(c)(3) qui finance des projets gratuits et open source li\u00e9s au Bitcoin, ainsi que des initiatives \u00e9ducatives et de recherche dans ce domaine.<\/p>\n","protected":false},"featured_media":914,"comment_status":"open","ping_status":"closed","template":"","meta":[],"product_brand":[],"product_cat":[54],"product_tag":[],"class_list":{"0":"post-911","1":"product","2":"type-product","3":"status-publish","4":"has-post-thumbnail","6":"product_cat-subventions-bitcoin","7":"","8":"woocommerce-text-align-center","9":"woocommerce-image-align-center","10":"do-quantity-buttons","12":"first","13":"instock","14":"shipping-taxable","15":"product-type-external"},"_links":{"self":[{"href":"https:\/\/h17n.com\/fr\/wp-json\/wp\/v2\/product\/911","targetHints":{"allow":["GET"]}}],"collection":[{"href":"https:\/\/h17n.com\/fr\/wp-json\/wp\/v2\/product"}],"about":[{"href":"https:\/\/h17n.com\/fr\/wp-json\/wp\/v2\/types\/product"}],"replies":[{"embeddable":true,"href":"https:\/\/h17n.com\/fr\/wp-json\/wp\/v2\/comments?post=911"}],"wp:featuredmedia":[{"embeddable":true,"href":"https:\/\/h17n.com\/fr\/wp-json\/wp\/v2\/media\/914"}],"wp:attachment":[{"href":"https:\/\/h17n.com\/fr\/wp-json\/wp\/v2\/media?parent=911"}],"wp:term":[{"taxonomy":"product_brand","embeddable":true,"href":"https:\/\/h17n.com\/fr\/wp-json\/wp\/v2\/product_brand?post=911"},{"taxonomy":"product_cat","embeddable":true,"href":"https:\/\/h17n.com\/fr\/wp-json\/wp\/v2\/product_cat?post=911"},{"taxonomy":"product_tag","embeddable":true,"href":"https:\/\/h17n.com\/fr\/wp-json\/wp\/v2\/product_tag?post=911"}],"curies":[{"name":"wp","href":"https:\/\/api.w.org\/{rel}","templated":true}]}}