{"id":884,"date":"2023-06-08T12:16:11","date_gmt":"2023-06-08T12:16:11","guid":{"rendered":"https:\/\/h17n.com\/fr\/?post_type=product&#038;p=884"},"modified":"2023-06-08T12:17:22","modified_gmt":"2023-06-08T12:17:22","slug":"heartbit","status":"publish","type":"product","link":"https:\/\/h17n.com\/fr\/utiliser-bitcoin\/heartbit\/","title":{"rendered":"HeartBit : les soins de sant\u00e9 Lightning"},"content":{"rendered":"<p><a href=\"https:\/\/www.heartbit.io\/\" rel=\"nofollow noopener\" target=\"_blank\">HeartBit<\/a> est une initiative qui utilise le <a href=\"https:\/\/h17n.com\/fr\/reseau-lightning\/\" target=\"_blank\" rel=\"noopener\">Lightning Network<\/a> et l&rsquo;IA pour faire tomber les barri\u00e8res dans le domaine des soins de sant\u00e9 en permettant des consultations li\u00e9es \u00e0 la sant\u00e9 accessibles et sans fronti\u00e8res de la part de m\u00e9decins agr\u00e9\u00e9s. L&rsquo;int\u00e9gration du Lightning Network cr\u00e9e un march\u00e9 mondial, au b\u00e9n\u00e9fice des m\u00e9decins des pays \u00e0 bas salaires et des patients non assur\u00e9s dans les syst\u00e8mes de sant\u00e9 \u00e0 co\u00fbt \u00e9lev\u00e9.<\/p>\n<p>En outre, HeartBit exploite la technologie de l&rsquo;IA pour les traductions, ce qui permet aux patients de poser des questions relatives \u00e0 la sant\u00e9 dans la langue de leur choix et de recevoir des r\u00e9ponses pr\u00e9cises. Il y avait 31 langues prises en charge en mai 2023. L&rsquo;IA aide \u00e9galement les m\u00e9decins \u00e0 r\u00e9diger efficacement des r\u00e9ponses personnalis\u00e9es, ce qui leur permet de consulter davantage de patients et d&rsquo;am\u00e9liorer potentiellement leurs revenus et la qualit\u00e9 de leurs services.<\/p>\n<h2>Probl\u00e8me que HeartBit est en train de r\u00e9soudre<\/h2>\n<blockquote>\n<p>  Le bitcoin permet de transf\u00e9rer de la valeur sur Internet, en contournant les barri\u00e8res financi\u00e8res traditionnelles. Mais qu&rsquo;en est-il des petites transactions, comme le paiement de frais de consultation minimes ? C&rsquo;est l\u00e0 que le Lightning Network entre en jeu. Il s&rsquo;agit d&rsquo;une couche suppl\u00e9mentaire sur le r\u00e9seau Bitcoin, qui permet d&rsquo;effectuer des paiements \u00e0 l&rsquo;\u00e9chelle mondiale avec des frais minimes.\n<\/p><\/blockquote>\n<p>HeartBit vise \u00e0 rem\u00e9dier aux limites impos\u00e9es par les r\u00e9seaux d&rsquo;assurance nationaux et priv\u00e9s dans le domaine de la sant\u00e9. Dans des pays comme les \u00c9tats-Unis, o\u00f9 environ 8 % de la population n&rsquo;a pas d&rsquo;assurance maladie, les personnes telles que les immigrants, les travailleurs temporaires, les \u00e9tudiants internationaux et les voyageurs ont souvent du mal \u00e0 r\u00e9pondre aux crit\u00e8res d&rsquo;admissibilit\u00e9, m\u00eame avec l&rsquo;expansion de programmes tels que l&rsquo;Obamacare. Ces personnes sont confront\u00e9es \u00e0 des charges financi\u00e8res lorsqu&rsquo;elles recherchent une assistance m\u00e9dicale pour des raisons moins graves.<\/p>\n<p>De plus, les m\u00e9decins rencontrent \u00e9galement des difficult\u00e9s financi\u00e8res en raison des taux de remboursement inf\u00e9rieurs fix\u00e9s par le gouvernement ou les assureurs. En outre, ils sont confront\u00e9s \u00e0 l&rsquo;inconv\u00e9nient d&rsquo;\u00eatre limit\u00e9s \u00e0 attirer des patients au sein du r\u00e9seau du m\u00eame assureur. HeartBit cherche \u00e0 d\u00e9passer ces limites, tant pour les patients que pour les m\u00e9decins, en proposant une solution qui favorise l&rsquo;accessibilit\u00e9, l&rsquo;abordabilit\u00e9 et une connectivit\u00e9 plus large dans les consultations li\u00e9es \u00e0 la sant\u00e9.<\/p>\n<h2>Comment fonctionne HeartBit<\/h2>\n<p>HeartBit incite les m\u00e9decins \u00e0 proposer des consultations gr\u00e2ce \u00e0 des primes en bitcoins. Le montant global de la prime augmente lorsque davantage de questions attendent une r\u00e9ponse rapide. Plus cette augmentation est \u00e9lev\u00e9e, plus elle influence directement les r\u00e9compenses des m\u00e9decins. Par cons\u00e9quent, davantage de m\u00e9decins sont susceptibles d&rsquo;offrir des consultations sur HeartBit. L&rsquo;application des principes \u00e9conomiques du march\u00e9 libre cr\u00e9e une opportunit\u00e9 attrayante pour les m\u00e9decins des pays \u00e0 bas salaires et offre une alternative abordable aux patients des pays o\u00f9 les co\u00fbts de sant\u00e9 sont \u00e9lev\u00e9s.<\/p>\n<p>HeartBit utilise une technologie d&rsquo;IA avanc\u00e9e, permettant aux patients de poser en toute confiance des questions relatives \u00e0 la sant\u00e9 dans la langue de leur choix et de recevoir des r\u00e9ponses pr\u00e9cises. En outre, HeartBit emploie un assistant d&rsquo;IA qui g\u00e9n\u00e8re des projets de r\u00e9ponses aux demandes des patients. Les m\u00e9decins peuvent ensuite examiner et affiner ces \u00e9bauches, garantissant ainsi une r\u00e9ponse finalis\u00e9e qui r\u00e9pond \u00e0 leur expertise et \u00e0 leurs normes.<\/p>\n<h2>Plus d&rsquo;informations<\/h2>\n<ul>\n<li><a href=\"https:\/\/www.heartbit.io\/\" rel=\"nofollow noopener\" target=\"_blank\">Site Web de HeartBit<\/a><\/li>\n<\/ul>\n","protected":false},"excerpt":{"rendered":"<p>HeartBit utilise le bitcoin, le r\u00e9seau Lightning et l&rsquo;IA pour \u00e9liminer les obstacles aux soins de sant\u00e9 et permettre des consultations m\u00e9dicales accessibles et sans fronti\u00e8res avec des m\u00e9decins agr\u00e9\u00e9s.<\/p>\n","protected":false},"featured_media":888,"comment_status":"open","ping_status":"closed","template":"","meta":[],"product_brand":[],"product_cat":[55],"product_tag":[],"class_list":{"0":"post-884","1":"product","2":"type-product","3":"status-publish","4":"has-post-thumbnail","6":"product_cat-utiliser-bitcoin","7":"","8":"woocommerce-text-align-center","9":"woocommerce-image-align-center","10":"do-quantity-buttons","12":"first","13":"instock","14":"shipping-taxable","15":"product-type-external"},"_links":{"self":[{"href":"https:\/\/h17n.com\/fr\/wp-json\/wp\/v2\/product\/884","targetHints":{"allow":["GET"]}}],"collection":[{"href":"https:\/\/h17n.com\/fr\/wp-json\/wp\/v2\/product"}],"about":[{"href":"https:\/\/h17n.com\/fr\/wp-json\/wp\/v2\/types\/product"}],"replies":[{"embeddable":true,"href":"https:\/\/h17n.com\/fr\/wp-json\/wp\/v2\/comments?post=884"}],"wp:featuredmedia":[{"embeddable":true,"href":"https:\/\/h17n.com\/fr\/wp-json\/wp\/v2\/media\/888"}],"wp:attachment":[{"href":"https:\/\/h17n.com\/fr\/wp-json\/wp\/v2\/media?parent=884"}],"wp:term":[{"taxonomy":"product_brand","embeddable":true,"href":"https:\/\/h17n.com\/fr\/wp-json\/wp\/v2\/product_brand?post=884"},{"taxonomy":"product_cat","embeddable":true,"href":"https:\/\/h17n.com\/fr\/wp-json\/wp\/v2\/product_cat?post=884"},{"taxonomy":"product_tag","embeddable":true,"href":"https:\/\/h17n.com\/fr\/wp-json\/wp\/v2\/product_tag?post=884"}],"curies":[{"name":"wp","href":"https:\/\/api.w.org\/{rel}","templated":true}]}}