{"id":88,"date":"2023-02-09T21:57:12","date_gmt":"2023-02-09T21:57:12","guid":{"rendered":"https:\/\/h17n.com\/fr\/?post_type=product&#038;p=88"},"modified":"2023-07-03T08:06:56","modified_gmt":"2023-07-03T08:06:56","slug":"wasabi","status":"publish","type":"product","link":"https:\/\/h17n.com\/fr\/portefeuilles-de-bureau\/wasabi\/","title":{"rendered":"Wasabi : un portefeuille Bitcoin open source"},"content":{"rendered":"<p><a href=\"https:\/\/wasabiwallet.io\/\" target=\"_blank\" rel=\"nofollow noopener\">Wasabi<\/a> est un portefeuille open source non d\u00e9positaire pour l&rsquo;ordinateur de bureau. Il dispose des fonctionnalit\u00e9s int\u00e9gr\u00e9es CoinJoin et Tor et de la compatibilit\u00e9 avec les <a href=\"https:\/\/h17n.com\/fr\/portefeuilles-materiels\">portefeuilles mat\u00e9riels<\/a> pour offrir une couche suppl\u00e9mentaire de confidentialit\u00e9, de s\u00e9curit\u00e9 et d&rsquo;anonymat. Le portefeuille Wasabi permet de stocker, d&rsquo;envoyer et de recevoir des bitcoins. La fonction d&rsquo;achat, de vente et d&rsquo;\u00e9change de sats via un \u00e9change int\u00e9gr\u00e9 n&rsquo;est pas fournie.<\/p>\n<h2>Comment commencer avec le portefeuille Wasabi<\/h2>\n<p>Pour commencer, il faut t\u00e9l\u00e9charger le portefeuille sur le <a href=\"https:\/\/wasabiwallet.io\/\" target=\"_blank\" rel=\"nofollow noopener\">site officiel<\/a> et l&rsquo;installer. Il est compatible avec Windows 10+, macOS 10.15+ Intel, macOS 10.15+ M1, M2, Ubuntu, Debian et Linux. Ensuite, cr\u00e9ez un nouveau portefeuille ou r\u00e9cup\u00e9rez le portefeuille Wasabi cr\u00e9\u00e9 pr\u00e9c\u00e9demment. Pour le sauvegarder, \u00e9crivez une phrase de r\u00e9cup\u00e9ration mn\u00e9monique de 12 mots et gardez-la dans un endroit s\u00fbr. Cr\u00e9ez ensuite un mot de passe que vous entrerez chaque fois que vous utiliserez votre portefeuille. Pour r\u00e9cup\u00e9rer le portefeuille sur un autre ordinateur en utilisant Wasabi ou un autre portefeuille conforme au BIP 39, vous devrez entrer la phrase de r\u00e9cup\u00e9ration ainsi que le mot de passe.<\/p>\n<h2>Avantages et inconv\u00e9nients du portefeuille Wasabi<\/h2>\n<h3>Avantages<\/h3>\n<ul>\n<li><strong>Compatibilit\u00e9 avec les portefeuilles mat\u00e9riels<\/strong>. Le portefeuille Wasabi peut \u00eatre connect\u00e9 \u00e0 des portefeuilles mat\u00e9riels par c\u00e2ble. Ils permettent de g\u00e9n\u00e9rer une adresse publique \u00e0 laquelle vous pouvez recevoir des bitcoins. Les cl\u00e9s priv\u00e9es de cette adresse sont stock\u00e9es en toute s\u00e9curit\u00e9 dans le portefeuille mat\u00e9riel. Cette fonctionnalit\u00e9 fonctionne correctement et de mani\u00e8re fiable avec presque tous les portefeuilles mat\u00e9riels, y compris <a href=\"https:\/\/h17n.com\/fr\/portefeuilles\/trezor\" target=\"_blank\" rel=\"noopener\">Trezor<\/a>, <a href=\"https:\/\/h17n.com\/fr\/portefeullies\/ledger\" target=\"_blank\" rel=\"noopener\">Ledger<\/a> et <a href=\"https:\/\/h17n.com\/fr\/portefeuilles\/coldcard\" target=\"_blank\" rel=\"noopener\">Coldcard<\/a>.<\/li>\n<\/ul>\n<div class=\"woocommerce columns-4 \"><ul class=\"products columns-4\">\n<li class=\"woocommerce-text-align-center woocommerce-image-align-center do-quantity-buttons product type-product post-104 status-publish first instock product_cat-portefeuilles-materiels has-post-thumbnail shipping-taxable product-type-external\">\n\t<a href=\"https:\/\/h17n.com\/fr\/portefeuilles-materiels\/coldcard\/\" class=\"woocommerce-LoopProduct-link woocommerce-loop-product__link\"><img loading=\"lazy\" decoding=\"async\" width=\"300\" height=\"300\" src=\"https:\/\/h17n.com\/fr\/wp-content\/uploads\/sites\/2\/2023\/02\/hodle-safe-300x300.jpg\" class=\"attachment-woocommerce_thumbnail size-woocommerce_thumbnail\" alt=\"Coldcard : un portefeuille Bitcoin en air gap\" srcset=\"https:\/\/h17n.com\/fr\/wp-content\/uploads\/sites\/2\/2023\/02\/hodle-safe-300x300.jpg 300w, https:\/\/h17n.com\/fr\/wp-content\/uploads\/sites\/2\/2023\/02\/hodle-safe-150x150.jpg 150w, https:\/\/h17n.com\/fr\/wp-content\/uploads\/sites\/2\/2023\/02\/hodle-safe-100x100.jpg 100w\" sizes=\"auto, (max-width: 300px) 100vw, 300px\" \/><h2 class=\"woocommerce-loop-product__title\">Coldcard : un portefeuille Bitcoin en air gap<\/h2>\n            <div class=\"star-rating\" title=\"Pas encore not\u00e9\"><span style=\"width:0%\"><strong class=\"rating\">0<\/strong> sur 5<\/span><\/div>        <a href=\"https:\/\/h17n.com\/fr\/portefeuilles-materiels\/coldcard\/#reviews\" class=\"woocommerce-review-link\" rel=\"nofollow\">(0)<\/a>\n\n\n\t<span class=\"price\"><span class=\"woocommerce-Price-amount amount\"><bdi><span class=\"woocommerce-Price-currencySymbol\">&euro;<\/span>140.00<\/bdi><\/span><\/span>\n<\/a><a href=\"https:\/\/coldcard.com\/\" aria-describedby=\"woocommerce_loop_add_to_cart_link_describedby_104\" data-quantity=\"1\" class=\"button product_type_external\" data-product_id=\"104\" data-product_sku=\"\" aria-label=\"D\u00e9couvrir Coldcard\" rel=\"nofollow\">D\u00e9couvrir Coldcard<\/a>\t<span id=\"woocommerce_loop_add_to_cart_link_describedby_104\" class=\"screen-reader-text\">\n\t\t\t<\/span>\n<\/li>\n<li class=\"woocommerce-text-align-center woocommerce-image-align-center do-quantity-buttons product type-product post-100 status-publish instock product_cat-portefeuilles-materiels has-post-thumbnail shipping-taxable product-type-external\">\n\t<a href=\"https:\/\/h17n.com\/fr\/portefeuilles-materiels\/ledger\/\" class=\"woocommerce-LoopProduct-link woocommerce-loop-product__link\"><img loading=\"lazy\" decoding=\"async\" width=\"300\" height=\"300\" src=\"https:\/\/h17n.com\/fr\/wp-content\/uploads\/sites\/2\/2023\/02\/ledger-1-300x300.jpg\" class=\"attachment-woocommerce_thumbnail size-woocommerce_thumbnail\" alt=\"Ledger : un portefeuille mat\u00e9riel pour Android et iOS\" srcset=\"https:\/\/h17n.com\/fr\/wp-content\/uploads\/sites\/2\/2023\/02\/ledger-1-300x300.jpg 300w, https:\/\/h17n.com\/fr\/wp-content\/uploads\/sites\/2\/2023\/02\/ledger-1-150x150.jpg 150w, https:\/\/h17n.com\/fr\/wp-content\/uploads\/sites\/2\/2023\/02\/ledger-1-100x100.jpg 100w\" sizes=\"auto, (max-width: 300px) 100vw, 300px\" \/><h2 class=\"woocommerce-loop-product__title\">Ledger : un portefeuille mat\u00e9riel pour Android et iOS<\/h2>\n            <div class=\"star-rating\" title=\"Pas encore not\u00e9\"><span style=\"width:0%\"><strong class=\"rating\">0<\/strong> sur 5<\/span><\/div>        <a href=\"https:\/\/h17n.com\/fr\/portefeuilles-materiels\/ledger\/#reviews\" class=\"woocommerce-review-link\" rel=\"nofollow\">(0)<\/a>\n\n\n\t<span class=\"price\"><span class=\"woocommerce-Price-amount amount\"><bdi><span class=\"woocommerce-Price-currencySymbol\">&euro;<\/span>83.00<\/bdi><\/span><\/span>\n<\/a><a href=\"https:\/\/www.ledger.com\/\" aria-describedby=\"woocommerce_loop_add_to_cart_link_describedby_100\" data-quantity=\"1\" class=\"button product_type_external\" data-product_id=\"100\" data-product_sku=\"\" aria-label=\"D\u00e9couvrir Ledger\" rel=\"nofollow\">D\u00e9couvrir Ledger<\/a>\t<span id=\"woocommerce_loop_add_to_cart_link_describedby_100\" class=\"screen-reader-text\">\n\t\t\t<\/span>\n<\/li>\n<li class=\"woocommerce-text-align-center woocommerce-image-align-center do-quantity-buttons product type-product post-97 status-publish instock product_cat-portefeuilles-materiels has-post-thumbnail shipping-taxable product-type-external\">\n\t<a href=\"https:\/\/h17n.com\/fr\/portefeuilles-materiels\/trezor\/\" class=\"woocommerce-LoopProduct-link woocommerce-loop-product__link\"><img loading=\"lazy\" decoding=\"async\" width=\"300\" height=\"300\" src=\"https:\/\/h17n.com\/fr\/wp-content\/uploads\/sites\/2\/2023\/04\/trezor-1-jpg-300x300.webp\" class=\"attachment-woocommerce_thumbnail size-woocommerce_thumbnail\" alt=\"Revue de Trezor : un portefeuille mat\u00e9riel open-source\" srcset=\"https:\/\/h17n.com\/fr\/wp-content\/uploads\/sites\/2\/2023\/04\/trezor-1-jpg-300x300.webp 300w, https:\/\/h17n.com\/fr\/wp-content\/uploads\/sites\/2\/2023\/04\/trezor-1-jpg-150x150.webp 150w, https:\/\/h17n.com\/fr\/wp-content\/uploads\/sites\/2\/2023\/04\/trezor-1-jpg-100x100.webp 100w\" sizes=\"auto, (max-width: 300px) 100vw, 300px\" \/><h2 class=\"woocommerce-loop-product__title\">Revue de Trezor : un portefeuille mat\u00e9riel open-source<\/h2>\n            <div class=\"star-rating\" title=\"Pas encore not\u00e9\"><span style=\"width:0%\"><strong class=\"rating\">0<\/strong> sur 5<\/span><\/div>        <a href=\"https:\/\/h17n.com\/fr\/portefeuilles-materiels\/trezor\/#reviews\" class=\"woocommerce-review-link\" rel=\"nofollow\">(0)<\/a>\n\n\n\t<span class=\"price\"><span class=\"woocommerce-Price-amount amount\"><bdi><span class=\"woocommerce-Price-currencySymbol\">&euro;<\/span>65.00<\/bdi><\/span><\/span>\n<\/a><a href=\"https:\/\/trezor.io\/\" aria-describedby=\"woocommerce_loop_add_to_cart_link_describedby_97\" data-quantity=\"1\" class=\"button product_type_external\" data-product_id=\"97\" data-product_sku=\"\" aria-label=\"D\u00e9couvrir Trezor\" rel=\"nofollow\">D\u00e9couvrir Trezor<\/a>\t<span id=\"woocommerce_loop_add_to_cart_link_describedby_97\" class=\"screen-reader-text\">\n\t\t\t<\/span>\n<\/li>\n<\/ul>\n<\/div>\n<ul>\n<li><strong>Prise en charge du processus CoinJoin.<\/strong> Il est utilis\u00e9 pour am\u00e9liorer la confidentialit\u00e9 des transactions en les divisant en petites parties et en les m\u00e9langeant \u00e0 d&rsquo;autres transactions.<\/li>\n<li><strong>R\u00e9seau d&rsquo;anonymat Tor.<\/strong> Le r\u00e9seau Tor rend difficile le tra\u00e7age et la surveillance de votre activit\u00e9. Il crypte \u00e9galement votre trafic, ce qui ajoute une couche suppl\u00e9mentaire de s\u00e9curit\u00e9. Le portefeuille Wasabi peut utiliser l&rsquo;int\u00e9gration Tor automatique ou install\u00e9e localement pour masquer l&rsquo;adresse IP. Ainsi, un niveau de confidentialit\u00e9 bien plus \u00e9lev\u00e9 est garanti.<\/li>\n<\/ul>\n<h3>Inconv\u00e9nients<\/h3>\n<ul>\n<li><strong>Il n&rsquo;a pas d&rsquo;application mobile.<\/strong> Le portefeuille Wasabi ne propose pas de version mobile. Si vous souhaitez g\u00e9rer vos sats \u00e0 distance avec un mobile, vous ne pourrez pas le faire.<\/li>\n<li><strong>Il n&rsquo;a pas d&rsquo;assistance client\u00e8le en ligne.<\/strong> Vous pouvez demander de l&rsquo;aide seulement sur le forum et attendre la r\u00e9ponse de la communaut\u00e9. Vous ne pouvez compter que sur les FAQ et la <a href=\"https:\/\/docs.wasabiwallet.io\/\" rel=\"nofollow noopener\" target=\"_blank\">documentation<\/a>.<\/li>\n<li><strong>C&rsquo;est un portefeuille de bureau chaud.<\/strong> Les portefeuilles chauds sont plus vuln\u00e9rables aux hackers, car ils sont connect\u00e9s \u00e0 Internet. Cela les rend accessibles \u00e0 tous qui peuvent acc\u00e9der au portefeuille.<\/li>\n<\/ul>\n<h2>Plus d&rsquo;informations<\/h2>\n<ul>\n<li><a href=\"https:\/\/github.com\/zkSNACKs\/WalletWasabi\/blob\/master\/WalletWasabi.Documentation\/WasabiCompatibility.md#officially-supported-hardware-wallets\" target=\"_blank\" rel=\"nofollow noopener\">Liste des portefeuilles mat\u00e9riels officiellement pris en charge<\/a><\/li>\n<li><a href=\"https:\/\/docs.wasabiwallet.io\/\" target=\"_blank\" rel=\"nofollow noopener\">Documentation d&rsquo;assistance<\/a><\/li>\n<\/ul>\n","protected":false},"excerpt":{"rendered":"<p>Wasabi est un portefeuille bitcoin open source non d\u00e9positaire pour ordinateur de bureau. Il dispose de fonctionnalit\u00e9s int\u00e9gr\u00e9es CoinJoin et Tor et d&rsquo;une compatibilit\u00e9 avec les portefeuilles mat\u00e9riels pour fournir une couche suppl\u00e9mentaire de confidentialit\u00e9, de s\u00e9curit\u00e9 et d&rsquo;anonymat. Le portefeuille Wasabi vous permet de stocker, d&rsquo;envoyer et de recevoir des bitcoins.<\/p>\n","protected":false},"featured_media":90,"comment_status":"open","ping_status":"closed","template":"","meta":[],"product_brand":[],"product_cat":[48,49],"product_tag":[],"class_list":{"0":"post-88","1":"product","2":"type-product","3":"status-publish","4":"has-post-thumbnail","6":"product_cat-portefeuilles-bitcoin","7":"product_cat-portefeuilles-de-bureau","8":"pa_coinjoin-oui","9":"","10":"woocommerce-text-align-center","11":"woocommerce-image-align-center","12":"do-quantity-buttons","14":"first","15":"instock","16":"shipping-taxable","17":"product-type-external"},"_links":{"self":[{"href":"https:\/\/h17n.com\/fr\/wp-json\/wp\/v2\/product\/88","targetHints":{"allow":["GET"]}}],"collection":[{"href":"https:\/\/h17n.com\/fr\/wp-json\/wp\/v2\/product"}],"about":[{"href":"https:\/\/h17n.com\/fr\/wp-json\/wp\/v2\/types\/product"}],"replies":[{"embeddable":true,"href":"https:\/\/h17n.com\/fr\/wp-json\/wp\/v2\/comments?post=88"}],"wp:featuredmedia":[{"embeddable":true,"href":"https:\/\/h17n.com\/fr\/wp-json\/wp\/v2\/media\/90"}],"wp:attachment":[{"href":"https:\/\/h17n.com\/fr\/wp-json\/wp\/v2\/media?parent=88"}],"wp:term":[{"taxonomy":"product_brand","embeddable":true,"href":"https:\/\/h17n.com\/fr\/wp-json\/wp\/v2\/product_brand?post=88"},{"taxonomy":"product_cat","embeddable":true,"href":"https:\/\/h17n.com\/fr\/wp-json\/wp\/v2\/product_cat?post=88"},{"taxonomy":"product_tag","embeddable":true,"href":"https:\/\/h17n.com\/fr\/wp-json\/wp\/v2\/product_tag?post=88"}],"curies":[{"name":"wp","href":"https:\/\/api.w.org\/{rel}","templated":true}]}}