{"id":879,"date":"2023-06-08T10:48:46","date_gmt":"2023-06-08T10:48:46","guid":{"rendered":"https:\/\/h17n.com\/fr\/?post_type=product&#038;p=879"},"modified":"2023-06-08T10:48:46","modified_gmt":"2023-06-08T10:48:46","slug":"lightning-gifts","status":"publish","type":"product","link":"https:\/\/h17n.com\/fr\/utiliser-bitcoin\/lightning-gifts\/","title":{"rendered":"Lightning Gifts : g\u00e9n\u00e9rer des cadeaux Bitcoin"},"content":{"rendered":"<p><a href=\"https:\/\/lightning.gifts\/\" rel=\"nofollow noopener\" target=\"_blank\">Lightning Gifts<\/a> un service qui vous permet de g\u00e9n\u00e9rer gratuitement des ch\u00e8ques-cadeaux en bitcoins \u00e0 partager avec vos amis et votre famille. Il fonctionne en cr\u00e9ant <a href=\"https:\/\/h17n.com\/fr\/adresse-lightning\/\" target=\"_blank\" rel=\"noopener\">une facture d&rsquo;adresse Lightning<\/a>, qui est une demande de paiement qui peut \u00eatre r\u00e9gl\u00e9e avec des bitcoins. Une fois la facture cr\u00e9\u00e9e, vous pouvez l&rsquo;envoyer au destinataire par e-mail, SMS ou via les r\u00e9seaux sociaux. Le destinataire peut ensuite scanner le code QR ou coller <a href=\"https:\/\/h17n.com\/fr\/quest-ce-que-lnurl\/\" target=\"_blank\" rel=\"noopener\">le LNURL<\/a> dans son portefeuille Lightning pour \u00e9changer les fonds.<\/p>\n<h2>Comment utiliser les cadeaux Lightning<\/h2>\n<p>Pour utiliser les cadeaux Lightning,vous devrez vous rendre sur le <a href=\"https:\/\/lightning.gifts\/\" rel=\"nofollow noopener\" target=\"_blank\">site Web de Lightning Gifts<\/a>. Vous avez deux options pour cr\u00e9er un cadeau en bitcoins : Basic et LNURL.<\/p>\n<ul>\n<li><strong>Basic :<\/strong> avec l&rsquo;option Basic, vous pouvez payer la facture avec un portefeuille compatible Lightning en scannant le code QR ou en copiant l&rsquo;adresse Lightning. Une fois la facture pay\u00e9e, la carte cadeau sera cr\u00e9\u00e9e.<\/li>\n<li><strong>LNURL :<\/strong> Avec l&rsquo;option LNURL, vous pouvez scanner le code QR ou copier le LNURL pour cr\u00e9er un cadeau \u00e0 partir de votre portefeuille. Une fois le cadeau cr\u00e9\u00e9, le destinataire pourra le r\u00e9clamer en scannant le code QR ou en collant le LNURL dans son portefeuille Lightning.<\/li>\n<\/ul>\n<p>Le montant minimum pour un cadeau est de 100 sats. Vous pouvez ajouter le nom du destinataire et un message personnalis\u00e9 \u00e0 votre cadeau en bitcoins pour rendre le cadeau plus sp\u00e9cial et personnel.<\/p>\n<p>Une fois le cadeau cr\u00e9\u00e9, vous recevrez une facture Lightning. Vous pouvez ensuite envoyer la facture au destinataire. Le destinataire peut r\u00e9clamer le cadeau en scannant le code QR ou en collant l&rsquo;URL LN dans son portefeuille Lightning. Une fois les fonds r\u00e9clam\u00e9s, ils seront d\u00e9pos\u00e9s dans le portefeuille du destinataire.<\/p>\n<h2>Alternatives aux cadeaux Lightning<\/h2>\n<div class=\"woocommerce columns-4 \"><ul class=\"products columns-4\">\n<li class=\"woocommerce-text-align-center woocommerce-image-align-center do-quantity-buttons product type-product post-609 status-publish first instock product_cat-education product_cat-utiliser-bitcoin has-post-thumbnail shipping-taxable product-type-external\">\n\t<a href=\"https:\/\/h17n.com\/fr\/utiliser-bitcoin\/lightsats\/\" class=\"woocommerce-LoopProduct-link woocommerce-loop-product__link\"><img loading=\"lazy\" decoding=\"async\" width=\"300\" height=\"300\" src=\"https:\/\/h17n.com\/fr\/wp-content\/uploads\/sites\/2\/2023\/05\/lightsats-jpg-300x300.webp\" class=\"attachment-woocommerce_thumbnail size-woocommerce_thumbnail\" alt=\"Lightsats : envoyer des sats en cadeau\" srcset=\"https:\/\/h17n.com\/fr\/wp-content\/uploads\/sites\/2\/2023\/05\/lightsats-jpg-300x300.webp 300w, https:\/\/h17n.com\/fr\/wp-content\/uploads\/sites\/2\/2023\/05\/lightsats-jpg-150x150.webp 150w, https:\/\/h17n.com\/fr\/wp-content\/uploads\/sites\/2\/2023\/05\/lightsats-jpg-100x100.webp 100w\" sizes=\"auto, (max-width: 300px) 100vw, 300px\" \/><h2 class=\"woocommerce-loop-product__title\">Lightsats : envoyer des sats en cadeau<\/h2>\n            <div class=\"star-rating\" title=\"Pas encore not\u00e9\"><span style=\"width:0%\"><strong class=\"rating\">0<\/strong> sur 5<\/span><\/div>        <a href=\"https:\/\/h17n.com\/fr\/utiliser-bitcoin\/lightsats\/#reviews\" class=\"woocommerce-review-link\" rel=\"nofollow\">(0)<\/a>\n\n\n<\/a><a href=\"https:\/\/lightsats.com\" aria-describedby=\"woocommerce_loop_add_to_cart_link_describedby_609\" data-quantity=\"1\" class=\"button product_type_external\" data-product_id=\"609\" data-product_sku=\"\" aria-label=\"D\u00e9couvrir Lightsats\" rel=\"nofollow\">D\u00e9couvrir Lightsats<\/a>\t<span id=\"woocommerce_loop_add_to_cart_link_describedby_609\" class=\"screen-reader-text\">\n\t\t\t<\/span>\n<\/li>\n<li class=\"woocommerce-text-align-center woocommerce-image-align-center do-quantity-buttons product type-product post-536 status-publish instock product_cat-utiliser-bitcoin has-post-thumbnail shipping-taxable product-type-external\">\n\t<a href=\"https:\/\/h17n.com\/fr\/utiliser-bitcoin\/opendime\/\" class=\"woocommerce-LoopProduct-link woocommerce-loop-product__link\"><img loading=\"lazy\" decoding=\"async\" width=\"300\" height=\"300\" src=\"https:\/\/h17n.com\/fr\/wp-content\/uploads\/sites\/2\/2023\/04\/opendime-jpg-300x300.webp\" class=\"attachment-woocommerce_thumbnail size-woocommerce_thumbnail\" alt=\"Opendime : une cl\u00e9 USB Bitcoin\" srcset=\"https:\/\/h17n.com\/fr\/wp-content\/uploads\/sites\/2\/2023\/04\/opendime-jpg-300x300.webp 300w, https:\/\/h17n.com\/fr\/wp-content\/uploads\/sites\/2\/2023\/04\/opendime-jpg-150x150.webp 150w, https:\/\/h17n.com\/fr\/wp-content\/uploads\/sites\/2\/2023\/04\/opendime-jpg-100x100.webp 100w\" sizes=\"auto, (max-width: 300px) 100vw, 300px\" \/><h2 class=\"woocommerce-loop-product__title\">Opendime : une cl\u00e9 USB Bitcoin<\/h2>\n            <div class=\"star-rating\" title=\"Pas encore not\u00e9\"><span style=\"width:0%\"><strong class=\"rating\">0<\/strong> sur 5<\/span><\/div>        <a href=\"https:\/\/h17n.com\/fr\/utiliser-bitcoin\/opendime\/#reviews\" class=\"woocommerce-review-link\" rel=\"nofollow\">(0)<\/a>\n\n\n\t<span class=\"price\"><span class=\"woocommerce-Price-amount amount\"><bdi><span class=\"woocommerce-Price-currencySymbol\">&euro;<\/span>65.00<\/bdi><\/span><\/span>\n<\/a><a href=\"https:\/\/opendime.com\/\" aria-describedby=\"woocommerce_loop_add_to_cart_link_describedby_536\" data-quantity=\"1\" class=\"button product_type_external\" data-product_id=\"536\" data-product_sku=\"\" aria-label=\"D\u00e9couvrir Opendime\" rel=\"nofollow\">D\u00e9couvrir Opendime<\/a>\t<span id=\"woocommerce_loop_add_to_cart_link_describedby_536\" class=\"screen-reader-text\">\n\t\t\t<\/span>\n<\/li>\n<\/ul>\n<\/div>\n<h2>Plus d&rsquo;informations<\/h2>\n<ul>\n<li><a href=\"https:\/\/lightning.gifts\/\" rel=\"nofollow noopener\" target=\"_blank\">Site Web de Lightning Gifts<\/a><\/li>\n<\/ul>\n","protected":false},"excerpt":{"rendered":"<p>Lightning Gifts est un service qui fournit des ch\u00e8ques-cadeaux Bitcoin gratuits via des factures d&rsquo;adresse Lightning pour un partage facile avec vos amis et votre famille.<\/p>\n","protected":false},"featured_media":882,"comment_status":"open","ping_status":"closed","template":"","meta":[],"product_brand":[],"product_cat":[55],"product_tag":[],"class_list":{"0":"post-879","1":"product","2":"type-product","3":"status-publish","4":"has-post-thumbnail","6":"product_cat-utiliser-bitcoin","7":"","8":"woocommerce-text-align-center","9":"woocommerce-image-align-center","10":"do-quantity-buttons","12":"first","13":"instock","14":"shipping-taxable","15":"product-type-external"},"_links":{"self":[{"href":"https:\/\/h17n.com\/fr\/wp-json\/wp\/v2\/product\/879","targetHints":{"allow":["GET"]}}],"collection":[{"href":"https:\/\/h17n.com\/fr\/wp-json\/wp\/v2\/product"}],"about":[{"href":"https:\/\/h17n.com\/fr\/wp-json\/wp\/v2\/types\/product"}],"replies":[{"embeddable":true,"href":"https:\/\/h17n.com\/fr\/wp-json\/wp\/v2\/comments?post=879"}],"wp:featuredmedia":[{"embeddable":true,"href":"https:\/\/h17n.com\/fr\/wp-json\/wp\/v2\/media\/882"}],"wp:attachment":[{"href":"https:\/\/h17n.com\/fr\/wp-json\/wp\/v2\/media?parent=879"}],"wp:term":[{"taxonomy":"product_brand","embeddable":true,"href":"https:\/\/h17n.com\/fr\/wp-json\/wp\/v2\/product_brand?post=879"},{"taxonomy":"product_cat","embeddable":true,"href":"https:\/\/h17n.com\/fr\/wp-json\/wp\/v2\/product_cat?post=879"},{"taxonomy":"product_tag","embeddable":true,"href":"https:\/\/h17n.com\/fr\/wp-json\/wp\/v2\/product_tag?post=879"}],"curies":[{"name":"wp","href":"https:\/\/api.w.org\/{rel}","templated":true}]}}