{"id":874,"date":"2023-06-08T09:10:25","date_gmt":"2023-06-08T09:10:25","guid":{"rendered":"https:\/\/h17n.com\/fr\/?post_type=product&#038;p=874"},"modified":"2024-12-11T15:31:46","modified_gmt":"2024-12-11T15:31:46","slug":"esim4bitcoin","status":"publish","type":"product","link":"https:\/\/h17n.com\/fr\/utiliser-bitcoin\/esim4bitcoin\/","title":{"rendered":"eSim4Bitcoin : acheter eSim avec des bitcoins"},"content":{"rendered":"<p><img loading=\"lazy\" decoding=\"async\" src=\"http:\/\/h17n.com\/fr\/wp-content\/uploads\/sites\/2\/2023\/06\/esim4bitcoin-1024x693.webp\" alt=\"esim crypto payment\" width=\"1024\" height=\"693\" class=\"alignnone size-large wp-image-875\" srcset=\"https:\/\/h17n.com\/fr\/wp-content\/uploads\/sites\/2\/2023\/06\/esim4bitcoin-1024x693.webp 1024w, https:\/\/h17n.com\/fr\/wp-content\/uploads\/sites\/2\/2023\/06\/esim4bitcoin-300x203.webp 300w, https:\/\/h17n.com\/fr\/wp-content\/uploads\/sites\/2\/2023\/06\/esim4bitcoin-768x520.webp 768w, https:\/\/h17n.com\/fr\/wp-content\/uploads\/sites\/2\/2023\/06\/esim4bitcoin-120x81.webp 120w, https:\/\/h17n.com\/fr\/wp-content\/uploads\/sites\/2\/2023\/06\/esim4bitcoin-600x406.webp 600w, https:\/\/h17n.com\/fr\/wp-content\/uploads\/sites\/2\/2023\/06\/esim4bitcoin-jpg.webp 1073w\" sizes=\"auto, (max-width: 1024px) 100vw, 1024px\" \/><img loading=\"lazy\" decoding=\"async\" src=\"http:\/\/h17n.com\/fr\/wp-content\/uploads\/sites\/2\/2023\/06\/esim4bitcoin-1-1024x357.webp\" alt=\"esim crypto\" width=\"1024\" height=\"357\" class=\"alignnone size-large wp-image-876\" srcset=\"https:\/\/h17n.com\/fr\/wp-content\/uploads\/sites\/2\/2023\/06\/esim4bitcoin-1-1024x357.webp 1024w, https:\/\/h17n.com\/fr\/wp-content\/uploads\/sites\/2\/2023\/06\/esim4bitcoin-1-300x105.webp 300w, https:\/\/h17n.com\/fr\/wp-content\/uploads\/sites\/2\/2023\/06\/esim4bitcoin-1-768x268.webp 768w, https:\/\/h17n.com\/fr\/wp-content\/uploads\/sites\/2\/2023\/06\/esim4bitcoin-1-120x42.webp 120w, https:\/\/h17n.com\/fr\/wp-content\/uploads\/sites\/2\/2023\/06\/esim4bitcoin-1-600x209.webp 600w, https:\/\/h17n.com\/fr\/wp-content\/uploads\/sites\/2\/2023\/06\/esim4bitcoin-1-jpg.webp 1053w\" sizes=\"auto, (max-width: 1024px) 100vw, 1024px\" \/><a href=\"https:\/\/www.esim4bitcoin.com\/\" rel=\"nofollow noopener\" target=\"_blank\">eSim4Bitcoin<\/a> est un service qui vous permet d&rsquo;acheter un forfait eSIM en utilisant le bitcoin et le <a href=\"https:\/\/h17n.com\/fr\/reseau-lightning\/\" target=\"_blank\" rel=\"noopener\">Lightning Network<\/a> sans KYC. Actuellement, le service est disponible dans 200 pays \u00e0 travers le monde et offre une vari\u00e9t\u00e9 de plans \u00e0 choisir. Le service propose des forfaits de donn\u00e9es uniquement, ce qui signifie que les appels locaux et internationaux ne sont pas autoris\u00e9s. Cependant, vous pouvez utiliser des applications comme WhatsApp ou Skype pour passer des appels.<\/p>\n<div class=\"action box\">\n<p>Contrairement aux cartes SIM physiques, l&rsquo;eSIM, abr\u00e9viation de \u00ab\u00a0embedded SIM\u00a0\u00bb, est int\u00e9gr\u00e9e au mat\u00e9riel de l&rsquo;appareil ou approvisionn\u00e9e \u00e0 distance, et stocke les informations de la carte SIM. Avec l&rsquo;eSIM, les utilisateurs peuvent changer d&rsquo;op\u00e9rateur de r\u00e9seau mobile en activant de nouveaux profils sur leurs appareils, ce qui \u00e9limine le besoin de changer de carte SIM physique. Ceci est particuli\u00e8rement utile pour les grands voyageurs et ceux qui cherchent \u00e0 acc\u00e9der aux r\u00e9seaux locaux lorsqu&rsquo;ils sont \u00e0 l&rsquo;\u00e9tranger.<\/p>\n<\/div>\n<h2>Avantages de la technologie eSim<\/h2>\n<p>l&rsquo;eSIM offre plusieurs avantages qui en font une option pr\u00e9cieuse pour les utilisateurs. Voici quelques raisons pour lesquelles vous pourriez avoir besoin d&rsquo;une eSIM :<\/p>\n<ul>\n<li><strong>Flexibilit\u00e9 :<\/strong> Une eSIM offre la flexibilit\u00e9 de passer d&rsquo;un op\u00e9rateur mobile ou d&rsquo;un forfait \u00e0 l&rsquo;autre sans avoir \u00e0 changer physiquement de carte SIM. C&rsquo;est particuli\u00e8rement avantageux pour les grands voyageurs ou les personnes qui ont besoin de num\u00e9ros de t\u00e9l\u00e9phone temporaires ou locaux.<\/li>\n<li><strong>Capacit\u00e9 de double carte SIM :<\/strong> Avec une carte eSIM, vous pouvez avoir plusieurs num\u00e9ros de t\u00e9l\u00e9phone ou forfaits mobiles sur un seul appareil. C&rsquo;est utile pour s\u00e9parer les appels personnels et professionnels ou pour g\u00e9rer diff\u00e9rents r\u00e9seaux simultan\u00e9ment.<\/li>\n<li><strong>Activation facile :<\/strong> L&rsquo;activation d&rsquo;une eSIM est un processus qui peut \u00eatre effectu\u00e9 \u00e0 distance. Il te suffit de scanner un code QR ou de saisir un code d&rsquo;activation fourni par l&rsquo;op\u00e9rateur, ce qui \u00e9vite d&rsquo;avoir \u00e0 attendre une carte SIM physique.<\/li>\n<\/ul>\n<h2>Comment fonctionne eSIm4Bitcoin ?<\/h2>\n<p>Pour utiliser eSIM, vous devez d&rsquo;abord s\u00e9lectionner un forfait de donn\u00e9es parmi les options disponibles. Une fois que vous avez s\u00e9lectionn\u00e9 un forfait, vous recevrez un code QR. Vous pouvez scanner ce code QR avec l&rsquo;appareil photo de votre appareil pour installer et activer votre eSIM. Une fois votre eSIM activ\u00e9e, vous pourrez utiliser des donn\u00e9es et passer des appels dans le pays que vous visitez.<\/p>\n<p>Les appareils eSIM compatibles comprennent les appareils iOS et Android qui sont dot\u00e9s d&rsquo;une eSIM et d\u00e9verrouill\u00e9s. Il est important de noter que les appareils verrouill\u00e9s par la SIM ne peuvent pas \u00eatre utilis\u00e9s avec une eSIM. La p\u00e9riode de validit\u00e9 commence lorsque l&rsquo;eSIM se connecte \u00e0 n&rsquo;importe quel(s) r\u00e9seau(x) pris en charge.<\/p>\n<p>Voici les \u00e9tapes \u00e0 suivre pour acheter un plan eSIM en utilisant des bitcoins :<\/p>\n<ul>\n<li>Rends-toi sur le site Web eSIM4Bitcoin et s\u00e9lectionne votre r\u00e9gion ou votre pays.<\/li>\n<li>S\u00e9lectionne la quantit\u00e9 de donn\u00e9es que vous voulez acheter.<\/li>\n<li>Clique sur \u00ab\u00a0Ajouter au panier\u00a0\u00bb.<\/li>\n<li>Va \u00e0 la page de paiement et saisis votre adresse \u00e9lectronique, votre nom et votre pays.<\/li>\n<li>Accepte les conditions g\u00e9n\u00e9rales.<\/li>\n<li>Clique sur \u00ab\u00a0Proceed to BTCPay\u00a0\u00bb et vous serez redirig\u00e9 vers BTCPay pour terminer votre achat.<\/li>\n<li>Pour installer et activer votre eSIM, paie \u00e0 l&rsquo;aide d&rsquo;un code QR, d&rsquo;une adresse bitcoin ou d&rsquo;une <a href=\"https:\/\/h17n.com\/fr\/adresse-lightning\/\" target=\"_blank\" rel=\"noopener\">adresse Lightning<\/a>.<\/li>\n<\/ul>\n<div class=\"action box\">\n<p>la plateforme eSim4Bitcoin est aliment\u00e9e par <a href=\"https:\/\/h17n.com\/fr\/paiements-bitcoin\/btcpay-server\/\" target=\"_blank\" rel=\"noopener\">BTCPay<\/a>, une passerelle de paiement en bitcoins.<\/p>\n<\/div>\n<h2>frais d&rsquo;eSim4Bitcoin<\/h2>\n<p>Le co\u00fbt d&rsquo;un forfait eSIM est susceptible de varier en fonction de facteurs tels que la r\u00e9gion, le pays et la dur\u00e9e de validit\u00e9 des donn\u00e9es allou\u00e9es. Vous trouverez ci-dessous un tableau illustrant un exemple de forfaits eSim4Bitcoin.<\/p>\n<table>\n<thead>\n<tr>\n<th>R\u00e9gion\/pays<\/th>\n<th>P\u00e9riode de validit\u00e9<\/th>\n<th>Type de forfait<\/th>\n<th>Prix<\/th>\n<\/tr>\n<\/thead>\n<tbody>\n<tr>\n<td>Europe<\/td>\n<td>30 jours<\/td>\n<td>3 GO<\/td>\n<td>18.20 USD<\/td>\n<\/tr>\n<tr>\n<td>Am\u00e9rique du Sud<\/td>\n<td>30 jours<\/td>\n<td>3 GO<\/td>\n<td>54.60 USD<\/td>\n<\/tr>\n<tr>\n<td>Afrique du Sud<\/td>\n<td>30 jours<\/td>\n<td>3 GO<\/td>\n<td>82.60 USD<\/td>\n<\/tr>\n<tr>\n<td>Cara\u00efbes<\/td>\n<td>7 jours<\/td>\n<td>1 GO<\/td>\n<td>21.00 USD<\/td>\n<\/tr>\n<tr>\n<td>Monde<\/td>\n<td>15 jours<\/td>\n<td>3 GO<\/td>\n<td>33.60 USD<\/td>\n<\/tr>\n<tr>\n<td>Japon<\/td>\n<td>30 jours<\/td>\n<td>3 GO<\/td>\n<td>11.90 USD<\/td>\n<\/tr>\n<tr>\n<td>Hong Kong<\/td>\n<td>30 jours<\/td>\n<td>3 GO<\/td>\n<td>11.90 USD<\/td>\n<\/tr>\n<tr>\n<td>France<\/td>\n<td>30 jours<\/td>\n<td>3 GO<\/td>\n<td>15.40 USD<\/td>\n<\/tr>\n<tr>\n<td>France<\/td>\n<td>30 jours<\/td>\n<td>3 GO<\/td>\n<td>30.80 USD<\/td>\n<\/tr>\n<tr>\n<td>France<\/td>\n<td>30 jours<\/td>\n<td>3 GO<\/td>\n<td>32.90 USD<\/td>\n<\/tr>\n<\/tbody>\n<\/table>\n<h2>Plus d&rsquo;informations<\/h2>\n<ul>\n<li><a href=\"https:\/\/www.esim4bitcoin.com\/what-devices-support-esim\/\" rel=\"nofollow noopener\" target=\"_blank\">Appareils prenant en charge eSim<\/a><\/li>\n<li><a href=\"https:\/\/www.esim4bitcoin.com\/\" rel=\"nofollow noopener\" target=\"_blank\">Site Web d&rsquo;eSim4Bitcoin<\/a><\/li>\n<\/ul>\n","protected":false},"excerpt":{"rendered":"<p>eSim4Bitcoin permet les paiements en bitcoin et Lightning pour les plans eSIM dans 200 pays, offrant des forfaits de donn\u00e9es uniquement, sans KYC requis.<\/p>\n","protected":false},"featured_media":875,"comment_status":"open","ping_status":"closed","template":"","meta":[],"product_brand":[],"product_cat":[55],"product_tag":[359],"class_list":{"0":"post-874","1":"product","2":"type-product","3":"status-publish","4":"has-post-thumbnail","6":"product_cat-utiliser-bitcoin","7":"product_tag-debutant","8":"","9":"woocommerce-text-align-center","10":"woocommerce-image-align-center","11":"do-quantity-buttons","13":"first","14":"instock","15":"shipping-taxable","16":"product-type-external"},"_links":{"self":[{"href":"https:\/\/h17n.com\/fr\/wp-json\/wp\/v2\/product\/874","targetHints":{"allow":["GET"]}}],"collection":[{"href":"https:\/\/h17n.com\/fr\/wp-json\/wp\/v2\/product"}],"about":[{"href":"https:\/\/h17n.com\/fr\/wp-json\/wp\/v2\/types\/product"}],"replies":[{"embeddable":true,"href":"https:\/\/h17n.com\/fr\/wp-json\/wp\/v2\/comments?post=874"}],"wp:featuredmedia":[{"embeddable":true,"href":"https:\/\/h17n.com\/fr\/wp-json\/wp\/v2\/media\/875"}],"wp:attachment":[{"href":"https:\/\/h17n.com\/fr\/wp-json\/wp\/v2\/media?parent=874"}],"wp:term":[{"taxonomy":"product_brand","embeddable":true,"href":"https:\/\/h17n.com\/fr\/wp-json\/wp\/v2\/product_brand?post=874"},{"taxonomy":"product_cat","embeddable":true,"href":"https:\/\/h17n.com\/fr\/wp-json\/wp\/v2\/product_cat?post=874"},{"taxonomy":"product_tag","embeddable":true,"href":"https:\/\/h17n.com\/fr\/wp-json\/wp\/v2\/product_tag?post=874"}],"curies":[{"name":"wp","href":"https:\/\/api.w.org\/{rel}","templated":true}]}}