{"id":861,"date":"2023-05-26T12:57:07","date_gmt":"2023-05-26T12:57:07","guid":{"rendered":"https:\/\/h17n.com\/fr\/?post_type=product&#038;p=861"},"modified":"2023-05-26T12:57:07","modified_gmt":"2023-05-26T12:57:07","slug":"bitcoin-jungle","status":"publish","type":"product","link":"https:\/\/h17n.com\/fr\/zones\/bitcoin-jungle\/","title":{"rendered":"Bitcoin Jungle"},"content":{"rendered":"<p><a href=\"https:\/\/www.bitcoinjungle.app\/\" rel=\"nofollow noopener\" target=\"_blank\">Bitcoin Jungle<\/a> est un projet communautaire open-source qui vise \u00e0 adopter le bitcoin dans tous les domaines \u00e9conomiques et sociaux du Costa Rica. Il est centr\u00e9 sur la r\u00e9gion du Triangle d&rsquo;Or et a l&rsquo;intention de couvrir l&rsquo;ensemble du pays.<\/p>\n<p>Tout a commenc\u00e9 avec l&rsquo;exemple r\u00e9ussi de <a href=\"https:\/\/h17n.com\/fr\/zones\/bitcoin-beach\/\" target=\"_blank\" rel=\"noopener\">Bitcoin Beach<\/a> au Salvador. L&rsquo;introduction du bitcoin comme monnaie nationale dans ce pays et sa diffusion dans toutes les sph\u00e8res de la vie \u00e9conomique ont donn\u00e9 des r\u00e9sultats positifs. L&rsquo;\u00e9quipe de Lee Salminen, Richard Scotford et Prem Govinda a donc d\u00e9cid\u00e9 de suivre cet exemple exceptionnel et de cr\u00e9er une \u00e9conomie circulaire en bitcoins au Costa Rica.<\/p>\n<h2>Directions dans lesquelles Bitcoin Jungle fonctionne<\/h2>\n<h3>Tourisme<\/h3>\n<p>Contrairement \u00e0 Bitcoin Beach, dont le principal objectif \u00e9tait de distribuer des bitcoins aux locaux, Bitcoin Jungle mise sur le tourisme. Le Triangle d&rsquo;Or est un endroit extr\u00eamement attrayant pour les touristes, car ils sont d\u00e9j\u00e0 familiaris\u00e9s avec le bitcoin et peuvent avoir envie de l&rsquo;utiliser pendant leur voyage. Les h\u00f4tels, les restaurants et les centres de retraite offrent des r\u00e9ductions ou d&rsquo;autres incitations pour encourager les touristes \u00e0 payer avec des bitcoins. Cela aide donc \u00e0 construire l&rsquo;infrastructure d&rsquo;une \u00e9conomie circulaire en bitcoins au Costa Rica.<\/p>\n<p>Avant m\u00eame de visiter le Costa Rica, vous pouvez voir o\u00f9 il est possible de payer avec des bitcoins. Le projet a d\u00e9velopp\u00e9 une carte interactive sur laquelle sont indiqu\u00e9s les restaurants, bars, caf\u00e9s et diverses activit\u00e9s. Cette carte peut \u00eatre consult\u00e9e <a href=\"https:\/\/maps.bitcoinjungle.app\/\" rel=\"nofollow noopener\" target=\"_blank\">ici<\/a>. Elle est r\u00e9guli\u00e8rement mise \u00e0 jour avec de nouveaux endroits qui acceptent le bitcoin comme moyen de paiement dans la r\u00e9gion du Triangle d&rsquo;Or (Dominical, Uvita, Ojochal, Platanillo, Tinamaste).<\/p>\n<p><img decoding=\"async\" src=\"http:\/\/h17n.com\/fr\/wp-content\/uploads\/sites\/2\/2023\/05\/bitcoin-jungle-carte-jpg.webp\" alt=\"Carte bitcoin de Bitcoin Jungle\" \/><\/p>\n<h3>Services aux entreprises<\/h3>\n<p>Bitcoin Jungle aide les entreprises \u00e0 mettre en place le bitcoin comme syst\u00e8me de paiement. Pour rendre cela possible, la plateforme a d\u00e9velopp\u00e9 le portefeuille Bitcoin Jungle (pour Android et iOS), construit avec la plateforme de d\u00e9veloppement bitcoin open-source Galoy. Le portefeuille fonctionne sur le Lightning Network, \u00e9liminant ainsi toute tierce partie et rendant les transactions s\u00e9curis\u00e9es. Le propri\u00e9taire de l&rsquo;entreprise re\u00e7oit le paiement instantan\u00e9ment et gratuitement.<\/p>\n<p>Les entreprises peuvent recevoir des paiements instantan\u00e9s de leurs clients sur un compte de portefeuille bitcoin. Les magasins hors ligne et en ligne peuvent utiliser cette fonction car Shopify et WooCommerce sont int\u00e9gr\u00e9s au syst\u00e8me de point de vente. Parmi les autres fonctionnalit\u00e9s, le portefeuille propose une carte GPS qui indique les endroits o\u00f9 les bitcoins sont accept\u00e9s et une fonction de paiement NFC.<\/p>\n<h2>Comment encaisser l&rsquo;argent du portefeuille Bitcoin Jungle<\/h2>\n<p>Pour encaisser de l&rsquo;argent de tes portefeuilles bitcoin, vous pouvez utiliser les nouveaux distributeurs automatiques install\u00e9s \u00e0 l&rsquo;initiative de Bitcoin Jungle. Ces distributeurs automatiques facturent 1% \u00e0 tous ceux qui retirent de l&rsquo;argent. Ou vous pouvez l&rsquo;\u00e9changer en Colones par l&rsquo;interm\u00e9diaire de personnes avec lesquelles la communaut\u00e9 de la plateforme peut te mettre en relation.<\/p>\n<h2>Plus d&rsquo;informations<\/h2>\n<ul>\n<li>Bitcoin Jungle Wallet pour <a href=\"https:\/\/play.google.com\/store\/apps\/details?id=app.bitcoinjungle.mobile\" rel=\"nofollow noopener\" target=\"_blank\">Android<\/a><\/li>\n<li>Bitcoin Jungle Wallet pour <a href=\"https:\/\/apps.apple.com\/us\/app\/bitcoin-jungle\/id1600313979\" rel=\"nofollow noopener\" target=\"_blank\">iOS<\/a><\/li>\n<\/ul>\n","protected":false},"excerpt":{"rendered":"<p>Bitcoin Jungle est un projet communautaire \u00e0 source ouverte qui aide \u00e0 introduire l&rsquo;\u00e9cosyst\u00e8me bitcoin au Costa Rica. Il se concentre sur l&rsquo;adoption du bitcoin dans le tourisme et les affaires. Bitcoin Jungle aide \u00e9galement \u00e0 mettre en place le bitcoin comme syst\u00e8me de paiement dans la r\u00e9gion du Triangle d&rsquo;or, avec l&rsquo;intention de le mettre en oeuvre \u00e0 l&rsquo;ensemble du pays.<\/p>\n","protected":false},"featured_media":867,"comment_status":"open","ping_status":"closed","template":"","meta":[],"product_brand":[],"product_cat":[56],"product_tag":[],"class_list":{"0":"post-861","1":"product","2":"type-product","3":"status-publish","4":"has-post-thumbnail","6":"product_cat-zones","7":"","8":"woocommerce-text-align-center","9":"woocommerce-image-align-center","10":"do-quantity-buttons","12":"first","13":"instock","14":"shipping-taxable","15":"product-type-external"},"_links":{"self":[{"href":"https:\/\/h17n.com\/fr\/wp-json\/wp\/v2\/product\/861","targetHints":{"allow":["GET"]}}],"collection":[{"href":"https:\/\/h17n.com\/fr\/wp-json\/wp\/v2\/product"}],"about":[{"href":"https:\/\/h17n.com\/fr\/wp-json\/wp\/v2\/types\/product"}],"replies":[{"embeddable":true,"href":"https:\/\/h17n.com\/fr\/wp-json\/wp\/v2\/comments?post=861"}],"wp:featuredmedia":[{"embeddable":true,"href":"https:\/\/h17n.com\/fr\/wp-json\/wp\/v2\/media\/867"}],"wp:attachment":[{"href":"https:\/\/h17n.com\/fr\/wp-json\/wp\/v2\/media?parent=861"}],"wp:term":[{"taxonomy":"product_brand","embeddable":true,"href":"https:\/\/h17n.com\/fr\/wp-json\/wp\/v2\/product_brand?post=861"},{"taxonomy":"product_cat","embeddable":true,"href":"https:\/\/h17n.com\/fr\/wp-json\/wp\/v2\/product_cat?post=861"},{"taxonomy":"product_tag","embeddable":true,"href":"https:\/\/h17n.com\/fr\/wp-json\/wp\/v2\/product_tag?post=861"}],"curies":[{"name":"wp","href":"https:\/\/api.w.org\/{rel}","templated":true}]}}