{"id":855,"date":"2023-05-26T09:51:04","date_gmt":"2023-05-26T09:51:04","guid":{"rendered":"https:\/\/h17n.com\/fr\/?post_type=product&#038;p=855"},"modified":"2023-05-26T13:17:21","modified_gmt":"2023-05-26T13:17:21","slug":"bitcoin-beach","status":"publish","type":"product","link":"https:\/\/h17n.com\/fr\/zones\/bitcoin-beach\/","title":{"rendered":"Bitcoin Beach : l&rsquo;\u00e9conomie circulaire du bitcoin au Salvador"},"content":{"rendered":"<p><a href=\"https:\/\/www.bitcoinbeach.com\/\" rel=\"nofollow noopener\" target=\"_blank\">Bitcoin Beach<\/a> est un projet social ax\u00e9 sur la mise en \u0153uvre d&rsquo;une \u00e9conomie bitcoin enti\u00e8rement circulaire au Salvador. Le projet a \u00e9t\u00e9 lanc\u00e9 en 2019 par Michael Peterson, un entrepreneur et philanthrope.<\/p>\n<p>Le bitcoin a d&rsquo;abord \u00e9t\u00e9 inject\u00e9 \u00e0 El Zonte, une ville de 3000 habitants, puis \u00e0 Punta Mango, une communaut\u00e9 de plage situ\u00e9e \u00e0 3 heures d&rsquo;El Zonte. Beach Bitcoin vise \u00e0 accro\u00eetre l&rsquo;adoption du bitcoin \u00e0 l&rsquo;\u00e9chelle nationale. Il a \u00e9t\u00e9 le moteur de l&rsquo;adoption du bitcoin comme monnaie nationale au Salvador en 2021.<\/p>\n<p>\u00c0 El Zonte, vous pouvez utiliser le <a href=\"https:\/\/h17n.com\/fr\/reseau-lightning\/\" target=\"_blank\" rel=\"noopener\">r\u00e9seau Lightning<\/a>, un protocole de paiement de seconde couche qui maintient les frais \u00e0 un niveau bas et acc\u00e9l\u00e8re le traitement des paiements. Cela fait du bitcoin une option plus attrayante pour les paiements quotidiens.<\/p>\n<blockquote>\n<p>  \u00ab\u00a0\u00c0 l&rsquo;origine, cela n&rsquo;avait pas de sens pour les transactions de 25 cents, mais en avait pour 5 dollars. Mais lorsque les co\u00fbts de transaction ont de nouveau augment\u00e9, nous sommes pass\u00e9s au Lightning Network\u00a0\u00bb, explique Michael Peterson, fondateur de Bitcoin Beach.\n<\/p><\/blockquote>\n<h2>Pourquoi mettre en \u0153uvre un \u00e9cosyst\u00e8me \u00e9conomique bitcoin sur la c\u00f4te du Salvador ?<\/h2>\n<p>Au Salvador, la majorit\u00e9 des citoyens ne sont pas bancaris\u00e9s et les entreprises locales ne sont pas habilit\u00e9es \u00e0 accepter les cartes de cr\u00e9dit. C&rsquo;est pourquoi le projet utilise le bitcoin pour combler le foss\u00e9 entre les outils financiers existants et l&rsquo;\u00e9conomie locale.<\/p>\n<blockquote>\n<p>  D\u00e8s les premiers jours, Bitcoin a promis de nous permettre de bancariser les non-bancaris\u00e9s, et de rendre le pouvoir des gouvernements et des institutions financi\u00e8res \u00e0 l&rsquo;individu. Bitcoin Beach est un mouvement qui vise \u00e0 s&rsquo;assurer que le v\u00e9ritable potentiel du bitcoin est r\u00e9alis\u00e9 et que ceux qui ont \u00e9t\u00e9 exclus du syst\u00e8me bancaire en sont les premiers b\u00e9n\u00e9ficiaires.\n<\/p><\/blockquote>\n<p><strong>Les \u00e9tapes de Bitcoin Beach pour adopter le bitcoin :<\/strong><\/p>\n<ul>\n<li>interaction avec les entreprises et le gouvernement pour ajuster l&rsquo;infrastructure \u00e0 l&rsquo;\u00e9conomie bitcoin ;<\/li>\n<li>aide \u00e0 la mise en place des portefeuilles mobiles des locaux ;<\/li>\n<li>activit\u00e9s \u00e9ducatives, organisation de r\u00e9unions, de conf\u00e9rences ou de tout \u00e9v\u00e9nement, dont le but est de transmettre aux r\u00e9sidents locaux les avantages et les b\u00e9n\u00e9fices de l&rsquo;utilisation du bitcoin ;<\/li>\n<li>la cr\u00e9ation de communaut\u00e9s bas\u00e9es sur les principes de la bitcoinisation ;<\/li>\n<li>l&rsquo;utilisation extensive de la technologie blockchain dans toutes les sph\u00e8res de la vie des habitants de la zone Bitcoin Beach.<\/li>\n<\/ul>\n<h2>Plus d&rsquo;informations<\/h2>\n<ul>\n<li><a href=\"https:\/\/twitter.com\/Bitcoinbeach\" rel=\"nofollow noopener\" target=\"_blank\">Bitcoin Beach sur Twitter<\/a><\/li>\n<li><a href=\"https:\/\/www.youtube.com\/@LiveFromBitcoinBeach\/videos\" rel=\"nofollow noopener\" target=\"_blank\">Podcast Bitcoin Beach<\/a><\/li>\n<li>Suivez Bitcoin Beach sur <a href=\"https:\/\/www.facebook.com\/Bitcoinbeachsv\" rel=\"nofollow noopener\" target=\"_blank\">Facebook<\/a><\/li>\n<\/ul>\n","protected":false},"excerpt":{"rendered":"<p>Bitcoin Beach est un projet visant \u00e0 cr\u00e9er une \u00e9conomie circulaire bitcoin au Salvador. Cela implique le tourisme, les envois de fonds, les services publics et les petites entreprises. L&rsquo;initiative Bitcoin Beach a commenc\u00e9 dans la ville d&rsquo;El Zonte, avec l&rsquo;intention de se d\u00e9velopper le long de la c\u00f4te et puis \u00e0 l&rsquo;\u00e9chelle nationale.<\/p>\n","protected":false},"featured_media":859,"comment_status":"open","ping_status":"closed","template":"","meta":[],"product_brand":[],"product_cat":[56],"product_tag":[],"class_list":{"0":"post-855","1":"product","2":"type-product","3":"status-publish","4":"has-post-thumbnail","6":"product_cat-zones","7":"","8":"woocommerce-text-align-center","9":"woocommerce-image-align-center","10":"do-quantity-buttons","12":"first","13":"instock","14":"shipping-taxable","15":"product-type-external"},"_links":{"self":[{"href":"https:\/\/h17n.com\/fr\/wp-json\/wp\/v2\/product\/855","targetHints":{"allow":["GET"]}}],"collection":[{"href":"https:\/\/h17n.com\/fr\/wp-json\/wp\/v2\/product"}],"about":[{"href":"https:\/\/h17n.com\/fr\/wp-json\/wp\/v2\/types\/product"}],"replies":[{"embeddable":true,"href":"https:\/\/h17n.com\/fr\/wp-json\/wp\/v2\/comments?post=855"}],"wp:featuredmedia":[{"embeddable":true,"href":"https:\/\/h17n.com\/fr\/wp-json\/wp\/v2\/media\/859"}],"wp:attachment":[{"href":"https:\/\/h17n.com\/fr\/wp-json\/wp\/v2\/media?parent=855"}],"wp:term":[{"taxonomy":"product_brand","embeddable":true,"href":"https:\/\/h17n.com\/fr\/wp-json\/wp\/v2\/product_brand?post=855"},{"taxonomy":"product_cat","embeddable":true,"href":"https:\/\/h17n.com\/fr\/wp-json\/wp\/v2\/product_cat?post=855"},{"taxonomy":"product_tag","embeddable":true,"href":"https:\/\/h17n.com\/fr\/wp-json\/wp\/v2\/product_tag?post=855"}],"curies":[{"name":"wp","href":"https:\/\/api.w.org\/{rel}","templated":true}]}}