{"id":829,"date":"2023-05-25T14:01:08","date_gmt":"2023-05-25T14:01:08","guid":{"rendered":"https:\/\/h17n.com\/fr\/?post_type=product&#038;p=829"},"modified":"2023-05-25T14:02:32","modified_gmt":"2023-05-25T14:02:32","slug":"bctips","status":"publish","type":"product","link":"https:\/\/h17n.com\/fr\/utiliser-bitcoin\/bctips\/","title":{"rendered":"BCTips : des pourboires bitcoin imprimables"},"content":{"rendered":"<p><a href=\"https:\/\/www.bctip.org\/en\/\" rel=\"nofollow noopener\" target=\"_blank\">BCTips<\/a> est un site Web sur lequel vous pouvez g\u00e9n\u00e9rer et personnaliser des pourboires bitcoin imprimables. Vous pouvez personnaliser vos pourboires avec un message unique en choisissant parmi une vari\u00e9t\u00e9 de mod\u00e8les. Ces pourboires bitcoin imprimables sont un excellent moyen de faire conna\u00eetre le bitcoin et d&rsquo;exprimer sa gratitude aux autres. Les pourboires sont disponibles en n\u00e9erlandais, anglais, esp\u00e9ranto, finnois, fran\u00e7ais, allemand, h\u00e9breu, russe, polonais, portugais, espagnol, su\u00e9dois et turc.<\/p>\n<h2>Avantages de BCTips<\/h2>\n<p>BCTips offre les avantages suivants :<\/p>\n<ul>\n<li><strong>Faites-le vous-m\u00eame :<\/strong> Cr\u00e9ez votre propre bitcoin imprimable, payez la facture, t\u00e9l\u00e9chargez le PDF g\u00e9n\u00e9r\u00e9 et imprimez. <\/li>\n<li><strong>Promouvoir le bitcoin :<\/strong> BCTips offre un moyen unique de faire conna\u00eetre les avantages du bitcoin. En donnant ces pourboires, vous pouvez faire d\u00e9couvrir le monde du bitcoin \u00e0 d&rsquo;autres personnes et les encourager \u00e0 explorer ses avantages potentiels.<\/li>\n<li><strong>Aucun risque :<\/strong> Si les pourboires que vous distribuez ne sont pas r\u00e9clam\u00e9s dans le d\u00e9lai que vous avez sp\u00e9cifi\u00e9, les fonds inutilis\u00e9s sont automatiquement renvoy\u00e9s dans votre portefeuille. <\/li>\n<li><strong>Flexibilit\u00e9 :<\/strong> Les BCTips peuvent \u00eatre utilis\u00e9s dans divers sc\u00e9narios. Vous pouvez les inclure en plus d&rsquo;un pourboire en esp\u00e8ces traditionnel, ou vous pouvez simplement les offrir en cadeau \u00e0 vos amis et \u00e0 votre famille. <\/li>\n<li><strong>Localisation :<\/strong>BCTips prend en charge plusieurs langues. Quel que soit votre emplacement, vous pouvez cr\u00e9er et diffuser des pourboires dans la langue de votre choix, am\u00e9liorant ainsi leur impact et leur port\u00e9e.<\/li>\n<li><strong>Gratuit :<\/strong> l&rsquo;utilisation de BCTips est gratuite. Cependant, si vous appr\u00e9ciez le service et souhaitez soutenir le d\u00e9veloppement ult\u00e9rieur, vous avez la possibilit\u00e9 de faire un don.<\/li>\n<\/ul>\n<h2>Comment fonctionne BCTips<\/h2>\n<p>Pour utiliser BCTips, commencez par visiter le <a href=\"https:\/\/www.bctip.org\/en\/\" rel=\"nofollow noopener\" target=\"_blank\">site Web<\/a>. Commencez par fournir votre adresse de portefeuille bitcoin, o\u00f9 tous les fonds inutilis\u00e9s seront restitu\u00e9s apr\u00e8s expiration. Vous pouvez ensuite personnaliser les pourboires en sp\u00e9cifiant le montant souhait\u00e9 pour chaque pourboire, en choisissant parmi les devises prises en charge telles que USD, EUR et GBP. De plus, vous avez la possibilit\u00e9 d&rsquo;ajouter un don \u00e0 BCTips.<\/p>\n<p>Ensuite, s\u00e9lectionnez un design pour vos pourboires bitcoin parmi les mod\u00e8les disponibles. BCTips propose une gamme de mod\u00e8les adapt\u00e9s \u00e0 diverses occasions et styles. Vous pouvez \u00e9galement inclure un message personnalis\u00e9 ou des instructions sur les pourboires. Si vous fournissez votre adresse e-mail, vous recevrez des notifications d&rsquo;activation.<\/p>\n<p>Une fois que vous avez finalis\u00e9 la personnalisation, passez \u00e0 la caisse. Sur la page des d\u00e9tails du paiement, vous trouverez l&rsquo;adresse du portefeuille o\u00f9 vous devez envoyer les fonds. BCTips fournit des adresses d\u00e9sign\u00e9es ou des codes QR \u00e0 cet effet. Apr\u00e8s avoir effectu\u00e9 le paiement, BCTips g\u00e9n\u00e8re un PDF imprimable contenant les pourboires. Assurez-vous que les pourboires imprim\u00e9s sont clairs et lisibles, y compris les codes QR et autres d\u00e9tails.<\/p>\n<p>Enfin, distribuez les pourboires imprim\u00e9s aux destinataires pr\u00e9vus. Ils peuvent \u00e9changer les bitcoins en scannant les codes QR avec leur <a href=\"https:\/\/h17n.com\/fr\/portefeuilles-de-bureau\/\" target=\"_blank\" rel=\"noopener\">portefeuille bitcoin<\/a> ou en suivant les instructions fournies. Il est important de noter que les pourboires ont une dur\u00e9e d&rsquo;expiration, allant de 30 jours \u00e0 12 mois. Pour rester propri\u00e9taires des pourboires en bitcoins, les destinataires doivent les envoyer dans leur portefeuille personnel. S&rsquo;ils souhaitent vendre les bitcoins, ils peuvent le faire sur les \u00e9changes de bitcoins.<\/p>\n<p>BCTips travaille sur une version prenant en charge les <a href=\"https:\/\/h17n.com\/fr\/reseau-lightning\/\" target=\"_blank\" rel=\"noopener\">paiements Lightning<\/a> afin de minimiser les frais, mais cette version n&rsquo;a pas encore \u00e9t\u00e9 publi\u00e9e.<\/p>\n<div class=\"woocommerce \"><ul class=\"products columns-4\">\n<li class=\"woocommerce-text-align-center woocommerce-image-align-center do-quantity-buttons product type-product post-609 status-publish first instock product_cat-education product_cat-utiliser-bitcoin has-post-thumbnail shipping-taxable product-type-external\">\n\t<a href=\"https:\/\/h17n.com\/fr\/utiliser-bitcoin\/lightsats\/\" class=\"woocommerce-LoopProduct-link woocommerce-loop-product__link\"><img loading=\"lazy\" decoding=\"async\" width=\"300\" height=\"300\" src=\"https:\/\/h17n.com\/fr\/wp-content\/uploads\/sites\/2\/2023\/05\/lightsats-jpg-300x300.webp\" class=\"attachment-woocommerce_thumbnail size-woocommerce_thumbnail\" alt=\"Lightsats : envoyer des sats en cadeau\" srcset=\"https:\/\/h17n.com\/fr\/wp-content\/uploads\/sites\/2\/2023\/05\/lightsats-jpg-300x300.webp 300w, https:\/\/h17n.com\/fr\/wp-content\/uploads\/sites\/2\/2023\/05\/lightsats-jpg-150x150.webp 150w, https:\/\/h17n.com\/fr\/wp-content\/uploads\/sites\/2\/2023\/05\/lightsats-jpg-100x100.webp 100w\" sizes=\"auto, (max-width: 300px) 100vw, 300px\" \/><h2 class=\"woocommerce-loop-product__title\">Lightsats : envoyer des sats en cadeau<\/h2>\n            <div class=\"star-rating\" title=\"Pas encore not\u00e9\"><span style=\"width:0%\"><strong class=\"rating\">0<\/strong> sur 5<\/span><\/div>        <a href=\"https:\/\/h17n.com\/fr\/utiliser-bitcoin\/lightsats\/#reviews\" class=\"woocommerce-review-link\" rel=\"nofollow\">(0)<\/a>\n\n\n<\/a><a href=\"https:\/\/lightsats.com\" aria-describedby=\"woocommerce_loop_add_to_cart_link_describedby_609\" data-quantity=\"1\" class=\"button product_type_external\" data-product_id=\"609\" data-product_sku=\"\" aria-label=\"D\u00e9couvrir Lightsats\" rel=\"nofollow\">D\u00e9couvrir Lightsats<\/a>\t<span id=\"woocommerce_loop_add_to_cart_link_describedby_609\" class=\"screen-reader-text\">\n\t\t\t<\/span>\n<\/li>\n<\/ul>\n<\/div>\n<h2>Plus d&rsquo;informations<\/h2>\n<ul>\n<li><a href=\"https:\/\/www.bctip.org\/en\/\" rel=\"nofollow noopener\" target=\"_blank\">Site Web de BCTips<\/a><\/li>\n<\/ul>\n","protected":false},"excerpt":{"rendered":"<p>BCTips est un site Web o\u00f9 vous pouvez g\u00e9n\u00e9rer des pourboires bitcoin imprimables personnalis\u00e9es. Il est disponible dans diff\u00e9rentes langues pour promouvoir le bitcoin et exprimer sa gratitude aux autres.<\/p>\n","protected":false},"featured_media":833,"comment_status":"open","ping_status":"closed","template":"","meta":[],"product_brand":[],"product_cat":[55],"product_tag":[],"class_list":{"0":"post-829","1":"product","2":"type-product","3":"status-publish","4":"has-post-thumbnail","6":"product_cat-utiliser-bitcoin","7":"","8":"woocommerce-text-align-center","9":"woocommerce-image-align-center","10":"do-quantity-buttons","12":"first","13":"instock","14":"shipping-taxable","15":"product-type-external"},"_links":{"self":[{"href":"https:\/\/h17n.com\/fr\/wp-json\/wp\/v2\/product\/829","targetHints":{"allow":["GET"]}}],"collection":[{"href":"https:\/\/h17n.com\/fr\/wp-json\/wp\/v2\/product"}],"about":[{"href":"https:\/\/h17n.com\/fr\/wp-json\/wp\/v2\/types\/product"}],"replies":[{"embeddable":true,"href":"https:\/\/h17n.com\/fr\/wp-json\/wp\/v2\/comments?post=829"}],"wp:featuredmedia":[{"embeddable":true,"href":"https:\/\/h17n.com\/fr\/wp-json\/wp\/v2\/media\/833"}],"wp:attachment":[{"href":"https:\/\/h17n.com\/fr\/wp-json\/wp\/v2\/media?parent=829"}],"wp:term":[{"taxonomy":"product_brand","embeddable":true,"href":"https:\/\/h17n.com\/fr\/wp-json\/wp\/v2\/product_brand?post=829"},{"taxonomy":"product_cat","embeddable":true,"href":"https:\/\/h17n.com\/fr\/wp-json\/wp\/v2\/product_cat?post=829"},{"taxonomy":"product_tag","embeddable":true,"href":"https:\/\/h17n.com\/fr\/wp-json\/wp\/v2\/product_tag?post=829"}],"curies":[{"name":"wp","href":"https:\/\/api.w.org\/{rel}","templated":true}]}}