{"id":825,"date":"2023-05-25T10:30:32","date_gmt":"2023-05-25T10:30:32","guid":{"rendered":"https:\/\/h17n.com\/fr\/?post_type=product&#038;p=825"},"modified":"2024-12-14T14:34:27","modified_gmt":"2024-12-14T14:34:27","slug":"peach","status":"publish","type":"product","link":"https:\/\/h17n.com\/fr\/acheter-du-bitcoin\/peach\/","title":{"rendered":"Peach : un \u00e9change pair-\u00e0-pair"},"content":{"rendered":"<p><a href=\"https:\/\/peachbitcoin.com\/\" rel=\"nofollow noopener\" target=\"_blank\">Peach<\/a> est un \u00e9change sans KYC requis en Europe qui prend en charge plusieurs m\u00e9thodes de paiement, y compris les esp\u00e8ces. En tant qu&rsquo;\u00e9change de bitcoins peer-to-peer, vous achetez et vendez directement avec d&rsquo;autres pairs plut\u00f4t que via la plateforme. Il n&rsquo;est pas n\u00e9cessaire d&rsquo;avoir une photo d&rsquo;identit\u00e9 ou un permis de conduire pour acheter ou vendre des bitcoins sur l&rsquo;\u00e9change.<\/p>\n<p><a href=\"https:\/\/peachbitcoin.com\/referral?code=PR5053\" title=\"\" class=\"button\">Obtenez un bonus d&rsquo;inscription<\/a><\/p>\n<h2>Comment fonctionne l&rsquo;\u00e9change Peach ?<\/h2>\n<p>Vous devez installer l&rsquo;application (via l&rsquo;<a href=\"https:\/\/testflight.apple.com\/join\/wfSPFEWG\" rel=\"nofollow noopener\" target=\"_blank\">App Store<\/a>, le <a href=\"https:\/\/play.google.com\/store\/apps\/details?id=com.peachbitcoin.peach.mainnet\" rel=\"nofollow noopener\" target=\"_blank\">Play Store<\/a> ou le <a href=\"https:\/\/peachbitcoin.com\/apk\/\" rel=\"nofollow noopener\" target=\"_blank\">t\u00e9l\u00e9chargement de l&rsquo;APK<\/a>). Apr\u00e8s l&rsquo;installation, il vous sera demand\u00e9 si vous souhaitez partager certaines donn\u00e9es avec l&rsquo;\u00e9change. Vous serez ensuite accueilli avec une br\u00e8ve explication en trois \u00e9tapes du fonctionnement de Peach. Il vous sera alors demand\u00e9 si vous avez un code de parrainage. Ne vous inqui\u00e9tez pas si vous ne le faites pas.<\/p>\n<p>Un compte Peach n&rsquo;est pas la m\u00eame chose qu&rsquo;un compte ordinaire avec d&rsquo;autres services, comme une adresse e-mail et un mot de passe. Votre compte Peach est un fichier qui vit localement sur votre t\u00e9l\u00e9phone, donc Peach ne stocke pas vos donn\u00e9es ni ne sait qui vous \u00eates. Ce fichier contient toutes vos informations, des cl\u00e9s de votre portefeuille bitcoin \u00e0 vos informations de paiement. Vous devez sauvegarder ce fichier car la perte de votre t\u00e9l\u00e9phone vous fera perdre l&rsquo;acc\u00e8s \u00e0 votre compte Peach et aux fonds de votre portefeuille Peach. Apr\u00e8s avoir termin\u00e9 votre premier \u00e9change, il vous sera demand\u00e9 de cr\u00e9er une sauvegarde et un mot de passe.<\/p>\n<div class=\"warning box\">\n<p>Il n&rsquo;y a pas d&rsquo;autre moyen de d\u00e9verrouiller votre compte si vous oubliez votre mot de passe.<\/p>\n<\/div>\n<p>Placer votre premi\u00e8re offre d&rsquo;achat ou de vente peut se faire en quelques secondes. Vous aurez juste besoin de dire \u00e0 la plateforme combien vous voulez acheter\/vendre, et comment vous voulez payer votre vendeur ou comment vous voulez que votre acheteur vous paie. Avant que votre offre de vente ne soit publi\u00e9e, vous devez envoyer des bitcoins \u00e0 une adresse contr\u00f4l\u00e9e par vous et Peach (entiercement) pour s\u00e9curiser la transaction. Si le vendeur\/acheteur vous correspond, vous en serez inform\u00e9 et vous verrez ses d\u00e9tails de paiement. Peach a un algorithme de classement qui note les utilisateurs pour diverses actions, afin de prot\u00e9ger les utilisateurs.<\/p>\n<div class=\"action box\">\n<p>Limite d&rsquo;\u00e9change : une personne ne peut acheter que 1000CHF (ou l&rsquo;\u00e9quivalent) de bitcoins par jour, sans fournir son identification au vendeur.<\/p>\n<\/div>\n<p><a href=\"https:\/\/peachbitcoin.com\/referral?code=PR5053\" title=\"\" class=\"button\">Obtenez un bonus d&rsquo;inscription<\/a><\/p>\n<h2>Devises et modes de paiement pris en charge<\/h2>\n<blockquote>\n<p> Nous travaillons en partenariat avec des meetups partout dans le monde pour faciliter des endroits s\u00fbrs et s\u00e9curis\u00e9s pour \u00e9changer Bitcoin avec de l&rsquo;argent. Si vous \u00eates un organisateur de meetup et que vous souhaitez organiser votre meetup dans Peach, contactez-nous et nous vous recontacterons pour proc\u00e9der \u00e0 l&rsquo;int\u00e9gration\u00a0! Si votre meetup est \u00e9ligible pour \u00eatre int\u00e9gr\u00e9 \u00e0 notre application, nous vous recontacterons pour vous demander les derniers d\u00e9tails.<\/p>\n<\/blockquote>\n<p>\u00c0 l&rsquo;heure actuelle, les devises prises en charge sur l&rsquo;\u00e9change Peach sont EUR, GBP, CHF, SEK, DKK, NOK et PLN. Les portefeuilles en ligne pris en charge sont Advcash, Wise, Revolut et PayPal. Outre SEPA, les options nationales suivantes sont prises en charge : Vipps (Norv\u00e8ge), MobilePay (Danemark), Satispay (Italie), MBWay (Portugal), Bizum (Espagne), Blik (Pologne), Twint (Suisse) et Swish ( Su\u00e8de). En tant qu&rsquo;\u00e9change entre pairs, vous pouvez \u00e9galement payer en esp\u00e8ces. De plus, l&rsquo;\u00e9change p2p prend en charge les cartes-cadeaux Amazon pour l&rsquo;achat de bitcoins.<\/p>\n<div class=\"alert box\">\n<p>Vous pouvez choisir autant de m\u00e9thodes de paiement que vous le souhaitez pour augmenter vos chances de trouver une correspondance\u00a0!<\/p>\n<\/div>\n<h2>Frais de Peach<\/h2>\n<p>Peach pr\u00e9l\u00e8ve 2 % du volume de la transaction en frais pour l&rsquo;acheteur. Vous pouvez toujours consulter la structure compl\u00e8te des frais \u00e0 la fin de votre transaction.<\/p>\n<div class=\"action box\">\n<p>R\u00e9f\u00e9rence Peach : utilisez le code <code>PR5053<\/code> pour obtenir un premier trade gratuit. Apr\u00e8s votre inscription, vous pourrez \u00e9galement commencer \u00e0 utiliser votre code personnel pour inviter vos amis.<\/p>\n<\/div>\n<h2>Pays et Langues Pris en Charge par Peach Bitcoin<\/h2>\n<p>Peach Bitcoin est disponible en Europe, en Am\u00e9rique Latine et en Afrique. Parmi les pays europ\u00e9ens o\u00f9 Peach Bitcoin est accessible, on trouve le Royaume-Uni, la Suisse, la Su\u00e8de, le Danemark, la Norv\u00e8ge, la Bulgarie, l&rsquo;Islande, la Roumanie, la Turquie, l&rsquo;Allemagne, les Pays-Bas, la Pologne, la R\u00e9publique tch\u00e8que, la Hongrie et la Gr\u00e8ce. En Am\u00e9rique Latine, Peach Bitcoin est disponible en Argentine, Colombie, P\u00e9rou, Mexique, Chili, Costa Rica et Br\u00e9sil, tandis qu&rsquo;en Afrique, il est accessible au Nig\u00e9ria, au Ghana, au Kenya, en Afrique du Sud, ainsi que dans d&rsquo;autres pays africains. La plateforme est disponible en anglais, espagnol, fran\u00e7ais, allemand, italien, grec, swahili, ukrainien et portugais.<\/p>\n<h2>Peach Bitcoin Est-il S\u00fbr et L\u00e9gitime ?<\/h2>\n<p>Peach Bitcoin accorde une grande priorit\u00e9 \u00e0 la confidentialit\u00e9 et \u00e0 la s\u00e9curit\u00e9 des utilisateurs. Avec une politique sans KYC (Know Your Customer), vos transactions restent priv\u00e9es. Vos donn\u00e9es sont stock\u00e9es localement sur votre t\u00e9l\u00e9phone et sont enti\u00e8rement chiffr\u00e9es de bout en bout chaque fois que vous effectuez une transaction. De plus, aucune donn\u00e9e personnelle n&rsquo;est requise lors de l&rsquo;inscription \u00e0 Peach Bitcoin. Le portefeuille Peach Bitcoin est non-custodial, ce qui signifie que vous contr\u00f4lez directement les cl\u00e9s priv\u00e9es, renfor\u00e7ant ainsi la s\u00e9curit\u00e9. Vous pouvez \u00e9galement envoyer des fonds depuis l&rsquo;application Peach vers votre portefeuille externe, y compris des <a href=\"https:\/\/h17n.com\/hardware-wallet\/\">portefeuilles hardware<\/a>.<\/p>\n<p>Peach dispose \u00e9galement d&rsquo;un syst\u00e8me d&rsquo;entiercement qui renforce la confiance et la s\u00e9curit\u00e9 des transactions. Enfin, Peach est membre de Polyreg, une organisation d&rsquo;autor\u00e9gulation (SRO), et d\u00e9tient une licence de fournisseur de services financiers suisse, pleinement conforme \u00e0 la loi suisse sur le blanchiment d&rsquo;argent, affirmant ainsi sa l\u00e9gitimit\u00e9 et son engagement envers les normes r\u00e9glementaires.<\/p>\n<h2>Peach Bitcoin Est-il Adapt\u00e9 \u00e0 Vous ?<\/h2>\n<div class=\"alert box\">\n<h3>Limitations de Peach Bitcoin d&rsquo;un utilisateur sur la plateforme depuis 2022<\/h3>\n<ul>\n<li><strong>Nombre limit\u00e9 d&rsquo;offres :<\/strong> La plateforme propose actuellement une s\u00e9lection restreinte d&rsquo;offres, certaines offres de vente ayant des primes \u00e9lev\u00e9es.<\/li>\n<li><strong>Options de filtrage limit\u00e9es :<\/strong> La fonctionnalit\u00e9 de filtrage se limite au montant en fiat et aux options de paiement, sans options telles que le score ou la prime.<\/li>\n<li><strong>Chat uniquement textuel :<\/strong> Il serait utile de pouvoir partager des captures d&rsquo;\u00e9cran\/PDF dans le chat, en particulier pour partager les d\u00e9tails de confirmation de paiement.<\/li>\n<li><strong>Absence d&rsquo;une option de second niveau :<\/strong> La plateforme ne propose actuellement pas de solution de second niveau comme <a href=\"https:\/\/h17n.com\/lightning-network\/\">le Lightning Network<\/a>.<\/li>\n<\/ul>\n<\/div>\n<p>Peach Bitcoin pourrait \u00eatre un bon choix si vous recherchez un haut niveau de confidentialit\u00e9. Il s&rsquo;agit d&rsquo;un \u00e9change sans KYC, ce qui signifie que vous n&rsquo;avez pas besoin de fournir une pi\u00e8ce d&rsquo;identit\u00e9 pour l&rsquo;utiliser. De plus, son portefeuille int\u00e9gr\u00e9 est un portefeuille non-custodial, ce qui vous permet de d\u00e9tenir directement les cl\u00e9s priv\u00e9es de votre Bitcoin, et non l&rsquo;application Peach. Cela est id\u00e9al si vous privil\u00e9giez <a href=\"https:\/\/h17n.com\/fr\/auto-garde\/\">l&rsquo;auto-garde<\/a>. Son application est disponible dans plusieurs langues parl\u00e9es en Afrique, en Europe et en Am\u00e9rique Latine, et prend en charge une vari\u00e9t\u00e9 de m\u00e9thodes de paiement populaires. Elle est \u00e9galement int\u00e9gr\u00e9e au <a href=\"https:\/\/h17n.com\/liquid-network\/\">Liquid Network<\/a>, ce qui peut offrir des temps de r\u00e8glement plus rapides pour les transactions en L-USDT.<\/p>\n<p>Cependant, il y a certains inconv\u00e9nients \u00e0 prendre en compte. Tout d&rsquo;abord, l&rsquo;achat de Bitcoin sur Peach entra\u00eene des frais de 2 %, ce qui est plus \u00e9lev\u00e9 que sur de nombreux autres \u00e9changes. Deuxi\u00e8mement, Peach est actuellement limit\u00e9 \u00e0 l&rsquo;utilisation mobile &#8211; il n&rsquo;y a pas de version web disponible. Si vous pr\u00e9f\u00e9rez le trading sur bureau, cela pourrait \u00eatre un frein. Les utilisateurs soucieux de la s\u00e9curit\u00e9 doivent \u00e9galement savoir que Peach ne prend pas en charge Tor pour les transactions anonymis\u00e9es. Bien que l&rsquo;application Peach ne prenne pas encore en charge le <a href=\"https:\/\/h17n.com\/lightning-network\/\">Lightning Network<\/a>, ils nous ont r\u00e9cemment inform\u00e9s par e-mail que l&rsquo;int\u00e9gration est pr\u00e9vue pour cette ann\u00e9e.<\/p>\n<p>Alors, Peach Bitcoin est-il fait pour vous ? Si vous privil\u00e9giez la confidentialit\u00e9, le contr\u00f4le de vos Bitcoin et \u00eates \u00e0 l&rsquo;aise avec une plateforme mobile uniquement, cela pourrait \u00eatre une bonne option. Cependant, soyez attentif aux frais d&rsquo;achat. Si vous recherchez les frais les plus bas ou pr\u00e9f\u00e9rez le trading sur bureau, vous voudrez peut-\u00eatre explorer d&rsquo;autres <a href=\"https:\/\/h17n.com\/fr\/acheter-du-bitcoin\/\">\u00e9changes Bitcoin<\/a>.<\/p>\n<p><a href=\"https:\/\/peachbitcoin.com\/referral?code=PR5053\" title=\"\" class=\"button\">Obtenez un bonus d&rsquo;inscription<\/a><\/p>\n<h2>Alternatives \u00e0 Peach<\/h2>\n<div class=\"woocommerce columns-3 \"><ul class=\"products columns-3\">\n<li class=\"woocommerce-text-align-center woocommerce-image-align-center do-quantity-buttons product type-product post-689 status-publish first instock product_cat-acheter-du-bitcoin has-post-thumbnail shipping-taxable product-type-external\">\n\t<a href=\"https:\/\/h17n.com\/fr\/acheter-du-bitcoin\/agoradesk\/\" class=\"woocommerce-LoopProduct-link woocommerce-loop-product__link\"><img loading=\"lazy\" decoding=\"async\" width=\"300\" height=\"300\" src=\"https:\/\/h17n.com\/fr\/wp-content\/uploads\/sites\/2\/2023\/05\/agora-300x300.webp\" class=\"attachment-woocommerce_thumbnail size-woocommerce_thumbnail\" alt=\"AgoraDesk : un \u00e9change de bitcoins sans KYC\" srcset=\"https:\/\/h17n.com\/fr\/wp-content\/uploads\/sites\/2\/2023\/05\/agora-300x300.webp 300w, https:\/\/h17n.com\/fr\/wp-content\/uploads\/sites\/2\/2023\/05\/agora-150x150.webp 150w, https:\/\/h17n.com\/fr\/wp-content\/uploads\/sites\/2\/2023\/05\/agora-100x100.webp 100w\" sizes=\"auto, (max-width: 300px) 100vw, 300px\" \/><h2 class=\"woocommerce-loop-product__title\">AgoraDesk : un \u00e9change de bitcoins sans KYC<\/h2>\n            <div class=\"star-rating\" title=\"Pas encore not\u00e9\"><span style=\"width:0%\"><strong class=\"rating\">0<\/strong> sur 5<\/span><\/div>        <a href=\"https:\/\/h17n.com\/fr\/acheter-du-bitcoin\/agoradesk\/#reviews\" class=\"woocommerce-review-link\" rel=\"nofollow\">(0)<\/a>\n\n\n<\/a><a href=\"https:\/\/agoradesk.com\/\" aria-describedby=\"woocommerce_loop_add_to_cart_link_describedby_689\" data-quantity=\"1\" class=\"button product_type_external\" data-product_id=\"689\" data-product_sku=\"\" aria-label=\"D\u00e9couvrir AgoraDesk\" rel=\"nofollow\">D\u00e9couvrir AgoraDesk<\/a>\t<span id=\"woocommerce_loop_add_to_cart_link_describedby_689\" class=\"screen-reader-text\">\n\t\t\t<\/span>\n<\/li>\n<li class=\"woocommerce-text-align-center woocommerce-image-align-center do-quantity-buttons product type-product post-178 status-publish instock product_cat-acheter-du-bitcoin product_cat-onfidentialite has-post-thumbnail shipping-taxable product-type-external\">\n\t<a href=\"https:\/\/h17n.com\/fr\/acheter-du-bitcoin\/bisq\/\" class=\"woocommerce-LoopProduct-link woocommerce-loop-product__link\"><img loading=\"lazy\" decoding=\"async\" width=\"300\" height=\"300\" src=\"https:\/\/h17n.com\/fr\/wp-content\/uploads\/sites\/2\/2023\/02\/bisq-300x300.jpg\" class=\"attachment-woocommerce_thumbnail size-woocommerce_thumbnail\" alt=\"Bisq : un \u00e9change de bitcoins pair-\u00e0-pair\" srcset=\"https:\/\/h17n.com\/fr\/wp-content\/uploads\/sites\/2\/2023\/02\/bisq-300x300.jpg 300w, https:\/\/h17n.com\/fr\/wp-content\/uploads\/sites\/2\/2023\/02\/bisq-150x150.jpg 150w, https:\/\/h17n.com\/fr\/wp-content\/uploads\/sites\/2\/2023\/02\/bisq-100x100.jpg 100w\" sizes=\"auto, (max-width: 300px) 100vw, 300px\" \/><h2 class=\"woocommerce-loop-product__title\">Bisq : un \u00e9change de bitcoins pair-\u00e0-pair<\/h2>\n            <div class=\"star-rating\" title=\"Pas encore not\u00e9\"><span style=\"width:0%\"><strong class=\"rating\">0<\/strong> sur 5<\/span><\/div>        <a href=\"https:\/\/h17n.com\/fr\/acheter-du-bitcoin\/bisq\/#reviews\" class=\"woocommerce-review-link\" rel=\"nofollow\">(0)<\/a>\n\n\n<\/a><a href=\"https:\/\/bisq.network\/\" aria-describedby=\"woocommerce_loop_add_to_cart_link_describedby_178\" data-quantity=\"1\" class=\"button product_type_external\" data-product_id=\"178\" data-product_sku=\"\" aria-label=\"D\u00e9couvrir Bisq\" rel=\"nofollow\">D\u00e9couvrir Bisq<\/a>\t<span id=\"woocommerce_loop_add_to_cart_link_describedby_178\" class=\"screen-reader-text\">\n\t\t\t<\/span>\n<\/li>\n<li class=\"woocommerce-text-align-center woocommerce-image-align-center do-quantity-buttons product type-product post-191 status-publish last instock product_cat-acheter-du-bitcoin has-post-thumbnail shipping-taxable product-type-external\">\n\t<a href=\"https:\/\/h17n.com\/fr\/acheter-du-bitcoin\/hodl-hodl\/\" class=\"woocommerce-LoopProduct-link woocommerce-loop-product__link\"><img loading=\"lazy\" decoding=\"async\" width=\"300\" height=\"300\" src=\"https:\/\/h17n.com\/fr\/wp-content\/uploads\/sites\/2\/2023\/02\/hodl-hodl-300x300.jpg\" class=\"attachment-woocommerce_thumbnail size-woocommerce_thumbnail\" alt=\"Hodl Hodl : une plateforme de trading de bitcoins\" srcset=\"https:\/\/h17n.com\/fr\/wp-content\/uploads\/sites\/2\/2023\/02\/hodl-hodl-300x300.jpg 300w, https:\/\/h17n.com\/fr\/wp-content\/uploads\/sites\/2\/2023\/02\/hodl-hodl-1024x1024.jpg 1024w, https:\/\/h17n.com\/fr\/wp-content\/uploads\/sites\/2\/2023\/02\/hodl-hodl-150x150.jpg 150w, https:\/\/h17n.com\/fr\/wp-content\/uploads\/sites\/2\/2023\/02\/hodl-hodl-768x768.jpg 768w, https:\/\/h17n.com\/fr\/wp-content\/uploads\/sites\/2\/2023\/02\/hodl-hodl-120x120.jpg 120w, https:\/\/h17n.com\/fr\/wp-content\/uploads\/sites\/2\/2023\/02\/hodl-hodl-600x600.jpg 600w, https:\/\/h17n.com\/fr\/wp-content\/uploads\/sites\/2\/2023\/02\/hodl-hodl-100x100.jpg 100w, https:\/\/h17n.com\/fr\/wp-content\/uploads\/sites\/2\/2023\/02\/hodl-hodl.jpg 1280w\" sizes=\"auto, (max-width: 300px) 100vw, 300px\" \/><h2 class=\"woocommerce-loop-product__title\">Hodl Hodl : une plateforme de trading de bitcoins<\/h2>\n            <div class=\"star-rating\" title=\"Pas encore not\u00e9\"><span style=\"width:0%\"><strong class=\"rating\">0<\/strong> sur 5<\/span><\/div>        <a href=\"https:\/\/h17n.com\/fr\/acheter-du-bitcoin\/hodl-hodl\/#reviews\" class=\"woocommerce-review-link\" rel=\"nofollow\">(0)<\/a>\n\n\n<\/a><a href=\"https:\/\/hodlhodl.com\/\" aria-describedby=\"woocommerce_loop_add_to_cart_link_describedby_191\" data-quantity=\"1\" class=\"button product_type_external\" data-product_id=\"191\" data-product_sku=\"\" aria-label=\"D\u00e9couvrir Hodl Hodl\" rel=\"nofollow\">D\u00e9couvrir Hodl Hodl<\/a>\t<span id=\"woocommerce_loop_add_to_cart_link_describedby_191\" class=\"screen-reader-text\">\n\t\t\t<\/span>\n<\/li>\n<li class=\"woocommerce-text-align-center woocommerce-image-align-center do-quantity-buttons product type-product post-246 status-publish first instock product_cat-acheter-du-bitcoin product_tag-avance has-post-thumbnail shipping-taxable product-type-external\">\n\t<a href=\"https:\/\/h17n.com\/fr\/acheter-du-bitcoin\/robosats\/\" class=\"woocommerce-LoopProduct-link woocommerce-loop-product__link\"><img loading=\"lazy\" decoding=\"async\" width=\"300\" height=\"300\" src=\"https:\/\/h17n.com\/fr\/wp-content\/uploads\/sites\/2\/2023\/02\/robosats-300x300.jpg\" class=\"attachment-woocommerce_thumbnail size-woocommerce_thumbnail\" alt=\"Robosats : un \u00e9change de bitcoins P2P sans KYC\" srcset=\"https:\/\/h17n.com\/fr\/wp-content\/uploads\/sites\/2\/2023\/02\/robosats-300x300.jpg 300w, https:\/\/h17n.com\/fr\/wp-content\/uploads\/sites\/2\/2023\/02\/robosats-150x150.jpg 150w, https:\/\/h17n.com\/fr\/wp-content\/uploads\/sites\/2\/2023\/02\/robosats-100x100.jpg 100w\" sizes=\"auto, (max-width: 300px) 100vw, 300px\" \/><h2 class=\"woocommerce-loop-product__title\">Robosats : un \u00e9change de bitcoins P2P sans KYC<\/h2>\n            <div class=\"star-rating\" title=\"Pas encore not\u00e9\"><span style=\"width:0%\"><strong class=\"rating\">0<\/strong> sur 5<\/span><\/div>        <a href=\"https:\/\/h17n.com\/fr\/acheter-du-bitcoin\/robosats\/#reviews\" class=\"woocommerce-review-link\" rel=\"nofollow\">(0)<\/a>\n\n\n<\/a><a href=\"https:\/\/learn.robosats.com\/\" aria-describedby=\"woocommerce_loop_add_to_cart_link_describedby_246\" data-quantity=\"1\" class=\"button product_type_external\" data-product_id=\"246\" data-product_sku=\"\" aria-label=\"D\u00e9couvrir Robosats\" rel=\"nofollow\">D\u00e9couvrir Robosats<\/a>\t<span id=\"woocommerce_loop_add_to_cart_link_describedby_246\" class=\"screen-reader-text\">\n\t\t\t<\/span>\n<\/li>\n<\/ul>\n<\/div>\n<h2>Plus d&rsquo;informations sur l&rsquo;\u00e9change Peach<\/h2>\n<ul>\n<li><a href=\"https:\/\/peachbitcoin.com\/\" rel=\"nofollow noopener\" target=\"_blank\">Site Web de<\/a> Peach<\/li>\n<li>Peach sur <a target=\"_blank\" rel=\"noopener\">Twitter<\/a><\/li>\n<li>Peach sur <a href=\"https:\/\/t.me\/+GkOW1J-ixBBkZWRk\" rel=\"nofollow noopener\" target=\"_blank\">Telegram<\/a><\/li>\n<\/ul>\n","protected":false},"excerpt":{"rendered":"<p>Peach est un \u00e9change pair-\u00e0-pair bas\u00e9 en Europe qui ne n\u00e9cessite pas de v\u00e9rification KYC et accepte divers modes de paiement, y compris les esp\u00e8ces.<\/p>\n","protected":false},"featured_media":897,"comment_status":"open","ping_status":"closed","template":"","meta":[],"product_brand":[],"product_cat":[40],"product_tag":[],"class_list":{"0":"post-825","1":"product","2":"type-product","3":"status-publish","4":"has-post-thumbnail","6":"product_cat-acheter-du-bitcoin","7":"","8":"woocommerce-text-align-center","9":"woocommerce-image-align-center","10":"do-quantity-buttons","12":"first","13":"instock","14":"shipping-taxable","15":"product-type-external"},"_links":{"self":[{"href":"https:\/\/h17n.com\/fr\/wp-json\/wp\/v2\/product\/825","targetHints":{"allow":["GET"]}}],"collection":[{"href":"https:\/\/h17n.com\/fr\/wp-json\/wp\/v2\/product"}],"about":[{"href":"https:\/\/h17n.com\/fr\/wp-json\/wp\/v2\/types\/product"}],"replies":[{"embeddable":true,"href":"https:\/\/h17n.com\/fr\/wp-json\/wp\/v2\/comments?post=825"}],"wp:featuredmedia":[{"embeddable":true,"href":"https:\/\/h17n.com\/fr\/wp-json\/wp\/v2\/media\/897"}],"wp:attachment":[{"href":"https:\/\/h17n.com\/fr\/wp-json\/wp\/v2\/media?parent=825"}],"wp:term":[{"taxonomy":"product_brand","embeddable":true,"href":"https:\/\/h17n.com\/fr\/wp-json\/wp\/v2\/product_brand?post=825"},{"taxonomy":"product_cat","embeddable":true,"href":"https:\/\/h17n.com\/fr\/wp-json\/wp\/v2\/product_cat?post=825"},{"taxonomy":"product_tag","embeddable":true,"href":"https:\/\/h17n.com\/fr\/wp-json\/wp\/v2\/product_tag?post=825"}],"curies":[{"name":"wp","href":"https:\/\/api.w.org\/{rel}","templated":true}]}}