{"id":755,"date":"2023-05-24T16:26:03","date_gmt":"2023-05-24T16:26:03","guid":{"rendered":"https:\/\/h17n.com\/fr\/?post_type=product&#038;p=755"},"modified":"2023-05-24T17:44:26","modified_gmt":"2023-05-24T17:44:26","slug":"fold","status":"publish","type":"product","link":"https:\/\/h17n.com\/fr\/gagner\/fold\/","title":{"rendered":"Fold : gagner des r\u00e9compenses en bitcoin pour faire du shopping chez les d\u00e9taillants am\u00e9ricains"},"content":{"rendered":"<p>Fold est une application mobile qui vous permet de gagner des r\u00e9compenses en bitcoins pour vos achats chez les principaux d\u00e9taillants am\u00e9ricains tels qu&rsquo;Amazon, Starbucks, Best Buy, Whole Foods, Target, Dunkin&rsquo; Donuts et Chipotle. Vous pouvez \u00e9galement acheter des bitcoins sur Fold. Il est disponible pour les appareils <a href=\"https:\/\/play.google.com\/store\/apps\/details?id=com.fold\" rel=\"nofollow noopener\" target=\"_blank\">Android<\/a> et <a href=\"https:\/\/apps.apple.com\/us\/app\/fold-bitcoin-cashback-rewards\/id1480424785\" rel=\"nofollow noopener\" target=\"_blank\">iOS<\/a>.<\/p>\n<p>Pour utiliser l&rsquo;application, vous devez d&rsquo;abord cr\u00e9er un compte et lier votre carte de cr\u00e9dit ou de d\u00e9bit. Vous pouvez ensuite parcourir une liste de d\u00e9taillants participants, y compris les petites entreprises locales, et effectuer des achats \u00e0 l&rsquo;aide de votre carte li\u00e9e pour gagner des r\u00e9compenses sous forme de bitcoin. Les r\u00e9compenses peuvent \u00eatre \u00e9chang\u00e9es via l&rsquo;application ou transf\u00e9r\u00e9es vers un portefeuille Bitcoin personnel. Fold ne vous facture aucun frais pour retirer vos bitcoins de Fold vers votre portefeuille Bitcoin personnel.<\/p>\n<p>En plus de gagner des r\u00e9compenses pour leurs achats, les utilisateurs peuvent \u00e9galement gagner des bitcoins en r\u00e9f\u00e9rant des amis \u00e0 l&rsquo;application et en accomplissant certaines t\u00e2ches ou d\u00e9fis au sein de l&rsquo;application.<\/p>\n<p>Fold propose des plans suivants: Basic et Spin gratuits, ainsi que Spin+ pour 10 USD par mois. Les frais de transaction internationale ou de change ne sont jamais appliqu\u00e9s aux clients Spin+.<\/p>\n<p>Fold a re\u00e7u des avis positifs pour son interface conviviale et la possibilit\u00e9 de gagner des bitcoins gr\u00e2ce \u00e0 des achats quotidiens. L&rsquo;objectif de Fold est de permettre aux gens de gagner facilement du bitcoin et de l&rsquo;utiliser dans leur vie quotidienne.<\/p>\n","protected":false},"excerpt":{"rendered":"<p>Fold est une application de shopping mobile qui vous permet de gagner des bitcoins sur vos achats chez les principaux d\u00e9taillants tels qu&rsquo;Amazon, Starbucks, Whole Foods, Uber, Best Buy, Target, Dunkin&rsquo; Donuts et Chipotle.<\/p>\n","protected":false},"featured_media":819,"comment_status":"open","ping_status":"closed","template":"","meta":[],"product_brand":[],"product_cat":[44],"product_tag":[],"class_list":{"0":"post-755","1":"product","2":"type-product","3":"status-publish","4":"has-post-thumbnail","6":"product_cat-gagner","7":"","8":"woocommerce-text-align-center","9":"woocommerce-image-align-center","10":"do-quantity-buttons","12":"first","13":"instock","14":"shipping-taxable","15":"product-type-external"},"_links":{"self":[{"href":"https:\/\/h17n.com\/fr\/wp-json\/wp\/v2\/product\/755","targetHints":{"allow":["GET"]}}],"collection":[{"href":"https:\/\/h17n.com\/fr\/wp-json\/wp\/v2\/product"}],"about":[{"href":"https:\/\/h17n.com\/fr\/wp-json\/wp\/v2\/types\/product"}],"replies":[{"embeddable":true,"href":"https:\/\/h17n.com\/fr\/wp-json\/wp\/v2\/comments?post=755"}],"wp:featuredmedia":[{"embeddable":true,"href":"https:\/\/h17n.com\/fr\/wp-json\/wp\/v2\/media\/819"}],"wp:attachment":[{"href":"https:\/\/h17n.com\/fr\/wp-json\/wp\/v2\/media?parent=755"}],"wp:term":[{"taxonomy":"product_brand","embeddable":true,"href":"https:\/\/h17n.com\/fr\/wp-json\/wp\/v2\/product_brand?post=755"},{"taxonomy":"product_cat","embeddable":true,"href":"https:\/\/h17n.com\/fr\/wp-json\/wp\/v2\/product_cat?post=755"},{"taxonomy":"product_tag","embeddable":true,"href":"https:\/\/h17n.com\/fr\/wp-json\/wp\/v2\/product_tag?post=755"}],"curies":[{"name":"wp","href":"https:\/\/api.w.org\/{rel}","templated":true}]}}