{"id":754,"date":"2023-05-24T18:50:38","date_gmt":"2023-05-24T18:50:38","guid":{"rendered":"https:\/\/h17n.com\/fr\/?post_type=product&#038;p=754"},"modified":"2023-05-24T18:53:02","modified_gmt":"2023-05-24T18:53:02","slug":"tweetoshi","status":"publish","type":"product","link":"https:\/\/h17n.com\/fr\/gagner\/tweetoshi\/","title":{"rendered":"Tweetoshi : gagner des bitcoins en utilisant Twitter"},"content":{"rendered":"<p><a href=\"https:\/\/tweetoshi.com\/\" rel=\"nofollow noopener\" target=\"_blank\">Tweetoshi<\/a> est une startup bas\u00e9e en R\u00e9publique tch\u00e8que qui r\u00e9mun\u00e8re les utilisateurs avec des bitcoins pour l&rsquo;utilisation de Twitter et qui permet aux utilisateurs de s&rsquo;envoyer des bitcoins entre eux sur le Lightning Network. En tant que client Twitter, Tweetoshi affiche tout ce qui se trouve sur Twitter. Il est disponible pour <a href=\"https:\/\/play.google.com\/store\/apps\/details?id=com.tweetoshi.client\" rel=\"nofollow noopener\" target=\"_blank\">Android<\/a> et <a href=\"https:\/\/apps.apple.com\/app\/id1591099078?platform=iphone\" rel=\"nofollow noopener\" target=\"_blank\">iOS<\/a>.<\/p>\n<blockquote><p>Quiconque utilise Twitter peut d\u00e9sormais se lancer et gagner du bitcoin \u00ab\u00a0pour avoir fait ce qu&rsquo;il fait tous les jours de toute fa\u00e7on\u00a0\u00bb. De plus, \u00e0 mesure que le prix du Bitcoin augmente, la valeur des r\u00e9compenses peut \u00e9galement augmenter. Tout cela n&rsquo;est possible que gr\u00e2ce \u00e0 la deuxi\u00e8me couche ultra-rapide et peu co\u00fbteuse de Bitcoin, le r\u00e9seau Lightning.<\/p><\/blockquote>\n<h2>Comment fonctionne Tweetoshi<\/h2>\n<p>Vous n&rsquo;avez pas besoin de nouveau compte. Vous vous connectez simplement \u00e0 Tweetoshi avec votre compte Twitter existant. Lorsque vous vous connectez \u00e0 Tweetoshi, vous obtenez un portefeuille int\u00e9gr\u00e9 Bitcoin Lightning Network (LN) qui est li\u00e9 \u00e0 votre compte Twitter. Vous pouvez d\u00e9poser et retirer des fonds \u00e0 tout moment sans frais.<\/p>\n<p>Le portefeuille Tweetoshi n&rsquo;est pas con\u00e7u pour conserver d&rsquo;\u00e9normes quantit\u00e9s de bitcoins. Par cons\u00e9quent, il est recommand\u00e9 de ne conserver que suffisamment pour donner un pourboire aux cr\u00e9ateurs de contenu et de stocker le reste sur des portefeuilles non d\u00e9positaires prenant en charge Lightning tels que <a href=\"https:\/\/h17n.com\/fr\/portefeuilles-mobiles\/muun\/\" target=\"_blank\" rel=\"noopener\">Muun<\/a> et <a href=\"https:\/\/h17n.com\/fr\/portefeuilles-mobiles\/bluewallet\/\" target=\"_blank\" rel=\"noopener\">BlueWallet<\/a>.<\/p>\n<p>Une fois connect\u00e9, vous pouvez parcourir vos tweets pr\u00e9f\u00e9r\u00e9s de la m\u00eame mani\u00e8re que vous le feriez sur Twitter. De plus, vous pouvez \u00e9galement recevoir un conseil d&rsquo;autres utilisateurs de Tweetoshi qui aiment votre contenu.<\/p>\n<p>Tweetoshi gagne de l&rsquo;argent gr\u00e2ce aux publicit\u00e9s. Vous pouvez acheter un plan premium pour supprimer toutes les publicit\u00e9s.<\/p>\n<h2>Avantages de Tweetoshi<\/h2>\n<ul>\n<li><strong>R\u00e9colter des r\u00e9compenses.<\/strong>Vous recevrez automatiquement des sats pour l&rsquo;utilisation de Tweetoshi. Il vous suffit de consulter Twitter pour voir les nouveaux contenus et obtenir des bitcoins.<\/li>\n<li><strong>Sat un Tweet.<\/strong> Montrez votre appr\u00e9ciation en donnant un pourboire aux cr\u00e9ateurs de contenu avec quelques sats. Il peut s&rsquo;agir de sats que vous avez d\u00e9pos\u00e9s ou re\u00e7us lors de l&rsquo;utilisation de Tweetoshi. Il n&rsquo;y a pas besoin de KYC.<\/li>\n<\/ul>\n<blockquote><p>C&rsquo;est comme Patreon mais sans frais et gr\u00e2ce au Bitcoin et \u00e0 sa deuxi\u00e8me couche &#8211; le r\u00e9seau Lightning &#8211; c&rsquo;est tr\u00e8s rapide !<\/p><\/blockquote>\n<h2>Plus d&rsquo;informations<\/h2>\n<ul>\n<li><a href=\"https:\/\/tweetoshi.com\" rel=\"nofollow noopener\" target=\"_blank\">Site web de<\/a> Tweetoshi<\/li>\n<li>Tweetoshi sur Twitter : <a href=\"https:\/\/twitter.com\/TweetoshiApp\" rel=\"nofollow noopener\" target=\"_blank\">@TweetoshiApp<\/a><\/li>\n<\/ul>\n","protected":false},"excerpt":{"rendered":"<p>Tweetoshi est un client de Twitter qui partage les revenus avec les utilisateurs et dispose d&rsquo;un r\u00e9seau Lightning int\u00e9gr\u00e9 pour donner un pourboire aux cr\u00e9ateurs de contenu, sans KYC.<\/p>\n","protected":false},"featured_media":820,"comment_status":"open","ping_status":"closed","template":"","meta":[],"product_brand":[],"product_cat":[44],"product_tag":[],"class_list":{"0":"post-754","1":"product","2":"type-product","3":"status-publish","4":"has-post-thumbnail","6":"product_cat-gagner","7":"","8":"woocommerce-text-align-center","9":"woocommerce-image-align-center","10":"do-quantity-buttons","12":"first","13":"instock","14":"shipping-taxable","15":"product-type-external"},"_links":{"self":[{"href":"https:\/\/h17n.com\/fr\/wp-json\/wp\/v2\/product\/754","targetHints":{"allow":["GET"]}}],"collection":[{"href":"https:\/\/h17n.com\/fr\/wp-json\/wp\/v2\/product"}],"about":[{"href":"https:\/\/h17n.com\/fr\/wp-json\/wp\/v2\/types\/product"}],"replies":[{"embeddable":true,"href":"https:\/\/h17n.com\/fr\/wp-json\/wp\/v2\/comments?post=754"}],"wp:featuredmedia":[{"embeddable":true,"href":"https:\/\/h17n.com\/fr\/wp-json\/wp\/v2\/media\/820"}],"wp:attachment":[{"href":"https:\/\/h17n.com\/fr\/wp-json\/wp\/v2\/media?parent=754"}],"wp:term":[{"taxonomy":"product_brand","embeddable":true,"href":"https:\/\/h17n.com\/fr\/wp-json\/wp\/v2\/product_brand?post=754"},{"taxonomy":"product_cat","embeddable":true,"href":"https:\/\/h17n.com\/fr\/wp-json\/wp\/v2\/product_cat?post=754"},{"taxonomy":"product_tag","embeddable":true,"href":"https:\/\/h17n.com\/fr\/wp-json\/wp\/v2\/product_tag?post=754"}],"curies":[{"name":"wp","href":"https:\/\/api.w.org\/{rel}","templated":true}]}}