{"id":722,"date":"2023-05-15T19:47:06","date_gmt":"2023-05-15T19:47:06","guid":{"rendered":"https:\/\/h17n.com\/fr\/?post_type=product&#038;p=722"},"modified":"2023-05-16T13:00:08","modified_gmt":"2023-05-16T13:00:08","slug":"noones","status":"publish","type":"product","link":"https:\/\/h17n.com\/fr\/acheter-du-bitcoin\/noones\/","title":{"rendered":"Noones : un march\u00e9 en ligne P2P, portefeuille et messenger"},"content":{"rendered":"<p><a href=\"https:\/\/noones.com\/\" rel=\"nofollow noopener\" target=\"_blank\">Noones<\/a> est une application gratuite qui permet aux utilisateurs de communiquer et d&rsquo;\u00e9changer des bitcoins entre eux. La plateforme combine des fonctionnalit\u00e9s de messenger, de portefeuille et de march\u00e9 en ligne. Elle se concentre principalement sur la limite Sud.<\/p>\n<h2>Comment s&rsquo;inscrire \u00e0 l&rsquo;application Noones<\/h2>\n<p>Pour vous inscrire sur l&rsquo;\u00e9change Noones P2P, t\u00e9l\u00e9chargez le logiciel pour <a href=\"https:\/\/play.google.com\/store\/apps\/details?id=team.noones.mobilemessenger&amp;hl=en\" rel=\"nofollow noopener\" target=\"_blank\">Android<\/a> ou <a href=\"https:\/\/apps.apple.com\/us\/app\/noones-p2p-btc-marketplace\/id6447785195\" rel=\"nofollow noopener\" target=\"_blank\">iOS<\/a> et entrez votre email et cr\u00e9ez un mot de passe. Vous recevrez un code de v\u00e9rification, puis vous d\u00e9finirez votre nom d&rsquo;utilisateur.<\/p>\n<div class=\"warning box\">\n<p>Pour utiliser l&rsquo;application, il est n\u00e9cessaire d&rsquo;accepter ses conditions de confidentialit\u00e9. Cependant, certains utilisateurs peuvent trouver ces termes trop intrusifs : \u00ab Noones collecte et transmet \u00e0 des prestataires de services tiers des donn\u00e9es concernant votre num\u00e9ro de t\u00e9l\u00e9phone, votre adresse e-mail, votre appareil, votre navigateur, des informations sur les applications install\u00e9es sur votre appareil, la connexion r\u00e9seau et votre compte au sein du cadre de votre session \u00e0 des fins de pr\u00e9vention de la fraude et de s\u00e9curit\u00e9. \u00bb<\/p>\n<\/div>\n<h2>Fonctionnement de Noones<\/h2>\n<p>Pour recevoir des bitcoins, vous devrez passer la v\u00e9rification. Avec la v\u00e9rification t\u00e9l\u00e9phonique de niveau 1, vous pouvez acheter jusqu&rsquo;\u00e0 700 USD de bitcoins par jour, et les limites d&rsquo;\u00e9change et d&rsquo;envoi \u00e0 vie sont fix\u00e9es \u00e0 10 000 USD. En atteignant le niveau 2 de v\u00e9rification des e-mails, vos limites d&rsquo;\u00e9change et d&rsquo;envoi \u00e0 vie passeront \u00e0 50 000 USD. La v\u00e9rification d&rsquo;identit\u00e9 sera disponible une fois que vous aurez termin\u00e9 la v\u00e9rification par t\u00e9l\u00e9phone et par e-mail.<\/p>\n<p>L&rsquo;application Noones vous permet d&rsquo;envoyer des messages \u00e0 d&rsquo;autres utilisateurs, d&rsquo;\u00e9changer des bitcoins avec d&rsquo;autres utilisateurs, de d\u00e9finir vos propres prix et m\u00e9thodes de paiement pr\u00e9f\u00e9r\u00e9es. La plateforme fournit \u00e9galement le portefeuille Noones, un portefeuille de garde gratuit pour le stockage s\u00e9curis\u00e9 de votre bitcoin, qui peut \u00eatre transf\u00e9r\u00e9 vers des portefeuilles externes moyennant des frais. Lors de la n\u00e9gociation, le syst\u00e8me d&rsquo;entiercement de la plateforme assurera la s\u00e9curit\u00e9 de vos fonds.<\/p>\n<p>L&rsquo;application Noones accepte plusieurs m\u00e9thodes de paiement, y compris les cartes-cadeaux Amazon, les virements bancaires, les cartes de cr\u00e9dit\/d\u00e9bit, l&rsquo;argent mobile comme Mpesa et les portefeuilles en ligne comme PayPal et Venmo.<\/p>\n<div class=\"warning box\">\n<p>L&rsquo;application de trading Noones offre aux utilisateurs son propre portefeuille. Pour la s\u00e9curit\u00e9 de vos fonds, il est conseill\u00e9 de ne conserver que le montant que vous envisagez de n\u00e9gocier sur le march\u00e9 Noones. Tout gain exc\u00e9dentaire doit \u00eatre stock\u00e9 dans <a href=\"https:\/\/h17n.com\/fr\/auto-garde\/\" target=\"_blank\" rel=\"noopener\">un portefeuille d&rsquo;auto-garde<\/a>, comme <a href=\"https:\/\/h17n.com\/fr\/portefeuilles-mobiles\/bluewallet\/\" target=\"_blank\" rel=\"noopener\">BlueWallet<\/a>, <a href=\"https:\/\/h17n.com\/fr\/portefeuilles-mobiles\/samourai\/\" target=\"_blank\" rel=\"noopener\">Samourai<\/a> ou <a href=\"https:\/\/h17n.com\/fr\/portefeuilles-mobiles\/muun\/\" target=\"_blank\" rel=\"noopener\">Muun<\/a>.<\/p>\n<\/div>\n<h2>Frais de Noones<\/h2>\n<h3>Frais de trading<\/h3>\n<table>\n<thead>\n<tr>\n<th>Type de paiement<\/th>\n<th>Vendre<\/th>\n<th>Achat<\/th>\n<\/tr>\n<\/thead>\n<tbody>\n<tr>\n<td>Virements bancaires<\/td>\n<td>0.5%<\/td>\n<td>sans frais<\/td>\n<\/tr>\n<tr>\n<td>Cartes de cr\u00e9dit\/d\u00e9bit<\/td>\n<td>1%<\/td>\n<td>sans frais<\/td>\n<\/tr>\n<tr>\n<td>Monnaies num\u00e9riques<\/td>\n<td>1%<\/td>\n<td>sans frais<\/td>\n<\/tr>\n<tr>\n<td>Portefeuilles en ligne<\/td>\n<td>1%<\/td>\n<td>sans frais<\/td>\n<\/tr>\n<tr>\n<td>Esp\u00e8ces<\/td>\n<td>1%<\/td>\n<td>sans frais<\/td>\n<\/tr>\n<tr>\n<td>Argent mobile<\/td>\n<td>1%<\/td>\n<td>sans frais<\/td>\n<\/tr>\n<tr>\n<td>Cartes Cadeaux<\/td>\n<td>5%<\/td>\n<td>sans frais<\/td>\n<\/tr>\n<\/tbody>\n<\/table>\n<h3>Frais d&rsquo;envoi et de r\u00e9ception de bitcoins<\/h3>\n<table>\n<thead>\n<tr>\n<th>Type de portefeuille<\/th>\n<th>Envoyer<\/th>\n<th>Recevoir<\/th>\n<\/tr>\n<\/thead>\n<tbody>\n<tr>\n<td>Portefeuille externe<\/td>\n<td>0 USD &#8211; 49,99 USD = 0,5 USD de frais<\/td>\n<td>pas de frais<\/td>\n<\/tr>\n<tr>\n<td><\/td>\n<td>50 USD &#8211; 99,99 USD = 1 % de frais<\/td>\n<td><\/td>\n<\/tr>\n<tr>\n<td><\/td>\n<td>100 USD et plus = 2 USD de frais<\/td>\n<td><\/td>\n<\/tr>\n<tr>\n<td>Portefeuille interne<\/td>\n<td><\/td>\n<td>sans frais<\/td>\n<\/tr>\n<\/tbody>\n<\/table>\n<p>Sur Noones, le taux auquel vous achetez des bitcoins aupr\u00e8s d&rsquo;autres utilisateurs est d\u00e9fini par les vendeurs eux-m\u00eames et varie en fonction de facteurs tels que le statut de v\u00e9rification, le mode de paiement, la paire de devises et la taille de la commande. Si vous vendez des bitcoins, Noones d\u00e9duira un montant bloqu\u00e9 de votre portefeuille Noones au d\u00e9but de la transaction. La plateforme re\u00e7oit les frais d&rsquo;entiercement une fois l&rsquo;\u00e9change r\u00e9ussi, et si l&rsquo;\u00e9change n&rsquo;est pas termin\u00e9, le montant est restitu\u00e9 au vendeur, Noones ne prenant aucun frais.<\/p>\n<h2>Pays pris en charge<\/h2>\n<p>L&rsquo;\u00e9change peer to peer est disponible dans le monde entier. Cependant, les utilisateurs de certains pays ne sont actuellement pas autoris\u00e9s \u00e0 utiliser la plateforme. Ces pays comprennent Cuba, l&rsquo;Iran, la Cor\u00e9e du Nord, la Russie, la Syrie, le Royaume-Uni, le Canada, le Japon, les \u00c9tats-Unis et les \u00c9mirats arabes unis.<\/p>\n<h2>Alternatives \u00e0 Noones (\u00e9changes sans KYC)<\/h2>\n<div class=\"woocommerce columns-3 \"><ul class=\"products columns-3\">\n<li class=\"woocommerce-text-align-center woocommerce-image-align-center do-quantity-buttons product type-product post-689 status-publish first instock product_cat-acheter-du-bitcoin has-post-thumbnail shipping-taxable product-type-external\">\n\t<a href=\"https:\/\/h17n.com\/fr\/acheter-du-bitcoin\/agoradesk\/\" class=\"woocommerce-LoopProduct-link woocommerce-loop-product__link\"><img loading=\"lazy\" decoding=\"async\" width=\"300\" height=\"300\" src=\"https:\/\/h17n.com\/fr\/wp-content\/uploads\/sites\/2\/2023\/05\/agora-300x300.webp\" class=\"attachment-woocommerce_thumbnail size-woocommerce_thumbnail\" alt=\"AgoraDesk : un \u00e9change de bitcoins sans KYC\" srcset=\"https:\/\/h17n.com\/fr\/wp-content\/uploads\/sites\/2\/2023\/05\/agora-300x300.webp 300w, https:\/\/h17n.com\/fr\/wp-content\/uploads\/sites\/2\/2023\/05\/agora-150x150.webp 150w, https:\/\/h17n.com\/fr\/wp-content\/uploads\/sites\/2\/2023\/05\/agora-100x100.webp 100w\" sizes=\"auto, (max-width: 300px) 100vw, 300px\" \/><h2 class=\"woocommerce-loop-product__title\">AgoraDesk : un \u00e9change de bitcoins sans KYC<\/h2>\n            <div class=\"star-rating\" title=\"Pas encore not\u00e9\"><span style=\"width:0%\"><strong class=\"rating\">0<\/strong> sur 5<\/span><\/div>        <a href=\"https:\/\/h17n.com\/fr\/acheter-du-bitcoin\/agoradesk\/#reviews\" class=\"woocommerce-review-link\" rel=\"nofollow\">(0)<\/a>\n\n\n<\/a><a href=\"https:\/\/agoradesk.com\/\" aria-describedby=\"woocommerce_loop_add_to_cart_link_describedby_689\" data-quantity=\"1\" class=\"button product_type_external\" data-product_id=\"689\" data-product_sku=\"\" aria-label=\"D\u00e9couvrir AgoraDesk\" rel=\"nofollow\">D\u00e9couvrir AgoraDesk<\/a>\t<span id=\"woocommerce_loop_add_to_cart_link_describedby_689\" class=\"screen-reader-text\">\n\t\t\t<\/span>\n<\/li>\n<li class=\"woocommerce-text-align-center woocommerce-image-align-center do-quantity-buttons product type-product post-178 status-publish instock product_cat-acheter-du-bitcoin product_cat-onfidentialite has-post-thumbnail shipping-taxable product-type-external\">\n\t<a href=\"https:\/\/h17n.com\/fr\/acheter-du-bitcoin\/bisq\/\" class=\"woocommerce-LoopProduct-link woocommerce-loop-product__link\"><img loading=\"lazy\" decoding=\"async\" width=\"300\" height=\"300\" src=\"https:\/\/h17n.com\/fr\/wp-content\/uploads\/sites\/2\/2023\/02\/bisq-300x300.jpg\" class=\"attachment-woocommerce_thumbnail size-woocommerce_thumbnail\" alt=\"Bisq : un \u00e9change de bitcoins pair-\u00e0-pair\" srcset=\"https:\/\/h17n.com\/fr\/wp-content\/uploads\/sites\/2\/2023\/02\/bisq-300x300.jpg 300w, https:\/\/h17n.com\/fr\/wp-content\/uploads\/sites\/2\/2023\/02\/bisq-150x150.jpg 150w, https:\/\/h17n.com\/fr\/wp-content\/uploads\/sites\/2\/2023\/02\/bisq-100x100.jpg 100w\" sizes=\"auto, (max-width: 300px) 100vw, 300px\" \/><h2 class=\"woocommerce-loop-product__title\">Bisq : un \u00e9change de bitcoins pair-\u00e0-pair<\/h2>\n            <div class=\"star-rating\" title=\"Pas encore not\u00e9\"><span style=\"width:0%\"><strong class=\"rating\">0<\/strong> sur 5<\/span><\/div>        <a href=\"https:\/\/h17n.com\/fr\/acheter-du-bitcoin\/bisq\/#reviews\" class=\"woocommerce-review-link\" rel=\"nofollow\">(0)<\/a>\n\n\n<\/a><a href=\"https:\/\/bisq.network\/\" aria-describedby=\"woocommerce_loop_add_to_cart_link_describedby_178\" data-quantity=\"1\" class=\"button product_type_external\" data-product_id=\"178\" data-product_sku=\"\" aria-label=\"D\u00e9couvrir Bisq\" rel=\"nofollow\">D\u00e9couvrir Bisq<\/a>\t<span id=\"woocommerce_loop_add_to_cart_link_describedby_178\" class=\"screen-reader-text\">\n\t\t\t<\/span>\n<\/li>\n<li class=\"woocommerce-text-align-center woocommerce-image-align-center do-quantity-buttons product type-product post-191 status-publish last instock product_cat-acheter-du-bitcoin has-post-thumbnail shipping-taxable product-type-external\">\n\t<a href=\"https:\/\/h17n.com\/fr\/acheter-du-bitcoin\/hodl-hodl\/\" class=\"woocommerce-LoopProduct-link woocommerce-loop-product__link\"><img loading=\"lazy\" decoding=\"async\" width=\"300\" height=\"300\" src=\"https:\/\/h17n.com\/fr\/wp-content\/uploads\/sites\/2\/2023\/02\/hodl-hodl-300x300.jpg\" class=\"attachment-woocommerce_thumbnail size-woocommerce_thumbnail\" alt=\"Hodl Hodl : une plateforme de trading de bitcoins\" srcset=\"https:\/\/h17n.com\/fr\/wp-content\/uploads\/sites\/2\/2023\/02\/hodl-hodl-300x300.jpg 300w, https:\/\/h17n.com\/fr\/wp-content\/uploads\/sites\/2\/2023\/02\/hodl-hodl-1024x1024.jpg 1024w, https:\/\/h17n.com\/fr\/wp-content\/uploads\/sites\/2\/2023\/02\/hodl-hodl-150x150.jpg 150w, https:\/\/h17n.com\/fr\/wp-content\/uploads\/sites\/2\/2023\/02\/hodl-hodl-768x768.jpg 768w, https:\/\/h17n.com\/fr\/wp-content\/uploads\/sites\/2\/2023\/02\/hodl-hodl-120x120.jpg 120w, https:\/\/h17n.com\/fr\/wp-content\/uploads\/sites\/2\/2023\/02\/hodl-hodl-600x600.jpg 600w, https:\/\/h17n.com\/fr\/wp-content\/uploads\/sites\/2\/2023\/02\/hodl-hodl-100x100.jpg 100w, https:\/\/h17n.com\/fr\/wp-content\/uploads\/sites\/2\/2023\/02\/hodl-hodl.jpg 1280w\" sizes=\"auto, (max-width: 300px) 100vw, 300px\" \/><h2 class=\"woocommerce-loop-product__title\">Hodl Hodl : une plateforme de trading de bitcoins<\/h2>\n            <div class=\"star-rating\" title=\"Pas encore not\u00e9\"><span style=\"width:0%\"><strong class=\"rating\">0<\/strong> sur 5<\/span><\/div>        <a href=\"https:\/\/h17n.com\/fr\/acheter-du-bitcoin\/hodl-hodl\/#reviews\" class=\"woocommerce-review-link\" rel=\"nofollow\">(0)<\/a>\n\n\n<\/a><a href=\"https:\/\/hodlhodl.com\/\" aria-describedby=\"woocommerce_loop_add_to_cart_link_describedby_191\" data-quantity=\"1\" class=\"button product_type_external\" data-product_id=\"191\" data-product_sku=\"\" aria-label=\"D\u00e9couvrir Hodl Hodl\" rel=\"nofollow\">D\u00e9couvrir Hodl Hodl<\/a>\t<span id=\"woocommerce_loop_add_to_cart_link_describedby_191\" class=\"screen-reader-text\">\n\t\t\t<\/span>\n<\/li>\n<\/ul>\n<\/div>\n<h2>Rejoindre Noones<\/h2>\n<ul>\n<li><a href=\"https:\/\/noones.com\/\" rel=\"nofollow noopener\" target=\"_blank\">Site web de<\/a> Noones<\/li>\n<\/ul>\n","protected":false},"excerpt":{"rendered":"<p>Noones est un march\u00e9 en ligne P2P ax\u00e9 sur la limite Sud. Il offre un portefeuille d\u00e9positaire gratuit et vous permet d&rsquo;acheter et de vendre des bitcoins.<\/p>\n","protected":false},"featured_media":726,"comment_status":"open","ping_status":"closed","template":"","meta":[],"product_brand":[],"product_cat":[40],"product_tag":[],"class_list":{"0":"post-722","1":"product","2":"type-product","3":"status-publish","4":"has-post-thumbnail","6":"product_cat-acheter-du-bitcoin","7":"","8":"woocommerce-text-align-center","9":"woocommerce-image-align-center","10":"do-quantity-buttons","12":"first","13":"instock","14":"shipping-taxable","15":"product-type-external"},"_links":{"self":[{"href":"https:\/\/h17n.com\/fr\/wp-json\/wp\/v2\/product\/722","targetHints":{"allow":["GET"]}}],"collection":[{"href":"https:\/\/h17n.com\/fr\/wp-json\/wp\/v2\/product"}],"about":[{"href":"https:\/\/h17n.com\/fr\/wp-json\/wp\/v2\/types\/product"}],"replies":[{"embeddable":true,"href":"https:\/\/h17n.com\/fr\/wp-json\/wp\/v2\/comments?post=722"}],"wp:featuredmedia":[{"embeddable":true,"href":"https:\/\/h17n.com\/fr\/wp-json\/wp\/v2\/media\/726"}],"wp:attachment":[{"href":"https:\/\/h17n.com\/fr\/wp-json\/wp\/v2\/media?parent=722"}],"wp:term":[{"taxonomy":"product_brand","embeddable":true,"href":"https:\/\/h17n.com\/fr\/wp-json\/wp\/v2\/product_brand?post=722"},{"taxonomy":"product_cat","embeddable":true,"href":"https:\/\/h17n.com\/fr\/wp-json\/wp\/v2\/product_cat?post=722"},{"taxonomy":"product_tag","embeddable":true,"href":"https:\/\/h17n.com\/fr\/wp-json\/wp\/v2\/product_tag?post=722"}],"curies":[{"name":"wp","href":"https:\/\/api.w.org\/{rel}","templated":true}]}}