{"id":720,"date":"2023-05-15T14:15:48","date_gmt":"2023-05-15T14:15:48","guid":{"rendered":"https:\/\/h17n.com\/fr\/?post_type=product&#038;p=720"},"modified":"2023-05-15T14:15:48","modified_gmt":"2023-05-15T14:15:48","slug":"koinly","status":"publish","type":"product","link":"https:\/\/h17n.com\/fr\/impot-sur-bitcoin\/koinly\/","title":{"rendered":"Revue de Koinly : un logiciel de d\u00e9claration d&rsquo;imp\u00f4ts sur les bitcoins"},"content":{"rendered":"<p><a href=\"https:\/\/koinly.io\/\" rel=\"nofollow noopener\" target=\"_blank\">Koinly<\/a> est un logiciel d&rsquo;imp\u00f4t sur les bitcoins qui vous aidera \u00e0 calculer et \u00e0 d\u00e9clarer vos imp\u00f4ts sur les bitcoins. Il se synchronise automatiquement avec plusieurs \u00e9changes et portefeuilles, ce qui simplifie le suivi des transactions et le calcul des gains et pertes en capital. Koinly cr\u00e9e des formulaires et des rapports fiscaux conformes aux lois fiscales de plusieurs pays, tels que la France, les \u00c9tats-Unis, le Royaume-Uni, l&rsquo;Australie, le Canada, l&rsquo;Allemagne, l&rsquo;Afrique du Sud, etc.<\/p>\n<p>L&rsquo;imp\u00f4t sur les bitcoins fait r\u00e9f\u00e9rence \u00e0 l&rsquo;imp\u00f4t que vous pouvez devoir sur les b\u00e9n\u00e9fices r\u00e9alis\u00e9s lors de l&rsquo;achat, de la vente ou de l&rsquo;\u00e9change de bitcoins. Dans de nombreux pays, le bitcoin est consid\u00e9r\u00e9 comme un bien immobilier \u00e0 des fins fiscales et, par cons\u00e9quent, tout gain ou perte est soumis \u00e0 l&rsquo;imp\u00f4t sur les plus-values.<\/p>\n<p>La d\u00e9claration des gains ou des pertes en bitcoins peut s&rsquo;av\u00e9rer assez complexe en raison des diff\u00e9rences de traitement fiscal et de r\u00e9glementation d&rsquo;un pays \u00e0 l&rsquo;autre. Il est essentiel de se conformer aux lois fiscales locales et de d\u00e9clarer les gains ou les pertes avec pr\u00e9cision. Des plateformes telles que Koinly peuvent \u00eatre utiles pour simplifier le processus de calcul et de d\u00e9claration des gains ou des pertes en bitcoins \u00e0 des fins fiscales.<\/p>\n<h2>Fonctionnalit\u00e9s de Koinly<\/h2>\n<p>Koinly propose de nombreuses fonctionnalit\u00e9s qui facilitent le calcul et la d\u00e9claration des gains et pertes en bitcoins pour des raisons fiscales. Parmi ses fonctionnalit\u00e9s significatives, on peut citer :<\/p>\n<ul>\n<li><strong>Importation automatique des donn\u00e9es :<\/strong> Koinly prend en charge l&rsquo;importation automatique de donn\u00e9es \u00e0 partir de plus de 300 \u00e9changes et portefeuilles Bitcoin, permettant aux utilisateurs d&rsquo;importer facilement toutes leurs donn\u00e9es de transaction Bitcoin.<\/li>\n<li><strong>Suivi des transactions en temps r\u00e9el :<\/strong> Koinly offre un suivi en temps r\u00e9el des transactions, vous permettant de voir vos soldes de bitcoins et vos gains ou pertes en temps r\u00e9el.<\/li>\n<li><strong>Calculs pr\u00e9cis des imp\u00f4ts :<\/strong> Koinly utilise diff\u00e9rentes m\u00e9thodes pour calculer les imp\u00f4ts avec pr\u00e9cision, notamment le FIFO, le LIFO et l&rsquo;identification sp\u00e9cifique. Il prend \u00e9galement en compte des facteurs tels que les frais, les op\u00e9rations sur marge et les r\u00e9compenses de staking.<\/li>\n<li><strong>Rapports d&rsquo;imp\u00f4ts :<\/strong> Koinly propose plusieurs rapports fiscaux, notamment des rapports sur les gains en capital, des rapports sur les revenus et des rapports sur les dons. Vous pouvez \u00e9galement g\u00e9n\u00e9rer des formulaires fiscaux tels que le formulaire 8949, l&rsquo;annexe D et d&rsquo;autres.<\/li>\n<li><strong>Suivi de portefeuille :<\/strong> Koinly fournit un suivi de portefeuille qui vous permet de suivre vos avoirs en bitcoins et leurs performances au fil du temps.<\/li>\n<li><strong>Aide \u00e0 l&rsquo;audit :<\/strong> Koinly propose une assistance \u00e0 l&rsquo;audit, ce qui peut \u00eatre utile en cas de contr\u00f4le fiscal.<\/li>\n<\/ul>\n<h2>Comment fonctionne Koinly ?<\/h2>\n<p>Koinly se connecte \u00e0 diverses bourses et portefeuilles de bitcoins pour importer automatiquement les donn\u00e9es des transactions. Vous pouvez \u00e9galement importer manuellement des donn\u00e9es ou saisir des transactions manuellement. Koinly calcule ensuite les gains ou les pertes en capital sur la base de l&rsquo;historique de vos transactions et du co\u00fbt de base de vos avoirs en bitcoins.<\/p>\n<p>Pour commencer \u00e0 utiliser Koinly, utilisez votre compte Coinbase ou Google, ou indiquez simplement votre nom, votre adresse \u00e9lectronique et votre mot de passe. L&rsquo;avantage est que vous n&rsquo;avez pas besoin d&rsquo;entrer les d\u00e9tails de votre carte de cr\u00e9dit pour essayer Koinly. Apr\u00e8s avoir cr\u00e9\u00e9 votre compte, vous pouvez connecter un nombre illimit\u00e9 de portefeuilles et d&rsquo;\u00e9changes. Une fois les comptes connect\u00e9s, Koinly importe automatiquement les donn\u00e9es des transactions et commence \u00e0 calculer les gains et les pertes. Vous pouvez m\u00eame ajouter votre comptable \u00e0 votre compte Koinly pour collaborer. Il convient de noter que Koinly ne respecte pas les exigences KYC (Know Your Customer), ce qui signifie que vous pouvez pr\u00e9server votre vie priv\u00e9e lorsque vous utilisez la plateforme.<\/p>\n<p>Sur votre tableau de bord, vous pouvez ensuite consulter l&rsquo;historique de votre portefeuille et de vos transactions, y compris les gains et les pertes r\u00e9alis\u00e9s et non r\u00e9alis\u00e9s. Koinly g\u00e9n\u00e8re \u00e9galement des rapports fiscaux que vous pouvez utiliser pour d\u00e9clarer vos revenus aupr\u00e8s des autorit\u00e9s fiscales comp\u00e9tentes. Les rapports comprennent une ventilation d\u00e9taill\u00e9e des gains et des pertes, ainsi que toute autre information pertinente n\u00e9cessaire \u00e0 la d\u00e9claration d&rsquo;imp\u00f4ts.<\/p>\n<h2>Frais de Koinly<\/h2>\n<div class=\"warning box\">\n<p>La version gratuite de la plateforme fournit un aper\u00e7u de vos imp\u00f4ts, mais elle ne g\u00e9n\u00e8re aucun rapport, sauf si vous choisissez de passer \u00e0 un plan payant.<\/p>\n<\/div>\n<table>\n<thead>\n<tr>\n<th>Plan<\/th>\n<th>Co\u00fbt annuel<\/th>\n<th>Portefeuilles et \u00e9changes<\/th>\n<th>Rapports sur la fiscalit\u00e9 internationale<\/th>\n<th>Rapports d&rsquo;audit<\/th>\n<th>Exportations TurboTax et TaxAct<\/th>\n<\/tr>\n<\/thead>\n<tbody>\n<tr>\n<td>Gratuit<\/td>\n<td>0 USD<\/td>\n<td>Illimit\u00e9<\/td>\n<td>Non<\/td>\n<td>Non<\/td>\n<td>Non<\/td>\n<\/tr>\n<tr>\n<td>Nouveau<\/td>\n<td>49 USD<\/td>\n<td>Illimit\u00e9<\/td>\n<td>Oui<\/td>\n<td>Oui<\/td>\n<td>Oui<\/td>\n<\/tr>\n<tr>\n<td>HODLer<\/td>\n<td>99 USD<\/td>\n<td>Illimit\u00e9<\/td>\n<td>Oui<\/td>\n<td>Oui<\/td>\n<td>Oui<\/td>\n<\/tr>\n<tr>\n<td>Commer\u00e7ant<\/td>\n<td>179 USD<\/td>\n<td>Illimit\u00e9<\/td>\n<td>Oui<\/td>\n<td>Oui<\/td>\n<td>Oui<\/td>\n<\/tr>\n<tr>\n<td>Pro<\/td>\n<td>279 USD<\/td>\n<td>Illimit\u00e9<\/td>\n<td>Oui<\/td>\n<td>Oui<\/td>\n<td>Oui<\/td>\n<\/tr>\n<\/tbody>\n<\/table>\n<h2>\u00c9changes et portefeuilles pris en charge<\/h2>\n<p>Koinly prend en charge plus de 300 \u00e9changes et portefeuilles Bitcoin. Voici quelques-uns des portefeuilles et \u00e9changes populaires pris en charge par Koinly :<\/p>\n<h3>\u00c9changes de bitcoins<\/h3>\n<ul>\n<li>Binance<\/li>\n<li><a href=\"https:\/\/h17n.com\/fr\/acheter-du-bitcoin\/coinbase\/\" target=\"_blank\" rel=\"noopener\">Coinbase<\/a><\/li>\n<li><a href=\"https:\/\/h17n.com\/fr\/acheter-du-bitcoin\/kraken\/\" target=\"_blank\" rel=\"noopener\">Kraken<\/a><\/li>\n<li>Bitfinex<\/li>\n<li>Bitstamp<\/li>\n<li>Bittrex<\/li>\n<li>KuCoin<\/li>\n<li>Bitpanda<\/li>\n<\/ul>\n<h3>Portefeuilles Bitcoin<\/h3>\n<ul>\n<li><a href=\"https:\/\/h17n.com\/fr\/portefeuilles-materiels\/ledger\/\" target=\"_blank\" rel=\"noopener\">Ledger<\/a><\/li>\n<li><a href=\"https:\/\/h17n.com\/fr\/portefeuilles-materiels\/trezor\/\" target=\"_blank\" rel=\"noopener\">Trezor<\/a><\/li>\n<li><a href=\"https:\/\/h17n.com\/fr\/portefeuilles-de-bureau\/exodus\/\" target=\"_blank\" rel=\"noopener\">Exodus<\/a><\/li>\n<li>MetaMask<\/li>\n<li><a href=\"https:\/\/h17n.com\/fr\/portefeuilles-de-bureau\/electrum\/\" target=\"_blank\" rel=\"noopener\">Electrum<\/a><\/li>\n<li>Trust Wallet<\/li>\n<\/ul>\n<h2>Pays pris en charge<\/h2>\n<p>Koinly prend en charge les utilisateurs du monde entier, mais les fonctions de d\u00e9claration d&rsquo;imp\u00f4ts ne sont disponibles que pour certains pays. Il s&rsquo;agit notamment des pays suivants :<\/p>\n<ul>\n<li>France<\/li>\n<li>\u00c9tats-Unis<\/li>\n<li>Canada<\/li>\n<li>Royaume-Uni<\/li>\n<li>Australie<\/li>\n<li>Allemagne<\/li>\n<li>Espagne<\/li>\n<li>Italie<\/li>\n<li>Pays-Bas<\/li>\n<li>Su\u00e8de<\/li>\n<li>Danemark<\/li>\n<li>Norv\u00e8ge<\/li>\n<li>Finlande<\/li>\n<li>La Suisse<\/li>\n<li>Nouvelle Z\u00e9lande<\/li>\n<li>Malte<\/li>\n<li>Cor\u00e9e du Sud<\/li>\n<li>Singapour (en anglais)<\/li>\n<li>Afrique du Sud<\/li>\n<\/ul>\n<h2>Koinly est-il s\u00fbr ?<\/h2>\n<p>Koinly prend la s\u00e9curit\u00e9 et la confidentialit\u00e9 des donn\u00e9es tr\u00e8s au s\u00e9rieux et met en \u0153uvre une vari\u00e9t\u00e9 de mesures de protection pour prot\u00e9ger les donn\u00e9es des utilisateurs. Pour commencer, Koinly prot\u00e8ge vos donn\u00e9es avec des m\u00e9thodes de s\u00e9curit\u00e9 de niveau bancaire telles que le cryptage, les pare-feu et l&rsquo;authentification \u00e0 deux facteurs. De plus, Koinly utilise des cl\u00e9s API pour se connecter aux \u00e9changes et aux portefeuilles en toute s\u00e9curit\u00e9 et ne stocke pas les cl\u00e9s API des utilisateurs sur ses serveurs.<\/p>\n<p>Koinly a \u00e9galement mis en place des normes rigoureuses de confidentialit\u00e9 des donn\u00e9es et ne divulgue ni ne vend vos donn\u00e9es \u00e0 des tiers. La plateforme est conforme au RGPD, garantissant que vos donn\u00e9es sont collect\u00e9es et trait\u00e9es de mani\u00e8re licite, transparente et s\u00e9curis\u00e9e. Enfin, Koinly vous permet d&rsquo;exporter vos donn\u00e9es de transaction \u00e0 tout moment, vous donnant un contr\u00f4le total sur vos donn\u00e9es.<\/p>\n<h2>Inconv\u00e9nients<\/h2>\n<p>Bien que Koinly soit une plateforme populaire et tr\u00e8s bien not\u00e9e pour le calcul des taxes sur les bitcoins, il y a quelques inconv\u00e9nients potentiels \u00e0 prendre en compte :<\/p>\n<ul>\n<li><strong>Le co\u00fbt :<\/strong> Bien que Koinly propose un plan gratuit, les fonctionnalit\u00e9s les plus avanc\u00e9es ne sont disponibles que dans le cadre d&rsquo;un plan payant, et le co\u00fbt peut s&rsquo;\u00e9lever rapidement si vous avez de nombreuses transactions \u00e0 d\u00e9clarer.<\/li>\n<li><strong>Complexit\u00e9 :<\/strong> Koinly peut \u00eatre assez complexe \u00e0 configurer et \u00e0 utiliser, surtout si vous avez plusieurs portefeuilles et \u00e9changes \u00e0 connecter. La plateforme vous demande de saisir vos cl\u00e9s API ou de t\u00e9l\u00e9charger des fichiers CSV pour importer votre historique de transactions, ce qui peut prendre du temps et n\u00e9cessiter un certain savoir-faire technique.<\/li>\n<li><strong>Pr\u00e9cision :<\/strong> Bien que Koinly soit g\u00e9n\u00e9ralement pr\u00e9cis dans ses calculs, il existe toujours un risque d&rsquo;erreur ou d&rsquo;erreur de calcul, en particulier si vous saisissez manuellement des donn\u00e9es de transaction ou importez des donn\u00e9es incompl\u00e8tes. Il est important d&rsquo;examiner attentivement vos d\u00e9clarations fiscales et de consulter un fiscaliste si vous avez des doutes quant \u00e0 l&rsquo;exactitude de vos calculs.<\/li>\n<li><strong>Rapports fiscaux limit\u00e9s pour certains pays :<\/strong> BAlors que Koinly prend en charge les utilisateurs du monde entier, les fonctionnalit\u00e9s de d\u00e9claration fiscale ne sont disponibles que pour certains pays. Si votre pays ne figure pas sur la liste des pays pris en charge, vous devrez peut-\u00eatre utiliser le rapport fiscal g\u00e9n\u00e9rique ou consulter un fiscaliste pour obtenir des conseils sp\u00e9cifiques li\u00e9s \u00e0 votre situation.<\/li>\n<\/ul>\n<h2>Alternatives \u00e0 Koinly<\/h2>\n<p>Il existe plusieurs alternatives \u00e0 Koinly pour calculer les imp\u00f4ts sur les bitcoins. Parmi les alternatives les plus populaires, on peut citer :<\/p>\n<ul>\n<li><strong>CoinTracking :<\/strong> une plate-forme similaire \u00e0 Koinly qui vous permet d&rsquo;importer des donn\u00e9es de transaction \u00e0 partir de plusieurs \u00e9changes et portefeuilles, et calcule les gains ou les pertes \u00e0 des fins fiscales. Il offre \u00e9galement des fonctionnalit\u00e9s telles que le suivi de portefeuille, les rapports fiscaux et l&rsquo;analyse des transactions.<\/li>\n<li><strong>ZenLedger :<\/strong> elle vous aide \u00e0 calculer les taxes sur les gains en bitcoins et offre des fonctionnalit\u00e9s telles que le rapprochement des transactions, les rapports sur les gains en capital et le support d&rsquo;audit.<\/li>\n<li><strong>CryptoTrader.Tax :<\/strong> une plateforme fiscale bitcoin qui offre des fonctionnalit\u00e9s telles que le suivi de la base des co\u00fbts, l&rsquo;optimisation fiscale et la g\u00e9n\u00e9ration automatis\u00e9e de formulaires fiscaux.<\/li>\n<li><strong>Bitcoin.Tax :<\/strong> il s&rsquo;agit d&rsquo;une plateforme qui vous permet de calculer les imp\u00f4ts sur les bitcoins gr\u00e2ce \u00e0 des fonctionnalit\u00e9s telles que le suivi des transactions, les rapports sur les plus-values et la g\u00e9n\u00e9ration de formulaires fiscaux.<\/li>\n<\/ul>\n<h2>Conclusion<\/h2>\n<p>Le traitement fiscal des bitcoins varie en fonction de plusieurs facteurs, tels que la dur\u00e9e de l&rsquo;investissement, le montant des gains ou des pertes et la situation g\u00e9ographique de l&rsquo;investisseur. Aux \u00c9tats-Unis, par exemple, les taux d&rsquo;imposition des plus-values \u00e0 long terme (gains sur les investissements d\u00e9tenus pendant plus d&rsquo;un an) varient de 0 \u00e0 20 % en fonction du niveau de revenu de l&rsquo;investisseur.<\/p>\n<p>Il est important de conserver une trace pr\u00e9cise de toutes les transactions en bitcoins, y compris la date d&rsquo;achat ou de vente, la quantit\u00e9 de bitcoins concern\u00e9e et le prix au moment de la transaction. Ces informations seront n\u00e9cessaires pour calculer les gains ou les pertes et remplir les formulaires fiscaux. L&rsquo;utilisation d&rsquo;une plateforme comme Koinly peut simplifier le processus de calcul et de d\u00e9claration des gains ou pertes en bitcoins \u00e0 des fins fiscales.<\/p>\n","protected":false},"excerpt":{"rendered":"<p>Koinly est un logiciel con\u00e7u pour vous aider \u00e0 calculer et \u00e0 d\u00e9clarer les imp\u00f4ts li\u00e9s au bitcoin. Gr\u00e2ce \u00e0 sa fonction de synchronisation automatique, il peut facilement suivre vos transactions et calculer vos gains et pertes en capital en se connectant \u00e0 divers \u00e9changes et portefeuilles.<\/p>\n","protected":false},"featured_media":721,"comment_status":"open","ping_status":"closed","template":"","meta":[],"product_brand":[],"product_cat":[306],"product_tag":[],"class_list":{"0":"post-720","1":"product","2":"type-product","3":"status-publish","4":"has-post-thumbnail","6":"product_cat-impot-sur-bitcoin","7":"","8":"woocommerce-text-align-center","9":"woocommerce-image-align-center","10":"do-quantity-buttons","12":"first","13":"instock","14":"shipping-taxable","15":"product-type-external"},"_links":{"self":[{"href":"https:\/\/h17n.com\/fr\/wp-json\/wp\/v2\/product\/720","targetHints":{"allow":["GET"]}}],"collection":[{"href":"https:\/\/h17n.com\/fr\/wp-json\/wp\/v2\/product"}],"about":[{"href":"https:\/\/h17n.com\/fr\/wp-json\/wp\/v2\/types\/product"}],"replies":[{"embeddable":true,"href":"https:\/\/h17n.com\/fr\/wp-json\/wp\/v2\/comments?post=720"}],"wp:featuredmedia":[{"embeddable":true,"href":"https:\/\/h17n.com\/fr\/wp-json\/wp\/v2\/media\/721"}],"wp:attachment":[{"href":"https:\/\/h17n.com\/fr\/wp-json\/wp\/v2\/media?parent=720"}],"wp:term":[{"taxonomy":"product_brand","embeddable":true,"href":"https:\/\/h17n.com\/fr\/wp-json\/wp\/v2\/product_brand?post=720"},{"taxonomy":"product_cat","embeddable":true,"href":"https:\/\/h17n.com\/fr\/wp-json\/wp\/v2\/product_cat?post=720"},{"taxonomy":"product_tag","embeddable":true,"href":"https:\/\/h17n.com\/fr\/wp-json\/wp\/v2\/product_tag?post=720"}],"curies":[{"name":"wp","href":"https:\/\/api.w.org\/{rel}","templated":true}]}}