{"id":689,"date":"2023-05-11T10:23:46","date_gmt":"2023-05-11T10:23:46","guid":{"rendered":"https:\/\/h17n.com\/fr\/?post_type=product&#038;p=689"},"modified":"2025-01-08T08:30:47","modified_gmt":"2025-01-08T08:30:47","slug":"agoradesk","status":"publish","type":"product","link":"https:\/\/h17n.com\/fr\/acheter-du-bitcoin\/agoradesk\/","title":{"rendered":"AgoraDesk : un \u00e9change de bitcoins sans KYC"},"content":{"rendered":"<p><a href=\"https:\/\/agoradesk.com\/\" rel=\"nofollow noopener\" target=\"_blank\">AgoraDesk<\/a> est un <a href=\"https:\/\/h17n.com\/fr\/echange-p2p\/\" target=\"_blank\" rel=\"noopener\">un march\u00e9 de bitcoins centralis\u00e9e et pair-\u00e0-pair<\/a> o\u00f9 les utilisateurs peuvent acheter et vendre des bitcoins entre eux sans v\u00e9rification d&rsquo;identit\u00e9. Les utilisateurs, appel\u00e9s commer\u00e7ants, cr\u00e9ent des annonces avec le prix et le mode de paiement qu&rsquo;ils veulent proposer. Vous pouvez parcourir le site Web \u00e0 la recherche d&rsquo;annonces commerciales et rechercher un mode de paiement que vous pr\u00e9f\u00e9rez. Vous trouverez des commer\u00e7ants qui ach\u00e8tent et vendent des Bitcoins en ligne pour plus de 60 modes de paiement diff\u00e9rents.<\/p>\n<div class=\"warning box\">\n<h3>AgoraDesk a ferm\u00e9 ses portes<\/h3>\n<ul>\n<li>La plateforme a cess\u00e9 ses activit\u00e9s le 7 novembre 2024. Les inscriptions de nouveaux utilisateurs et la publication d&rsquo;annonces sont d\u00e9sactiv\u00e9es.<\/li>\n<li>Les alternatives \u00e0 AgoraDesk incluent <a href=\"https:\/\/h17n.com\/fr\/acheter-du-bitcoin\/bisq\/\">Bisq<\/a>, <a href=\"https:\/\/h17n.com\/fr\/acheter-du-bitcoin\/hodl-hodl\/\">Hodl Hodl<\/a>, <a href=\"https:\/\/h17n.com\/fr\/acheter-du-bitcoin\/robosats\/\">RoboSats<\/a> et <a href=\"https:\/\/h17n.com\/fr\/acheter-du-bitcoin\/peach\/\">Peach<\/a>.<\/li>\n<\/ul>\n<\/div>\n<h2>Comment fonctionne AgoraDesk<\/h2>\n<p>Pour utiliser AgoraDesk, vous devez vous inscrire sur le site web ou t\u00e9l\u00e9charger l&rsquo;application AgoraDesk sur <a href=\"https:\/\/play.google.com\/store\/apps\/details?id=com.agoradesk.app\" rel=\"nofollow noopener\" target=\"_blank\">Play Store<\/a> ou <a href=\"https:\/\/apps.apple.com\/app\/agoradesk-p2p-btc-trading\/id1617601678\" rel=\"nofollow noopener\" target=\"_blank\">App Store<\/a>.<\/p>\n<p>La saisie de votre email n&rsquo;est pas obligatoire pour la cr\u00e9ation de votre compte. Cependant, si vous ne fournissez pas d&rsquo;e-mail, la place de march\u00e9 ne pourra pas r\u00e9cup\u00e9rer votre mot de passe ou vous envoyer des notifications par e-mail.<\/p>\n<p>Pour vendre des bitcoins sur AgoraDesk, la premi\u00e8re \u00e9tape consiste \u00e0 transf\u00e9rer des bitcoins pour la caution d&rsquo;arbitrage vers votre portefeuille AgoraDesk. Lors de l&rsquo;ouverture de la page commerciale dans votre navigateur, vous verrez des annonces d&rsquo;acheteurs. Vous pouvez utiliser le chat commercial pour communiquer avec l&rsquo;acheteur avec lequel vous souhaitez \u00e9changer et partager vos informations de paiement. Une fois que l&rsquo;acheteur a effectu\u00e9 le paiement, une notification vous sera envoy\u00e9e. Assurez-vous de v\u00e9rifier que le paiement a \u00e9t\u00e9 re\u00e7u et qu&rsquo;il correspond au montant correct. Apr\u00e8s avoir confirm\u00e9 l&rsquo;exactitude du paiement, vous pouvez cliquer sur \u00ab\u00a0Finaliser\u00a0\u00bb.<\/p>\n<p>Pour acheter des bitcoins, consultez les meilleures offres pour votre r\u00e9gion et choisissez une annonce d&rsquo;un n\u00e9gociant dont le volume d&rsquo;\u00e9changes et la r\u00e9putation sont solides. Utilisez ensuite le chat commercial pour confirmer que le vendeur est pr\u00eat \u00e0 recevoir votre paiement et pour r\u00e9pondre \u00e0 toute question concernant le processus de paiement.<\/p>\n<p>AgoraDesk propose deux types de m\u00e9tiers : local et en ligne. Les transactions en ligne sont enti\u00e8rement effectu\u00e9es via une plateforme de trading, sans que vous ayez besoin de rencontrer votre partenaire commercial en personne. Ces transactions sont accompagn\u00e9es d&rsquo;une protection par cautionnement d&rsquo;arbitrage activ\u00e9e et financ\u00e9e automatiquement, garantissant que les acheteurs sont prot\u00e9g\u00e9s par le syst\u00e8me. Les \u00e9changes en ligne constituent la majorit\u00e9 des \u00e9changes AgoraDesk. D&rsquo;autre part, les transactions locales sont cens\u00e9es \u00eatre men\u00e9es en face \u00e0 face et la protection par cautionnement d&rsquo;arbitrage n&rsquo;est pas automatiquement activ\u00e9e. Par cons\u00e9quent, il n&rsquo;est pas recommand\u00e9 d&rsquo;utiliser les m\u00e9thodes de paiement en ligne lors du paiement du vendeur dans un commerce local.<\/p>\n<p>Toutes les transactions en ligne sont prot\u00e9g\u00e9es par des obligations d&rsquo;arbitrage (escrow ou entiercement). Lorsqu&rsquo;une transaction est lanc\u00e9e, un montant de bitcoins \u00e9gal au montant de la transaction est automatiquement r\u00e9serv\u00e9 \u00e0 partir du portefeuille d&rsquo;obligations d&rsquo;AgoraDesk du vendeur. Cela signifie que si le vendeur s&rsquo;enfuit avec votre argent et ne finalise pas la transaction, le support d&rsquo;AgoraDesk peut vous transf\u00e9rer les bitcoins d\u00e9tenus dans la caution d&rsquo;arbitrage. Si vous vendez des bitcoins, ne finalisez jamais la transaction avant de savoir que vous avez re\u00e7u de l&rsquo;argent de l&rsquo;acheteur. Veuillez noter que les transactions locales n&rsquo;ont pas la protection de la caution d&rsquo;arbitrage activ\u00e9e par d\u00e9faut.<\/p>\n<h2>Frais d&rsquo;AgoraDesk<\/h2>\n<p>Il n&rsquo;y a pas de frais pour l&rsquo;enregistrement, l&rsquo;achat ou la vente de bitcoins sur AgoraDesk. Cependant, les utilisateurs qui cr\u00e9ent des annonces seront factur\u00e9s 1% du montant total de la transaction pour la protection de l&rsquo;arbitrage sur chaque transaction effectu\u00e9e. En ce qui concerne les frais de transaction de bitcoins, il n&rsquo;y a pas de frais pour les transactions vers des portefeuilles appartenant \u00e0 d&rsquo;autres utilisateurs d&rsquo;AgoraDesk. Cependant, pour les transactions vers des portefeuilles bitcoins externes, les frais de transaction du r\u00e9seau s&rsquo;appliquent. Vous pouvez voir les frais actuels sur la page du portefeuille AgoraDesk sous \u00ab\u00a0Frais de crypto-monnaie sortants\u00a0\u00bb, et ils seront pay\u00e9s \u00e0 partir du solde de votre portefeuille AgoraDesk lorsque vous initiez une transaction.<\/p>\n<h2>Alternatives \u00e0 Agora (\u00e9changes sans KYC)<\/h2>\n<div class=\"woocommerce columns-3 \"><ul class=\"products columns-3\">\n<li class=\"woocommerce-text-align-center woocommerce-image-align-center do-quantity-buttons product type-product post-178 status-publish first instock product_cat-acheter-du-bitcoin product_cat-onfidentialite has-post-thumbnail shipping-taxable product-type-external\">\n\t<a href=\"https:\/\/h17n.com\/fr\/acheter-du-bitcoin\/bisq\/\" class=\"woocommerce-LoopProduct-link woocommerce-loop-product__link\"><img loading=\"lazy\" decoding=\"async\" width=\"300\" height=\"300\" src=\"https:\/\/h17n.com\/fr\/wp-content\/uploads\/sites\/2\/2023\/02\/bisq-300x300.jpg\" class=\"attachment-woocommerce_thumbnail size-woocommerce_thumbnail\" alt=\"Bisq : un \u00e9change de bitcoins pair-\u00e0-pair\" srcset=\"https:\/\/h17n.com\/fr\/wp-content\/uploads\/sites\/2\/2023\/02\/bisq-300x300.jpg 300w, https:\/\/h17n.com\/fr\/wp-content\/uploads\/sites\/2\/2023\/02\/bisq-150x150.jpg 150w, https:\/\/h17n.com\/fr\/wp-content\/uploads\/sites\/2\/2023\/02\/bisq-100x100.jpg 100w\" sizes=\"auto, (max-width: 300px) 100vw, 300px\" \/><h2 class=\"woocommerce-loop-product__title\">Bisq : un \u00e9change de bitcoins pair-\u00e0-pair<\/h2>\n            <div class=\"star-rating\" title=\"Pas encore not\u00e9\"><span style=\"width:0%\"><strong class=\"rating\">0<\/strong> sur 5<\/span><\/div>        <a href=\"https:\/\/h17n.com\/fr\/acheter-du-bitcoin\/bisq\/#reviews\" class=\"woocommerce-review-link\" rel=\"nofollow\">(0)<\/a>\n\n\n<\/a><a href=\"https:\/\/bisq.network\/\" aria-describedby=\"woocommerce_loop_add_to_cart_link_describedby_178\" data-quantity=\"1\" class=\"button product_type_external\" data-product_id=\"178\" data-product_sku=\"\" aria-label=\"D\u00e9couvrir Bisq\" rel=\"nofollow\">D\u00e9couvrir Bisq<\/a>\t<span id=\"woocommerce_loop_add_to_cart_link_describedby_178\" class=\"screen-reader-text\">\n\t\t\t<\/span>\n<\/li>\n<li class=\"woocommerce-text-align-center woocommerce-image-align-center do-quantity-buttons product type-product post-191 status-publish instock product_cat-acheter-du-bitcoin has-post-thumbnail shipping-taxable product-type-external\">\n\t<a href=\"https:\/\/h17n.com\/fr\/acheter-du-bitcoin\/hodl-hodl\/\" class=\"woocommerce-LoopProduct-link woocommerce-loop-product__link\"><img loading=\"lazy\" decoding=\"async\" width=\"300\" height=\"300\" src=\"https:\/\/h17n.com\/fr\/wp-content\/uploads\/sites\/2\/2023\/02\/hodl-hodl-300x300.jpg\" class=\"attachment-woocommerce_thumbnail size-woocommerce_thumbnail\" alt=\"Hodl Hodl : une plateforme de trading de bitcoins\" srcset=\"https:\/\/h17n.com\/fr\/wp-content\/uploads\/sites\/2\/2023\/02\/hodl-hodl-300x300.jpg 300w, https:\/\/h17n.com\/fr\/wp-content\/uploads\/sites\/2\/2023\/02\/hodl-hodl-1024x1024.jpg 1024w, https:\/\/h17n.com\/fr\/wp-content\/uploads\/sites\/2\/2023\/02\/hodl-hodl-150x150.jpg 150w, https:\/\/h17n.com\/fr\/wp-content\/uploads\/sites\/2\/2023\/02\/hodl-hodl-768x768.jpg 768w, https:\/\/h17n.com\/fr\/wp-content\/uploads\/sites\/2\/2023\/02\/hodl-hodl-120x120.jpg 120w, https:\/\/h17n.com\/fr\/wp-content\/uploads\/sites\/2\/2023\/02\/hodl-hodl-600x600.jpg 600w, https:\/\/h17n.com\/fr\/wp-content\/uploads\/sites\/2\/2023\/02\/hodl-hodl-100x100.jpg 100w, https:\/\/h17n.com\/fr\/wp-content\/uploads\/sites\/2\/2023\/02\/hodl-hodl.jpg 1280w\" sizes=\"auto, (max-width: 300px) 100vw, 300px\" \/><h2 class=\"woocommerce-loop-product__title\">Hodl Hodl : une plateforme de trading de bitcoins<\/h2>\n            <div class=\"star-rating\" title=\"Pas encore not\u00e9\"><span style=\"width:0%\"><strong class=\"rating\">0<\/strong> sur 5<\/span><\/div>        <a href=\"https:\/\/h17n.com\/fr\/acheter-du-bitcoin\/hodl-hodl\/#reviews\" class=\"woocommerce-review-link\" rel=\"nofollow\">(0)<\/a>\n\n\n<\/a><a href=\"https:\/\/hodlhodl.com\/\" aria-describedby=\"woocommerce_loop_add_to_cart_link_describedby_191\" data-quantity=\"1\" class=\"button product_type_external\" data-product_id=\"191\" data-product_sku=\"\" aria-label=\"D\u00e9couvrir Hodl Hodl\" rel=\"nofollow\">D\u00e9couvrir Hodl Hodl<\/a>\t<span id=\"woocommerce_loop_add_to_cart_link_describedby_191\" class=\"screen-reader-text\">\n\t\t\t<\/span>\n<\/li>\n<li class=\"woocommerce-text-align-center woocommerce-image-align-center do-quantity-buttons product type-product post-246 status-publish last instock product_cat-acheter-du-bitcoin product_tag-avance has-post-thumbnail shipping-taxable product-type-external\">\n\t<a href=\"https:\/\/h17n.com\/fr\/acheter-du-bitcoin\/robosats\/\" class=\"woocommerce-LoopProduct-link woocommerce-loop-product__link\"><img loading=\"lazy\" decoding=\"async\" width=\"300\" height=\"300\" src=\"https:\/\/h17n.com\/fr\/wp-content\/uploads\/sites\/2\/2023\/02\/robosats-300x300.jpg\" class=\"attachment-woocommerce_thumbnail size-woocommerce_thumbnail\" alt=\"Robosats : un \u00e9change de bitcoins P2P sans KYC\" srcset=\"https:\/\/h17n.com\/fr\/wp-content\/uploads\/sites\/2\/2023\/02\/robosats-300x300.jpg 300w, https:\/\/h17n.com\/fr\/wp-content\/uploads\/sites\/2\/2023\/02\/robosats-150x150.jpg 150w, https:\/\/h17n.com\/fr\/wp-content\/uploads\/sites\/2\/2023\/02\/robosats-100x100.jpg 100w\" sizes=\"auto, (max-width: 300px) 100vw, 300px\" \/><h2 class=\"woocommerce-loop-product__title\">Robosats : un \u00e9change de bitcoins P2P sans KYC<\/h2>\n            <div class=\"star-rating\" title=\"Pas encore not\u00e9\"><span style=\"width:0%\"><strong class=\"rating\">0<\/strong> sur 5<\/span><\/div>        <a href=\"https:\/\/h17n.com\/fr\/acheter-du-bitcoin\/robosats\/#reviews\" class=\"woocommerce-review-link\" rel=\"nofollow\">(0)<\/a>\n\n\n<\/a><a href=\"https:\/\/learn.robosats.com\/\" aria-describedby=\"woocommerce_loop_add_to_cart_link_describedby_246\" data-quantity=\"1\" class=\"button product_type_external\" data-product_id=\"246\" data-product_sku=\"\" aria-label=\"D\u00e9couvrir Robosats\" rel=\"nofollow\">D\u00e9couvrir Robosats<\/a>\t<span id=\"woocommerce_loop_add_to_cart_link_describedby_246\" class=\"screen-reader-text\">\n\t\t\t<\/span>\n<\/li>\n<\/ul>\n<\/div>\n<h2>Plus d&rsquo;informations<\/h2>\n<ul>\n<li><a href=\"https:\/\/agoradesk.com\/\" rel=\"nofollow noopener\" target=\"_blank\">Site Web d&rsquo;AgoraDesk<\/a><\/li>\n<li><a href=\"http:\/\/2jopbxfi2mrw6pfpmufm7smacrgniglr7a4raaila3kwlhlumflxfxad.onion\/\" rel=\"nofollow noopener\" target=\"_blank\">Site Tor d&rsquo;AgoraDesk<\/a><\/li>\n<\/ul>\n","protected":false},"excerpt":{"rendered":"<p>AgoraDesk est une plateforme pairr-\u00e0-pair centralis\u00e9e pour acheter et vendre des bitcoins sans avoir besoin de v\u00e9rification d&rsquo;identit\u00e9.<\/p>\n","protected":false},"featured_media":693,"comment_status":"open","ping_status":"closed","template":"","meta":[],"product_brand":[],"product_cat":[40],"product_tag":[],"class_list":{"0":"post-689","1":"product","2":"type-product","3":"status-publish","4":"has-post-thumbnail","6":"product_cat-acheter-du-bitcoin","7":"","8":"woocommerce-text-align-center","9":"woocommerce-image-align-center","10":"do-quantity-buttons","12":"first","13":"instock","14":"shipping-taxable","15":"product-type-external"},"_links":{"self":[{"href":"https:\/\/h17n.com\/fr\/wp-json\/wp\/v2\/product\/689","targetHints":{"allow":["GET"]}}],"collection":[{"href":"https:\/\/h17n.com\/fr\/wp-json\/wp\/v2\/product"}],"about":[{"href":"https:\/\/h17n.com\/fr\/wp-json\/wp\/v2\/types\/product"}],"replies":[{"embeddable":true,"href":"https:\/\/h17n.com\/fr\/wp-json\/wp\/v2\/comments?post=689"}],"wp:featuredmedia":[{"embeddable":true,"href":"https:\/\/h17n.com\/fr\/wp-json\/wp\/v2\/media\/693"}],"wp:attachment":[{"href":"https:\/\/h17n.com\/fr\/wp-json\/wp\/v2\/media?parent=689"}],"wp:term":[{"taxonomy":"product_brand","embeddable":true,"href":"https:\/\/h17n.com\/fr\/wp-json\/wp\/v2\/product_brand?post=689"},{"taxonomy":"product_cat","embeddable":true,"href":"https:\/\/h17n.com\/fr\/wp-json\/wp\/v2\/product_cat?post=689"},{"taxonomy":"product_tag","embeddable":true,"href":"https:\/\/h17n.com\/fr\/wp-json\/wp\/v2\/product_tag?post=689"}],"curies":[{"name":"wp","href":"https:\/\/api.w.org\/{rel}","templated":true}]}}