{"id":678,"date":"2023-05-09T09:22:25","date_gmt":"2023-05-09T09:22:25","guid":{"rendered":"https:\/\/h17n.com\/fr\/?post_type=product&#038;p=678"},"modified":"2023-05-09T09:22:25","modified_gmt":"2023-05-09T09:22:25","slug":"joltfun","status":"publish","type":"product","link":"https:\/\/h17n.com\/fr\/utiliser-bitcoin\/joltfun\/","title":{"rendered":"Joltfun : acheter des jeux avec des bitcoins"},"content":{"rendered":"<p>Vous pouvez acheter plus de 20 000 jeux sur 10 plateformes diff\u00e9rentes chez <a href=\"https:\/\/joltfun.com\/\" rel=\"nofollow noopener\" target=\"_blank\">Joltfun<\/a> en utilisant \u00e0 la fois le bitcoin on-chain et le <a href=\"https:\/\/h17n.com\/fr\/reseau-lightning\/\" target=\"_blank\" rel=\"noopener\">Lightning<\/a>. Une fois votre paiement en bitcoins valid\u00e9, vos cl\u00e9s de jeu vous seront envoy\u00e9es par e-mail en quelques secondes. Le magasin de jeux en ligne n&rsquo;accepte pas d&rsquo;autres m\u00e9thodes de paiement et ne pr\u00e9voit pas d&rsquo;accepter les altcoins.<\/p>\n<h2>Comment fonctionne Joltfun<\/h2>\n<p>Chaque jeu est li\u00e9 \u00e0 une plateforme de jeu qui est sp\u00e9cifi\u00e9e dans la description du produit. Lorsque vous commandez un jeu, Joltfun vous envoie une cl\u00e9 de jeu (\u00e9galement appel\u00e9e \u00a0\u00bb code de jeu \u00ab\u00a0). Il s&rsquo;agit d&rsquo;un code alphanum\u00e9rique court que vous pouvez utiliser pour obtenir votre jeu sur la plateforme appropri\u00e9e. Dans la plupart des cas, il vous suffit d&rsquo;entrer le code dans votre application de jeu et votre jeu sera pr\u00eat en 2 secondes.<\/p>\n<p>Lors de l&rsquo;achat, votre facture n&rsquo;est valable que pendant deux heures. Votre paiement doit avoir \u00e9t\u00e9 re\u00e7u par le r\u00e9seau avant ce d\u00e9lai. Si la facture expire, vous pouvez r\u00e9essayer en passant une nouvelle commande. Si vous payez sur la cha\u00eene, le d\u00e9lai est prolong\u00e9 de 12 heures suppl\u00e9mentaires pour attendre une confirmation une fois que votre paiement est vu sur le r\u00e9seau (non confirm\u00e9). La facture expirera si votre paiement n&rsquo;est pas confirm\u00e9 en temps voulu. Il est recommand\u00e9 de s\u00e9lectionner suffisamment de frais d&rsquo;exploitation mini\u00e8re pour garantir une confirmation opportune.<\/p>\n<p>Les plateformes sur lesquelles vous pouvez acheter des jeux en utilisant Joltfun sont :<\/p>\n<ul>\n<li>Battle.net<\/li>\n<li>Steam<\/li>\n<li>Bethesda<\/li>\n<li>Epic Store<\/li>\n<li>GOG.com<\/li>\n<li>Origin<\/li>\n<li>Playstation<\/li>\n<li>Rockstar<\/li>\n<li>Nintendo Switch<\/li>\n<li>Xbox<\/li>\n<\/ul>\n","protected":false},"excerpt":{"rendered":"<p>Joltfun vous permet d&rsquo;acheter plus de 20 000 jeux sur des plateformes populaires telles que Steam, Origin, Xbox et Playstation avec des bitcoins et via le r\u00e9seau Lightning.<\/p>\n","protected":false},"featured_media":681,"comment_status":"open","ping_status":"closed","template":"","meta":[],"product_brand":[],"product_cat":[55],"product_tag":[],"class_list":{"0":"post-678","1":"product","2":"type-product","3":"status-publish","4":"has-post-thumbnail","6":"product_cat-utiliser-bitcoin","7":"","8":"woocommerce-text-align-center","9":"woocommerce-image-align-center","10":"do-quantity-buttons","12":"first","13":"instock","14":"shipping-taxable","15":"product-type-external"},"_links":{"self":[{"href":"https:\/\/h17n.com\/fr\/wp-json\/wp\/v2\/product\/678","targetHints":{"allow":["GET"]}}],"collection":[{"href":"https:\/\/h17n.com\/fr\/wp-json\/wp\/v2\/product"}],"about":[{"href":"https:\/\/h17n.com\/fr\/wp-json\/wp\/v2\/types\/product"}],"replies":[{"embeddable":true,"href":"https:\/\/h17n.com\/fr\/wp-json\/wp\/v2\/comments?post=678"}],"wp:featuredmedia":[{"embeddable":true,"href":"https:\/\/h17n.com\/fr\/wp-json\/wp\/v2\/media\/681"}],"wp:attachment":[{"href":"https:\/\/h17n.com\/fr\/wp-json\/wp\/v2\/media?parent=678"}],"wp:term":[{"taxonomy":"product_brand","embeddable":true,"href":"https:\/\/h17n.com\/fr\/wp-json\/wp\/v2\/product_brand?post=678"},{"taxonomy":"product_cat","embeddable":true,"href":"https:\/\/h17n.com\/fr\/wp-json\/wp\/v2\/product_cat?post=678"},{"taxonomy":"product_tag","embeddable":true,"href":"https:\/\/h17n.com\/fr\/wp-json\/wp\/v2\/product_tag?post=678"}],"curies":[{"name":"wp","href":"https:\/\/api.w.org\/{rel}","templated":true}]}}