{"id":674,"date":"2023-05-09T08:46:34","date_gmt":"2023-05-09T08:46:34","guid":{"rendered":"https:\/\/h17n.com\/fr\/?post_type=product&#038;p=674"},"modified":"2023-05-09T08:47:13","modified_gmt":"2023-05-09T08:47:13","slug":"coin-atm-radar","status":"publish","type":"product","link":"https:\/\/h17n.com\/fr\/utiliser-bitcoin\/coin-atm-radar\/","title":{"rendered":"Coin ATM Radar : une carte des guichets automatiques Bitcoin"},"content":{"rendered":"<p><a href=\"https:\/\/coinatmradar.com\/\" rel=\"nofollow noopener\" target=\"_blank\">Coin ATM Radar<\/a> est une carte Bitcoin qui peut vous aider \u00e0 identifier les emplacements des guichets automatiques Bitcoin o\u00f9 vous pouvez acheter ou vendre des bitcoins contre de l&rsquo;argent liquide. De plus, vous pouvez consulter les tarifs des guichets automatiques en ligne et trouver le moins cher. La carte est disponible pour <a href=\"https:\/\/play.google.com\/store\/apps\/details?id=com.coinatmradar.android&amp;hl=en\" rel=\"nofollow noopener\" target=\"_blank\">Android<\/a>, <a href=\"https:\/\/itunes.apple.com\/us\/app\/coinatmradar\/id944855781\" rel=\"nofollow noopener\" target=\"_blank\">iOS<\/a> et \u00e9galement sur son site web.<\/p>\n<p>Au moment de la r\u00e9daction de cet article, il y avait 38670 guichets automatiques Bitcoin et 599 op\u00e9rateurs r\u00e9pertori\u00e9s dans 79 pays.<\/p>\n<h2>Caract\u00e9ristiques<\/h2>\n<ul>\n<li>Carte des guichets automatiques Bitcoin<\/li>\n<li>Localiser les guichets automatiques Bitcoin pr\u00e8s de chez vous<\/li>\n<li>Examiner tous les d\u00e9tails des guichets automatiques (frais et limites)<\/li>\n<li>Obtenir l&rsquo;itin\u00e9raire pour se rendre au distributeur de bitcoins \u00e0 partir de l&rsquo;endroit o\u00f9 l&rsquo;on se trouve.<\/li>\n<\/ul>\n<h2>Plus d&rsquo;informations<\/h2>\n<ul>\n<li><a href=\"https:\/\/coinatmradar.com\/blog\/how-to-buy-bitcoins-with-bitcoin-atm\/\" rel=\"nofollow noopener\" target=\"_blank\">Comment acheter du bitcoin en utilisant un guichet automatique Bitcoin ?<\/a><\/li>\n<li><a href=\"https:\/\/coinatmradar.com\/blog\/how-to-sell-bitcoins-using-bitcoin-atm\/\" rel=\"nofollow noopener\" target=\"_blank\">Comment vendre des bitcoins \u00e0 l&rsquo;aide d&rsquo;un guichet automatique Bitcoin ?<\/a><\/li>\n<li><a href=\"https:\/\/coinatmradar.com\/\" rel=\"nofollow noopener\" target=\"_blank\">Site Web de<\/a> Coin ATM Radar<\/li>\n<li>Mises \u00e0 jour de Coin ATM Radar sur Twitter : <a href=\"https:\/\/twitter.com\/CoinATMRadar\" rel=\"nofollow noopener\" target=\"_blank\">@CoinATMRadar<\/a><\/li>\n<\/ul>\n","protected":false},"excerpt":{"rendered":"<p>Coin ATM Radar est une carte bitcoin gratuite qui peut vous aider \u00e0 trouver des guichets automatiques Bitcoin pr\u00e8s de chez vous o\u00f9 vous pouvez acheter ou vendre des bitcoins contre de l&rsquo;argent.<\/p>\n","protected":false},"featured_media":677,"comment_status":"open","ping_status":"closed","template":"","meta":[],"product_brand":[],"product_cat":[55],"product_tag":[],"class_list":{"0":"post-674","1":"product","2":"type-product","3":"status-publish","4":"has-post-thumbnail","6":"product_cat-utiliser-bitcoin","7":"","8":"woocommerce-text-align-center","9":"woocommerce-image-align-center","10":"do-quantity-buttons","12":"first","13":"instock","14":"shipping-taxable","15":"product-type-external"},"_links":{"self":[{"href":"https:\/\/h17n.com\/fr\/wp-json\/wp\/v2\/product\/674","targetHints":{"allow":["GET"]}}],"collection":[{"href":"https:\/\/h17n.com\/fr\/wp-json\/wp\/v2\/product"}],"about":[{"href":"https:\/\/h17n.com\/fr\/wp-json\/wp\/v2\/types\/product"}],"replies":[{"embeddable":true,"href":"https:\/\/h17n.com\/fr\/wp-json\/wp\/v2\/comments?post=674"}],"wp:featuredmedia":[{"embeddable":true,"href":"https:\/\/h17n.com\/fr\/wp-json\/wp\/v2\/media\/677"}],"wp:attachment":[{"href":"https:\/\/h17n.com\/fr\/wp-json\/wp\/v2\/media?parent=674"}],"wp:term":[{"taxonomy":"product_brand","embeddable":true,"href":"https:\/\/h17n.com\/fr\/wp-json\/wp\/v2\/product_brand?post=674"},{"taxonomy":"product_cat","embeddable":true,"href":"https:\/\/h17n.com\/fr\/wp-json\/wp\/v2\/product_cat?post=674"},{"taxonomy":"product_tag","embeddable":true,"href":"https:\/\/h17n.com\/fr\/wp-json\/wp\/v2\/product_tag?post=674"}],"curies":[{"name":"wp","href":"https:\/\/api.w.org\/{rel}","templated":true}]}}