{"id":673,"date":"2023-05-13T10:59:25","date_gmt":"2023-05-13T10:59:25","guid":{"rendered":"https:\/\/h17n.com\/fr\/?post_type=product&#038;p=673"},"modified":"2024-12-06T13:13:09","modified_gmt":"2024-12-06T13:13:09","slug":"zebedee","status":"publish","type":"product","link":"https:\/\/h17n.com\/fr\/gagner\/zebedee\/","title":{"rendered":"Zebedee : gagner des bitcoins en jouant \u00e0 des jeux"},"content":{"rendered":"<p><a href=\"https:\/\/zebedee.io\/\" rel=\"nofollow noopener\" target=\"_blank\">Zebedee<\/a> est une entreprise qui d\u00e9veloppe des jeux de bureau et mobiles dans lesquels vous pouvez gagner des bitcoins. L&rsquo;objectif de l&rsquo;entreprise est de permettre aux joueurs de gagner et de d\u00e9penser facilement des bitcoins dans leurs jeux, ainsi que de promouvoir l&rsquo;utilisation des bitcoins dans l&rsquo;industrie du jeu. Les sats gratuits sont fournis par des sponsors et des marques.<\/p>\n<div class=\"action box\">\n<p>Gagnez des Bitcoin sur ZBD en utilisant mon code de parrainage : 0I1HU9<\/p>\n<\/div>\n<h2>Comment fonctionne Zebedee ?<\/h2>\n<p>Pour utiliser Zebedee, il faut t\u00e9l\u00e9charger l&rsquo;application de jeux Zebedee depuis l&rsquo;<a href=\"https:\/\/apps.apple.com\/us\/app\/zebedee-wallet\/id1484394401\" rel=\"nofollow noopener\" target=\"_blank\">App Store<\/a>, le <a href=\"https:\/\/play.google.com\/store\/apps\/details?id=io.zebedee.wallet\" rel=\"nofollow noopener\" target=\"_blank\">Google Play Store<\/a>, <a href=\"https:\/\/chrome.google.com\/webstore\/detail\/zebedee-bitcoin-lightning\/kpjdchaapjheajadlaakiiigcbhoppda\" rel=\"nofollow noopener\" target=\"_blank\">Chrome<\/a> ou <a href=\"https:\/\/addons.mozilla.org\/en-US\/firefox\/addon\/zbd\/\" rel=\"nofollow noopener\" target=\"_blank\">Firefox<\/a>.<\/p>\n<p>Lorsque vous terminez un niveau, atteignez un score \u00e9lev\u00e9 ou atteignez une certaine \u00e9tape, vous \u00eates r\u00e9compens\u00e9 par une petite quantit\u00e9 de bitcoins qui est envoy\u00e9e directement dans votre <a href=\"https:\/\/h17n.com\/fr\/portefeuilles-bitcoin\/\" target=\"_blank\" rel=\"noopener\">portefeuille bitcoin<\/a>.<\/p>\n<p>La soci\u00e9t\u00e9 a int\u00e9gr\u00e9 un portefeuille bitcoin de garde \u00e0 ses jeux, ce qui permet aux joueurs de g\u00e9rer et de d\u00e9penser facilement leurs gains. Cependant, vous pouvez retirer les fonds vers votre propre portefeuille non d\u00e9positaire ou effectuer des d\u00e9p\u00f4ts sur des <a href=\"https:\/\/h17n.com\/fr\/acheter-du-bitcoin\/\" target=\"_blank\" rel=\"noopener\">\u00e9changes de bitcoins<\/a> qui prennent en charge <a href=\"https:\/\/h17n.com\/fr\/reseau-lightning\/\" target=\"_blank\" rel=\"noopener\">le r\u00e9seau Lightning<\/a>. Quelques exemples de ces portefeuilles et \u00e9changes comprennent <a href=\"https:\/\/h17n.com\/fr\/portefeuilles-mobiles\/muun\/\" target=\"_blank\" rel=\"noopener\">Muun<\/a>, <a href=\"https:\/\/h17n.com\/fr\/portefeuilles-de-bureau\/exodus\/\" target=\"_blank\" rel=\"noopener\">Exodus<\/a>, <a href=\"https:\/\/h17n.com\/fr\/acheter-du-bitcoin\/coincorner\/\" target=\"_blank\" rel=\"noopener\">CoinCorner<\/a>, <a href=\"https:\/\/www.okcoin.com\" rel=\"nofollow noopener\" target=\"_blank\">OKCoin<\/a> et <a href=\"https:\/\/www.bitfinex.com\" rel=\"nofollow noopener\" target=\"_blank\">Bitfinex<\/a>. Ils disposent \u00e9galement d&rsquo;un syst\u00e8me d&rsquo;\u00e9change int\u00e9gr\u00e9 o\u00f9 les joueurs peuvent \u00e9changer des bitcoins entre eux.<\/p>\n<p>En plus de transf\u00e9rer des bitcoins, vous pouvez d\u00e9penser vos sats (la plus petite unit\u00e9 de bitcoin) pour diverses activit\u00e9s. Donner un pourboire \u00e0 d&rsquo;autres joueurs est l&rsquo;une de ces actions. Cela est possible avec les Zebedee Bots sur des plateformes comme Discord et Telegram. Vous pouvez aussi donner un pourboire aux cr\u00e9ateurs de contenu et aux streamers sur des plateformes comme YouTube, Twitter et Twitch en envoyant des sats \u00e0 tous ceux qui ont un portefeuille Zebedee. Enfin, vous pouvez utiliser les sats pour faire des achats en ligne en utilisant des applis comme <a href=\"https:\/\/h17n.com\/use\/bitrefill\">Bitrefill<\/a> et <a href=\"https:\/\/h17n.com\/use\/moon\">Moon<\/a>. Ces applis vous permettent d&rsquo;utiliser des bitcoins pour acheter une vari\u00e9t\u00e9 de biens et de services.<\/p>\n<div class=\"action box\">\n<p>Gagnez des Bitcoin sur ZBD en utilisant mon code de parrainage : 0I1HU9<\/p>\n<\/div>\n<h2>Jeux de Zebedee<\/h2>\n<p>Les jeux qui sont disponibles sur la plateforme sont notamment les suivants :<\/p>\n<ul>\n<li><strong>Bitcoin Chess (iOS et Android).<\/strong> Le jeu de strat\u00e9gie classique.<\/li>\n<li><strong>Bitcoin Scratch (iOS et Android).<\/strong> Recevez des packs de cartes \u00e0 gratter et gagnez des bitcoins si vous marquez des combos.<\/li>\n<li><strong>Counter-Strike Global Offensive (ordinateur de bureau) avec ZBD Infuse.<\/strong> L&rsquo;un des jeux FPS comp\u00e9titifs les plus populaires.<\/li>\n<li><strong>ZEBEDEE Karts (Bitcoin Rally) (ordinateur de bureau).<\/strong> Un jeu d&rsquo;arcade multijoueur amusant avec une particularit\u00e9 : toute personne qui vous regarde jouer a la possibilit\u00e9 de d\u00e9poser des dangers ou des bonus sur la piste de course.<\/li>\n<li><strong>SaruTobi (iOS, Android).<\/strong> Un jeu grand public dans lequel vous envoyez un petit singe \u00e0 travers une jungle \u00e0 la recherche de bananes (ou de bitcoins).<\/li>\n<li><strong>Lightning Crush (Android).<\/strong> Un jeu de match 3 similaire \u00e0 Candy Crush, mais avec de l&rsquo;argent r\u00e9el en jeu.<\/li>\n<li><strong>Balls King (iOS, Android).<\/strong> Le jeu addictif de casse-briques en bitcoins pour votre smartphone.<\/li>\n<li><strong>Roue des crypto (iOS, Android)<\/strong> Faites tourner la roue et r\u00e9pondez aux questions pour gagner plus de bitcoins.<\/li>\n<li><strong>Amazeballs (iOS, Android).<\/strong> Un jeu de r\u00e9flexion qui vous permet de gagner des bitcoins en jouant.<\/li>\n<li><strong>Wheel of Trivia (iOS, Android).<\/strong> Fans de Trivia, soyez r\u00e9compens\u00e9s pour vos connaissances.<\/li>\n<li><strong>Bitcoin Bounce (iOS, Android)<\/strong> Un platformer mobile dans lequel vous utilisez votre doigt pour faire rebondir un bitcoin sur une blockchain virtuelle et concourir pour obtenir des r\u00e9compenses.<\/li>\n<li><strong>Turbo 84 (iOS, Android)<\/strong> Un jeu de course mobile avec changement de voie dans lequel vous accumulez de la vitesse, \u00e9vitez les obstacles et collectez des bonus. <\/li>\n<\/ul>\n<p>Veuillez noter qu&rsquo;il ne s&rsquo;agit pas d&rsquo;une liste compl\u00e8te des jeux Zebedee. Vous pouvez trouver tous les jeux sur l&rsquo;application ou le site web de Zebedee.<\/p>\n<div class=\"action box\">\n<p>Gagnez des Bitcoin sur ZBD en utilisant mon code de parrainage : 0I1HU9<\/p>\n<\/div>\n<h2>Pays support\u00e9s par Zebedee pour les jeux<\/h2>\n<p>L&rsquo;application ZBD vise \u00e0 atteindre un public mondial de joueurs et de passionn\u00e9s de Bitcoin. Elle est donc disponible dans de nombreux pays \u00e0 travers le monde. Parmi les pays support\u00e9s par Zebedee, on trouve les \u00c9tats-Unis, la France, le Royaume-Uni, l&rsquo;Union europ\u00e9enne, le Br\u00e9sil, le Kenya, le Nig\u00e9ria, les Philippines, le Mexique, et bien d&rsquo;autres.<\/p>\n<h2>Zebedee est-il l\u00e9gitime et s\u00e9curis\u00e9 ?<\/h2>\n<p>Le jeu ZBD est l&rsquo;une des applications de jeux Bitcoin r\u00e9put\u00e9es sur le march\u00e9. Zebedee est une entreprise l\u00e9gitime enregistr\u00e9e sous le nom de ZEBEDEE LLC aupr\u00e8s du Registre des entreprises du Delaware, aux \u00c9tats-Unis. Le portefeuille Zebedee, l&rsquo;un de leurs produits, est consid\u00e9r\u00e9 comme s\u00fbr et l\u00e9gitime. Cependant, il fonctionne comme un portefeuille de garde. De plus, il est important de comprendre que les soldes d\u00e9tenus dans le portefeuille Zebedee ne sont pas couverts par les protections de la Federal Deposit Insurance Corporation (FDIC) ou de la Securities Investor Protection Corporation (SIPC).<\/p>\n<div class=\"action box\">\n<p>Gagnez des Bitcoin sur ZBD en utilisant mon code de parrainage : 0I1HU9<\/p>\n<\/div>\n<h2>Plus d&rsquo;informations<\/h2>\n<ul>\n<li><a href=\"https:\/\/zebedee.io\/countries\">Pays pris en charge<\/a><\/li>\n<li><a href=\"https:\/\/twitter.com\/zebedeeio\">Mises \u00e0 jour de Zebedee<\/a><\/li>\n<\/ul>\n","protected":false},"excerpt":{"rendered":"<p>Zebedee est un d\u00e9veloppeur de jeux de bureau et mobiles qui vous permettent de gagner du bitcoin, de le d\u00e9penser et de donner un pourboire aux autres.<\/p>\n","protected":false},"featured_media":672,"comment_status":"open","ping_status":"closed","template":"","meta":[],"product_brand":[],"product_cat":[44],"product_tag":[],"class_list":{"0":"post-673","1":"product","2":"type-product","3":"status-publish","4":"has-post-thumbnail","6":"product_cat-gagner","7":"","8":"woocommerce-text-align-center","9":"woocommerce-image-align-center","10":"do-quantity-buttons","12":"first","13":"instock","14":"shipping-taxable","15":"product-type-external"},"_links":{"self":[{"href":"https:\/\/h17n.com\/fr\/wp-json\/wp\/v2\/product\/673","targetHints":{"allow":["GET"]}}],"collection":[{"href":"https:\/\/h17n.com\/fr\/wp-json\/wp\/v2\/product"}],"about":[{"href":"https:\/\/h17n.com\/fr\/wp-json\/wp\/v2\/types\/product"}],"replies":[{"embeddable":true,"href":"https:\/\/h17n.com\/fr\/wp-json\/wp\/v2\/comments?post=673"}],"wp:featuredmedia":[{"embeddable":true,"href":"https:\/\/h17n.com\/fr\/wp-json\/wp\/v2\/media\/672"}],"wp:attachment":[{"href":"https:\/\/h17n.com\/fr\/wp-json\/wp\/v2\/media?parent=673"}],"wp:term":[{"taxonomy":"product_brand","embeddable":true,"href":"https:\/\/h17n.com\/fr\/wp-json\/wp\/v2\/product_brand?post=673"},{"taxonomy":"product_cat","embeddable":true,"href":"https:\/\/h17n.com\/fr\/wp-json\/wp\/v2\/product_cat?post=673"},{"taxonomy":"product_tag","embeddable":true,"href":"https:\/\/h17n.com\/fr\/wp-json\/wp\/v2\/product_tag?post=673"}],"curies":[{"name":"wp","href":"https:\/\/api.w.org\/{rel}","templated":true}]}}