{"id":669,"date":"2023-05-08T19:21:26","date_gmt":"2023-05-08T19:21:26","guid":{"rendered":"https:\/\/h17n.com\/fr\/?post_type=product&#038;p=669"},"modified":"2023-05-08T19:21:26","modified_gmt":"2023-05-08T19:21:26","slug":"appli-zebedee","status":"publish","type":"product","link":"https:\/\/h17n.com\/fr\/gagner\/appli-zebedee\/","title":{"rendered":"ZEBEDEE : l&rsquo;application Bitcoin polyvalente"},"content":{"rendered":"<p>L&rsquo;appli <a href=\"https:\/\/zebedee.io\/\" rel=\"nofollow noopener\" target=\"_blank\">ZEBEDEE<\/a> permet aux utilisateurs d&rsquo;acheter des cartes-cadeaux avec des bitcoins, de gagner des bitcoins en jouant \u00e0 des jeux, et son API et son kit de d\u00e9veloppement logiciel (SDK) permettent aux d\u00e9veloppeurs de jeux d&rsquo;int\u00e9grer des micropaiements en bitcoins dans leurs jeux. De plus, les utilisateurs situ\u00e9s aux \u00c9tats-Unis, au Royaume-Uni et dans l&rsquo;Union europ\u00e9enne peuvent utiliser l&rsquo;appli pour envoyer de l&rsquo;argent au Br\u00e9sil et aux Philippines.<\/p>\n<p>Le portefeuille de l&rsquo;application fonctionne sur le <a href=\"https:\/\/h17n.com\/fr\/reseau-lightning\/\" target=\"_blank\" rel=\"noopener\">r\u00e9seau Lightning<\/a>. Cela permet des transactions rapides comme Lightning avec des frais tr\u00e8s faibles, voire nuls, \u00e0 l&rsquo;instar des autres portefeuilles Lightning.<\/p>\n<p>L&rsquo;appli ZEBEDEE est accessible sur diff\u00e9rentes plateformes, notamment sur les appareils mobiles <a href=\"https:\/\/play.google.com\/store\/apps\/details?id=io.zebedee.wallet\" rel=\"nofollow noopener\" target=\"_blank\">Android<\/a> et <a href=\"https:\/\/apps.apple.com\/us\/app\/zebedee-wallet\/id1484394401\">iOS<\/a>, ainsi que sur les navigateurs mobiles <a href=\"https:\/\/addons.mozilla.org\/en-US\/firefox\/addon\/zbd\/\" rel=\"nofollow noopener\" target=\"_blank\">Firefox<\/a> et <a href=\"https:\/\/chrome.google.com\/webstore\/detail\/zebedee-bitcoin-lightning\/kpjdchaapjheajadlaakiiigcbhoppda\" rel=\"nofollow noopener\" target=\"_blank\">Chrome<\/a>.<\/p>\n<h2>Caract\u00e9ristiques de l&rsquo;application ZEBEDEE<\/h2>\n<p>Voici quelques-unes des principales caract\u00e9ristiques de l&rsquo;appli Zebedee Bitcoin :<\/p>\n<ul>\n<li><strong>Paiements via le r\u00e9seau Lightning :<\/strong> l&rsquo;appli fait appel au r\u00e9seau Lightning Bitcoin pour permettre des micropaiements rapides et peu co\u00fbteux au sein des jeux et des exp\u00e9riences num\u00e9riques.<\/li>\n<li><strong>Acheter des cartes-cadeaux :<\/strong> ZEBEDEE s&rsquo;est associ\u00e9 \u00e0 <a href=\"https:\/\/h17n.com\/fr\/utiliser-bitcoin\/bitrefill\/\" target=\"_blank\" rel=\"noopener\">Bitrefill<\/a> pour offrir aux utilisateurs la possibilit\u00e9 d&rsquo;acheter des cartes-cadeaux aupr\u00e8s de plus de 5 000 vendeurs en utilisant Bitcoin comme m\u00e9thode de paiement.<\/li>\n<li><strong>R\u00e9compenses en jeu :<\/strong> Les utilisateurs peuvent <a href=\"https:\/\/h17n.com\/fr\/gagner\/zebedee\/\" target=\"_blank\" rel=\"noopener\">gagner des bitcoins en jouant \u00e0 des jeux<\/a>, en relevant des d\u00e9fis ou en remportant des tournois.<\/li>\n<li><strong>Bitcoin pour les cr\u00e9ateurs de contenu :<\/strong> Avec <a href=\"https:\/\/streamer.zebedee.io\/\" rel=\"nofollow noopener\" target=\"_blank\">ZEBEDEE Streamer<\/a> et ses extensions, votre public de streaming en direct a d\u00e9sormais la possibilit\u00e9 de vous donner un pourboire pendant vos diffusions.<\/li>\n<li><strong>ZBD Bots :<\/strong> Les bots permettent aux membres de la communaut\u00e9 de votre serveur Discord ou Telegram de s&rsquo;envoyer des bitcoins par le biais de messages, de donner des pourboires dans les commentaires des autres ou de r\u00e9compenser des m\u00e8mes amusants, qu&rsquo;ils disposent ou non d&rsquo;un portefeuille bitcoin.<\/li>\n<li><strong>Services d&rsquo;envoi de fonds :<\/strong> Les utilisateurs situ\u00e9s aux \u00c9tats-Unis, au Royaume-Uni et dans l&rsquo;Union europ\u00e9enne peuvent d\u00e9sormais utiliser ZEBEDEE pour envoyer de l&rsquo;argent instantan\u00e9ment aux Philippines et au Br\u00e9sil, gr\u00e2ce aux collaborations de la plateforme avec Pouch.ph et Bipa.<\/li>\n<li><strong>Convertir la monnaie locale en bitcoins :<\/strong> Dans plus de 100 pays, l&rsquo;int\u00e9gration de Zebedee avec MoonPay permet aux utilisateurs d&rsquo;ajouter des fonds \u00e0 leur solde de bitcoins en utilisant une carte de cr\u00e9dit ou de d\u00e9bit.<\/li>\n<li><strong>Retraits de bitcoins :<\/strong> Les utilisateurs peuvent retirer les bitcoins qu&rsquo;ils ont gagn\u00e9s vers un portefeuille bitcoin externe.<\/li>\n<li><strong>Achats dans le jeu :<\/strong> Les d\u00e9veloppeurs peuvent accepter les paiements en bitcoins pour les achats et les r\u00e9compenses dans le jeu.<\/li>\n<li><strong>SDK et API :<\/strong> ZEBEDEE propose un kit de d\u00e9veloppement logiciel (SDK) et une API qui permettent aux d\u00e9veloppeurs de jeux d&rsquo;int\u00e9grer facilement les paiements en bitcoins dans leurs jeux et leurs exp\u00e9riences num\u00e9riques.<\/li>\n<li><strong>Prise en charge de plusieurs plateformes :<\/strong> L&rsquo;appli et le SDK sont con\u00e7us pour fonctionner sur diverses plateformes, notamment les appareils mobiles, les ordinateurs de bureau et les navigateurs web.<\/li>\n<\/ul>\n<div class=\"action box\">\n<p>D\u00e9couvre : <a href=\"https:\/\/h17n.com\/fr\/gagner\/zebedee\/\">Comment gagner des bitcoins en jouant \u00e0 des jeux avec ZEBEDEE<\/a><\/p>\n<\/div>\n<h2>Plus d&rsquo;informations<\/h2>\n<ul>\n<li><a href=\"https:\/\/zebedee.io\/\" rel=\"nofollow noopener\" target=\"_blank\">Site web de<\/a> ZEBEDEE<\/li>\n<li>ZEBEDEE sur <a href=\"https:\/\/twitter.com\/zebedeeio\" rel=\"nofollow noopener\" target=\"_blank\">Twitter<\/a><\/li>\n<li>ZEBEDEE sur <a href=\"https:\/\/zeb.gg\/zebedeeiodiscord\" rel=\"nofollow noopener\" target=\"_blank\">Discord<\/a><\/li>\n<\/ul>\n","protected":false},"excerpt":{"rendered":"<p>Avec l&rsquo;application ZEBEDEE, les utilisateurs peuvent gagner des bitcoins en jouant \u00e0 des jeux, acheter des cartes-cadeaux, transf\u00e9rer des fonds et donner des pourboires aux cr\u00e9ateurs de contenu. Les d\u00e9veloppeurs peuvent \u00e9galement utiliser l&rsquo;API et le SDK de l&rsquo;application pour int\u00e9grer des micropaiements en bitcoins dans leurs jeux.<\/p>\n","protected":false},"featured_media":672,"comment_status":"open","ping_status":"closed","template":"","meta":[],"product_brand":[],"product_cat":[42,44,55],"product_tag":[],"class_list":{"0":"post-669","1":"product","2":"type-product","3":"status-publish","4":"has-post-thumbnail","6":"product_cat-envois-de-fonds","7":"product_cat-gagner","8":"product_cat-utiliser-bitcoin","9":"","10":"woocommerce-text-align-center","11":"woocommerce-image-align-center","12":"do-quantity-buttons","14":"first","15":"instock","16":"shipping-taxable","17":"product-type-external"},"_links":{"self":[{"href":"https:\/\/h17n.com\/fr\/wp-json\/wp\/v2\/product\/669","targetHints":{"allow":["GET"]}}],"collection":[{"href":"https:\/\/h17n.com\/fr\/wp-json\/wp\/v2\/product"}],"about":[{"href":"https:\/\/h17n.com\/fr\/wp-json\/wp\/v2\/types\/product"}],"replies":[{"embeddable":true,"href":"https:\/\/h17n.com\/fr\/wp-json\/wp\/v2\/comments?post=669"}],"wp:featuredmedia":[{"embeddable":true,"href":"https:\/\/h17n.com\/fr\/wp-json\/wp\/v2\/media\/672"}],"wp:attachment":[{"href":"https:\/\/h17n.com\/fr\/wp-json\/wp\/v2\/media?parent=669"}],"wp:term":[{"taxonomy":"product_brand","embeddable":true,"href":"https:\/\/h17n.com\/fr\/wp-json\/wp\/v2\/product_brand?post=669"},{"taxonomy":"product_cat","embeddable":true,"href":"https:\/\/h17n.com\/fr\/wp-json\/wp\/v2\/product_cat?post=669"},{"taxonomy":"product_tag","embeddable":true,"href":"https:\/\/h17n.com\/fr\/wp-json\/wp\/v2\/product_tag?post=669"}],"curies":[{"name":"wp","href":"https:\/\/api.w.org\/{rel}","templated":true}]}}