{"id":665,"date":"2023-05-08T16:52:25","date_gmt":"2023-05-08T16:52:25","guid":{"rendered":"https:\/\/h17n.com\/fr\/?post_type=product&#038;p=665"},"modified":"2023-05-08T16:52:26","modified_gmt":"2023-05-08T16:52:26","slug":"spendabit","status":"publish","type":"product","link":"https:\/\/h17n.com\/fr\/utiliser-bitcoin\/spendabit\/","title":{"rendered":"Spendabit : un moteur de recherche pour les commerces qui acceptent le bitcoin"},"content":{"rendered":"<p><a href=\"https:\/\/spendabit.co\/\" rel=\"nofollow noopener\" target=\"_blank\">Spendabit<\/a> est un moteur de recherche qui vous permet de trouver des produits que vous pouvez acheter avec des bitcoins. Pour ce faire, il analyse de nombreux marchands et places de march\u00e9 en ligne. La plateforme a \u00e9t\u00e9 fond\u00e9e en 2014 et est bas\u00e9e en Californie. Spendabit est utile pour les personnes qui veulent utiliser leurs bitcoins pour acheter des biens en ligne et pour les commer\u00e7ants qui veulent atteindre des clients potentiels qui cherchent \u00e0 d\u00e9penser leurs bitcoins.<\/p>\n<p>Spendabit collecte des produits aupr\u00e8s de grands d\u00e9taillants bien connus qui utilisent des bitcoins, comme Overstock.com, Newegg et Fancy.com, ainsi qu&rsquo;aupr\u00e8s de nombreux petits commer\u00e7ants.<\/p>\n<blockquote>\n<p>  Nous voulons apporter Bitcoin aux masses. Nous croyons qu&rsquo;un syst\u00e8me d&rsquo;argent honn\u00eate, comme Bitcoin, a le potentiel de changer le monde. Nous ne pouvons pas atteindre cet objectif par nous-m\u00eames, mais nous pensons que nous pouvons faire notre part en fournissant aux d\u00e9fenseurs du Bitcoin, ainsi qu&rsquo;aux opposants, une preuve d\u00e9montrable que le Bitcoin a une valeur r\u00e9elle. De plus, nous voulons encourager les utilisateurs existants de Bitcoin \u00e0 conserver une plus grande partie de leur activit\u00e9 \u00e9conomique dans \u00ab l&rsquo;\u00e9conomie Bitcoin \u00bb.<\/p>\n<\/blockquote>\n<h2>Comment fonctionne Spendabit<\/h2>\n<p>La plateforme Spendabit facilite la recherche et l&rsquo;indexation des produits disponibles \u00e0 l&rsquo;achat en bitcoins aupr\u00e8s de divers marchands et places de march\u00e9 en ligne. Pour utiliser Spendabit, vous pouvez utiliser son moteur de recherche pour rechercher les produits qui vous int\u00e9ressent, en utilisant des mots-cl\u00e9s, des r\u00e9gions, des recherches populaires ou des marchands comme param\u00e8tres de recherche. Les r\u00e9sultats de la recherche s&rsquo;affichent alors, avec les images, les descriptions et les prix des produits, ainsi que le nom du marchand qui les vend. Vous pouvez parcourir les r\u00e9sultats et cliquer sur un produit que vous souhaitez acheter. Vous \u00eates alors redirig\u00e9 vers le site web du marchand, o\u00f9 vous pouvez effectuer la transaction en utilisant le bitcoin comme m\u00e9thode de paiement. Spendabit ne g\u00e8re pas directement le processus de paiement, mais fournit un lien vers le site web du marchand, o\u00f9 vous pouvez effectuer le paiement en bitcoins. Une fois le paiement effectu\u00e9, le marchand vous envoie le produit.<\/p>\n<h2>Frais<\/h2>\n<p>Spendabit g\u00e9n\u00e8re des revenus en offrant aux marchands la possibilit\u00e9 d&rsquo;inscrire leurs produits sur le moteur de recherche moyennant des frais. La structure des frais est la suivante :<\/p>\n<ul>\n<li>Le plan Satoshi : Gratuit (backlink demand\u00e9)<\/li>\n<li>Le plan Bitcent : 4,99 USD par mois (Pro)<\/li>\n<li>Le plan Full BTC : 29,99 USD par mois (Enterprise)<\/li>\n<\/ul>\n<h2>En savoir plus sur Spendabit<\/h2>\n<ul>\n<li><a href=\"https:\/\/spendabit.co\/\" rel=\"nofollow noopener\" target=\"_blank\">Site web de Spendabit<\/a><\/li>\n<li>Mises \u00e0 jour de Spendabit sur <a href=\"https:\/\/twitter.com\/spendabit\" rel=\"nofollow noopener\" target=\"_blank\">Twitter<\/a><\/li>\n<\/ul>\n","protected":false},"excerpt":{"rendered":"<p>Spendabit est un moteur de recherche con\u00e7u pour aider les utilisateurs \u00e0 trouver des produits disponibles \u00e0 l&rsquo;achat avec bitcoin.<\/p>\n","protected":false},"featured_media":668,"comment_status":"open","ping_status":"closed","template":"","meta":[],"product_brand":[],"product_cat":[55],"product_tag":[],"class_list":{"0":"post-665","1":"product","2":"type-product","3":"status-publish","4":"has-post-thumbnail","6":"product_cat-utiliser-bitcoin","7":"","8":"woocommerce-text-align-center","9":"woocommerce-image-align-center","10":"do-quantity-buttons","12":"first","13":"instock","14":"shipping-taxable","15":"product-type-external"},"_links":{"self":[{"href":"https:\/\/h17n.com\/fr\/wp-json\/wp\/v2\/product\/665","targetHints":{"allow":["GET"]}}],"collection":[{"href":"https:\/\/h17n.com\/fr\/wp-json\/wp\/v2\/product"}],"about":[{"href":"https:\/\/h17n.com\/fr\/wp-json\/wp\/v2\/types\/product"}],"replies":[{"embeddable":true,"href":"https:\/\/h17n.com\/fr\/wp-json\/wp\/v2\/comments?post=665"}],"wp:featuredmedia":[{"embeddable":true,"href":"https:\/\/h17n.com\/fr\/wp-json\/wp\/v2\/media\/668"}],"wp:attachment":[{"href":"https:\/\/h17n.com\/fr\/wp-json\/wp\/v2\/media?parent=665"}],"wp:term":[{"taxonomy":"product_brand","embeddable":true,"href":"https:\/\/h17n.com\/fr\/wp-json\/wp\/v2\/product_brand?post=665"},{"taxonomy":"product_cat","embeddable":true,"href":"https:\/\/h17n.com\/fr\/wp-json\/wp\/v2\/product_cat?post=665"},{"taxonomy":"product_tag","embeddable":true,"href":"https:\/\/h17n.com\/fr\/wp-json\/wp\/v2\/product_tag?post=665"}],"curies":[{"name":"wp","href":"https:\/\/api.w.org\/{rel}","templated":true}]}}