{"id":659,"date":"2023-05-08T16:25:32","date_gmt":"2023-05-08T16:25:32","guid":{"rendered":"https:\/\/h17n.com\/fr\/?post_type=product&#038;p=659"},"modified":"2023-05-08T16:25:32","modified_gmt":"2023-05-08T16:25:32","slug":"sms4sats","status":"publish","type":"product","link":"https:\/\/h17n.com\/fr\/utiliser-bitcoin\/sms4sats\/","title":{"rendered":"sms4sats : acheter des codes d&rsquo;activation de SMS avec des bitcoins"},"content":{"rendered":"<p><a href=\"https:\/\/sms4sats.com\/\" rel=\"nofollow noopener\" target=\"_blank\">sms4sats<\/a> est un service en ligne pratique qui vous permet de g\u00e9n\u00e9rer des num\u00e9ros de t\u00e9l\u00e9phone jetables \u00e0 usage unique pour plus de confidentialit\u00e9 lorsque vous recevez des codes d&rsquo;activation SMS de plateformes en ligne telles que Twitter, Telegram, Facebook, OpenAI et Discord. En outre, vous pouvez envoyer des messages SMS \u00e0 n&rsquo;importe quel num\u00e9ro de t\u00e9l\u00e9phone de votre choix. Le service accepte exclusivement les bitcoins sur le <a href=\"https:\/\/h17n.com\/fr\/reseau-lightning\/\" target=\"_blank\" rel=\"noopener\">r\u00e9seau Lightning<\/a> comme moyen de paiement.<\/p>\n<h2>Comment fonctionne sms4sats<\/h2>\n<p>sms4sats utilise un syst\u00e8me de factures retenues, ce qui implique que votre paiement ne sera confirm\u00e9 par le n\u0153ud de r\u00e9ception de la plateforme qu&rsquo;une fois que vous aurez re\u00e7u le code. Si vous ne recevez pas le code, la tentative de paiement sera annul\u00e9e et les fonds seront renvoy\u00e9s dans votre portefeuille dans un d\u00e9lai maximum de 20 minutes.<\/p>\n<p>Les taux de r\u00e9ussite de l&rsquo;activation tournent g\u00e9n\u00e9ralement autour de 50 %, ce qui signifie qu&rsquo;il vous faudra peut-\u00eatre essayer au moins deux fois avant de trouver un num\u00e9ro fonctionnel qui permette au service d&rsquo;envoyer un SMS avec succ\u00e8s. Cependant, l&rsquo;aspect positif est que vous pouvez faire autant de tentatives que n\u00e9cessaire jusqu&rsquo;\u00e0 ce que vous r\u00e9ussissiez, et vous ne serez factur\u00e9 que pour le code qui vous est effectivement fourni. Toute tentative infructueuse sera automatiquement rembours\u00e9e sur votre portefeuille Lightning.<\/p>\n<div class=\"warning box\">\n<p>Malheureusement, la plateforme ne peut pas r\u00e9cup\u00e9rer les num\u00e9ros de t\u00e9l\u00e9phone pr\u00e9c\u00e9demment utilis\u00e9s s&rsquo;il vous est demand\u00e9 de les valider \u00e0 nouveau, car cela n&rsquo;est actuellement pas possible en raison des limitations impos\u00e9es par les fournisseurs de services. Toutefois, la plateforme \u00e9tudie activement des solutions pour permettre cette fonctionnalit\u00e9 \u00e0 l&rsquo;avenir.<\/p>\n<\/div>\n<p>La seule forme de paiement accept\u00e9e par sms4sats est le bitcoin en utilisant des <a href=\"\" target=\"_blank\" rel=\"noopener\">portefeuilles bitcoin<\/a> prenant en charge le r\u00e9seau Lightning, ce qui permet \u00e0 la plateforme d&rsquo;exploiter le service sans avoir besoin de comptes ou de soldes.<\/p>\n<h2>Frais de sms4sats<\/h2>\n<p>Les frais de sms4sats s&rsquo;\u00e9l\u00e8vent \u00e0 3000 sats pour la r\u00e9ception et l&rsquo;envoi de SMS, tandis que le co\u00fbt de la location d&rsquo;un num\u00e9ro varie en fonction du pays depuis lequel tu loues.<\/p>\n<h2>Plus d&rsquo;informations<\/h2>\n<ul>\n<li><a href=\"https:\/\/sms4sats.com\/\" rel=\"nofollow noopener\" target=\"_blank\">site web de<\/a> sms4sats<\/li>\n<li>sms4sats sur <a href=\"https:\/\/twitter.com\/sms4sats\" rel=\"nofollow noopener\" target=\"_blank\">Twitter<\/a><\/li>\n<li>sms4sats sur <a href=\"https:\/\/t.me\/sms4sats\" rel=\"nofollow noopener\" target=\"_blank\">Telegram<\/a><\/li>\n<\/ul>\n","protected":false},"excerpt":{"rendered":"<p>sms4sats est un service en ligne qui permet de g\u00e9n\u00e9rer des num\u00e9ros de t\u00e9l\u00e9phone jetables pour plus de confidentialit\u00e9 lors de la r\u00e9ception de codes d&rsquo;activation de SMS. Le service n&rsquo;accepte que des bitcoins sur le r\u00e9seau comme moyen de paiement.<\/p>\n","protected":false},"featured_media":663,"comment_status":"open","ping_status":"closed","template":"","meta":[],"product_brand":[],"product_cat":[55,287],"product_tag":[],"class_list":{"0":"post-659","1":"product","2":"type-product","3":"status-publish","4":"has-post-thumbnail","6":"product_cat-utiliser-bitcoin","7":"product_cat-onfidentialite","8":"","9":"woocommerce-text-align-center","10":"woocommerce-image-align-center","11":"do-quantity-buttons","13":"first","14":"instock","15":"shipping-taxable","16":"product-type-external"},"_links":{"self":[{"href":"https:\/\/h17n.com\/fr\/wp-json\/wp\/v2\/product\/659","targetHints":{"allow":["GET"]}}],"collection":[{"href":"https:\/\/h17n.com\/fr\/wp-json\/wp\/v2\/product"}],"about":[{"href":"https:\/\/h17n.com\/fr\/wp-json\/wp\/v2\/types\/product"}],"replies":[{"embeddable":true,"href":"https:\/\/h17n.com\/fr\/wp-json\/wp\/v2\/comments?post=659"}],"wp:featuredmedia":[{"embeddable":true,"href":"https:\/\/h17n.com\/fr\/wp-json\/wp\/v2\/media\/663"}],"wp:attachment":[{"href":"https:\/\/h17n.com\/fr\/wp-json\/wp\/v2\/media?parent=659"}],"wp:term":[{"taxonomy":"product_brand","embeddable":true,"href":"https:\/\/h17n.com\/fr\/wp-json\/wp\/v2\/product_brand?post=659"},{"taxonomy":"product_cat","embeddable":true,"href":"https:\/\/h17n.com\/fr\/wp-json\/wp\/v2\/product_cat?post=659"},{"taxonomy":"product_tag","embeddable":true,"href":"https:\/\/h17n.com\/fr\/wp-json\/wp\/v2\/product_tag?post=659"}],"curies":[{"name":"wp","href":"https:\/\/api.w.org\/{rel}","templated":true}]}}