{"id":654,"date":"2023-05-08T12:39:56","date_gmt":"2023-05-08T12:39:56","guid":{"rendered":"https:\/\/h17n.com\/fr\/?post_type=product&#038;p=654"},"modified":"2023-05-08T13:16:53","modified_gmt":"2023-05-08T13:16:53","slug":"flatio","status":"publish","type":"product","link":"https:\/\/h17n.com\/fr\/utiliser-bitcoin\/flatio\/","title":{"rendered":"Flatio : payez les locations mensuelles avec des bitcoins"},"content":{"rendered":"<p><a href=\"https:\/\/www.flatio.com\/\" rel=\"nofollow noopener\" target=\"_blank\">Flatio<\/a> est une plateforme en ligne qui facilite la location mensuelle sans d\u00e9p\u00f4t d&rsquo;appartements et de chambres pour des s\u00e9jours de courte ou de longue dur\u00e9e. Elle accepte le bitcoin comme option de paiement. Vous pouvez rechercher des propri\u00e9t\u00e9s en fonction de votre emplacement pr\u00e9f\u00e9r\u00e9, de votre budget et de la p\u00e9riode de location. La plateforme propose des propri\u00e9t\u00e9s locatives dans divers endroits du monde, notamment en Europe, aux \u00c9tats-Unis, en Am\u00e9rique latine et en Afrique.<\/p>\n<p>Flatio propose \u00e9galement une gamme de services pour les propri\u00e9taires, notamment l&rsquo;inscription des propri\u00e9t\u00e9s, la s\u00e9lection des locataires, les contrats de location et le traitement des paiements, ce qui facilite la gestion des propri\u00e9t\u00e9s locatives pour les propri\u00e9taires.<\/p>\n<h2>Principales caract\u00e9ristiques<\/h2>\n<ul>\n<li>Flatio accepte le bitcoin comme option de paiement.<\/li>\n<li>Vous pouvez rechercher des propri\u00e9t\u00e9s locatives en fonction de l&#8217;emplacement, de la dur\u00e9e de location et du budget.<\/li>\n<li>La plateforme propose des appartements enti\u00e8rement meubl\u00e9s qui comprennent tous les \u00e9quipements n\u00e9cessaires tels que les meubles, les appareils de cuisine et la literie.<\/li>\n<li>Flatio propose des options de location pour des s\u00e9jours de courte ou de longue dur\u00e9e.<\/li>\n<li>Elle offre une assistance client\u00e8le multilingue 24 heures sur 24 et 7 jours sur 7 pour s&rsquo;assurer que les utilisateurs ont une exp\u00e9rience positive de l&rsquo;utilisation de la plateforme.<\/li>\n<li>Flatio v\u00e9rifie tous les propri\u00e9taires et toutes les propri\u00e9t\u00e9s r\u00e9pertori\u00e9es sur la plateforme pour garantir votre s\u00e9curit\u00e9.<\/li>\n<\/ul>\n<h2>Comment cela fonctionne-t-il ?<\/h2>\n<p>Flatio vous permet de rechercher des propri\u00e9t\u00e9s \u00e0 louer en fonction de l&#8217;emplacement, du budget et de la p\u00e9riode de location. Vous pouvez s\u00e9lectionner une propri\u00e9t\u00e9, soumettre une demande de r\u00e9servation au propri\u00e9taire, signer un contrat de location et payer le premier mois de loyer et les frais applicables en bitcoin. Une fois approuv\u00e9, vous pouvez emm\u00e9nager dans la propri\u00e9t\u00e9. Tout au long de la p\u00e9riode de location, vous pouvez contacter l&rsquo;\u00e9quipe de support client de Flatio pour obtenir de l&rsquo;aide en cas de probl\u00e8me ou de question.<\/p>\n<h2>Prix de Flatio<\/h2>\n<p>Le prix des locations sur Flatio varie en fonction de plusieurs facteurs, notamment la localisation, le type de bien et la dur\u00e9e de la p\u00e9riode de location. La plateforme fournit des informations transparentes sur les prix et il n&rsquo;y a pas de frais cach\u00e9s ou de commissions. En g\u00e9n\u00e9ral, les prix de location mensuels sur Flatio commencent \u00e0 environ 400-500 EUR pour une chambre simple et 700-800 EUR pour un studio. Les prix des appartements plus grands, avec plusieurs chambres et davantage d&rsquo;\u00e9quipements, peuvent aller de 1000 EUR \u00e0 3000 EUR par mois ou plus, en fonction de l&#8217;emplacement et de la propri\u00e9t\u00e9 concern\u00e9e. Il convient de noter que certaines propri\u00e9t\u00e9s sur Flatio peuvent \u00e9galement inclure des frais suppl\u00e9mentaires pour les services publics, tels que l&rsquo;\u00e9lectricit\u00e9, le gaz et l&rsquo;internet. Heureusement, lorsque vous remplissez les champs \u00a0\u00bb Emm\u00e9nagement \u00a0\u00bb et \u00a0\u00bb D\u00e9m\u00e9nagement \u00a0\u00bb dans la demande de r\u00e9servation sur la page d&rsquo;une annonce, vous pouvez voir une liste compl\u00e8te de tous les frais et prix de location, y compris les dates de paiement.<\/p>\n<div class=\"alert box\">\n<p>La limite maximale de paiement pour payer avec des bitcoins est de 1 000 EUR. Toutefois, si vous devez payer un montant plus \u00e9lev\u00e9 \u00e0 cette limite, vous devez contacter l&rsquo;\u00e9quipe du service client\u00e8le.<\/p>\n<\/div>\n<h2>Plus d&rsquo;informations<\/h2>\n<ul>\n<li><a href=\"https:\/\/www.flatio.com\/\" rel=\"nofollow noopener\" target=\"_blank\">Site<\/a> officiel<\/li>\n<li>Flatio sur Twitter : <a href=\"https:\/\/twitter.com\/flatio_com\" rel=\"nofollow noopener\" target=\"_blank\">@flatio_com<\/a><\/li>\n<\/ul>\n<h2>Avis sur Flatio<\/h2>\n<p>Avis sur Flatio sur <a href=\"https:\/\/www.trustpilot.com\/review\/flatio.com\" rel=\"nofollow noopener\" target=\"_blank\">Trustpilot<\/a><\/p>\n","protected":false},"excerpt":{"rendered":"<p>Flatio est une plateforme de location mensuelle que vous pouvez payer en bitcoin. La plateforme a tri\u00e9 sur le volet des annonces sans d\u00e9p\u00f4t dans plus de 300 destinations.<\/p>\n","protected":false},"featured_media":657,"comment_status":"open","ping_status":"closed","template":"","meta":[],"product_brand":[],"product_cat":[55],"product_tag":[],"class_list":{"0":"post-654","1":"product","2":"type-product","3":"status-publish","4":"has-post-thumbnail","6":"product_cat-utiliser-bitcoin","7":"","8":"woocommerce-text-align-center","9":"woocommerce-image-align-center","10":"do-quantity-buttons","12":"first","13":"instock","14":"shipping-taxable","15":"product-type-external"},"_links":{"self":[{"href":"https:\/\/h17n.com\/fr\/wp-json\/wp\/v2\/product\/654","targetHints":{"allow":["GET"]}}],"collection":[{"href":"https:\/\/h17n.com\/fr\/wp-json\/wp\/v2\/product"}],"about":[{"href":"https:\/\/h17n.com\/fr\/wp-json\/wp\/v2\/types\/product"}],"replies":[{"embeddable":true,"href":"https:\/\/h17n.com\/fr\/wp-json\/wp\/v2\/comments?post=654"}],"wp:featuredmedia":[{"embeddable":true,"href":"https:\/\/h17n.com\/fr\/wp-json\/wp\/v2\/media\/657"}],"wp:attachment":[{"href":"https:\/\/h17n.com\/fr\/wp-json\/wp\/v2\/media?parent=654"}],"wp:term":[{"taxonomy":"product_brand","embeddable":true,"href":"https:\/\/h17n.com\/fr\/wp-json\/wp\/v2\/product_brand?post=654"},{"taxonomy":"product_cat","embeddable":true,"href":"https:\/\/h17n.com\/fr\/wp-json\/wp\/v2\/product_cat?post=654"},{"taxonomy":"product_tag","embeddable":true,"href":"https:\/\/h17n.com\/fr\/wp-json\/wp\/v2\/product_tag?post=654"}],"curies":[{"name":"wp","href":"https:\/\/api.w.org\/{rel}","templated":true}]}}