{"id":650,"date":"2023-05-08T10:10:14","date_gmt":"2023-05-08T10:10:14","guid":{"rendered":"https:\/\/h17n.com\/fr\/?post_type=product&#038;p=650"},"modified":"2023-05-08T10:10:14","modified_gmt":"2023-05-08T10:10:14","slug":"travala","status":"publish","type":"product","link":"https:\/\/h17n.com\/fr\/utiliser-bitcoin\/travala\/","title":{"rendered":"Travala : r\u00e9servez votre h\u00f4tel et vos vols avec des bitcoins"},"content":{"rendered":"<p><a href=\"https:\/\/www.travala.com\" rel=\"nofollow noopener\" target=\"_blank\">Travala.com<\/a> est une plateforme de r\u00e9servation de voyages en ligne qui accepte les bitcoins pour r\u00e9server des h\u00f4tels, des resorts et d&rsquo;autres h\u00e9bergements. La plateforme propose actuellement plus de 3 millions d&rsquo;h\u00e9bergements, d&rsquo;h\u00f4tels, d&rsquo;activit\u00e9s et de vols dans 230 pays. Vous pouvez payer avec des bitcoins on-chain ou via le <a href=\"https:\/\/h17n.com\/fr\/reseau-lightning\/\" target=\"_blank\" rel=\"noopener\">r\u00e9seau Lightning<\/a>.<\/p>\n<h2>Comment fonctionne Travala ?<\/h2>\n<p>L&rsquo;inscription \u00e0 Travala est un processus simple qui peut \u00eatre r\u00e9alis\u00e9 en quelques \u00e9tapes. Pour commencer, rendez-vous sur le <a href=\"https:\/\/www.travala.com\/\" rel=\"nofollow noopener\" target=\"_blank\">site Web de Travala<\/a> et recherchez le bouton \u00a0\u00bb S&rsquo;inscrire maintenant \u00a0\u00bb dans le coin sup\u00e9rieur droit de la page. Apr\u00e8s avoir cliqu\u00e9 sur ce bouton, il vous sera demand\u00e9 de saisir votre adresse e-mail et de cr\u00e9er un mot de passe. Apr\u00e8s cela, il vous sera demand\u00e9 d&rsquo;accepter les conditions d&rsquo;utilisation et la politique de confidentialit\u00e9. L&rsquo;\u00e9tape suivante consiste \u00e0 confirmer votre adresse e-mail en cliquant sur le lien de confirmation envoy\u00e9 \u00e0 votre adresse e-mail. Vous pouvez vous connecter \u00e0 votre compte Travala.com et commencer \u00e0 utiliser la plateforme apr\u00e8s avoir confirm\u00e9 votre e-mail. Vous pouvez commencer \u00e0 rechercher et \u00e0 r\u00e9server des h\u00e9bergements, des activit\u00e9s et des vols sur la plateforme apr\u00e8s avoir configur\u00e9 votre mode de paiement, qui inclut le bitcoin.<\/p>\n<p>Travala.com dispose \u00e9galement d&rsquo;<a href=\"https:\/\/www.travala.com\/app\" rel=\"nofollow noopener\" target=\"_blank\">une application mobile<\/a> disponible pour les appareils iOS et Android. Vous pouvez utiliser l&rsquo;application pour acc\u00e9der \u00e0 toutes les fonctionnalit\u00e9s et avantages de la plateforme depuis vos appareils mobiles, tels que la recherche et la r\u00e9servation d&rsquo;h\u00e9bergements, la gestion de vos r\u00e9servations et l&rsquo;acc\u00e8s \u00e0 vos r\u00e9compenses et remises.<\/p>\n<p>Travala vous permet de rechercher des h\u00e9bergements en saisissant votre localisation, vos dates de voyage et le nombre d&rsquo;invit\u00e9s. Lorsque vous trouvez une propri\u00e9t\u00e9 qui vous pla\u00eet, vous pouvez en savoir plus \u00e0 son sujet, y compris des photos, des \u00e9quipements et des avis de clients pr\u00e9c\u00e9dents.<\/p>\n<p>La mission de l&rsquo;entreprise est d&rsquo;utiliser la technologie blockchain pour rendre les voyages plus accessibles et abordables pour tous. Par rapport aux plateformes traditionnelles de r\u00e9servation de voyages, Travala utilise la technologie blockchain et le reseau Network, vous pouvez donc vous attendre \u00e0 un traitement des paiements plus rapide et plus s\u00e9curis\u00e9, ainsi qu&rsquo;\u00e0 des frais de transaction moins \u00e9lev\u00e9s. Elle offre une mani\u00e8re nouvelle et innovante de r\u00e9server des voyages en tant que plateforme unique en son genre qui combine le meilleur de l&rsquo;industrie traditionnelle du voyage et du monde des crypto-monnaies.<\/p>\n<blockquote><p>Afin de garantir que vous b\u00e9n\u00e9ficiez toujours du meilleur prix, nous nous engageons \u00e0 \u00e9galer ou \u00e0 battre le prix de n&rsquo;importe quel concurrent. Si vous r\u00e9servez un s\u00e9jour ou une activit\u00e9 sur Travala.com et que vous trouvez un prix inf\u00e9rieur sur un autre site web, vous pouvez demander le remboursement de la diff\u00e9rence jusqu&rsquo;\u00e0 24 heures avant votre date d&rsquo;enregistrement dans la propri\u00e9t\u00e9 ou l&rsquo;heure de d\u00e9but de l&rsquo;activit\u00e9.<\/p><\/blockquote>\n<h2>Plus d&rsquo;informations<\/h2>\n<ul>\n<li>Les avis sur Travala sur <a href=\"https:\/\/www.trustpilot.com\/review\/travala.com\" rel=\"nofollow noopener\" target=\"_blank\">Trustpilot<\/a><\/li>\n<li>T\u00e9l\u00e9charger l&rsquo;<a href=\"https:\/\/www.travala.com\/app\" rel=\"nofollow noopener\" target=\"_blank\">application Travala<\/a><\/li>\n<li>Suis Travala sur Twitter : <a href=\"https:\/\/twitter.com\/travalacom\" rel=\"nofollow noopener\" target=\"_blank\">@travalacom<\/a><\/li>\n<\/ul>\n","protected":false},"excerpt":{"rendered":"<p>Travala.com est une plateforme de r\u00e9servation de voyages en ligne qui accepte les bitcoins pour r\u00e9server des visites, des vols, des activit\u00e9s, des h\u00f4tels et d&rsquo;autres h\u00e9bergements.<\/p>\n","protected":false},"featured_media":653,"comment_status":"open","ping_status":"closed","template":"","meta":[],"product_brand":[],"product_cat":[55],"product_tag":[],"class_list":{"0":"post-650","1":"product","2":"type-product","3":"status-publish","4":"has-post-thumbnail","6":"product_cat-utiliser-bitcoin","7":"","8":"woocommerce-text-align-center","9":"woocommerce-image-align-center","10":"do-quantity-buttons","12":"first","13":"instock","14":"shipping-taxable","15":"product-type-external"},"_links":{"self":[{"href":"https:\/\/h17n.com\/fr\/wp-json\/wp\/v2\/product\/650","targetHints":{"allow":["GET"]}}],"collection":[{"href":"https:\/\/h17n.com\/fr\/wp-json\/wp\/v2\/product"}],"about":[{"href":"https:\/\/h17n.com\/fr\/wp-json\/wp\/v2\/types\/product"}],"replies":[{"embeddable":true,"href":"https:\/\/h17n.com\/fr\/wp-json\/wp\/v2\/comments?post=650"}],"wp:featuredmedia":[{"embeddable":true,"href":"https:\/\/h17n.com\/fr\/wp-json\/wp\/v2\/media\/653"}],"wp:attachment":[{"href":"https:\/\/h17n.com\/fr\/wp-json\/wp\/v2\/media?parent=650"}],"wp:term":[{"taxonomy":"product_brand","embeddable":true,"href":"https:\/\/h17n.com\/fr\/wp-json\/wp\/v2\/product_brand?post=650"},{"taxonomy":"product_cat","embeddable":true,"href":"https:\/\/h17n.com\/fr\/wp-json\/wp\/v2\/product_cat?post=650"},{"taxonomy":"product_tag","embeddable":true,"href":"https:\/\/h17n.com\/fr\/wp-json\/wp\/v2\/product_tag?post=650"}],"curies":[{"name":"wp","href":"https:\/\/api.w.org\/{rel}","templated":true}]}}