{"id":644,"date":"2023-05-07T21:20:04","date_gmt":"2023-05-07T21:20:04","guid":{"rendered":"https:\/\/h17n.com\/fr\/?post_type=product&#038;p=644"},"modified":"2023-05-26T13:50:58","modified_gmt":"2023-05-26T13:50:58","slug":"carte-bolt","status":"publish","type":"product","link":"https:\/\/h17n.com\/fr\/utiliser-bitcoin\/carte-bolt\/","title":{"rendered":"Carte Bolt : une carte de d\u00e9bit Bitcoin"},"content":{"rendered":"<p><a href=\"https:\/\/www.boltcard.org\/\" rel=\"nofollow noopener\" target=\"_blank\">La carte Bitcoin Lightning Bolt<\/a> est la premi\u00e8re carte de d\u00e9bit Bitcoin au monde. La carte vous permet de d\u00e9penser facilement vos bitcoins aupr\u00e8s des commer\u00e7ants compatibles avec Lightning dans le monde entier. Elle est con\u00e7ue pour \u00eatre simple \u00e0 utiliser et \u00e0 administrer. Vous pouvez v\u00e9rifier votre solde, l&rsquo;historique de vos transactions et modifier les param\u00e8tres de votre carte \u00e0 partir de votre appareil mobile.<\/p>\n<blockquote><p>Avec la carte Bitcoin Lightning Bolt, vous pouvez profiter de tous les avantages du bitcoin sans avoir \u00e0 g\u00e9rer des \u00e9changes ou des portefeuilles compliqu\u00e9s. Il vous suffit de chargervotre carte avec des bitcoins, et vous pouvez l&rsquo;utiliser comme n&rsquo;importe quelle autre carte de d\u00e9bit pour effectuer des achats en ligne ou en personne.<\/p><\/blockquote>\n<h2>Caract\u00e9ristiques de la carte Bolt<\/h2>\n<ul>\n<li><strong>Paiements aux commer\u00e7ants.<\/strong> La Carte Bolt permet \u00e0 un client d&rsquo;effectuer un paiement au point de vente d&rsquo;un commer\u00e7ant sur le r\u00e9seau Lightning.<\/li>\n<li><strong>R\u00e8gles de paiement personnelles.<\/strong> Choisissez vos propres conditions de paiement, par transaction ou par jour.<\/li>\n<li><strong>Application pour Android.<\/strong> Programmez vos propres cartes avec une application pour Android facile \u00e0 utiliser.<\/li>\n<\/ul>\n<h2>Comment obtenir la carte Bolt<\/h2>\n<p>Suivez ce <a href=\"https:\/\/github.com\/boltcard\" rel=\"nofollow noopener\" target=\"_blank\">lien Github<\/a> et configurez votre service de carte Bolt comme d\u00e9crit dans le r\u00e9f\u00e9rentiel de la carte Bolt, commandez des cartes NFC vierges puis t\u00e9l\u00e9chargez et installez l&rsquo;application de programmation NFC pour configurer votre carte. Vous pouvez acheter des cartes vierges aupr\u00e8s de nombreux fournisseurs tels que Laser Eyes Cards, Identiv.com, CoinCorner.com, ShopNFC.com et ZipNFC.com.<\/p>\n<h2>Comment fonctionne la carte Bolt ?<\/h2>\n<p>Chaque carte NFC est pr\u00e9charg\u00e9e avec lnurlw:\/ l&rsquo;adresse de votre service de carte Bolt ainsi qu&rsquo;avec des cl\u00e9s de s\u00e9curit\u00e9 qui g\u00e9n\u00e8rent un nouveau hachage unique \u00e0 chaque fois que la carte est scann\u00e9e. La carte envoie au commer\u00e7ant le LNURL et les num\u00e9ros uniques. Le commer\u00e7ant peut alors utiliser ces valeurs pour effectuer un appel unique \u00e0 votre service de Carte Bolt ; la carte doit ensuite \u00eatre \u00e0 nouveau utilis\u00e9e pour obtenir de nouvelles valeurs. Le service de carte Bolt compare ensuite la valeur du paiement \u00e0 vos r\u00e8gles de paiement.<\/p>\n<p>Le commer\u00e7ant n&rsquo;a besoin que d&rsquo;utiliser un appareil Android qui prend en charge les portefeuilles et PoS compatibles.<\/p>\n<div class=\"action box\">\n<p>LNURL est un protocole qui fournit une norme pour effectuer des paiements en bitcoins sur le r\u00e9seau Lightning.<\/p>\n<\/div>\n<h2>Portefeuilles et applications de point de vente compatibles<\/h2>\n<ul>\n<li>Breez<\/li>\n<li>BTCPay Server PoS Web App<\/li>\n<li>CoinCorner POS app (commer\u00e7ants enregistr\u00e9s seulement)<\/li>\n<li>LNbits TPoS<\/li>\n<li>Tinkl.it POS app (Europe seulement)<\/li>\n<li>VoltPay<\/li>\n<li>Portefeuille Blixt<\/li>\n<li>Portefeuille de Satoshi<\/li>\n<li>ZeeBeDee<\/li>\n<\/ul>\n<blockquote>\n<p>Il existe de nombreuses barri\u00e8res \u00e0 l&rsquo;entr\u00e9e pour les commer\u00e7ants et les utilisateurs qui souhaitent commencer \u00e0 accepter les bitcoins. Scanner des codes QR, bien que rapide et compatible, donne une exp\u00e9rience utilisateur un peu maladroite pour les petits paiements. Le fait d&rsquo;appuyer sur votre carte Bolt offre une exp\u00e9rience utilisateur comparable \u00e0 celle des grands fournisseurs de services de paiement. Notamment pour mentionner que les frais d&rsquo;utilisation du r\u00e9seau Bitcoin Lightning sont d\u00e9sormais au moins inf\u00e9rieurs \u00e0 ceux des anciens fournisseurs de services de paiement.<\/p>\n<\/blockquote>\n","protected":false},"excerpt":{"rendered":"<p>La Carte Bitcoin Lightning Bolt est une carte de d\u00e9bit Bitcoin qui vous permet de d\u00e9penser vos bitcoins aupr\u00e8s des commer\u00e7ants compatibles avec Lightning partout dans le monde.<\/p>\n","protected":false},"featured_media":645,"comment_status":"open","ping_status":"closed","template":"","meta":[],"product_brand":[],"product_cat":[55],"product_tag":[],"class_list":{"0":"post-644","1":"product","2":"type-product","3":"status-publish","4":"has-post-thumbnail","6":"product_cat-utiliser-bitcoin","7":"","8":"woocommerce-text-align-center","9":"woocommerce-image-align-center","10":"do-quantity-buttons","12":"first","13":"instock","14":"shipping-taxable","15":"product-type-external"},"_links":{"self":[{"href":"https:\/\/h17n.com\/fr\/wp-json\/wp\/v2\/product\/644","targetHints":{"allow":["GET"]}}],"collection":[{"href":"https:\/\/h17n.com\/fr\/wp-json\/wp\/v2\/product"}],"about":[{"href":"https:\/\/h17n.com\/fr\/wp-json\/wp\/v2\/types\/product"}],"replies":[{"embeddable":true,"href":"https:\/\/h17n.com\/fr\/wp-json\/wp\/v2\/comments?post=644"}],"wp:featuredmedia":[{"embeddable":true,"href":"https:\/\/h17n.com\/fr\/wp-json\/wp\/v2\/media\/645"}],"wp:attachment":[{"href":"https:\/\/h17n.com\/fr\/wp-json\/wp\/v2\/media?parent=644"}],"wp:term":[{"taxonomy":"product_brand","embeddable":true,"href":"https:\/\/h17n.com\/fr\/wp-json\/wp\/v2\/product_brand?post=644"},{"taxonomy":"product_cat","embeddable":true,"href":"https:\/\/h17n.com\/fr\/wp-json\/wp\/v2\/product_cat?post=644"},{"taxonomy":"product_tag","embeddable":true,"href":"https:\/\/h17n.com\/fr\/wp-json\/wp\/v2\/product_tag?post=644"}],"curies":[{"name":"wp","href":"https:\/\/api.w.org\/{rel}","templated":true}]}}