{"id":640,"date":"2023-05-07T20:48:26","date_gmt":"2023-05-07T20:48:26","guid":{"rendered":"https:\/\/h17n.com\/fr\/?post_type=product&#038;p=640"},"modified":"2023-05-07T21:21:57","modified_gmt":"2023-05-07T21:21:57","slug":"btc-map","status":"publish","type":"product","link":"https:\/\/h17n.com\/fr\/utiliser-bitcoin\/btc-map\/","title":{"rendered":"BTC Map : d\u00e9couvrir les endroits o\u00f9 d\u00e9penser des bitcoins dans le monde entier"},"content":{"rendered":"<p><a href=\"https:\/\/btcmap.org\/\" rel=\"nofollow noopener\" target=\"_blank\">BTC Map<\/a> est un projet gratuit et open source qui aide les bitcoiners \u00e0 trouver facilement des endroits o\u00f9 d\u00e9penser des sats dans le monde entier. Le projet utilise OpenStreetMap pour marquer correctement les lieux o\u00f9 vous pouvez d\u00e9penser des bitcoins et affiche les donn\u00e9es dans les applications BTC Map. \u00c0 l&rsquo;heure actuelle, la carte compte plus de 8 000 lieux.<\/p>\n<p>Vous pouvez utiliser la carte sur le web ou utiliser l&rsquo;application pour <a href=\"https:\/\/apps.apple.com\/app\/btc-world-map\/id6443604345\" rel=\"nofollow noopener\" target=\"_blank\">iOS<\/a> et <a href=\"https:\/\/f-droid.org\/en\/packages\/org.btcmap\/\" rel=\"nofollow noopener\" target=\"_blank\">Android<\/a>.<\/p>\n<p>Tout le monde peut contribuer au projet en ajoutant ou en v\u00e9rifiant des lieux. Vous pouvez le faire en remplissant un formulaire et un membre b\u00e9n\u00e9vole de la communaut\u00e9 de BTC Map mettra \u00e0 jour votre emplacement sur la carte. Vous pouvez aussi mettre \u00e0 jour ces donn\u00e9es vous-m\u00eame sur <a href=\"https:\/\/www.openstreetmap.org\/\" rel=\"nofollow noopener\" target=\"_blank\">OpenStreetMap<\/a> en suivant <a href=\"https:\/\/github.com\/teambtcmap\/btcmap-data\/wiki\/Tagging-Instructions\" rel=\"nofollow noopener\" target=\"_blank\">ces instructions<\/a>. Vous obtiendrez des badges, des certificats et une reconnaissance sur BTC Map pour vos contributions. Vos efforts seront pr\u00e9sent\u00e9s sur le fil d&rsquo;activit\u00e9, le tableau de classement et vous obtiendrez \u00e9galement votre propre profil de tagueur.<\/p>\n<blockquote><p>Top Supertaggers : les Shadowy supertaggers sont une bande de comp\u00e9titeurs. Lorsqu&rsquo;ils ne brisent pas les cl\u00e9s, ils v\u00e9rifient ce classement pour s&rsquo;assurer qu&rsquo;ils sont au top. Allez-vous rester les bras crois\u00e9s et les laisser revendiquer la premi\u00e8re place\u00a0?\u00a0! Obtenez taggin &lsquo;!<\/p><\/blockquote>\n<p>Les marchands peuvent \u00eatre boost\u00e9s sur la carte, ce qui leur donne les avantages suivants :<\/p>\n<ul>\n<li>\u00c9pingles orange sur la carte principale<\/li>\n<li>Pr\u00e9dominance de la recherche<\/li>\n<li>Une place sur la <a href=\"https:\/\/btcmap.org\/map?boosts=true\" rel=\"nofollow noopener\" target=\"_blank\">carte boost\u00e9e<\/a> exclusive<\/li>\n<\/ul>\n<p><img loading=\"lazy\" decoding=\"async\" src=\"http:\/\/h17n.com\/fr\/wp-content\/uploads\/sites\/2\/2023\/05\/map-jpg.webp\" alt=\"o\u00f9 d\u00e9penser des bitcoins\" width=\"579\" height=\"540\" class=\"alignnone size-full wp-image-1813\" \/><\/p>\n","protected":false},"excerpt":{"rendered":"<p>Trouvez o\u00f9 d\u00e9penser des bitcoins dans le monde entier en utilisant BTC Map.<\/p>\n","protected":false},"featured_media":641,"comment_status":"open","ping_status":"closed","template":"","meta":[],"product_brand":[],"product_cat":[55],"product_tag":[],"class_list":{"0":"post-640","1":"product","2":"type-product","3":"status-publish","4":"has-post-thumbnail","6":"product_cat-utiliser-bitcoin","7":"","8":"woocommerce-text-align-center","9":"woocommerce-image-align-center","10":"do-quantity-buttons","12":"first","13":"instock","14":"shipping-taxable","15":"product-type-external"},"_links":{"self":[{"href":"https:\/\/h17n.com\/fr\/wp-json\/wp\/v2\/product\/640","targetHints":{"allow":["GET"]}}],"collection":[{"href":"https:\/\/h17n.com\/fr\/wp-json\/wp\/v2\/product"}],"about":[{"href":"https:\/\/h17n.com\/fr\/wp-json\/wp\/v2\/types\/product"}],"replies":[{"embeddable":true,"href":"https:\/\/h17n.com\/fr\/wp-json\/wp\/v2\/comments?post=640"}],"wp:featuredmedia":[{"embeddable":true,"href":"https:\/\/h17n.com\/fr\/wp-json\/wp\/v2\/media\/641"}],"wp:attachment":[{"href":"https:\/\/h17n.com\/fr\/wp-json\/wp\/v2\/media?parent=640"}],"wp:term":[{"taxonomy":"product_brand","embeddable":true,"href":"https:\/\/h17n.com\/fr\/wp-json\/wp\/v2\/product_brand?post=640"},{"taxonomy":"product_cat","embeddable":true,"href":"https:\/\/h17n.com\/fr\/wp-json\/wp\/v2\/product_cat?post=640"},{"taxonomy":"product_tag","embeddable":true,"href":"https:\/\/h17n.com\/fr\/wp-json\/wp\/v2\/product_tag?post=640"}],"curies":[{"name":"wp","href":"https:\/\/api.w.org\/{rel}","templated":true}]}}