{"id":615,"date":"2023-05-05T13:31:16","date_gmt":"2023-05-05T13:31:16","guid":{"rendered":"https:\/\/h17n.com\/fr\/?post_type=product&#038;p=615"},"modified":"2023-06-09T13:05:59","modified_gmt":"2023-06-09T13:05:59","slug":"phoenix","status":"publish","type":"product","link":"https:\/\/h17n.com\/fr\/portefeuilles-mobiles\/phoenix\/","title":{"rendered":"Avis sur le portefeuille Phoenix"},"content":{"rendered":"<p><a href=\"https:\/\/phoenix.acinq.co\/\" rel=\"nofollow noopener\" target=\"_blank\">Phoenix<\/a> est un portefeuille bitcoin non d\u00e9positaire qui permet aux utilisateurs d&rsquo;envoyer, de recevoir et de stocker des bitcoins. Il se veut simple d&rsquo;utilisation et accessible \u00e0 tous, en mettant l&rsquo;accent sur l&rsquo;exp\u00e9rience utilisateur et la confidentialit\u00e9. C&rsquo;est un portefeuille open source construit au-dessus du <a href=\"https:\/\/h17n.com\/fr\/reseau-lightning\/\" target=\"_blank\" rel=\"noopener\">Lightning Network<\/a> pour permettre des transactions instantan\u00e9es et peu co\u00fbteuses.<\/p>\n<h2>Comment fonctionne Phoenix Wallet<\/h2>\n<p>Pour commencer \u00e0 utiliser le portefeuille Phoenix, vous devez d&rsquo;abord t\u00e9l\u00e9charger l&rsquo;application et cr\u00e9er un nouveau portefeuille. Il est disponible sur Android et iOS. Vous pouvez facilement envoyer et recevoir des bitcoins apr\u00e8s avoir configur\u00e9 votre portefeuille en scannant des codes QR ou en utilisant des factures Lightning. L&rsquo;application comprend \u00e9galement un convertisseur de devises bitcoin-fiat, qui vous permet de voir la valeur de vos avoirs en bitcoins dans votre devise locale. Veuillez noter que la version Android de l&rsquo;application propose une s\u00e9lection restreinte de devises fiduciaires pour afficher votre solde.<\/p>\n<p>Phoenix est principalement con\u00e7u pour les transactions Lightning Network. Cependant, vous pouvez utiliser la fonction \u00ab\u00a0swaps\u00a0\u00bb pour envoyer et recevoir des bitcoins en cha\u00eene. Cette approche permet de maintenir les frais de transaction \u00e0 un faible niveau et d&rsquo;offrir une exp\u00e9rience transparente aux utilisateurs qui utilisent principalement le Lightning Network.<\/p>\n<div class=\"alert box\">\n<p>Le portefeuille Phoenix facture des frais minimums de 3000 sats ou 1% pour la cr\u00e9ation d&rsquo;une cha\u00eene, ce qui est plus \u00e9lev\u00e9 que les autres portefeuilles Lightning. Vous devez avoir 3000 sats dans votre portefeuille pour recevoir des bitcoins via le Lightning Network sur Phoenix. Sinon, les frais seront d\u00e9duits des fonds entrants pour initier une nouvelle cha\u00eene. Le premier paiement que vous recevez doit \u00eatre d&rsquo;au moins 10 000 sats. Les frais par d\u00e9faut pour les paiements Lightning sortants sont de 12 sats + 0,50 %. Vous pouvez remplacer les frais par d\u00e9faut.<\/p>\n<\/div>\n<p>Certains autres portefeuilles Lightning proposent des structures de frais plus dynamiques, ce qui peut aider les utilisateurs \u00e0 \u00e9conomiser de l&rsquo;argent sur les frais de transaction.<\/p>\n<p>L&rsquo;un des principaux avantages de Phoenix est l&rsquo;accent mis sur la confidentialit\u00e9 des utilisateurs. Comme le portefeuille n&rsquo;est pas d\u00e9positaire, vous avez un contr\u00f4le total sur vos fonds \u00e0 tout moment. Pour aider \u00e0 prot\u00e9ger vos informations personnelles et les donn\u00e9es de vos transactions, l&rsquo;application utilise \u00e9galement un certain nombre de technologies d&rsquo;am\u00e9lioration de la confidentialit\u00e9, telles que Tor.<\/p>\n<div class=\"warning box\">\n<p>\u00c9tant donn\u00e9 que Phoenix fonctionne nativement sur Lightning, si vous recevez des bitcoins en cha\u00eene, vous devriez chercher \u00e0 utiliser un portefeuille sur la cha\u00eene pour \u00e9viter d&rsquo;avoir \u00e0 payer les frais associ\u00e9s \u00e0 l&rsquo;ouverture de canaux.<\/p>\n<\/div>\n<p>En conclusion, Phoenix est bien connu pour sa conception conviviale et son interface simple. L&rsquo;application est con\u00e7ue pour \u00eatre simple \u00e0 utiliser, m\u00eame pour ceux qui ne sont pas familiers avec le bitcoin. Cela a contribu\u00e9 \u00e0 faire de Phoenix l&rsquo;un des portefeuilles du r\u00e9seau Lightning les plus populaires sur le march\u00e9 aujourd&rsquo;hui.<\/p>\n<h2>Plus d&rsquo;informations<\/h2>\n<ul>\n<li><a href=\"https:\/\/phoenix.acinq.co\/\" rel=\"nofollow noopener\" target=\"_blank\">Portefeuille Phoenix<\/a><\/li>\n<li>Les mises \u00e0 jour de Phoenix sur Twitter : <a href=\"https:\/\/twitter.com\/PhoenixWallet\" rel=\"nofollow noopener\" target=\"_blank\">@PhoenixWallet<\/a><\/li>\n<\/ul>\n","protected":false},"excerpt":{"rendered":"<p>Phoenix est un portefeuille Bitcoin Lightning non d\u00e9positaire qui vous permet d&rsquo;envoyer, de recevoir et de stocker des bitcoins. Il est open source, ce qui signifie que n&rsquo;importe qui peut r\u00e9viser et contribuer au code.<\/p>\n","protected":false},"featured_media":629,"comment_status":"open","ping_status":"closed","template":"","meta":[],"product_brand":[],"product_cat":[51],"product_tag":[],"class_list":{"0":"post-615","1":"product","2":"type-product","3":"status-publish","4":"has-post-thumbnail","6":"product_cat-portefeuilles-mobiles","7":"","8":"woocommerce-text-align-center","9":"woocommerce-image-align-center","10":"do-quantity-buttons","12":"first","13":"instock","14":"shipping-taxable","15":"product-type-external"},"_links":{"self":[{"href":"https:\/\/h17n.com\/fr\/wp-json\/wp\/v2\/product\/615","targetHints":{"allow":["GET"]}}],"collection":[{"href":"https:\/\/h17n.com\/fr\/wp-json\/wp\/v2\/product"}],"about":[{"href":"https:\/\/h17n.com\/fr\/wp-json\/wp\/v2\/types\/product"}],"replies":[{"embeddable":true,"href":"https:\/\/h17n.com\/fr\/wp-json\/wp\/v2\/comments?post=615"}],"wp:featuredmedia":[{"embeddable":true,"href":"https:\/\/h17n.com\/fr\/wp-json\/wp\/v2\/media\/629"}],"wp:attachment":[{"href":"https:\/\/h17n.com\/fr\/wp-json\/wp\/v2\/media?parent=615"}],"wp:term":[{"taxonomy":"product_brand","embeddable":true,"href":"https:\/\/h17n.com\/fr\/wp-json\/wp\/v2\/product_brand?post=615"},{"taxonomy":"product_cat","embeddable":true,"href":"https:\/\/h17n.com\/fr\/wp-json\/wp\/v2\/product_cat?post=615"},{"taxonomy":"product_tag","embeddable":true,"href":"https:\/\/h17n.com\/fr\/wp-json\/wp\/v2\/product_tag?post=615"}],"curies":[{"name":"wp","href":"https:\/\/api.w.org\/{rel}","templated":true}]}}