{"id":614,"date":"2023-05-14T10:50:51","date_gmt":"2023-05-14T10:50:51","guid":{"rendered":"https:\/\/h17n.com\/fr\/?post_type=product&#038;p=614"},"modified":"2023-05-22T09:46:29","modified_gmt":"2023-05-22T09:46:29","slug":"alby","status":"publish","type":"product","link":"https:\/\/h17n.com\/fr\/portefeuilles-de-navigateur\/alby\/","title":{"rendered":"Alby : une application de navigateur Bitcoin Lightning"},"content":{"rendered":"<p><a href=\"https:\/\/getalby.com\/\" rel=\"nofollow noopener\" target=\"_blank\">Alby<\/a> est un programme Bitcoin Lightning open source pour le web et votre navigateur qui vous permet d&rsquo;acheter, de recevoir des bitcoins, de donner des pourboires et de payer en bitcoins via <a href=\"https:\/\/h17n.com\/fr\/reseau-lightning\/\" target=\"_blank\" rel=\"noopener\">le r\u00e9seau Lightning<\/a>. Le programme vous permet d&rsquo;obtenir une adresse Lightning, qui est similaire \u00e0 une adresse e-mail (par exemple, satoshi@getalby.com), mais pour le bitcoin, et elle est simple \u00e0 partager et \u00e0 m\u00e9moriser. Vous pouvez \u00e9galement utiliser l&rsquo;application pour vous connecter \u00e0 des sites Web prenant en charge les connexions Lightning.<\/p>\n<blockquote><p>Alby apporte les paiements en bitcoins sur le web avec des paiements et une identit\u00e9 dans le navigateur, le tout avec votre propre portefeuille.<\/p><\/blockquote>\n<h2>Comment utiliser Alby<\/h2>\n<p>Vous devez vous inscrire avec votre email. Une fois votre compte configur\u00e9, cr\u00e9ez votre adresse Lightning en choisissant un nom qui sera suivi de @getalby.com. Choisissez bien votre adresse car vous ne serez pas oblig\u00e9 de la changer. Vous pourrez utiliser votre adresse pour recevoir des bitcoins et votre compte pour envoyer des bitcoins \u00e0 d&rsquo;autres. De plus, vous pouvez utiliser l&rsquo;extension de navigateur Alby pour effectuer des transactions sur le Web ou connecter votre compte Alby \u00e0 une application mobile. Pour installer le navigateur, rendez-vous sur le site web d&rsquo;Alby et cliquez sur \u00ab\u00a0Installer Alby\u00a0\u00bb, puis utilisez votre email et votre mot de passe Alby. Pour l&rsquo;instant, l&rsquo;extension de navigateur est disponible sur <a href=\"https:\/\/addons.mozilla.org\/en-US\/firefox\/addon\/alby\/\" rel=\"nofollow noopener\" target=\"_blank\">Firefox<\/a> et <a href=\"https:\/\/chrome.google.com\/webstore\/detail\/alby-bitcoin-lightning-wa\/iokeahhehimjnekafflcihljlcjccdbe\" rel=\"nofollow noopener\" target=\"_blank\">Chrome<\/a>.<\/p>\n<div class=\"action box\">\n<p>Votre adresse lightning est accompagn\u00e9e d&rsquo;une page Alby publique qui facilite le partage et permet aux autres de vous envoyer des bitcoins.<\/p>\n<\/div>\n<h2>Caract\u00e9ristiques d&rsquo;Alby<\/h2>\n<ul>\n<li><strong>Envoie en un seul clic.<\/strong> Les transactions Lightning se font dans votre navigateur. Pas besoin d&rsquo;alt+tab ou de scanner le code QR.<\/li>\n<li><strong>Connecter un portefeuille existant.<\/strong> Alby est un portefeuille d\u00e9positaire, cependant, il vous permet de connecter votre portefeuille Bitcoin Lightning existant.<\/li>\n<li><strong>Recevoir des paiements.<\/strong> L&rsquo;appli vous permet de recevoir des paiements en bitcoins sur votre site Web, Twitter, YouTube et BitcoinTV.<\/li>\n<li><strong>Acheter des bitcoins.<\/strong> Alby dispose d&rsquo;un \u00e9change int\u00e9gr\u00e9 en partenariat avec <a href=\"https:\/\/www.moonpay.com\/\" rel=\"nofollow noopener\" target=\"_blank\">MooonPay<\/a>.<\/li>\n<li><strong>Pas de paywalls.<\/strong> Vous pouvez d\u00e9finir des budgets individuels pour les sites Web afin de permettre des flux de paiement transparents sans chercher vos d\u00e9tails de paiement. <\/li>\n<li><strong>Confidentialit\u00e9.<\/strong> Utilisez Alby pour vous connecter de mani\u00e8re pratique \u00e0 des sites Web qui proposent des connexions avec Lightning et pour acc\u00e9der \u00e0 des applications au-dessus du r\u00e9seau Bitcoin Lightning. Pas besoin de se souvenir d&rsquo;un nom d&rsquo;utilisateur ou d&rsquo;un mot de passe.<\/li>\n<li><strong>Gratuit et open source.<\/strong> Le code d&rsquo;Alby est ouvert et peut \u00eatre audit\u00e9 par n&rsquo;importe qui. <\/li>\n<li><strong>Pas de logiciel de suivi.<\/strong> Aucune statistique, analyse ou autre tracker n&rsquo;est fourni avec l&rsquo;extension.<\/li>\n<li><strong>Podcasting 2.0 (Value4Value).<\/strong> Un syst\u00e8me de paiement en streaming en temps r\u00e9el qui permet aux auditeurs de podcasts d&rsquo;effectuer des micropaiements en bitcoins directement sur les portefeuilles Alby des podcasters pendant qu&rsquo;ils \u00e9coutent. <\/li>\n<\/ul>\n<div class=\"info box\">\n<p>Alby cr\u00e9e une nouvelle exp\u00e9rience pour consommer et r\u00e9compenser du contenu ou des services en ligne.<\/p>\n<\/div>\n<h2>Plus d&rsquo;informations<\/h2>\n<ul>\n<li><a href=\"https:\/\/getalby.com\/\" rel=\"nofollow noopener\" target=\"_blank\">Site Web d&rsquo;<\/a>Alby<\/li>\n<li><a href=\"https:\/\/addons.mozilla.org\/en-US\/firefox\/addon\/alby\/\" rel=\"nofollow noopener\" target=\"_blank\">Installer Alby<\/a><\/li>\n<li><a href=\"https:\/\/getalby.com\/podcast-wallet\" rel=\"nofollow noopener\" target=\"_blank\">Alby pour les podcasteurs<\/a><\/li>\n<\/ul>\n","protected":false},"excerpt":{"rendered":"<p>Alby est une application Bitcoin Lightning open source bas\u00e9e sur le Web et sur un navigateur. Le programme vous permet d&rsquo;obtenir une simple adresse Lightning pour payer ou recevoir des bitcoins sur le r\u00e9seau Lightning via votre navigateur.<\/p>\n","protected":false},"featured_media":706,"comment_status":"open","ping_status":"closed","template":"","meta":[],"product_brand":[],"product_cat":[272],"product_tag":[],"class_list":{"0":"post-614","1":"product","2":"type-product","3":"status-publish","4":"has-post-thumbnail","6":"product_cat-portefeuilles-de-navigateur","7":"","8":"woocommerce-text-align-center","9":"woocommerce-image-align-center","10":"do-quantity-buttons","12":"first","13":"instock","14":"shipping-taxable","15":"product-type-external"},"_links":{"self":[{"href":"https:\/\/h17n.com\/fr\/wp-json\/wp\/v2\/product\/614","targetHints":{"allow":["GET"]}}],"collection":[{"href":"https:\/\/h17n.com\/fr\/wp-json\/wp\/v2\/product"}],"about":[{"href":"https:\/\/h17n.com\/fr\/wp-json\/wp\/v2\/types\/product"}],"replies":[{"embeddable":true,"href":"https:\/\/h17n.com\/fr\/wp-json\/wp\/v2\/comments?post=614"}],"wp:featuredmedia":[{"embeddable":true,"href":"https:\/\/h17n.com\/fr\/wp-json\/wp\/v2\/media\/706"}],"wp:attachment":[{"href":"https:\/\/h17n.com\/fr\/wp-json\/wp\/v2\/media?parent=614"}],"wp:term":[{"taxonomy":"product_brand","embeddable":true,"href":"https:\/\/h17n.com\/fr\/wp-json\/wp\/v2\/product_brand?post=614"},{"taxonomy":"product_cat","embeddable":true,"href":"https:\/\/h17n.com\/fr\/wp-json\/wp\/v2\/product_cat?post=614"},{"taxonomy":"product_tag","embeddable":true,"href":"https:\/\/h17n.com\/fr\/wp-json\/wp\/v2\/product_tag?post=614"}],"curies":[{"name":"wp","href":"https:\/\/api.w.org\/{rel}","templated":true}]}}