{"id":609,"date":"2023-05-04T08:41:12","date_gmt":"2023-05-04T08:41:12","guid":{"rendered":"https:\/\/h17n.com\/fr\/?post_type=product&#038;p=609"},"modified":"2023-05-04T08:41:13","modified_gmt":"2023-05-04T08:41:13","slug":"lightsats","status":"publish","type":"product","link":"https:\/\/h17n.com\/fr\/utiliser-bitcoin\/lightsats\/","title":{"rendered":"Lightsats : envoyer des sats en cadeau"},"content":{"rendered":"<p><a href=\"https:\/\/lightsats.com\" rel=\"nofollow noopener\" target=\"_blank\">Lightsats<\/a> est une plateforme con\u00e7ue pour que les passionn\u00e9s de bitcoins puissent facilement envoyer des sats en guise de pourboires ou de cadeaux, sans avoir \u00e0 guider le destinataire tout au long du processus d&#8217;embarquement ou risquer de perdre ses sats. La plateforme fournit au destinataire un ensemble complet d&rsquo;instructions d&rsquo;utilisation, qui comprend le t\u00e9l\u00e9chargement d&rsquo;<a href=\"https:\/\/h17n.com\/lightning-network\/bitcoin-lightning-wallet\/\">un portefeuille Lightning<\/a>, afin de le familiariser avec le fonctionnement du bitcoin et du Lightning Network. De plus, si le destinataire ne retire pas son pourboire rapidement, l&rsquo;exp\u00e9diteur peut r\u00e9cup\u00e9rer ses sats via la plateforme Lightsats.<\/p>\n<h2>Comment fonctionne Lightsats ?<\/h2>\n<p>Pour utiliser Lightsats, vous avez la possibilit\u00e9 de vous inscrire soit en scannant le code QR \u00e0 l&rsquo;aide d&rsquo;un portefeuille Lightning, soit en utilisant votre e-mail ou votre num\u00e9ro de t\u00e9l\u00e9phone. Une fois votre compte confirm\u00e9, vous pouvez proc\u00e9der \u00e0 la cr\u00e9ation de votre premier pourboire.<\/p>\n<p>Il existe trois options pour int\u00e9grer vos destinataires de bitcoins : Standard, Skip et Lightning. Pour le flux d&rsquo;int\u00e9gration Standard, le destinataire peut r\u00e9clamer le pourboire en utilisant n&rsquo;importe quelle m\u00e9thode de connexion, telle que l&rsquo;e-mail ou le num\u00e9ro de t\u00e9l\u00e9phone. Apr\u00e8s avoir r\u00e9clam\u00e9 le pourboire, le destinataire passera par un court processus d&rsquo;int\u00e9gration avant de pouvoir retirer le pourboire. L&rsquo;option Ignorer permet au destinataire de retirer directement le pourboire sans se connecter ni passer par un processus d&rsquo;int\u00e9gration. L&rsquo;option Lightning sugg\u00e8re d&rsquo;utiliser un portefeuille Lightning compatible lnurl-auth et permet uniquement de revendiquer avec Lightning. LNURL-auth est une technologie qui permet aux utilisateurs du Lightning Network de se connecter \u00e0 des services tiers \u00e0 l&rsquo;aide de leurs comptes Lightning.<\/p>\n<p>Vous pouvez d\u00e9finir une dur\u00e9e pour que le pourboire vous revienne si le destinataire ne l&rsquo;a pas r\u00e9clam\u00e9. En outre, vous pouvez choisir d&rsquo;envoyer le pourboire de fa\u00e7on anonyme ou non. Vous pouvez \u00e9galement laisser une note au destinataire. Si vous envoyez un pourboire imprim\u00e9, vous pouvez g\u00e9n\u00e9rer une phrase de passe que le destinataire devra saisir <a href=\"https:\/\/lightsats.com\/tip\" rel=\"nofollow noopener\" target=\"_blank\">ici<\/a>. Cette option pour les pourboires imprim\u00e9s est destin\u00e9e aux destinataires qui ne peuvent pas scanner un code QR. Il y a une nouvelle fonctionnalit\u00e9 sur la plateforme qui vous permet de donner des pourboires en masse.<\/p>\n<p>On montrera aux destinataires de Sats comment retirer en toute s\u00e9curit\u00e9 leurs bitcoins vers un portefeuille Lightning et toutes les fa\u00e7ons dont ils peuvent utiliser leurs fonds. De plus, le tableau de bord de Lightsats comprend un guide qui pr\u00e9sente les diff\u00e9rentes fa\u00e7ons d&rsquo;utiliser les bitcoins, notamment les d\u00e9penses, les gains, l&rsquo;\u00e9pargne et les dons.<\/p>\n<p>Les portefeuilles compatibles avec Lightsats comprennent <a href=\"https:\/\/h17n.com\/fr\/portefeuilles-de-navigateur\/alby\/\" target=\"_blank\" rel=\"noopener\">le portefeuille Alby<\/a>, <a href=\"https:\/\/h17n.com\/mobile-wallets\/muun\/\">Muun<\/a>, <a href=\"https:\/\/strike.me\/\" rel=\"nofollow noopener\" target=\"_blank\">Strike<\/a>, <a href=\"https:\/\/breez.technology\/\" rel=\"nofollow noopener\" target=\"_blank\">Breez<\/a>, <a href=\"https:\/\/www.walletofsatoshi.com\/\" rel=\"nofollow noopener\" target=\"_blank\">le Portefeuille de Satoshi<\/a>, <a href=\"https:\/\/zeusln.app\/\" rel=\"nofollow noopener\" target=\"_blank\">Zeus<\/a>, <a href=\"https:\/\/h17n.com\/fr\/portefeuilles-mobiles\/phoenix\/\">Phoenix<\/a> et <a href=\"https:\/\/zebedee.io\/app\">Zebedee<\/a>.<\/p>\n<h2>Plus d&rsquo;informations<\/h2>\n<ul>\n<li><a href=\"https:\/\/lightsats.com\" rel=\"nofollow noopener\" target=\"_blank\">Site web de<\/a> Lightsats<\/li>\n<li>Mises \u00e0 jour de Lightsats sur <a href=\"https:\/\/twitter.com\/lightsats21\" rel=\"nofollow noopener\" target=\"_blank\">Twitter<\/a><\/li>\n<\/ul>\n","protected":false},"excerpt":{"rendered":"<p>Lightsats est une plateforme qui permet aux passionn\u00e9s de Bitcoin d&rsquo;envoyer des sats sous forme de pourboires ou de cadeaux \u00e0 d&rsquo;autres sans avoir besoin de guider le destinataire tout au long du processus d&rsquo;int\u00e9gration.<\/p>\n","protected":false},"featured_media":612,"comment_status":"open","ping_status":"closed","template":"","meta":[],"product_brand":[],"product_cat":[41,55],"product_tag":[],"class_list":{"0":"post-609","1":"product","2":"type-product","3":"status-publish","4":"has-post-thumbnail","6":"product_cat-education","7":"product_cat-utiliser-bitcoin","8":"","9":"woocommerce-text-align-center","10":"woocommerce-image-align-center","11":"do-quantity-buttons","13":"first","14":"instock","15":"shipping-taxable","16":"product-type-external"},"_links":{"self":[{"href":"https:\/\/h17n.com\/fr\/wp-json\/wp\/v2\/product\/609","targetHints":{"allow":["GET"]}}],"collection":[{"href":"https:\/\/h17n.com\/fr\/wp-json\/wp\/v2\/product"}],"about":[{"href":"https:\/\/h17n.com\/fr\/wp-json\/wp\/v2\/types\/product"}],"replies":[{"embeddable":true,"href":"https:\/\/h17n.com\/fr\/wp-json\/wp\/v2\/comments?post=609"}],"wp:featuredmedia":[{"embeddable":true,"href":"https:\/\/h17n.com\/fr\/wp-json\/wp\/v2\/media\/612"}],"wp:attachment":[{"href":"https:\/\/h17n.com\/fr\/wp-json\/wp\/v2\/media?parent=609"}],"wp:term":[{"taxonomy":"product_brand","embeddable":true,"href":"https:\/\/h17n.com\/fr\/wp-json\/wp\/v2\/product_brand?post=609"},{"taxonomy":"product_cat","embeddable":true,"href":"https:\/\/h17n.com\/fr\/wp-json\/wp\/v2\/product_cat?post=609"},{"taxonomy":"product_tag","embeddable":true,"href":"https:\/\/h17n.com\/fr\/wp-json\/wp\/v2\/product_tag?post=609"}],"curies":[{"name":"wp","href":"https:\/\/api.w.org\/{rel}","templated":true}]}}