{"id":603,"date":"2023-05-03T08:58:59","date_gmt":"2023-05-03T08:58:59","guid":{"rendered":"https:\/\/h17n.com\/fr\/?post_type=product&#038;p=603"},"modified":"2024-12-22T01:31:41","modified_gmt":"2024-12-22T01:31:41","slug":"tallycoin","status":"publish","type":"product","link":"https:\/\/h17n.com\/fr\/financement-participatif\/tallycoin\/","title":{"rendered":"Tallycoin\u00a0: une plateforme de financement participatif gratuite bas\u00e9e sur Bitcoin"},"content":{"rendered":"<div class=\"warning box\">\n<p>Tallycoin a officiellement cess\u00e9 ses activit\u00e9s le 1er juin 2024. Pour le financement participatif en Bitcoin, envisagez d&rsquo;utiliser <a href=\"https:\/\/h17n.com\/fr\/financement-participatif\/geyser\/\">Geyser Fund<\/a> comme une plateforme alternative fiable.<\/p>\n<\/div>\n<p><a href=\"https:\/\/x.com\/tallycoinapp\" rel=\"nofollow noopener\" target=\"_blank\">Tallycoin <\/a>est une plateforme de crowdfunding en bitcoins o\u00f9 tous les dons vont sur votre propre portefeuille bitcoin et sans frais. Elle vous permet d&rsquo;int\u00e9grer son plug-in sur votre propre site web ou de poster votre appel aux dons sur le <a href=\"https:\/\/tallycoin.app\/feed\/\" rel=\"nofollow noopener\" target=\"_blank\">flux de Tallycoin<\/a>. Vous pouvez recevoir des dons via votre adresse Bitcoin en cha\u00eene ou votre adresse Lightning. Cela signifie que, contrairement aux plateformes de collecte de fonds traditionnelles, vous recevrez les dons instantan\u00e9ment.<\/p>\n<p>Tallycoin a aid\u00e9 \u00e0 financer des centaines de petits projets tels que le d\u00e9veloppement de logiciels, la r\u00e9alisation de films documentaires, l&rsquo;\u00e9criture de livres, la charit\u00e9, les campagnes publicitaires Bitcoin et le d\u00e9veloppement de produits. Il a \u00e9t\u00e9 fond\u00e9 par <a href=\"https:\/\/tallycoin.app\/@djbooth007\/\" rel=\"nofollow noopener\" target=\"_blank\">DJ Booth<\/a> et <a href=\"https:\/\/tallycoin.app\/@madbitcoins\/\" rel=\"nofollow noopener\" target=\"_blank\">Mad Bitcoins<\/a>.<\/p>\n<h2>Caract\u00e9ristiques<\/h2>\n<ul>\n<li><strong>Impossible \u00e0 geler.<\/strong> La plateforme ne peut jamais geler ou retenir vos fonds car les dons vont directement vers ton portefeuille non d\u00e9positaire.<\/li>\n<li><strong>Anonyme.<\/strong> Aucun enregistrement de compte n&rsquo;est n\u00e9cessaire pour faire un don. <\/li>\n<li><strong>Aucun frais.<\/strong> La plateforme ne prend aucun frais. Elle s&rsquo;appuie sur les dons volontaires de ses utilisateurs.<\/li>\n<li><a href=\"https:\/\/tallycoin.app\/plugin\/\" rel=\"nofollow noopener\" target=\"_blank\">Tallypay<\/a>. Il s&rsquo;agit d&rsquo;un plug-in de site Web qui se connecte \u00e0 l&rsquo;API de Tallycoin. Vous pouvez ajouter Tallypay \u00e0 votre site Web pour recevoir des dons.<\/li>\n<li><a href=\"https:\/\/tallycoin.app\/connect\/\" rel=\"nofollow noopener\" target=\"_blank\">Tallycoin Connect<\/a>. Tallycoin Connect est une application qui permet aux utilisateurs de recevoir des dons directement sur leur propre n\u0153ud bitcoin. <\/li>\n<\/ul>\n<div class=\"action box\">\n<p>Tallycoin Connect est un logiciel l\u00e9ger qui fonctionne en arri\u00e8re-plan sur votre n\u0153ud. Lorsqu&rsquo;un visiteur de tallycoin.app initie un don, notre serveur envoie un message \u00e0 votre n\u0153ud (via une connexion websocket s\u00e9curis\u00e9e) pour lui demander une adresse bitcoin et une facture \u00e9clair. Si tout se passe bien, notre serveur transmet ces d\u00e9tails au visiteur (via une connexion TLS s\u00e9curis\u00e9e). Le navigateur du visiteur rend alors le code QR et affiche les informations de paiement. Notre serveur demandera p\u00e9riodiquement \u00e0 votre n\u0153ud si le paiement a \u00e9t\u00e9 effectu\u00e9 afin de montrer au visiteur que son don a \u00e9t\u00e9 re\u00e7u.<\/p>\n<\/div>\n<figure id=\"attachment_1033\" aria-describedby=\"caption-attachment-1033\" style=\"width: 718px\" class=\"wp-caption alignnone\"><img loading=\"lazy\" decoding=\"async\" src=\"http:\/\/h17n.com\/fr\/wp-content\/uploads\/sites\/2\/2023\/05\/tallycoin-1.png\" alt=\"Bitcoin fundraising\" width=\"728\" height=\"679\" class=\"size-full wp-image-1033\" \/><figcaption id=\"caption-attachment-1033\" class=\"wp-caption-text\">Bitcoin Dada est une organisation qui dispense une \u00e9ducation au bitcoin aux femmes africaines. Son fondateur, Marcel Lorraine, fait appel au crowdfunding pour participer \u00e0 la conf\u00e9rence africaine sur le bitcoin au Ghana.<\/figcaption><\/figure>\n<h2>Comment se faire payer sur Tallycoin<\/h2>\n<p>Le principe essentiel de Tallycoin est l&rsquo;autocontr\u00f4le, la r\u00e9sistance \u00e0 la censure et la protection de la vie priv\u00e9e. En tant qu&rsquo;utilisateur de Tallycoin, vous aurez le contr\u00f4le total de vos fonds. La plateforme ne d\u00e9tient aucun don pour vous, vous devez connecter un ou plusieurs de vos portefeuilles Bitcoin existants \u00e0 Tallycoin et commencer \u00e0 recevoir des dons.<\/p>\n<h2>Flux Tallycoin<\/h2>\n<p>En plus de pouvoir int\u00e9grer le plug-in Tallypay sur votre propre site Web, votre appel aux dons peut \u00e9galement appara\u00eetre sur le <a href=\"https:\/\/tallycoin.app\/feed\/\" rel=\"nofollow noopener\" target=\"_blank\">flux Tallycoin<\/a>. La page du flux affiche les pages les plus tendances, les nouvelles pages et les pages qui pourraient vous int\u00e9resser. Malheureusement, toutes les pages ne sont pas incluses dans le flux. L&rsquo;algorithme du flux calcule les pages tendance en examinant l&rsquo;activit\u00e9 des utilisateurs, comme les dons et les messages. Les nouvelles pages des utilisateurs dont la <a href=\"https:\/\/tallycoin.app\/trust\/\" rel=\"nofollow noopener\" target=\"_blank\">note de confiance<\/a> est suffisamment \u00e9lev\u00e9e peuvent \u00eatre affich\u00e9es dans le flux.<\/p>\n","protected":false},"excerpt":{"rendered":"<p>Tallycoin est une plateforme mondiale de financement participatif Bitcoin. Tous les dons vont \u00e0 votre propre portefeuille Bitcoin, et elle ne facture aucun frais.<\/p>\n","protected":false},"featured_media":606,"comment_status":"open","ping_status":"closed","template":"","meta":[],"product_brand":[],"product_cat":[43],"product_tag":[],"class_list":{"0":"post-603","1":"product","2":"type-product","3":"status-publish","4":"has-post-thumbnail","6":"product_cat-financement-participatif","7":"","8":"woocommerce-text-align-center","9":"woocommerce-image-align-center","10":"do-quantity-buttons","12":"first","13":"instock","14":"shipping-taxable","15":"product-type-external"},"_links":{"self":[{"href":"https:\/\/h17n.com\/fr\/wp-json\/wp\/v2\/product\/603","targetHints":{"allow":["GET"]}}],"collection":[{"href":"https:\/\/h17n.com\/fr\/wp-json\/wp\/v2\/product"}],"about":[{"href":"https:\/\/h17n.com\/fr\/wp-json\/wp\/v2\/types\/product"}],"replies":[{"embeddable":true,"href":"https:\/\/h17n.com\/fr\/wp-json\/wp\/v2\/comments?post=603"}],"wp:featuredmedia":[{"embeddable":true,"href":"https:\/\/h17n.com\/fr\/wp-json\/wp\/v2\/media\/606"}],"wp:attachment":[{"href":"https:\/\/h17n.com\/fr\/wp-json\/wp\/v2\/media?parent=603"}],"wp:term":[{"taxonomy":"product_brand","embeddable":true,"href":"https:\/\/h17n.com\/fr\/wp-json\/wp\/v2\/product_brand?post=603"},{"taxonomy":"product_cat","embeddable":true,"href":"https:\/\/h17n.com\/fr\/wp-json\/wp\/v2\/product_cat?post=603"},{"taxonomy":"product_tag","embeddable":true,"href":"https:\/\/h17n.com\/fr\/wp-json\/wp\/v2\/product_tag?post=603"}],"curies":[{"name":"wp","href":"https:\/\/api.w.org\/{rel}","templated":true}]}}