{"id":599,"date":"2023-05-02T19:54:58","date_gmt":"2023-05-02T19:54:58","guid":{"rendered":"https:\/\/h17n.com\/fr\/?post_type=product&#038;p=599"},"modified":"2023-05-02T19:54:58","modified_gmt":"2023-05-02T19:54:58","slug":"geyser","status":"publish","type":"product","link":"https:\/\/h17n.com\/fr\/financement-participatif\/geyser\/","title":{"rendered":"Geyser : une plateforme de financement participatif Bitcoin"},"content":{"rendered":"<p>Fond\u00e9e en 2022, <a href=\"https:\/\/geyser.fund\/\" rel=\"nofollow noopener\" target=\"_blank\">Geyser<\/a> est une plateforme de financement participatif Bitcoin qui n&rsquo;est pas d\u00e9positaire, ce qui signifie que les fonds vont directement dans votre portefeuille bitcoin pr\u00e9f\u00e9r\u00e9. Il n&rsquo;y a pas de frais pour les projets cr\u00e9\u00e9s sur la plateforme. Cependant, il est possible qu&rsquo;elle commence \u00e0 facturer des frais d&rsquo;administration pour couvrir les d\u00e9penses \u00e0 l&rsquo;avenir. La plateforme est utilis\u00e9e par les cr\u00e9ateurs, les \u00e9ducateurs, les entrepreneurs, les cr\u00e9atifs, etc. Tu peux \u00e9galement postuler pour les subventions Geyser lorsque les cycles de subventions sont ouverts.<\/p>\n<p>La plateforme se d\u00e9crit comme \u00e9tant Lightning-native, ce qui signifie que les projets sur Geyser ont une adresse Lightning, donc les financeurs peuvent envoyer des bitcoins \u00e0 partir d&rsquo;un portefeuille Lightning tel que <a href=\"https:\/\/h17n.com\/fr\/portefeuilles-mobiles\/muun\/\">Muun<\/a>. Au moment de la r\u00e9daction de cet article, il y avait 75 projets, 560399326 sats lev\u00e9s et 1134 contributeurs sur la plateforme.<\/p>\n<h2>Avantages de Geyser<\/h2>\n<ul>\n<li><strong>Facile \u00e0 utiliser.<\/strong> Il est facile \u00e0 mettre en place pour n&rsquo;importe qui sans connaissance pr\u00e9alable d&rsquo;un portefeuille bitcoin.<\/li>\n<li><strong>Engageant.<\/strong> Vous pouvez publier des entr\u00e9es pour mettre \u00e0 jour et engager vos donateurs.<\/li>\n<li><strong>R\u00e9sistant \u00e0 la censure.<\/strong> En tant que propri\u00e9taire de votre campagne, vous avez les moyens de poss\u00e9der vous-m\u00eame vos fonds.<\/li>\n<li><strong>Interop\u00e9rable.<\/strong> Les donateurs peuvent financer \u00e0 partir de n&rsquo;importe quel portefeuille, y compris les portefeuilles Lightning.<\/li>\n<\/ul>\n<h2>Comment collecter des fonds sur Geyser<\/h2>\n<ul>\n<li>Allez \u00e0 la <a href=\"https:\/\/geyser.fund\/launch\/start\" rel=\"nofollow noopener\" target=\"_blank\">page de lancement<\/a><\/li>\n<li>Connectez-vous avec Twitter (c&rsquo;est la seule m\u00e9thode que vous pouvez utiliser pour vous connecter)<\/li>\n<li>Connectez votre n\u0153ud. Les cr\u00e9ateurs utilisent leurs propres n\u0153uds ou des n\u0153uds <a href=\"http:\/\/voltage.cloud\/\" rel=\"nofollow noopener\" target=\"_blank\">voltage.cloud<\/a> <\/li>\n<li>\u00c9crivez des entr\u00e9es pour tenir votre communaut\u00e9 au courant<\/li>\n<\/ul>\n<h2>M\u00e9thodes de financement<\/h2>\n<p>Votre projet ou id\u00e9e peut recevoir des dons en bitcoin des mani\u00e8res suivantes :<\/p>\n<ul>\n<li><strong>Le financement participatif bas\u00e9 sur les dons.<\/strong> C&rsquo;est lorsque les bailleurs de fonds font des dons aux projets.<\/li>\n<li><strong>Le financement participatif bas\u00e9 sur les r\u00e9compenses.<\/strong> C&rsquo;est lorsque les bailleurs de fonds re\u00e7oivent quelque chose en retour de leurs contributions.<\/li>\n<\/ul>\n<h2>Subventions de Geyser<\/h2>\n<p>Les <a href=\"https:\/\/geyser.fund\/grants\" rel=\"nofollow noopener\" target=\"_blank\">subventions de Geyser<\/a> ont pour but d&rsquo;acc\u00e9l\u00e9rer la croissance de l&rsquo;\u00e9cosyst\u00e8me Bitcoin en augmentant la sensibilisation au Bitcoin, en permettant la culture Bitcoin, l&rsquo;\u00e9ducation et en soutenant le d\u00e9veloppement dans l&rsquo;espace Bitcoin. Gr\u00e2ce \u00e0 ces subventions, Geyser soutiendra les \u00e9ducateurs, les d\u00e9veloppeurs, les entrepreneurs et les cr\u00e9atifs de Bitcoin en leur fournissant les ressources dont ils ont besoin.<\/p>\n<p>Les demandes de subventions ne sont ouvertes que pendant les rondes. Ces derniers sont annonc\u00e9s \u00e0 l&rsquo;avance et durent g\u00e9n\u00e9ralement quelques semaines. Une fois les tours termin\u00e9s, un conseil d&rsquo;administration compos\u00e9 de bitcoiners ayant de l&rsquo;exp\u00e9rience dans le th\u00e8me de la subvention examinera les demandes de subventions et s\u00e9lectionnera les gagnants.<\/p>\n<h2>Avez-vous un projet \u00e0 l&rsquo;esprit ?<\/h2>\n<p>Si vous avez un projet li\u00e9 \u00e0 Bitcoin, vous devriez visiter le site Web de Geyser et lancer votre projet. Vous pouvez \u00e9galement rejoindre la <a href=\"https:\/\/t.me\/+EZ5otIPhVcxhMmFk\">cha\u00eene Telegram<\/a> de Geyser pour recevoir des nouvelles sur les subventions r\u00e9centes et \u00e0 venir.<\/p>\n<h2>Plus d&rsquo;informations<\/h2>\n<ul>\n<li><a href=\"https:\/\/geyser.fund\/discover\" rel=\"nofollow noopener\" target=\"_blank\">D\u00e9couvrir les projets \u00e0 financer<\/a><\/li>\n<li><a href=\"https:\/\/geyser.fund\/\" rel=\"nofollow noopener\" target=\"_blank\">Site web de Geyser<\/a><\/li>\n<li><a href=\"https:\/\/twitter.com\/geyserfund\" rel=\"nofollow noopener\" target=\"_blank\">Geyser sur Twitter<\/a><\/li>\n<li><a href=\"https:\/\/t.me\/+EZ5otIPhVcxhMmFk\" rel=\"nofollow noopener\" target=\"_blank\">Geyser sur Telegram<\/a><\/li>\n<li><a href=\"https:\/\/fountain.fm\/show\/P5kWpoVIT7YGmPRenVN4\" rel=\"nofollow noopener\" target=\"_blank\">Podcast de Geyser<\/a><\/li>\n<\/ul>\n","protected":false},"excerpt":{"rendered":"<p>Geyser est une plateforme de financement participatif Bitcoin qui n&rsquo;est pas d\u00e9positaire, ce qui signifie que les fonds vont directement dans votre portefeuille Bitcoin pr\u00e9f\u00e9r\u00e9. La plateforme est utilis\u00e9e par des cr\u00e9ateurs, des \u00e9ducateurs, des entrepreneurs, des cr\u00e9atifs, etc., pour recevoir un soutien financier de la communaut\u00e9. C&rsquo;est gratuit \u00e0 utiliser.<\/p>\n","protected":false},"featured_media":602,"comment_status":"open","ping_status":"closed","template":"","meta":[],"product_brand":[],"product_cat":[43],"product_tag":[],"class_list":{"0":"post-599","1":"product","2":"type-product","3":"status-publish","4":"has-post-thumbnail","6":"product_cat-financement-participatif","7":"","8":"woocommerce-text-align-center","9":"woocommerce-image-align-center","10":"do-quantity-buttons","12":"first","13":"instock","14":"shipping-taxable","15":"product-type-external"},"_links":{"self":[{"href":"https:\/\/h17n.com\/fr\/wp-json\/wp\/v2\/product\/599","targetHints":{"allow":["GET"]}}],"collection":[{"href":"https:\/\/h17n.com\/fr\/wp-json\/wp\/v2\/product"}],"about":[{"href":"https:\/\/h17n.com\/fr\/wp-json\/wp\/v2\/types\/product"}],"replies":[{"embeddable":true,"href":"https:\/\/h17n.com\/fr\/wp-json\/wp\/v2\/comments?post=599"}],"wp:featuredmedia":[{"embeddable":true,"href":"https:\/\/h17n.com\/fr\/wp-json\/wp\/v2\/media\/602"}],"wp:attachment":[{"href":"https:\/\/h17n.com\/fr\/wp-json\/wp\/v2\/media?parent=599"}],"wp:term":[{"taxonomy":"product_brand","embeddable":true,"href":"https:\/\/h17n.com\/fr\/wp-json\/wp\/v2\/product_brand?post=599"},{"taxonomy":"product_cat","embeddable":true,"href":"https:\/\/h17n.com\/fr\/wp-json\/wp\/v2\/product_cat?post=599"},{"taxonomy":"product_tag","embeddable":true,"href":"https:\/\/h17n.com\/fr\/wp-json\/wp\/v2\/product_tag?post=599"}],"curies":[{"name":"wp","href":"https:\/\/api.w.org\/{rel}","templated":true}]}}