{"id":581,"date":"2023-04-26T11:20:29","date_gmt":"2023-04-26T11:20:29","guid":{"rendered":"https:\/\/h17n.com\/fr\/?post_type=product&#038;p=581"},"modified":"2023-04-26T11:20:30","modified_gmt":"2023-04-26T11:20:30","slug":"zaprite","status":"publish","type":"product","link":"https:\/\/h17n.com\/fr\/paiements-bitcoin\/zaprite\/","title":{"rendered":"Zaprite : une plateforme de facturation en bitcoins"},"content":{"rendered":"<p><a href=\"https:\/\/zaprite.com\/\" rel=\"nofollow noopener\" target=\"_blank\">Zaprite<\/a> est une application Web qui permet \u00e0 n&rsquo;importe qui de faire des factures personnalis\u00e9es qui peuvent \u00eatre pay\u00e9es en bitcoins et en utilisant <a href=\"https:\/\/h17n.com\/fr\/reseau-lightning\/\" target=\"_blank\" rel=\"noopener\">Lightning<\/a> ou Liquid. Pour le moment, l&rsquo;utilisation de l&rsquo;application est gratuite et un plan gratuit sera toujours disponible. L&rsquo;appli de facturation en bitcoins est en version b\u00eata et est en train d&rsquo;int\u00e9grer de nouveaux utilisateurs.<\/p>\n<h2>Zaprite, comment \u00e7a marche ?<\/h2>\n<p>Zaprite facilite la facturation de vos clients et l&rsquo;acceptation des paiements en bitcoin. Avec Zaprite, vous pouvez cr\u00e9er des factures personnalis\u00e9es et les envoyer par e-mail \u00e0 vos clients. Vos clients recevront un e-mail avec un lien direct vers la facture avec votre adresse bitcoin, ainsi qu&rsquo;un taux de change bitcoin en direct. Cela leur permet d&rsquo;initier une transaction de paiement bitcoin directement \u00e0 partir de la facture. Zaprite g\u00e9n\u00e8re automatiquement une demande de paiement en bitcoins \u00e0 chaque demande, bas\u00e9e sur les valeurs de march\u00e9 \u00e0 jour et libell\u00e9e dans une gamme de devises fiduciaires.<\/p>\n<p>Zaprite fournit une connexion \u00e0 votre compte Stripe vous permettant d&rsquo;offrir des paiements directs par carte de cr\u00e9dit et de d\u00e9bit sur vos factures. C&rsquo;est un excellent moyen d&rsquo;accueillir les clients qui ne sont pas encore pr\u00eats \u00e0 payer en bitcoin. Il existe \u00e9galement une option de r\u00e9duction, de sorte que vous pouvez inciter les clients \u00e0 payer en bitcoin en affichant un total de facture r\u00e9duit.<\/p>\n<p>Zaprite est un service non d\u00e9positaire, ce qui signifie qu&rsquo;il ne fournit pas de <a href=\"https:\/\/h17n.com\/fr\/portefeuilles-mobiles\/\" target=\"_blank\" rel=\"noopener\">portefeuille bitcoin<\/a> et n&rsquo;a pas acc\u00e8s \u00e0 vos fonds. Il est de votre responsabilit\u00e9 en tant qu&rsquo;utilisateur de g\u00e9rer votre propre bitcoin et de maintenir votre propre portefeuille.<\/p>\n<p>Pour vous inscrire, Zaprite ne n\u00e9cessite qu&rsquo;une adresse e-mail et un mot de passe. La soci\u00e9t\u00e9 pr\u00e9voit de rester sans KYC pour les principales fonctionnalit\u00e9s de ses produits.<\/p>\n<h2>Caract\u00e9ristiques<\/h2>\n<ul>\n<li>Pas de KYC. Vous pouvez vous inscrire en utilisant uniquement votre e-mail<\/li>\n<li>L&rsquo;acceptence des paiements en bitcoin, Lightning, Liquid et les cartes de cr\u00e9dit\/d\u00e9bit<\/li>\n<li>Recevoir des notifications lorsque les factures sont pay\u00e9es<\/li>\n<li>Gestion de projets et de t\u00e2ches<\/li>\n<li>Plan gratuit disponible<\/li>\n<\/ul>\n<h2>Frais de Zaprite<\/h2>\n<p>L&rsquo;utilisation de Zaprite est gratuite pour le moment. La plateforme aura toujours un plan gratuit dans le cadre de son offre.<\/p>\n<h2>Agir<\/h2>\n<ul>\n<li><a href=\"https:\/\/zaprite.com\/\" target=\"_blank\" rel=\"nofollow noopener\">Inscris-toi \u00e0 Zaprite<\/a><\/li>\n<li>Suis les mises \u00e0 jour de Zaprite : <a href=\"https:\/\/twitter.com\/ZapriteApp\" target=\"_blank\" rel=\"nofollow noopener\">@ZapriteApp<\/a><\/li>\n<\/ul>\n","protected":false},"excerpt":{"rendered":"<p>Zaprite est un outil Web gratuit qui vous permet de cr\u00e9er des factures personnalis\u00e9es qui peuvent \u00eatre pay\u00e9es en utilisant bitcoin, Lightning ou Liquid.<\/p>\n","protected":false},"featured_media":582,"comment_status":"open","ping_status":"closed","template":"","meta":[],"product_brand":[],"product_cat":[47],"product_tag":[],"class_list":{"0":"post-581","1":"product","2":"type-product","3":"status-publish","4":"has-post-thumbnail","6":"product_cat-paiements-bitcoin","7":"","8":"woocommerce-text-align-center","9":"woocommerce-image-align-center","10":"do-quantity-buttons","12":"first","13":"instock","14":"shipping-taxable","15":"product-type-external"},"_links":{"self":[{"href":"https:\/\/h17n.com\/fr\/wp-json\/wp\/v2\/product\/581","targetHints":{"allow":["GET"]}}],"collection":[{"href":"https:\/\/h17n.com\/fr\/wp-json\/wp\/v2\/product"}],"about":[{"href":"https:\/\/h17n.com\/fr\/wp-json\/wp\/v2\/types\/product"}],"replies":[{"embeddable":true,"href":"https:\/\/h17n.com\/fr\/wp-json\/wp\/v2\/comments?post=581"}],"wp:featuredmedia":[{"embeddable":true,"href":"https:\/\/h17n.com\/fr\/wp-json\/wp\/v2\/media\/582"}],"wp:attachment":[{"href":"https:\/\/h17n.com\/fr\/wp-json\/wp\/v2\/media?parent=581"}],"wp:term":[{"taxonomy":"product_brand","embeddable":true,"href":"https:\/\/h17n.com\/fr\/wp-json\/wp\/v2\/product_brand?post=581"},{"taxonomy":"product_cat","embeddable":true,"href":"https:\/\/h17n.com\/fr\/wp-json\/wp\/v2\/product_cat?post=581"},{"taxonomy":"product_tag","embeddable":true,"href":"https:\/\/h17n.com\/fr\/wp-json\/wp\/v2\/product_tag?post=581"}],"curies":[{"name":"wp","href":"https:\/\/api.w.org\/{rel}","templated":true}]}}