{"id":572,"date":"2023-05-13T19:46:49","date_gmt":"2023-05-13T19:46:49","guid":{"rendered":"https:\/\/h17n.com\/fr\/?post_type=product&#038;p=572"},"modified":"2023-05-13T19:46:49","modified_gmt":"2023-05-13T19:46:49","slug":"coinos","status":"publish","type":"product","link":"https:\/\/h17n.com\/fr\/paiements-bitcoin\/coinos\/","title":{"rendered":"Coinos : accepter les paiements en bitcoins"},"content":{"rendered":"<p><a href=\"https:\/\/coinos.io\/\" rel=\"nofollow noopener\" target=\"_blank\">Coinos<\/a> est une pplication Web pour payer en bitcoins qui est optimis\u00e9e pour une utilisation sur mobile et tablette. Elle propose des fonctionnalit\u00e9s de conversion de devises et de cr\u00e9ation de rapports. Il n&rsquo;est pas n\u00e9cessaire d&rsquo;avoir un logiciel ou du mat\u00e9riel pour accepter les paiements en bitcoins. Il est gratuit d&rsquo;enregistrer un compte et de recevoir des paiements sur le r\u00e9seau Lightning. L&rsquo;appli est actuellement disponible en anglais, fran\u00e7ais, portugais, espagnol et n\u00e9erlandais.<\/p>\n<blockquote><p>Avec Coinos, il n&rsquo;y a pas de frais de mise en place, pas de frais de commer\u00e7ant et les transactions sont s\u00fbres et s\u00e9curis\u00e9es, les paiements allant directement dans le portefeuille du propri\u00e9taire de l&rsquo;entreprise. Il n&rsquo;y a pas d&rsquo;interm\u00e9diaire. <\/p><\/blockquote>\n<h2>Comment fonctionne Coinos<\/h2>\n<p>Vous n&rsquo;avez besoin que d&rsquo;un nom d&rsquo;utilisateur et d&rsquo;un mot de passe pour commencer. Coinos est bas\u00e9 sur le Web, vous pouvez donc l&rsquo;utiliser sur n&rsquo;importe quel appareil tant que vous disposez d&rsquo;une connexion Internet. Les d\u00e9taillants peuvent l&rsquo;utiliser sur un smartphone ou une tablette. Lorsque quelqu&rsquo;un est pr\u00eat \u00e0 payer, vous entrez le montant dans votre devise locale, partagez le code QR. Vous recevrez le paiement au moment o\u00f9 votre client paie. Il n&rsquo;y a pas d&rsquo;attente pour les r\u00e8glements bancaires ou de s&rsquo;inqui\u00e9ter des r\u00e9trofacturations. Apr\u00e8s avoir re\u00e7u les paiements, vous pouvez imm\u00e9diatement retirer vos fonds du portefeuille Coinos vers un autre <a href=\"https:\/\/h17n.com\/fr\/portefeuilles-mobiles\/\" target=\"_blank\" rel=\"noopener\">portefeuille bitcoin<\/a> ou un <a href=\"https:\/\/h17n.com\/fr\/acheter-du-bitcoin\/\" target=\"_blank\" rel=\"noopener\">\u00e9change<\/a>. Vous pouvez exporter vos rapports de transactions.<\/p>\n<h2>Frais de Coinos<\/h2>\n<p>L&rsquo;enregistrement d&rsquo;un compte Coinos et la r\u00e9ception de paiements \u00e0 l&rsquo;aide du r\u00e9seau Lightning sont tous deux gratuits. Des frais de conversion de 0,1 % vous seront factur\u00e9s pour passer de lightning \u00e0 bitcoin.<\/p>\n<h2>Passez \u00e0 l&rsquo;action<\/h2>\n<ul>\n<li>Cr\u00e9e un <a href=\"https:\/\/coinos.io\/\" rel=\"nofollow noopener\" target=\"_blank\">compte Coinos gratuit<\/a><\/li>\n<\/ul>\n","protected":false},"excerpt":{"rendered":"<p>Coinos est une application Web pour payer en bitcoins compatible avec les mobiles et les tablettes. Il prend en charge la conversion de devises et il est enti\u00e8rement gratuit de cr\u00e9er un compte et d&rsquo;accepter des paiements via le r\u00e9seau Lightning.<\/p>\n","protected":false},"featured_media":573,"comment_status":"open","ping_status":"closed","template":"","meta":[],"product_brand":[],"product_cat":[47],"product_tag":[],"class_list":{"0":"post-572","1":"product","2":"type-product","3":"status-publish","4":"has-post-thumbnail","6":"product_cat-paiements-bitcoin","7":"","8":"woocommerce-text-align-center","9":"woocommerce-image-align-center","10":"do-quantity-buttons","12":"first","13":"instock","14":"shipping-taxable","15":"product-type-external"},"_links":{"self":[{"href":"https:\/\/h17n.com\/fr\/wp-json\/wp\/v2\/product\/572","targetHints":{"allow":["GET"]}}],"collection":[{"href":"https:\/\/h17n.com\/fr\/wp-json\/wp\/v2\/product"}],"about":[{"href":"https:\/\/h17n.com\/fr\/wp-json\/wp\/v2\/types\/product"}],"replies":[{"embeddable":true,"href":"https:\/\/h17n.com\/fr\/wp-json\/wp\/v2\/comments?post=572"}],"wp:featuredmedia":[{"embeddable":true,"href":"https:\/\/h17n.com\/fr\/wp-json\/wp\/v2\/media\/573"}],"wp:attachment":[{"href":"https:\/\/h17n.com\/fr\/wp-json\/wp\/v2\/media?parent=572"}],"wp:term":[{"taxonomy":"product_brand","embeddable":true,"href":"https:\/\/h17n.com\/fr\/wp-json\/wp\/v2\/product_brand?post=572"},{"taxonomy":"product_cat","embeddable":true,"href":"https:\/\/h17n.com\/fr\/wp-json\/wp\/v2\/product_cat?post=572"},{"taxonomy":"product_tag","embeddable":true,"href":"https:\/\/h17n.com\/fr\/wp-json\/wp\/v2\/product_tag?post=572"}],"curies":[{"name":"wp","href":"https:\/\/api.w.org\/{rel}","templated":true}]}}