{"id":568,"date":"2023-06-07T13:25:12","date_gmt":"2023-06-07T13:25:12","guid":{"rendered":"https:\/\/h17n.com\/fr\/?post_type=product&#038;p=568"},"modified":"2023-06-08T20:18:35","modified_gmt":"2023-06-08T20:18:35","slug":"swapin","status":"publish","type":"product","link":"https:\/\/h17n.com\/fr\/paiements-bitcoin\/swapin\/","title":{"rendered":"Swapin : transferts instantan\u00e9s entre Bitcoin et SEPA"},"content":{"rendered":"<p><a href=\"https:\/\/www.swapin.com\/\" rel=\"nofollow noopener\" target=\"_blank\">Swapin<\/a> est un fournisseur de services financiers sous license bas\u00e9 en Estonie. Il permet d&rsquo;envoyer des paiements en bitcoins sur des comptes IBAN personnels ou professionnels avec une conversion automatique et imm\u00e9diate en euros ou en livres sterling. Il prend \u00e9galement en charge l&rsquo;int\u00e9gration de Web3 Wallet, les paiements r\u00e9currents, la cr\u00e9ation de factures, le paiement de factures et le versement de salaires aux employ\u00e9s avec la conversion en fiat.<\/p>\n<h2>Comment d\u00e9marrer avec Swapin<\/h2>\n<p>Enregistrez un compte personnel ou professionnel pour commencer \u00e0 utiliser Swapin. Le processus d&rsquo;inscription pour les deux services vous oblige \u00e0 saisir un e-mail et \u00e0 cr\u00e9er un mot de passe. V\u00e9rifiez et confirmez votre e-mail via un lien dans une lettre envoy\u00e9e \u00e0 votre adresse e-mail. Vous devez r\u00e9ussir le processus de v\u00e9rification d&rsquo;identit\u00e9 pour acc\u00e9der \u00e0 toutes les solutions de paiement Swapin. Tout d&rsquo;abord, entrez vos informations personnelles, telles que votre nom et pr\u00e9nom, votre pays de r\u00e9sidence, votre pays de naissance, votre num\u00e9ro de t\u00e9l\u00e9phone et votre nationalit\u00e9. Ensuite, il vous sera demand\u00e9 de prendre une photo du document requis et un selfie avec le document que vous soumettez.<\/p>\n<p>Apr\u00e8s avoir v\u00e9rifi\u00e9 l&rsquo;identit\u00e9, passez au niveau de v\u00e9rification et de limites. A cette \u00e9tape, vous remplissez et confirmez votre adresse. Si n\u00e9cessaire, Swapin peut demander une traduction l\u00e9gale de tous les documents en anglais. L&rsquo;\u00e9tape suivante consiste \u00e0 remplir les champs d&rsquo;informations sur le revenu. Ils comprennent le but des transactions, le revenu net, le nom de l&#8217;employeur et la source des fonds.<\/p>\n<h2>Solutions Swapin pour un usage personnel<\/h2>\n<ul>\n<li><strong>InstaPay.<\/strong> C&rsquo;est un outil Swapin qui vous permet de convertir instantan\u00e9ment des bitcoins et d&rsquo;autres monnaies num\u00e9riques en euros et de les envoyer directement sur le compte bancaire SEPA d&rsquo;un destinataire. Avec cet outil, vous pouvez aussi utiliser votre app wallet pour payer tes achats.<\/li>\n<li><strong>Paiements pr\u00e9d\u00e9finis .<\/strong> Cette solution te permet de cr\u00e9er des mod\u00e8les de transfert et de les r\u00e9utiliser pour de futurs paiements. Apr\u00e8s avoir effectu\u00e9 un paiement, il est possible de d\u00e9finir un rappel concernant la prochaine date de paiement.<\/li>\n<li><strong>InstaFill.<\/strong> C&rsquo;est un service de transfert de fonds entre bitcoins et monnaie fiduciaire. Envoie des bitcoins au portefeuille Swapin pour recevoir automatiquement des euros sur votre compte bancaire. Le service devient actif une fois que votre compte IBAN est li\u00e9 au compte sur Swapin et que la fonctionnalit\u00e9 est configur\u00e9e. <\/li>\n<li><strong>Int\u00e9gration du portefeuille Web3.<\/strong> En utilisant l&rsquo;application web Swapin, vous pouvez convertir instantan\u00e9ment des bitcoins du portefeuille Web3 vers un compte bancaire. Swapin prend en charge les portefeuilles MetaMask, <a href=\"https:\/\/h17n.com\/fr\/portefeuilles-materiels\/ledger\/\" target=\"_blank\" rel=\"noopener\">Ledger<\/a>, Trust, Rainbow, Crypto.com, Argent et <a href=\"https:\/\/h17n.com\/fr\/portefeuilles-de-bureau\/exodus\/\" target=\"_blank\" rel=\"noopener\">Exodus<\/a>. Pour le mettre en action, clique sur le bouton \u00a0\u00bb Connecter le portefeuille \u00a0\u00bb en haut \u00e0 gauche de la page.<\/li>\n<li><strong>InstaBuy.<\/strong> Il s&rsquo;agit d&rsquo;un outil d&rsquo;achat de bitcoins \u00e0 venir. Il permettra d&rsquo;acheter des bitcoins avec une carte de cr\u00e9dit\/d\u00e9bit.<\/li>\n<\/ul>\n<h2>Solutions Swapin pour les entreprises<\/h2>\n<ul>\n<li><strong>SwapinCollect.<\/strong> Cet outil permet aux entreprises et aux soci\u00e9t\u00e9s de cr\u00e9er des factures qui peuvent \u00eatre pay\u00e9es en bitcoins. En retour, les entreprises recevront des fiats directement sur l&rsquo;IBAN de leur entreprise.<\/li>\n<li><strong>Widget E-Com.<\/strong> Cette fonctionnalit\u00e9 permet aux boutiques en ligne d&rsquo;accepter les paiements en bitcoins et de les transformer en fiat. L&rsquo;argent est instantan\u00e9ment transf\u00e9r\u00e9 sur le compte IBAN li\u00e9 du vendeur. Le widget E-Com de Swapin est compatible avec les plateformes de commerce \u00e9lectronique populaires telles que WooCommerce, PrestaShop et Magneto.<\/li>\n<\/ul>\n<h2>Frais de Swapin<\/h2>\n<h3>Comptes<\/h3>\n<table>\n<thead>\n<tr>\n<th>Type de compte<\/th>\n<th>Frais<\/th>\n<\/tr>\n<\/thead>\n<tbody>\n<tr>\n<td>Ouvre un compte personnel :<\/td>\n<td>Gratuit<\/td>\n<\/tr>\n<tr>\n<td>Ouvrir un compte professionnel :<\/td>\n<td>Gratuit<\/td>\n<\/tr>\n<tr>\n<td>Tenue de compte :<\/td>\n<td>Gratuit<\/td>\n<\/tr>\n<tr>\n<td>Montant minimum de transaction :<\/td>\n<td>5 EUR<\/td>\n<\/tr>\n<tr>\n<td>Volume de transaction maximum :<\/td>\n<td>Illimit\u00e9, mais une limite peut tout de m\u00eame s&rsquo;appliquer en fonction des informations financi\u00e8res fournies par le client.<\/td>\n<\/tr>\n<\/tbody>\n<\/table>\n<h3>Frais de transaction 1<\/h3>\n<p>Voici les frais pour \u00e9changer des bitcoins et payer des fiats \u00e0 n&rsquo;importe qui, ainsi que pour accepter des bitcoins en tant qu&rsquo;entreprise et obtenir des fiats sur votre compte bancaire SEPA :<\/p>\n<table>\n<thead>\n<tr>\n<th>Volume de la transaction<\/th>\n<th>Frais d&rsquo;\u00e9change<\/th>\n<th>Frais de transfert bancaire<\/th>\n<th>Taux de change bitcoin\/fiat<\/th>\n<\/tr>\n<\/thead>\n<tbody>\n<tr>\n<td>De 5 \u20ac \u00e0 15 000<\/td>\n<td>1.35%<\/td>\n<td>0.4%<\/td>\n<td>Fixe pendant 30 minutes<\/td>\n<\/tr>\n<tr>\n<td>Plus de 15 000 \u20ac et jusqu&rsquo;\u00e0 30 000<\/td>\n<td>1.1%<\/td>\n<td>0.4%<\/td>\n<td>Fixe pour 30 min<\/td>\n<\/tr>\n<tr>\n<td>De plus de 30 000 \u20ac \u00e0 illimit\u00e9<\/td>\n<td>0.8%<\/td>\n<td>0.4%<\/td>\n<td>Fixe pendant 30 minutes<\/td>\n<\/tr>\n<\/tbody>\n<\/table>\n<h3>Frais de transaction 2<\/h3>\n<p>Les frais pour \u00e9changer des bitcoins et obtenir des fiats sur votre compte bancaire SEPA sont :<\/p>\n<table>\n<thead>\n<tr>\n<th>Volume de transaction<\/th>\n<th>Frais d&rsquo;\u00e9change<\/th>\n<th>Frais de transfert bancaire<\/th>\n<th>Taux de change bitcoin\/fiat<\/th>\n<\/tr>\n<\/thead>\n<tbody>\n<tr>\n<td>De 5 \u20ac \u00e0 un nombre illimit\u00e9<\/td>\n<td>0.8%<\/td>\n<td>0.2%<\/td>\n<td>En temps r\u00e9el<\/td>\n<\/tr>\n<\/tbody>\n<\/table>\n<div class=\"action box\">\n<p>Lors d&rsquo;un transfert de bitcoins sur Swapin, le temps de traitement estim\u00e9 est de 5 minutes maximum. Il en va de m\u00eame pour les virements bancaires SEPA instantan\u00e9s. Cependant, pour les virements bancaires SEPA, le temps de traitement peut varier, et la transaction peut prendre plus de temps.<\/p>\n<\/div>\n<h2>Plus d&rsquo;informations<\/h2>\n<ul>\n<li><a href=\"https:\/\/www.swapin.com\/supported-countries\/\" rel=\"nofollow noopener\" target=\"_blank\">Liste des pays pris en charge<\/a><\/li>\n<li><a href=\"https:\/\/www.linkedin.com\/company\/swapincom\/\" rel=\"nofollow noopener\" target=\"_blank\">Compte LinkedIn<\/a><\/li>\n<li><a href=\"https:\/\/www.linkedin.com\/company\/swapincom\/\"> rel=\u00a0\u00bbnofollow\u00a0\u00bb target=\u00a0\u00bb_blank\u00a0\u00bbSwapin sur Twitter<\/a><\/li>\n<\/ul>\n","protected":false},"excerpt":{"rendered":"<p>Swapin est un fournisseur de services financiers agr\u00e9\u00e9 bas\u00e9 en Estonie. Il permet d&rsquo;envoyer des paiements en bitcoins et de recevoir des fiat sur n&rsquo;importe quel compte bancaire SEPA. Il fournit \u00e9galement une int\u00e9gration de widget E-commerce et des fonctionnalit\u00e9s pour l&rsquo;\u00e9mission de factures et le paiement des salaires en monnaie num\u00e9rique.<\/p>\n","protected":false},"featured_media":571,"comment_status":"open","ping_status":"closed","template":"","meta":[],"product_brand":[],"product_cat":[47],"product_tag":[],"class_list":{"0":"post-568","1":"product","2":"type-product","3":"status-publish","4":"has-post-thumbnail","6":"product_cat-paiements-bitcoin","7":"","8":"woocommerce-text-align-center","9":"woocommerce-image-align-center","10":"do-quantity-buttons","12":"first","13":"instock","14":"shipping-taxable","15":"product-type-external"},"_links":{"self":[{"href":"https:\/\/h17n.com\/fr\/wp-json\/wp\/v2\/product\/568","targetHints":{"allow":["GET"]}}],"collection":[{"href":"https:\/\/h17n.com\/fr\/wp-json\/wp\/v2\/product"}],"about":[{"href":"https:\/\/h17n.com\/fr\/wp-json\/wp\/v2\/types\/product"}],"replies":[{"embeddable":true,"href":"https:\/\/h17n.com\/fr\/wp-json\/wp\/v2\/comments?post=568"}],"wp:featuredmedia":[{"embeddable":true,"href":"https:\/\/h17n.com\/fr\/wp-json\/wp\/v2\/media\/571"}],"wp:attachment":[{"href":"https:\/\/h17n.com\/fr\/wp-json\/wp\/v2\/media?parent=568"}],"wp:term":[{"taxonomy":"product_brand","embeddable":true,"href":"https:\/\/h17n.com\/fr\/wp-json\/wp\/v2\/product_brand?post=568"},{"taxonomy":"product_cat","embeddable":true,"href":"https:\/\/h17n.com\/fr\/wp-json\/wp\/v2\/product_cat?post=568"},{"taxonomy":"product_tag","embeddable":true,"href":"https:\/\/h17n.com\/fr\/wp-json\/wp\/v2\/product_tag?post=568"}],"curies":[{"name":"wp","href":"https:\/\/api.w.org\/{rel}","templated":true}]}}