{"id":564,"date":"2023-04-25T17:18:08","date_gmt":"2023-04-25T17:18:08","guid":{"rendered":"https:\/\/h17n.com\/fr\/?post_type=product&#038;p=564"},"modified":"2023-04-25T17:18:08","modified_gmt":"2023-04-25T17:18:08","slug":"bitwage","status":"publish","type":"product","link":"https:\/\/h17n.com\/fr\/paiements-bitcoin\/bitwage\/","title":{"rendered":"Bitwage : une plateforme de paie et de facturation en bitcoins"},"content":{"rendered":"<p><a href=\"https:\/\/www.bitwage.com\/\" rel=\"nofollow noopener\" target=\"_blank\">Bitwage<\/a> est une plateforme internationale de paie et de facturation en bitcoins, crypto-monnaies et stablecoins. Elle propose des solutions aux employeurs, aux employ\u00e9s et aux freelances de nombreux pays \u00e0 travers le monde. Le service propose l&rsquo;enregistrement d&rsquo;un compte d&rsquo;entreprise ou de travailleur en utilisant la version anglaise ou espagnole du site web. Son application est disponible en t\u00e9l\u00e9chargement sur les appareils Android. Bitwage permet aux travailleurs et aux entreprises de choisir les plans Standard(gratuit) ou Premium. Le plan Premium contient toutes les fonctionnalit\u00e9s du plan gratuit et des capacit\u00e9s avanc\u00e9es suppl\u00e9mentaires.<\/p>\n<h2>Produit Bitwage<\/h2>\n<ul>\n<li><strong>Pour les employeurs.<\/strong> Pour acc\u00e9der \u00e0 toutes les fonctionnalit\u00e9s de Bitwage, la plateforme permet aux entreprises d&rsquo;int\u00e9grer l&rsquo;API de Bitwage \u00e0 leur syst\u00e8me de paie ou de cr\u00e9er un <a href=\"https:\/\/app.bitwage.com\/business\/sign-up\" rel=\"nofollow noopener\" target=\"_blank\">compte Business<\/a> sur le site. La page Bitwage Business permet d&rsquo;utiliser le tableau de bord du compte pour g\u00e9rer et mettre \u00e0 jour les param\u00e8tres, tels que les m\u00e9thodes de paiement, les devises et les calendriers de paiement. En outre, les entreprises peuvent utiliser le tableau de bord pour configurer et g\u00e9rer plusieurs comptes d&rsquo;utilisateurs et profils administratifs, suivre et g\u00e9rer les factures, et acc\u00e9der aux ressources d&rsquo;assistance. Les entreprises peuvent \u00e9galement utiliser l&rsquo;API de Bitwage pour fournir des services de paie \u00e0 d&rsquo;autres entreprises, telles que les organisations de ressources humaines. Cela pourrait leur fournir un moyen s\u00fbr et efficace de payer leur personnel.<\/li>\n<li><strong>Pour les employ\u00e9s.<\/strong> Les employ\u00e9s doivent donner leurs portefeuilles ou comptes bancaires pr\u00e9f\u00e9r\u00e9s pour \u00eatre pay\u00e9s. Ils peuvent recevoir leur salaire dans n&rsquo;importe quelle combinaison : par exemple, en bitcoins, en monnaie locale, ou sous la forme d&rsquo;un m\u00e9lange de bitcoins, de stablecoins, de crypto-monnaies et de monnaie locale. Les travailleurs n&rsquo;ont pas \u00e0 payer de frais pour recevoir des paiements en bitcoins. Il y a des frais de 1 % pour les paiements en monnaie locale. L&#8217;employeur n&rsquo;est pas tenu d&rsquo;\u00eatre inscrit sur le site. Il peut recevoir les coordonn\u00e9es bancaires g\u00e9n\u00e9r\u00e9es par Bitwage et envoy\u00e9es par un employ\u00e9. <\/li>\n<li><strong>Pour les travailleurs ind\u00e9pendants.<\/strong> Bitwage propose des services aux travailleurs ind\u00e9pendants du monde entier pour leur \u00e9viter d&rsquo;avoir \u00e0 convertir les monnaies locales en bitcoins.  Un freelance peut utiliser n&rsquo;importe quel <a href=\"https:\/\/h17n.com\/fr\/portefeuilles-mobiles\/\" target=\"_blank\" rel=\"noopener\">portefeuille bitcoin<\/a> ou compte bancaire pour envoyer des factures. Bitwage r\u00e9sout les principaux points d&rsquo;interaction entre les freelances et leurs clients : les paiements internationaux, les transferts rapides et peu co\u00fbteux, et les taux de change favorables par rapport aux monnaies locales.<\/li>\n<li><strong>Programme 401(k) en bitcoins.<\/strong> Bitwage modernise un domaine d&rsquo;activit\u00e9 aussi traditionnel que l&rsquo;\u00e9pargne retraite. Le programme 401(k) est d\u00e9sormais disponible en bitcoin. Utilisez Roth 401(k) et un <a href=\"https:\/\/h17n.com\/fr\/investissement-programme\/\" target=\"_blank\" rel=\"noopener\">investissement programm\u00e9 (DCA)<\/a> pour faire fructifier l&rsquo;\u00e9pargne retraite. Bitwage coop\u00e8re avec ForUsAll, une entreprise technologique sp\u00e9cialis\u00e9e dans les programmes de retraite. Elle offre des services de conseil et aide \u00e0 la cr\u00e9ation d&rsquo;une strat\u00e9gie d&rsquo;investissement pour les clients qui ont un compte Bitwage.<\/li>\n<\/ul>\n<h2>Plus d&rsquo;informations<\/h2>\n<ul>\n<li>Suivre les mises \u00e0 jour de Bitwage sur Twitter : <a href=\"https:\/\/twitter.com\/Bitwage\" rel=\"nofollow noopener\" target=\"_blank\">@Bitwage<\/a><\/li>\n<\/ul>\n","protected":false},"excerpt":{"rendered":"<p>Bitwage est une plateforme de paie et de facturation bitcoin, crypto-monnaie et stablecoin qui op\u00e8re dans le monde entier. Elle offre des solutions aux entreprises, aux employ\u00e9s et aux ind\u00e9pendants et prend en charge le r\u00e9seau Lightning. Bitwage a les plans d&rsquo;abonnement Standard (gratuit) et Premium.<\/p>\n","protected":false},"featured_media":563,"comment_status":"open","ping_status":"closed","template":"","meta":[],"product_brand":[],"product_cat":[47],"product_tag":[],"class_list":{"0":"post-564","1":"product","2":"type-product","3":"status-publish","4":"has-post-thumbnail","6":"product_cat-paiements-bitcoin","7":"","8":"woocommerce-text-align-center","9":"woocommerce-image-align-center","10":"do-quantity-buttons","12":"first","13":"instock","14":"shipping-taxable","15":"product-type-external"},"_links":{"self":[{"href":"https:\/\/h17n.com\/fr\/wp-json\/wp\/v2\/product\/564","targetHints":{"allow":["GET"]}}],"collection":[{"href":"https:\/\/h17n.com\/fr\/wp-json\/wp\/v2\/product"}],"about":[{"href":"https:\/\/h17n.com\/fr\/wp-json\/wp\/v2\/types\/product"}],"replies":[{"embeddable":true,"href":"https:\/\/h17n.com\/fr\/wp-json\/wp\/v2\/comments?post=564"}],"wp:featuredmedia":[{"embeddable":true,"href":"https:\/\/h17n.com\/fr\/wp-json\/wp\/v2\/media\/563"}],"wp:attachment":[{"href":"https:\/\/h17n.com\/fr\/wp-json\/wp\/v2\/media?parent=564"}],"wp:term":[{"taxonomy":"product_brand","embeddable":true,"href":"https:\/\/h17n.com\/fr\/wp-json\/wp\/v2\/product_brand?post=564"},{"taxonomy":"product_cat","embeddable":true,"href":"https:\/\/h17n.com\/fr\/wp-json\/wp\/v2\/product_cat?post=564"},{"taxonomy":"product_tag","embeddable":true,"href":"https:\/\/h17n.com\/fr\/wp-json\/wp\/v2\/product_tag?post=564"}],"curies":[{"name":"wp","href":"https:\/\/api.w.org\/{rel}","templated":true}]}}