{"id":559,"date":"2023-04-25T13:31:53","date_gmt":"2023-04-25T13:31:53","guid":{"rendered":"https:\/\/h17n.com\/fr\/?post_type=product&#038;p=559"},"modified":"2023-04-25T14:19:33","modified_gmt":"2023-04-25T14:19:33","slug":"btcpay-server","status":"publish","type":"product","link":"https:\/\/h17n.com\/fr\/paiements-bitcoin\/btcpay-server\/","title":{"rendered":"BTCPay Server : une passerelle de paiement Bitcoin"},"content":{"rendered":"<p><a href=\"https:\/\/btcpayserver.org\/\" rel=\"nofollow noopener\" target=\"_blank\">BTCPay Server<\/a> est un processeur de paiement bitcoin gratuit, auto-h\u00e9berg\u00e9 et automatis\u00e9. Il permet de recevoir des paiements peer-to-peer en bitcoins en ligne et hors ligne sans frais ni tiers impliqu\u00e9s. Les transactions sont trait\u00e9es sur la cha\u00eene et via le <a href=\"https:\/\/h17n.com\/fr\/reseau-lightning\/\" target=\"_blank\" rel=\"noopener\">Lightning Network<\/a>. BTCPay Server suit le statut de la facture et la met \u00e0 jour en cons\u00e9quence. Il g\u00e8re \u00e9galement les remboursements des paiements, ainsi que les fonctions de gestion des bitcoins. En outre, il ne n\u00e9cessite aucune forme de v\u00e9rification de la connaissance du client (KYC), aucune information personnelle n&rsquo;est collect\u00e9e. BTCPay Server peut \u00eatre configur\u00e9 pour fonctionner sur le r\u00e9seau Tor afin de pr\u00e9server la confidentialit\u00e9 des adresses IP des utilisateurs.<\/p>\n<p>BTCPay est \u00e0 source ouverte, cela signifie que les d\u00e9veloppeurs peuvent toujours contribuer au projet et le maintenir \u00e0 jour avec les derni\u00e8res technologies. Bien que des int\u00e9grations opt-in pour de nombreuses crypto-monnaies soient disponibles, le bitcoin est le centre d&rsquo;int\u00e9r\u00eat exclusif du projet et de ses principaux d\u00e9veloppeurs.<\/p>\n<h2>Prise en main de BTCPay Server<\/h2>\n<p>Avant de pouvoir utiliser pleinement le service, il faut d&rsquo;abord effectuer les \u00e9tapes suivantes :<\/p>\n<ol>\n<li>D\u00e9ployer <a href=\"https:\/\/docs.btcpayserver.org\/Deployment\/\" target=\"_blank\" rel=\"nofollow noopener\">votre propre<\/a> BTCPay Server dans un nuage, un dispositif mat\u00e9riel ou utiliser un <a href=\"https:\/\/docs.btcpayserver.org\/Deployment\/ThirdPartyHosting\/\" target=\"_blank\" rel=\"nofollow noopener\">h\u00f4te tiers<\/a>. Il est recommand\u00e9 d&rsquo;activer le A2F pendant le processus pour am\u00e9liorer la s\u00e9curit\u00e9.<\/li>\n<li>Cr\u00e9er une boutique. Vous pouvez avoir autant de boutiques que vous le souhaitez dans votre BTCPay Server. Ou connectez-vous \u00e0 l&rsquo;une des nombreuses int\u00e9grations : WooCommerce, Shopify, Magento, Prestashop, OpenCart, Drupal, Zapier, Shopware et VirtueMart. Si vous \u00eates d\u00e9veloppeur, vous pouvez d\u00e9velopper votre propre int\u00e9gration.<\/li>\n<li>Configurer un portefeuille en connectant un portefeuille existant ou en cr\u00e9ant un nouveau.<\/li>\n<li>Une fois que le portefeuille est connect\u00e9 \u00e0 BTCPay, vous pouvez explorer les fonctionnalit\u00e9s int\u00e9gr\u00e9es du logiciel.<\/li>\n<\/ol>\n<h2>Caract\u00e9ristiques de BTCPay Server<\/h2>\n<ul>\n<li><strong>Tableau de bord.<\/strong> Avec la sortie de la version 1.5.0 de BTCPay Server, un tout nouveau tableau de bord a \u00e9t\u00e9 cr\u00e9\u00e9. Il comprend un certain nombre de tuiles qui peuvent \u00eatre utilis\u00e9es pour simplifier la configuration, mieux comprendre les donn\u00e9es du magasin et g\u00e9rer les paiements et les remboursements.<\/li>\n<li><strong>Portefeuille.<\/strong> BTCPay Server dispose d&rsquo;un portefeuille int\u00e9gr\u00e9 ; il est compatible avec les <a href=\"https:\/\/h17n.com\/hardware-wallet\" target=\"_blank\" rel=\"noopener\">portefeuilles mat\u00e9riels<\/a>. Pour d\u00e9penser les fonds, il faut confirmer la transaction sur le portefeuille mat\u00e9riel.<\/li>\n<li><strong>Factures et comptabilit\u00e9.<\/strong> Les marchands peuvent cr\u00e9er, afficher et g\u00e9rer des factures dans BTCPay Server. Une facture BTCPay est un document qui demande un paiement dans un d\u00e9lai sp\u00e9cifique et \u00e0 un taux de change fixe. BTCPay Server fournit \u00e9galement plusieurs outils pour aider \u00e0 la comptabilit\u00e9 des crypto-monnaies.<\/li>\n<li><strong>Demandes de paiement.<\/strong> Les demandes de paiement sont une fonctionnalit\u00e9 con\u00e7ue pour les situations o\u00f9 un client peut avoir besoin d&rsquo;effectuer plusieurs paiements sur la m\u00eame facture au cours d&rsquo;une p\u00e9riode donn\u00e9e. Le taux de change est d\u00e9termin\u00e9 au moment du paiement.<\/li>\n<li><strong>Paiements tir\u00e9s.<\/strong> L&rsquo;exp\u00e9diteur peut donner au destinataire un certain laps de temps pendant lequel il peut choisir de retirer le paiement.<\/li>\n<li><strong>Apps.<\/strong> Il s&rsquo;agit de programmes int\u00e9gr\u00e9s qui am\u00e9liorent le cas d&rsquo;utilisation du logiciel. Par exemple, une application web Point of Sale (PoS) permet aux magasins hors ligne d&rsquo;accepter des paiements en bitcoins directement dans leur portefeuille (elle est \u00e9galement disponible sur les appareils <a href=\"https:\/\/play.google.com\/store\/apps\/details?id=technoprepay.btcpay.pos&amp;hl=en&amp;gl=US\" target=\"_blank\" rel=\"nofollow noopener\">Android<\/a> ). Crowdfunding App vise \u00e0 cr\u00e9er une campagne de crowdfunding auto-h\u00e9berg\u00e9e et \u00e0 collecter des fonds en bitcoin ou toute autre crypto-monnaie prise en charge par la plateforme. Le bouton de paiement permet aux utilisateurs de recevoir des pourboires et des dons gr\u00e2ce \u00e0 des boutons int\u00e9gr\u00e9s dans les pages Web. BTCPay affiche la facture lorsqu&rsquo;un visiteur du site clique sur le bouton. Des boutons de paiement peuvent \u00e9galement \u00eatre int\u00e9gr\u00e9s dans des boutiques en ligne.<\/li>\n<\/ul>\n<h2>Plus d&rsquo;informations<\/h2>\n<ul>\n<li>Mises \u00e0 jour de BTCPay Server : <a href=\"https:\/\/twitter.com\/btcpayserver\" target=\"_blank\" rel=\"nofollow noopener\">@BtcpayServer<\/a><\/li>\n<li><a href=\"https:\/\/docs.btcpayserver.org\/Guide\/\" target=\"_blank\" rel=\"nofollow noopener\">Guide de l&rsquo;utilisateur<\/a><\/li>\n<li>BTCPay Server sur <a href=\"https:\/\/github.com\/btcpayserver\/btcpayserver\" target=\"_blank\" rel=\"nofollow noopener\">GitHub<\/a><\/li>\n<\/ul>\n","protected":false},"excerpt":{"rendered":"<p>BTCPay Server est un processeur de paiement Bitcoin et autres crypto-monnaies gratuit, auto-h\u00e9berg\u00e9 et \u00e0 code source ouvert qui permet aux commer\u00e7ants d&rsquo;accepter des paiements sans d\u00e9pendre d&rsquo;un tiers. Il comprend la facturation, la comptabilit\u00e9, des applications int\u00e9gr\u00e9es, un portefeuille compatible avec les portefeuilles mat\u00e9riels et l&rsquo;int\u00e9gration avec les magasins de commerce \u00e9lectronique.<\/p>\n","protected":false},"featured_media":560,"comment_status":"open","ping_status":"closed","template":"","meta":[],"product_brand":[],"product_cat":[47],"product_tag":[],"class_list":{"0":"post-559","1":"product","2":"type-product","3":"status-publish","4":"has-post-thumbnail","6":"product_cat-paiements-bitcoin","7":"","8":"woocommerce-text-align-center","9":"woocommerce-image-align-center","10":"do-quantity-buttons","12":"first","13":"instock","14":"shipping-taxable","15":"product-type-external"},"_links":{"self":[{"href":"https:\/\/h17n.com\/fr\/wp-json\/wp\/v2\/product\/559","targetHints":{"allow":["GET"]}}],"collection":[{"href":"https:\/\/h17n.com\/fr\/wp-json\/wp\/v2\/product"}],"about":[{"href":"https:\/\/h17n.com\/fr\/wp-json\/wp\/v2\/types\/product"}],"replies":[{"embeddable":true,"href":"https:\/\/h17n.com\/fr\/wp-json\/wp\/v2\/comments?post=559"}],"wp:featuredmedia":[{"embeddable":true,"href":"https:\/\/h17n.com\/fr\/wp-json\/wp\/v2\/media\/560"}],"wp:attachment":[{"href":"https:\/\/h17n.com\/fr\/wp-json\/wp\/v2\/media?parent=559"}],"wp:term":[{"taxonomy":"product_brand","embeddable":true,"href":"https:\/\/h17n.com\/fr\/wp-json\/wp\/v2\/product_brand?post=559"},{"taxonomy":"product_cat","embeddable":true,"href":"https:\/\/h17n.com\/fr\/wp-json\/wp\/v2\/product_cat?post=559"},{"taxonomy":"product_tag","embeddable":true,"href":"https:\/\/h17n.com\/fr\/wp-json\/wp\/v2\/product_tag?post=559"}],"curies":[{"name":"wp","href":"https:\/\/api.w.org\/{rel}","templated":true}]}}