{"id":555,"date":"2023-04-25T10:08:20","date_gmt":"2023-04-25T10:08:20","guid":{"rendered":"https:\/\/h17n.com\/fr\/?post_type=product&#038;p=555"},"modified":"2023-04-25T10:08:21","modified_gmt":"2023-04-25T10:08:21","slug":"blockonomics","status":"publish","type":"product","link":"https:\/\/h17n.com\/fr\/paiements-bitcoin\/blockonomics\/","title":{"rendered":"Blockonomics : une solution de paiement en bitcoins"},"content":{"rendered":"<p><a href=\"https:\/\/www.blockonomics.co\/\" rel=\"nofollow noopener\" target=\"_blank\">Blockonomics<\/a> est une passerelle de paiement qui permet aux boutiques en ligne d&rsquo;accepter et de suivre les paiements en bitcoins. Les paiements sont vers\u00e9s directement dans le <a href=\"https:\/\/h17n.com\/fr\/portefeuilles\/\" target=\"_blank\" rel=\"noopener\">portefeuille bitcoin<\/a> du commer\u00e7ant, ce qui rend l&rsquo;op\u00e9ration totalement d\u00e9centralis\u00e9e. Le service fournit une API, des plugins et des boutons\/liens de paiement pour effectuer des transactions. Il fournit \u00e9galement aux commer\u00e7ants un tableau de bord, un g\u00e9n\u00e9rateur de factures et un wallet watcher. La plateforme n&rsquo;exige pas de v\u00e9rification KYC ni de documentation, ce qui permet aux entreprises de facturer de mani\u00e8re anonyme.<\/p>\n<h2>Fonctionnement de Blockonomics<\/h2>\n<p>Pour commencer \u00e0 utiliser Blockonomics, il faut entrer votre e-mail, un mot de passe, puis un code de v\u00e9rification qui sera envoy\u00e9 \u00e0 l&rsquo;amail. Une fois le code de v\u00e9rification saisi, vous serez dirig\u00e9 vers votre tableau de bord Blockonomics. De l\u00e0, vous pourrez cr\u00e9er une adresse de portefeuille pour recevoir des paiements, afficher l&rsquo;historique des transactions et g\u00e9rer vos param\u00e8tres.<\/p>\n<p>Il est n\u00e9cessaire d&rsquo;obtenir un portefeuille bitcoin HD ( de type d\u00e9terministe hi\u00e9rarchique), par exemple <a href=\"https:\/\/h17n.com\/fr\/portefeuilles-materiels\/trezor\/\" target=\"_blank\" rel=\"noopener\">Trezor<\/a>, <a href=\"https:\/\/h17n.com\/fr\/portefeuilles-de-bureau\/electrum\/\" target=\"_blank\" rel=\"noopener\">Electrum<\/a> ou <a href=\"https:\/\/h17n.com\/fr\/portefeuilles-materiels\/ledger\/\" target=\"_blank\" rel=\"noopener\">Ledger<\/a>. Il faut ensuite configurer l&rsquo;API, des plugins ou des liens\/boutons pour commencer \u00e0 accepter les paiements en bitcoins sur votre e-commerce.<\/p>\n<ul>\n<li>Pour configurer une API avec Blockonomics, cliquez sur la balise du tableau de bord et choisissez \u00ab\u00a0Accepter le bitcoin sur votre boutique en ligne\u00a0\u00bb. \u00c0 partir de l\u00e0, vous pourrez g\u00e9n\u00e9rer une cl\u00e9 API unique.<\/li>\n<li>Les plugins sont pris en charge sur WordPress, WHMCS, PrestaShop, OpenCart et Easy Digital Downloads. <\/li>\n<li>Pour cr\u00e9er un lien ou un bouton de paiement, connectez-vous \u00e0 votre compte et s\u00e9lectionnez \u00ab\u00a0Cr\u00e9er un bouton\/lien de paiement\u00a0\u00bb. Vous pourrez ensuite personnaliser le bouton\/lien et g\u00e9n\u00e9rer une URL unique.<\/li>\n<\/ul>\n<h3>Fonctionnalit\u00e9s<\/h3>\n<ul>\n<li><strong>Recherche d&rsquo;adresse bitcoin.<\/strong> Il s&rsquo;agit d&rsquo;un outil permettant de rechercher une adresse bitcoin sp\u00e9cifique et de consulter son solde et l&rsquo;historique de ses transactions. Il est \u00e9galement possible d&rsquo;obtenir le solde complet du portefeuille en recherchant la cl\u00e9 xPub (la cl\u00e9 principale \u00e0 partir de laquelle toutes les adresses sont cr\u00e9\u00e9es).<\/li>\n<li><strong>Facture Peer-to-Peer (P2P).<\/strong> Cr\u00e9ez une facture, partagez le lien avec votre pair et soyez pay\u00e9 en bitcoin.<\/li>\n<li><strong>Wallet Watcher.<\/strong> Surveillez plusieurs portefeuilles et adresses et attribuez-leur des balises pour obtenir un aper\u00e7u rapide des soldes.<\/li>\n<li><strong>Notification des transactions par email.<\/strong> Vous recevrez des mises \u00e0 jour par e-mail sur tous les changements apport\u00e9s au portefeuille et aux transactions effectu\u00e9es sur celui-ci.<\/li>\n<li><strong>Portefeuille auto-h\u00e9berg\u00e9.<\/strong> Il est possible de d\u00e9ployer un <a href=\"https:\/\/github.com\/blockonomics\/wallet_service\" rel=\"nofollow noopener\" target=\"_blank\">portefeuille auto-h\u00e9berg\u00e9<\/a> gratuit pour envoyer des bitcoins.<\/li>\n<\/ul>\n<h3>Frais de Blockonomics<\/h3>\n<p>L&rsquo;entreprise offre les 20 premi\u00e8res transactions gratuitement, puis une commission de 1 % par transaction lorsque les paiements sont re\u00e7us par l&rsquo;interm\u00e9diaire d&rsquo;une API ou d&rsquo;un plugin. Les utilisateurs d&rsquo;API peuvent acheter des mises \u00e0 jour pour suivre plus d&rsquo;adresses dans leur Wallet Watcher. Blockonomics n&rsquo;\u00e9tant pas un d\u00e9positaire, c&rsquo;est-\u00e0-dire qu&rsquo;il ne stocke pas les fonds et n&rsquo;y a pas acc\u00e8s, il a d\u00e9velopp\u00e9 le syst\u00e8me de solde cr\u00e9diteur. Les utilisateurs peuvent charger leur solde de cr\u00e9dit en utilisant n&rsquo;importe quel portefeuille bitcoin mobile.<\/p>\n<h2>Plus d&rsquo;informations<\/h2>\n<ul>\n<li><a href=\"https:\/\/github.com\/blockonomics\/wallet_service\" rel=\"nofollow noopener\" target=\"_blank\">Portefeuille bitcoin auto-h\u00e9berg\u00e9<\/a><\/li>\n<li><a href=\"https:\/\/community.blockonomics.co\/\" rel=\"nofollow noopener\" target=\"_blank\">Plateforme communautaire<\/a><\/li>\n<li><a href=\"https:\/\/twitter.com\/blockonomics_co\" rel=\"nofollow noopener\" target=\"_blank\">Mises \u00e0 jour de Blocknomics<\/a><\/li>\n<\/ul>\n","protected":false},"excerpt":{"rendered":"<p>Blockonomics est un service qui permet aux boutiques en ligne de recevoir des paiements en bitcoins et de facturer de mani\u00e8re anonyme. Il offre \u00e9galement une gamme de fonctionnalit\u00e9s telles que le suivi des paiements, les notifications instantan\u00e9es par e-mail et la recherche d&rsquo;adresse bitcoin.<\/p>\n","protected":false},"featured_media":558,"comment_status":"open","ping_status":"closed","template":"","meta":[],"product_brand":[],"product_cat":[47],"product_tag":[],"class_list":{"0":"post-555","1":"product","2":"type-product","3":"status-publish","4":"has-post-thumbnail","6":"product_cat-paiements-bitcoin","7":"","8":"woocommerce-text-align-center","9":"woocommerce-image-align-center","10":"do-quantity-buttons","12":"first","13":"instock","14":"shipping-taxable","15":"product-type-external"},"_links":{"self":[{"href":"https:\/\/h17n.com\/fr\/wp-json\/wp\/v2\/product\/555","targetHints":{"allow":["GET"]}}],"collection":[{"href":"https:\/\/h17n.com\/fr\/wp-json\/wp\/v2\/product"}],"about":[{"href":"https:\/\/h17n.com\/fr\/wp-json\/wp\/v2\/types\/product"}],"replies":[{"embeddable":true,"href":"https:\/\/h17n.com\/fr\/wp-json\/wp\/v2\/comments?post=555"}],"wp:featuredmedia":[{"embeddable":true,"href":"https:\/\/h17n.com\/fr\/wp-json\/wp\/v2\/media\/558"}],"wp:attachment":[{"href":"https:\/\/h17n.com\/fr\/wp-json\/wp\/v2\/media?parent=555"}],"wp:term":[{"taxonomy":"product_brand","embeddable":true,"href":"https:\/\/h17n.com\/fr\/wp-json\/wp\/v2\/product_brand?post=555"},{"taxonomy":"product_cat","embeddable":true,"href":"https:\/\/h17n.com\/fr\/wp-json\/wp\/v2\/product_cat?post=555"},{"taxonomy":"product_tag","embeddable":true,"href":"https:\/\/h17n.com\/fr\/wp-json\/wp\/v2\/product_tag?post=555"}],"curies":[{"name":"wp","href":"https:\/\/api.w.org\/{rel}","templated":true}]}}