{"id":551,"date":"2023-04-24T20:46:03","date_gmt":"2023-04-24T20:46:03","guid":{"rendered":"https:\/\/h17n.com\/fr\/?post_type=product&#038;p=551"},"modified":"2023-04-24T20:46:03","modified_gmt":"2023-04-24T20:46:03","slug":"opennode","status":"publish","type":"product","link":"https:\/\/h17n.com\/fr\/paiements-bitcoin\/opennode\/","title":{"rendered":"OpenNode : Processeur de paiement Bitcoin"},"content":{"rendered":"<p><a href=\"https:\/\/www.opennode.com\/\" rel=\"nofollow noopener\" target=\"_blank\">OpenNode<\/a> est un service de paiement en bitcoin pour les entreprises du monde entier et les organisations qui souhaitent accepter des paiements en bitcoin de leurs clients ou recevoir des dons en bitcoin. Il fournit une s\u00e9rie d&rsquo;outils qui facilitent l&rsquo;acceptation des paiements et les versements en bitcoins et en monnaies locales. Ces outils comprennent des boutons de paiement, des caisses h\u00e9berg\u00e9es, l&rsquo;int\u00e9gration d&rsquo;API et des plugins de commerce \u00e9lectronique. Les <a href=\"https:\/\/h17n.com\/fr\/paiements-bitcoin\/\" target=\"_blank\" rel=\"noopener\">paiements en bitcoins<\/a> peuvent \u00eatre r\u00e9gl\u00e9s sur la blockchain bitcoin ou via le <a href=\"https:\/\/h17n.com\/fr\/reseau-lightning\/\" target=\"_blank\" rel=\"noopener\">Lightning Network<\/a> pour des transactions instantan\u00e9es et pas chers.<\/p>\n<p>OpenNode est une application web qui peut fonctionner dans n&rsquo;importe quel navigateur et sur n&rsquo;importe quel appareil mobile. Elle est compatible avec tous les <a href=\"https:\/\/h17n.com\/fr\/portefeuilles\/\" target=\"_blank\" rel=\"noopener\">portefeuilles bitcoin et portefeuilles Lightning<\/a>. La plateforme prend en charge l&rsquo;authentification \u00e0 deux facteurs, le multisig et la protection int\u00e9gr\u00e9e contre la fraude afin de s\u00e9curiser les fonds et de pr\u00e9server la s\u00e9curit\u00e9 des donn\u00e9es de transaction. OpenNode demande \u00e9galement aux particuliers et aux propri\u00e9taires uniques d&rsquo;effectuer un processus de v\u00e9rification KYC (Know Your Customer) avant d&rsquo;utiliser le service. Les entreprises doivent en outre fournir des documents et des informations sur les b\u00e9n\u00e9ficiaires effectifs.<\/p>\n<h2>OpenNode, comment fonctionne-t-il ?<\/h2>\n<p>Il y a plusieurs fa\u00e7ons de commencer avec OpenNode et d&rsquo;accepter des paiements :<\/p>\n<ul>\n<li><strong>Int\u00e9gration de plugins :<\/strong> OpenNode dispose de plugins et d&rsquo;extensions pour les plateformes de commerce \u00e9lectronique telles que Shopify, BigCommerce, WooCommerce, Magento, Prestashop et OpenCart. Avec le plugin OpenNode, les marchands peuvent accepter les paiements en bitcoins et sur le r\u00e9seau Lightning sans frais suppl\u00e9mentaires ni installation.<\/li>\n<li><strong>Int\u00e9gration d&rsquo;API :<\/strong> il est possible d&rsquo;int\u00e9grer les paiements en bitcoins d&rsquo;OpenNode sur votre site web en installant une API qui permet de personnaliser le flux de paiement.<\/li>\n<li><strong>Pages de paiement h\u00e9berg\u00e9es :<\/strong> il faut g\u00e9n\u00e9rer une cl\u00e9 API dans le tableau de bord d&rsquo;OpenNode et cr\u00e9er une demande de paiement en indiquant le montant de la facture et la devise. Une fois la demande de paiement effectu\u00e9e, le service fournira une URL de paiement h\u00e9berg\u00e9e. Il suffit de rediriger les clients vers cette URL de paiement h\u00e9berg\u00e9e pour terminer le processus de paiement. Si n\u00e9cessaire, il est possible d&rsquo;inclure des remises ou de mettre en place des codes promotionnels.<\/li>\n<\/ul>\n<h2>Caract\u00e9ristiques d&rsquo;OpenNode<\/h2>\n<ul>\n<li><strong>Mod\u00e8les de paiement (paiement heberg\u00e9).<\/strong> Les mod\u00e8les de paiement sont des formulaires de paiement pr\u00e9d\u00e9finis qui peuvent \u00eatre int\u00e9gr\u00e9s dans les sites web. Avec OpenNode, ils peuvent \u00eatre cr\u00e9\u00e9s sous la forme de boutons \u00a0\u00bb Payer avec des bitcoins \u00a0\u00bb ou \u00a0\u00bb Faire un don avec des bitcoins \u00ab\u00a0. Ils permettent d&rsquo;\u00eatre pay\u00e9 en bitcoins ou en monnaie locale convertie automatiquement. <\/li>\n<li><strong>Conversion automatique.<\/strong> Il permet d&rsquo;accepter des bitcoins et de les convertir instantan\u00e9ment dans la devise locale de son choix au moment de la transaction. La fonction de blocage des taux garantit que le taux du bitcoin est bloqu\u00e9 afin d&rsquo;\u00e9liminer la volatilit\u00e9 du cours du bitcoin. <\/li>\n<li><strong>Factures (facturation).<\/strong> Demande de paiement en bitcoins, en cr\u00e9ant des factures personnalis\u00e9es sous forme de PDF partageable, d&rsquo;hyperlien ou d&rsquo;e-mail.<\/li>\n<li><strong>Virements bancaires.<\/strong> Connecter son compte bancaire au compte OpenNode pour retirer des fonds. Le retrait d&rsquo;argent est possible de deux mani\u00e8res : par des virements bancaires programm\u00e9s sur une base r\u00e9currente et par des virements ponctuels. <\/li>\n<li><strong>Paiements en personne.<\/strong> Avec les paiements en personne d&rsquo;OpenNode, les clients peuvent payer en bitcoins en utilisant leur portefeuille mobile ou en scannant un code QR au point de vente. L&rsquo;iPhone ou l&rsquo;iPad peut \u00e9galement \u00eatre configur\u00e9 comme syst\u00e8me de point de vente pour accepter des paiements en bitcoins ou en Lightning Network. Il faut \u00eatre connect\u00e9 \u00e0 son compte OpenNode sur son iPhone ou son iPad dans un navigateur web pour que le point de vente fonctionne.<\/li>\n<li><strong>R\u00e8glement fractionn\u00e9.<\/strong> OpenNode propose une fonction de r\u00e8glement fractionn\u00e9 qui permet de recevoir le paiement en bitcoins ou en une combinaison de bitcoins et d&rsquo;une monnaie fiduciaire.<\/li>\n<\/ul>\n<h2>Plus d&rsquo;informations<\/h2>\n<ul>\n<li><a href=\"https:\/\/developers.opennode.com\/docs?_gl=1*g467ag*_ga*NDc2MzY5MTIwLjE2NzMxMjk1NjA.*_ga_3GCZMF8YQ6*MTY3MzQ3MzI2NC4xNS4xLjE2NzM0NzU1NTcuNjAuMC4w\" rel=\"nofollow noopener\" target=\"_blank\">Documentation<\/a> pour l&rsquo;impl\u00e9mentation de l&rsquo;API OpenNode<\/li>\n<li><a href=\"https:\/\/help.opennode.com\/en\/articles\/2564069-what-currencies-do-you-support-bank-transfers-for?_gl=1*1ablf13*_ga*NDc2MzY5MTIwLjE2NzMxMjk1NjA.*_ga_3GCZMF8YQ6*MTY3MzQyNjI1MC45LjEuMTY3MzQyNjM2MC42MC4wLjA.\" rel=\"nofollow noopener\" target=\"_blank\">Liste des devises support\u00e9es<\/a><\/li>\n<li>OpenNode sur <a href=\"https:\/\/mobile.twitter.com\/opennode\" rel=\"nofollow noopener\" target=\"_blank\">Twitter<\/a><\/li>\n<\/ul>\n","protected":false},"excerpt":{"rendered":"<p>OpenNode est un processeur de paiement en bitcoins qui aide les entreprises \u00e0 traiter les paiements en bitcoins et \u00e0 les envoyer en bitcoins. Il fournit des paiements h\u00e9berg\u00e9s, des plugins de commerce \u00e9lectronique et une API pour des int\u00e9grations personnalis\u00e9es. Il dispose \u00e9galement de diverses fonctionnalit\u00e9s, telles que les services de facturation, les virements bancaires, les mod\u00e8les de paiement et la conversion automatique.<\/p>\n","protected":false},"featured_media":554,"comment_status":"open","ping_status":"closed","template":"","meta":[],"product_brand":[],"product_cat":[47],"product_tag":[],"class_list":{"0":"post-551","1":"product","2":"type-product","3":"status-publish","4":"has-post-thumbnail","6":"product_cat-paiements-bitcoin","7":"","8":"woocommerce-text-align-center","9":"woocommerce-image-align-center","10":"do-quantity-buttons","12":"first","13":"instock","14":"shipping-taxable","15":"product-type-external"},"_links":{"self":[{"href":"https:\/\/h17n.com\/fr\/wp-json\/wp\/v2\/product\/551","targetHints":{"allow":["GET"]}}],"collection":[{"href":"https:\/\/h17n.com\/fr\/wp-json\/wp\/v2\/product"}],"about":[{"href":"https:\/\/h17n.com\/fr\/wp-json\/wp\/v2\/types\/product"}],"replies":[{"embeddable":true,"href":"https:\/\/h17n.com\/fr\/wp-json\/wp\/v2\/comments?post=551"}],"wp:featuredmedia":[{"embeddable":true,"href":"https:\/\/h17n.com\/fr\/wp-json\/wp\/v2\/media\/554"}],"wp:attachment":[{"href":"https:\/\/h17n.com\/fr\/wp-json\/wp\/v2\/media?parent=551"}],"wp:term":[{"taxonomy":"product_brand","embeddable":true,"href":"https:\/\/h17n.com\/fr\/wp-json\/wp\/v2\/product_brand?post=551"},{"taxonomy":"product_cat","embeddable":true,"href":"https:\/\/h17n.com\/fr\/wp-json\/wp\/v2\/product_cat?post=551"},{"taxonomy":"product_tag","embeddable":true,"href":"https:\/\/h17n.com\/fr\/wp-json\/wp\/v2\/product_tag?post=551"}],"curies":[{"name":"wp","href":"https:\/\/api.w.org\/{rel}","templated":true}]}}