{"id":536,"date":"2023-05-08T08:56:18","date_gmt":"2023-05-08T08:56:18","guid":{"rendered":"https:\/\/h17n.com\/fr\/?post_type=product&#038;p=536"},"modified":"2023-05-08T09:04:55","modified_gmt":"2023-05-08T09:04:55","slug":"opendime","status":"publish","type":"product","link":"https:\/\/h17n.com\/fr\/utiliser-bitcoin\/opendime\/","title":{"rendered":"Opendime : une cl\u00e9 USB Bitcoin"},"content":{"rendered":"<p><a href=\"https:\/\/opendime.com\/\" rel=\"nofollow noopener\" target=\"_blank\">Opendime<\/a> est une petite cl\u00e9 USB qui permet de d\u00e9penser ou de donner des bitcoins comme de l&rsquo;argent liquide. Fabriqu\u00e9e par <a href=\"https:\/\/coinkite.com\/\" rel=\"nofollow noopener\" target=\"_blank\">Coinkite<\/a>, la cl\u00e9 ne mesure que 40 x 12 mm et poss\u00e8de un trou permettant de l&rsquo;attacher \u00e0 un porte-cl\u00e9s ou de la porter autour du cou. Ses bords sont arrondis, ce qui le rend facile \u00e0 transporter dans une poche. Pour v\u00e9rifier le solde, il suffit de le connecter \u00e0 n&rsquo;importe quel port USB. La cl\u00e9 est disponible dans une interface utilisateur multilingue, notamment en anglais, n\u00e9erlandais, portugais, fran\u00e7ais, chinois et polonais.<\/p>\n<blockquote><p>Le 1er instrument de portage du bitcoin ou appelez-le simplement un \u00a0\u00bb Bitcoin Stick \u00a0\u00bb <\/p><\/blockquote>\n<h2>Comment fonctionne Opendime<\/h2>\n<p>\u00c0 l&rsquo;int\u00e9rieur du stick se trouvent des fichiers texte contenant l&rsquo;adresse de paiement et, s&rsquo;ils sont d\u00e9cachet\u00e9s, la cl\u00e9 priv\u00e9e au <a href=\"https:\/\/river.com\/learn\/terms\/w\/wallet-import-format-wif\/\" rel=\"nofollow noopener\" target=\"_blank\">format WIF<\/a>. Il y a une image QR qui peut \u00eatre facilement scann\u00e9e. Il est \u00e9galement possible d&rsquo;utiliser un chargeur de t\u00e9l\u00e9phone USB ou un bloc d&rsquo;alimentation USB pour v\u00e9rifier s&rsquo;il est descell\u00e9 en le pla\u00e7ant dans n&rsquo;importe quel port USB et les lumi\u00e8res vertes clignoteront dans une s\u00e9quence indiquant qu&rsquo;il est descell\u00e9.<\/p>\n<p>Opendime ne remplace pas le <a href=\"https:\/\/h17n.com\/fr\/portefeuilles-mobiles\/\" target=\"_blank\" rel=\"noopener\">portefeuille bitcoin<\/a>. Pour transf\u00e9rer des bitcoins \u00e0 l&rsquo;int\u00e9rieur et \u00e0 l&rsquo;ext\u00e9rieur de l&rsquo;Opendime, il faut toujours un portefeuille bitcoin. L&rsquo;Opendime est compatible avec tous les portefeuilles qui peuvent retirer des fonds de la blockchain en utilisant une cl\u00e9 priv\u00e9e import\u00e9e au format WIF.<\/p>\n<p>Pour retirer des fonds, il suffit d&rsquo;ins\u00e9rer une \u00e9pingle dans le trou sp\u00e9cifi\u00e9 au dos. Lorsque la pi\u00e8ce est cass\u00e9e, le contenu du fichier change et la cl\u00e9 priv\u00e9e est r\u00e9v\u00e9l\u00e9e dans le fichier private-key.txt et l&rsquo;image du code QR. Une fois ouvert, il faut transf\u00e9rer les fonds vers un autre portefeuille.<\/p>\n<p>Pour approvisionner Opendime, connectez votre nouvel Opendime \u00e0 votre ordinateur et acc\u00e9dez au dossier Opendime. Vous verrez le fichier readme.txt avec des instructions d\u00e9taill\u00e9es pour l&rsquo;utilisation de l&rsquo;appareil et index.htm qui fournit un bref guide d&rsquo;installation. La vid\u00e9o ci-dessous vous donnera \u00e9galement une id\u00e9e de base sur la fa\u00e7on de l&rsquo;utiliser.<\/p>\n<blockquote><p>C&rsquo;est comme une tirelire. Vous devez la d\u00e9truire pour d\u00e9penser les fonds. \u00c0 premi\u00e8re vue, cela semble co\u00fbteux et inutile, mais c&rsquo;est un \u00e9l\u00e9ment cl\u00e9 de notre mod\u00e8le de s\u00e9curit\u00e9 : vous pouvez faire confiance \u00e0 un Opendime scell\u00e9, et il est \u00e9vident qu&rsquo;il a \u00e9t\u00e9 ouvert. <\/p><\/blockquote>\n<h2>Caract\u00e9ristiques de l&rsquo;Opendime<\/h2>\n<ul>\n<li><strong>Cl\u00e9 USB.<\/strong> Elle fonctionne comme un disque flash USB qui ne peut \u00eatre que lu. Elle peut \u00eatre utilis\u00e9e sur n&rsquo;importe quel ordinateur ou t\u00e9l\u00e9phone. Une adresse bitcoin et d&rsquo;autres informations utiles peuvent \u00eatre trouv\u00e9es dans les fichiers texte et l&rsquo;image QR qui sont inclus. <\/li>\n<li><strong>Aucune confiance n&rsquo;est n\u00e9cessaire.<\/strong> N&rsquo;importe qui peut obtenir un Opendime sans avoir \u00e0 s&rsquo;inqui\u00e9ter que l&rsquo;argent soit r\u00e9cup\u00e9r\u00e9 ult\u00e9rieurement. Seul le stick lui-m\u00eame contient la cl\u00e9 priv\u00e9e.<\/li>\n<li><strong>L&rsquo;utilisation est gratuite et instantan\u00e9e.<\/strong> Il n&rsquo;y a pas de frais de minage ni de d\u00e9lai de confirmation. <\/li>\n<li><strong>S\u00e9curis\u00e9.<\/strong> La cl\u00e9 priv\u00e9e est g\u00e9n\u00e9r\u00e9e dans l&rsquo;appareil et n&rsquo;est jamais connue de quiconque, y compris de l&rsquo;utilisateur.<\/li>\n<li><strong>Normes ouvertes.<\/strong> Il utilise la signature des messages bitcoin, des adresses de paiement bitcoin non HD et des cl\u00e9s priv\u00e9es au format WIF. <\/li>\n<\/ul>\n<h2>Cas d&rsquo;utilisation d&rsquo;Opendime<\/h2>\n<ul>\n<li><strong>Offrir des bitcoins.<\/strong> Fabriquez un Opendime et l&rsquo;envoyez par la poste.<\/li>\n<li><strong>Livrer le paiement de la voiture.<\/strong> Lorsque vous allez chercher une voiture, prenez le stick charg\u00e9 d&rsquo;argent avec vous.<\/li>\n<li><strong>Transporter des bitcoins dans votre poche.<\/strong> Chargez un certain nombre d&rsquo;Opendimes avec diff\u00e9rentes coupures de bitcoins. Gardez-les dans votre poche pour payer vos petits achats tout au long de la journ\u00e9e.<\/li>\n<li><strong>Vendre des bitcoins.<\/strong> Vendez des Opendimes pr\u00e9charg\u00e9s en \u00e9change d&rsquo;or ou d&rsquo;autres m\u00e9taux pr\u00e9cieux.<\/li>\n<\/ul>\n<blockquote><p>Nous avons con\u00e7u Opendime pour qu&rsquo;il soit bien plus qu&rsquo;un autre portefeuille mat\u00e9riel ou qu&rsquo;un bitcoin physique. Nous pensons avoir cr\u00e9\u00e9 une toute nouvelle cat\u00e9gorie de produits : des portefeuilles mat\u00e9riels jetables \u00e0 utiliser comme de l&rsquo;argent liquide. Nous sommes impatients de voir ce que les gens vont en faire. Peut-\u00eatre verrons-nous appara\u00eetre de nouvelles \u00e9conomies bas\u00e9es sur Opendime ! Cela pourrait \u00eatre une v\u00e9ritable aubaine dans certains pays qui se d\u00e9battent avec une infrastructure de r\u00e9seau limit\u00e9e et des syst\u00e8mes gouvernementaux corrompus. <\/p><\/blockquote>\n","protected":false},"excerpt":{"rendered":"<p>Opendime est une petite cl\u00e9 USB qui vous permet de d\u00e9penser ou de donner \u00e0 quelqu&rsquo;un des bitcoins comme de l&rsquo;argent. Le stick est disponible dans une interface utilisateur multilingue, dont l&rsquo;anglais, le n\u00e9erlandais, le portugais, le fran\u00e7ais, le chinois et le polonais.<\/p>\n","protected":false},"featured_media":539,"comment_status":"open","ping_status":"closed","template":"","meta":[],"product_brand":[],"product_cat":[55],"product_tag":[],"class_list":{"0":"post-536","1":"product","2":"type-product","3":"status-publish","4":"has-post-thumbnail","6":"product_cat-utiliser-bitcoin","7":"","8":"woocommerce-text-align-center","9":"woocommerce-image-align-center","10":"do-quantity-buttons","12":"first","13":"instock","14":"shipping-taxable","15":"product-type-external"},"_links":{"self":[{"href":"https:\/\/h17n.com\/fr\/wp-json\/wp\/v2\/product\/536","targetHints":{"allow":["GET"]}}],"collection":[{"href":"https:\/\/h17n.com\/fr\/wp-json\/wp\/v2\/product"}],"about":[{"href":"https:\/\/h17n.com\/fr\/wp-json\/wp\/v2\/types\/product"}],"replies":[{"embeddable":true,"href":"https:\/\/h17n.com\/fr\/wp-json\/wp\/v2\/comments?post=536"}],"wp:featuredmedia":[{"embeddable":true,"href":"https:\/\/h17n.com\/fr\/wp-json\/wp\/v2\/media\/539"}],"wp:attachment":[{"href":"https:\/\/h17n.com\/fr\/wp-json\/wp\/v2\/media?parent=536"}],"wp:term":[{"taxonomy":"product_brand","embeddable":true,"href":"https:\/\/h17n.com\/fr\/wp-json\/wp\/v2\/product_brand?post=536"},{"taxonomy":"product_cat","embeddable":true,"href":"https:\/\/h17n.com\/fr\/wp-json\/wp\/v2\/product_cat?post=536"},{"taxonomy":"product_tag","embeddable":true,"href":"https:\/\/h17n.com\/fr\/wp-json\/wp\/v2\/product_tag?post=536"}],"curies":[{"name":"wp","href":"https:\/\/api.w.org\/{rel}","templated":true}]}}