{"id":532,"date":"2023-04-24T08:18:50","date_gmt":"2023-04-24T08:18:50","guid":{"rendered":"https:\/\/h17n.com\/fr\/?post_type=product&#038;p=532"},"modified":"2024-12-10T11:54:22","modified_gmt":"2024-12-10T11:54:22","slug":"pocket-bitcoin","status":"publish","type":"product","link":"https:\/\/h17n.com\/fr\/acheter-du-bitcoin\/pocket-bitcoin\/","title":{"rendered":"Pocket Bitcoin : transf\u00e9rer de l&rsquo;argent de la banque vers le portefeuille Bitcoin"},"content":{"rendered":"<p><a href=\"https:\/\/pocketbitcoin.com\/\" rel=\"nofollow noopener\" target=\"_blank\">Pocket<\/a> est un \u00e9change de bitcoins qui convertit automatiquement les virements bancaires en bitcoins et les envoie directement dans le portefeuille bitcoin de l&rsquo;utilisateur, sans compte ni inscription. L&rsquo;\u00e9change prend \u00e9galement en charge les achats r\u00e9currents automatis\u00e9s ou <a href=\"https:\/\/h17n.com\/fr\/investissement-programme\/\" target=\"_blank\" rel=\"noopener\">le dollar cost averaging (DCA)<\/a>. Les devises accept\u00e9es \u00e0 l&rsquo;\u00e9change sont EUR et CHF.<\/p>\n<h2>Comment Pocket Bitcoin fonctionne<\/h2>\n<p>Il faut connecter votre portefeuille bitcoin existant \u00e0 Pocket ou en cr\u00e9er un nouveau avec leur aide. Apr\u00e8s cela, vous pouvez transf\u00e9rer de l&rsquo;argent sur votre compte Pocket via un virement bancaire. Lorsque votre paiement arrive, il est converti en bitcoin et transf\u00e9r\u00e9 automatiquement sur votre portefeuille bitcoin. Vous serez averti par e-mail et vous n&rsquo;aurez rien \u00e0 faire. Vous avez la possibilit\u00e9 de configurer un paiement unique ou r\u00e9current.<\/p>\n<div class=\"warning box\">\n<p>Le temps qu&rsquo;il faut pour qu&rsquo;un paiement bancaire parvienne \u00e0 Pocket d\u00e9pend des banques impliqu\u00e9es et la dur\u00e9e peut varier de quelques minutes \u00e0 plusieurs jours ouvrables. Pour garantir un paiement rapide, les utilisateurs doivent opter pour les paiements instantan\u00e9s SEPA, si disponible. Cette m\u00e9thode garantit que les paiements arrivent \u00e0 Pocket en quelques minutes seulement. Lorsque vous utilisez Pocket pour la premi\u00e8re fois ou avec une nouvelle connexion bancaire, votre achat peut \u00eatre retard\u00e9 de quelques minutes jusqu&rsquo;\u00e0 ce qu&rsquo;il soit effac\u00e9 manuellement.<\/p>\n<\/div>\n<p>Les instructions de paiement de Pocket permettent de configurer facilement des achats r\u00e9currents en bitcoins en utilisant l&rsquo;investissment programm\u00e9 (DCA). Il est possible de cr\u00e9er un ordre permanent et de personnaliser la fr\u00e9quence et le montant selon vos pr\u00e9f\u00e9rences. De plus, il est possible d&rsquo;arr\u00eater et de relancer l&rsquo;ordre permanent \u00e0 tout moment.<\/p>\n<p>La plateforme permet de recevoir des bitcoins sur un portefeuille mobile, un portefeuille mat\u00e9riel (id\u00e9al pour les montants \u00e9lev\u00e9s) ou une <a href=\"https:\/\/h17n.com\/fr\/utiliser-bitcoin\/opendime\/\" target=\"_blank\" rel=\"noopener\">cl\u00e9 USB Opendime<\/a>. La cl\u00e9 USB est destin\u00e9e aux d\u00e9butants qui veulent commencer \u00e0 utiliser le bitcoin tout de suite. La cl\u00e9 Opendime sera livr\u00e9e \u00e0 votre domicile. Tout sera d\u00e9j\u00e0 configur\u00e9 pour que vous puissiez recevoir votre bitcoin instantan\u00e9ment.<\/p>\n<p>Pocket permet l&rsquo;utilisation de n&rsquo;importe quel portefeuille de votre choix, mais une fois que vous partagez votre adresse Bitcoin avec eux, ils ont besoin d&rsquo;une signature de votre portefeuille pour confirmer votre acc\u00e8s. Pour <a href=\"https:\/\/h17n.com\/fr\/portefeuilles-mobiles\/bluewallet\/\" target=\"_blank\" rel=\"noopener\">BlueWallet<\/a>, <a href=\"https:\/\/bitcoin.org\/en\/bitcoin-core\/\" target=\"_blank\" rel=\"nofollow noopener\">Bitcoin Core<\/a>, <a href=\"https:\/\/h17n.com\/fr\/portefeuilles-de-bureau\/electrum\/\" target=\"_blank\" rel=\"noopener\">Electrum<\/a> et <a href=\"https:\/\/sparrowwallet.com\/\" target=\"_blank\" rel=\"nofollow noopener\">Sparrow<\/a>, il faut utiliser la fonction manuelle \u00ab\u00a0signer le message\u00a0\u00bb.<\/p>\n<p>Pour les portefeuilles mat\u00e9riels suivants, il est d\u00e9sormais possible d&rsquo;utiliser les options suivantes pour s&rsquo;int\u00e9grer \u00e0 Pocket et signer :<\/p>\n<ul>\n<li>BitBoxApp pour le <a href=\"https:\/\/h17n.com\/fr\/portefeuilles-materiels\/bitbox\/\" target=\"_blank\" rel=\"noopener\">portefeuille BitBox<\/a><\/li>\n<li>Ledger Live pour le <a href=\"https:\/\/h17n.com\/fr\/portefeuilles-materiels\/ledger\/\" target=\"_blank\" rel=\"noopener\">portefeuille Ledger<\/a><\/li>\n<li>Trezor Bridge pour le portefeuille <a href=\"https:\/\/h17n.com\/fr\/portefeuilles-materiels\/trezor\/\" target=\"_blank\" rel=\"noopener\">Trezor<\/a><\/li>\n<li>SD card pour le portefeuille <a href=\"\/\/h17n.com\/wallets\/coldcard-wallet\/\" target=\"_blank\" rel=\"noopener\">Coldcard<\/a><\/li>\n<\/ul>\n<p>Toutes ces options peuvent \u00eatre utilis\u00e9es directement dans votre compte Pocket. Cependant, certains portefeuilles comme <a href=\"https:\/\/h17n.com\/fr\/portefeuilles-mobiles\/muun\/\" target=\"_blank\" rel=\"noopener\">Muun<\/a>, <a href=\"https:\/\/www.cobo.com\/\" target=\"_blank\" rel=\"nofollow noopener\">Cobo<\/a>, <a href=\"https:\/\/h17n.com\/fr\/portefeuilles-de-bureau\/exodus\/\" target=\"_blank\" rel=\"noopener\">Exodus<\/a>, <a href=\"https:\/\/edge.app\/\" target=\"_blank\" rel=\"nofollow noopener\">Edge<\/a> et <a href=\"https:\/\/trustwallet.com\/\" target=\"_blank\" rel=\"nofollow noopener\">Trust Wallet<\/a> ne prennent pas en charge la signature des messages pour le moment.<\/p>\n<h2>Limites de Pocket<\/h2>\n<p>Pocket permet d&rsquo;acheter des bitcoins sans avoir \u00e0 s&rsquo;inscrire, sous r\u00e9serve des limites d&rsquo;achat suivantes :<\/p>\n<ul>\n<li>1000 CHF par transaction et par jour<\/li>\n<li>950 EUR par transaction et par jour<\/li>\n<\/ul>\n<p>Si vous d\u00e9passez ces limites, Pocket vous enverra un e-mail vous demandant de v\u00e9rifier votre identit\u00e9 par le biais d&rsquo;un bref appel vid\u00e9o. Il suffit de fournir une pi\u00e8ce d&rsquo;identit\u00e9 \u00e0 cet effet. Notez que Pocket peut \u00e9galement vous demander de passer par ce processus d&rsquo;identification m\u00eame si vous n&rsquo;avez pas d\u00e9pass\u00e9 les limites d&rsquo;achat.<\/p>\n<p>Il n&rsquo;y a pas de montant minimum pour acheter des bitcoins avec Pocket.<\/p>\n<h2>Frais de Pocket<\/h2>\n<p>Pocket applique des frais de service standard de 1,5 %, qui couvrent toutes les d\u00e9penses et \u00e9liminent les frais cach\u00e9s dans le taux de change. Dans le r\u00e9seau Bitcoin, chaque paiement entra\u00eene des frais de r\u00e9seau suppl\u00e9mentaires. Pour minimiser ces frais, Pocket combine autant de paiements que possible en une seule transaction bitcoin, r\u00e9partissant ainsi les frais de r\u00e9seau sur plusieurs clients. En moyenne, ces frais sont de l&rsquo;ordre de 50 \u00e0 100 satoshis par paiement, soit environ 2 \u00e0 4 cents. Si tu effectues plusieurs achats \u00e0 la m\u00eame adresse bitcoin au cours d&rsquo;une m\u00eame journ\u00e9e, il se peut que les frais de r\u00e9seau bitcoin ne te soient factur\u00e9s qu&rsquo;une seule fois.<\/p>\n<div class=\"info box\">\n<p>\u00c0 lire \u00e9galement : <a href=\"https:\/\/h17n.com\/fr\/acheter-bitcoin-avec-sepa\/\" target=\"_blank\" rel=\"noopener\">Comment acheter facilement des bitcoins avec un compte bancaire europ\u00e9en ?<\/a><\/p>\n<\/div>\n<h2>Pays pris en charge<\/h2>\n<p>Pocket Bitcoin est disponible pour les clients des pays suivants : Andorre, Autriche, Belgique, Bulgarie, Croatie, R\u00e9publique tch\u00e8que, Danemark, Estonie, Finlande, France, Allemagne, Gr\u00e8ce, Hongrie, Islande, Italie, Lettonie, Liechtenstein, Lituanie, Luxembourg, Moldavie, Mont\u00e9n\u00e9gro, Pays-Bas, Mac\u00e9doine du Nord, Norv\u00e8ge, Pologne, Portugal, Roumanie, Saint-Marin, Serbie, Slovaquie, Slov\u00e9nie, Espagne, Su\u00e8de, Suisse et Royaume-Uni.<\/p>\n<p>Cependant, Pocket Bitcoin ne peut pas accepter de clients ni traiter de transactions en provenance des pays suivants : Albanie, Kosovo, Bi\u00e9lorussie, Bosnie-Herz\u00e9govine, Chypre, Irlande, \u00cele de Man, Malte, Monaco, Turquie et Ukraine.<\/p>\n<h2>Inconv\u00e9nients de Pocket<\/h2>\n<p>Il existe plusieurs limites potentielles \u00e0 l&rsquo;utilisation de Pocket dont les utilisateurs doivent \u00eatre conscients. Tout d&rsquo;abord, Pocket impose des limites d&rsquo;achat quotidiennes pour l&rsquo;achat de bitcoins sans identification, ce qui peut \u00eatre un obstacle pour les utilisateurs qui veulent acheter plus que la limite sans KYC.<\/p>\n<p>Deuxi\u00e8mement, les frais de service de Pocket, qui s&rsquo;\u00e9l\u00e8vent \u00e0 1,5 %, sont consid\u00e9r\u00e9s comme standard dans le secteur, mais ils peuvent \u00eatre plus \u00e9lev\u00e9s que sur d&rsquo;autres plateformes.<\/p>\n<p>Troisi\u00e8mement, Pocket n&rsquo;accepte que les virements bancaires comme m\u00e9thode de paiement, ce qui peut ne pas convenir \u00e0 tous les utilisateurs. Ceux qui pr\u00e9f\u00e8rent d&rsquo;autres options de paiement, comme les cartes de cr\u00e9dit\/d\u00e9bit ou PayPal, peuvent trouver que les options de paiement limit\u00e9es de Pocket sont un inconv\u00e9nient.<\/p>\n<p>Quatri\u00e8mement, Pocket n&rsquo;est disponible qu&rsquo;en Europe, ce qui peut limiter son accessibilit\u00e9 pour certains utilisateurs. Les utilisateurs qui ne se trouvent pas dans l&rsquo;un de ces pays ne pourront pas utiliser Pocket.<\/p>\n<p>Cinqui\u00e8mement, Pocket ne peut pas \u00eatre utilis\u00e9 de mani\u00e8re anonyme, car m\u00eame si l&rsquo;utilisateur n&rsquo;a pas besoin de s&rsquo;identifier imm\u00e9diatement, il peut th\u00e9oriquement \u00eatre retrac\u00e9 gr\u00e2ce \u00e0 ses paiements bancaires.<\/p>\n<p>Cependant, il est important de noter que ces inconv\u00e9nients potentiels peuvent ne pas s&rsquo;appliquer \u00e0 tous les utilisateurs et que certains peuvent trouver que les avantages de Pocket l&#8217;emportent sur toutes les limitations.<\/p>\n<h2>R\u00e9sum\u00e9 de Pocket Bitcoin<\/h2>\n<p>Le tableau ci-dessous r\u00e9sume les principales caract\u00e9ristiques, avantages et limites de la plateforme Pocket Bitcoin, offrant un aper\u00e7u de sa fonctionnalit\u00e9 et de son exp\u00e9rience utilisateur.<\/p>\n<table>\n<thead>\n<tr>\n<th>Fonctionnalit\u00e9<\/th>\n<th>D\u00e9tails<\/th>\n<\/tr>\n<\/thead>\n<tbody>\n<tr>\n<td>Type de plateforme<\/td>\n<td>\u00c9change sans KYC<\/td>\n<\/tr>\n<tr>\n<td>Devises accept\u00e9es<\/td>\n<td>EUR, CHF<\/td>\n<\/tr>\n<tr>\n<td>M\u00e9thode de paiement<\/td>\n<td>Virements bancaires (SEPA pris en charge)<\/td>\n<\/tr>\n<tr>\n<td>Options d&rsquo;achat<\/td>\n<td>Achats uniques et r\u00e9currents (DCA)<\/td>\n<\/tr>\n<tr>\n<td>Achat minimum<\/td>\n<td>Aucun montant minimum requis<\/td>\n<\/tr>\n<tr>\n<td>Limites journali\u00e8res<\/td>\n<td>EUR 950 ou CHF 1000 par transaction par jour (sans KYC)<\/td>\n<\/tr>\n<tr>\n<td>Frais de service<\/td>\n<td>1,5 %<\/td>\n<\/tr>\n<tr>\n<td>Frais de r\u00e9seau<\/td>\n<td>Partag\u00e9s entre plusieurs clients pour r\u00e9duire les co\u00fbts (50\u2013100 satoshis\/paiement en moyenne)<\/td>\n<\/tr>\n<tr>\n<td>Support de portefeuille<\/td>\n<td>Compatible avec les portefeuilles mat\u00e9riels (Ledger, Trezor, Coldcard, BitBox) et non custodiaux (BlueWallet, Sparrow, Electrum, etc.)<\/td>\n<\/tr>\n<tr>\n<td>Signature de message<\/td>\n<td>Requise pour la confirmation du portefeuille ; prise en charge par divers portefeuilles<\/td>\n<\/tr>\n<tr>\n<td>Support de xPub<\/td>\n<td>Permet la g\u00e9n\u00e9ration automatique de nouvelles adresses Bitcoin<\/td>\n<\/tr>\n<tr>\n<td>R\u00e9seau Lightning<\/td>\n<td>Pris en charge pour des transactions plus rapides (ex. Breez, Phoenix wallets)<\/td>\n<\/tr>\n<tr>\n<td>Portefeuille non custodial<\/td>\n<td>L&rsquo;application Pocket fournit son propre portefeuille (issu de l&rsquo;acquisition du portefeuille BitKipi)<\/td>\n<\/tr>\n<tr>\n<td>R\u00e9gions prises en charge<\/td>\n<td>La plupart des pays europ\u00e9ens, notamment l&rsquo;Allemagne, la France, l&rsquo;Espagne et la Suisse<\/td>\n<\/tr>\n<tr>\n<td>R\u00e9gions non prises en charge<\/td>\n<td>Albanie, Kosovo, Bi\u00e9lorussie, Irlande, Malte, Turquie, Ukraine, et autres<\/td>\n<\/tr>\n<tr>\n<td>D\u00e9lais de traitement<\/td>\n<td>Les virements bancaires peuvent prendre quelques minutes \u00e0 plusieurs jours ouvrables ; les paiements SEPA Instant sont recommand\u00e9s pour un traitement plus rapide<\/td>\n<\/tr>\n<tr>\n<td>Inconv\u00e9nients<\/td>\n<td>Limit\u00e9 \u00e0 l&rsquo;Europe ; pas de support pour carte de cr\u00e9dit ou PayPal ; tra\u00e7abilit\u00e9 potentielle via les paiements bancaires ; limites journali\u00e8res sans KYC ; inconv\u00e9nients des transferts hors UE<\/td>\n<\/tr>\n<tr>\n<td>Utilisateurs cibles<\/td>\n<td>D\u00e9butants et utilisateurs avanc\u00e9s qui privil\u00e9gient la confidentialit\u00e9 et l&rsquo;auto-conservation<\/td>\n<\/tr>\n<\/tbody>\n<\/table>\n<h2>Pocket Bitcoin est-il fiable ?<\/h2>\n<p>Pocket Bitcoin est une excellente plateforme sans KYC pour acheter du Bitcoin de mani\u00e8re directe et s\u00e9curis\u00e9e. C&rsquo;est un choix id\u00e9al si vous privil\u00e9giez la confidentialit\u00e9 et la simplicit\u00e9. Il vous permet de convertir vos virements bancaires en Bitcoin et de recevoir les fonds directement sur votre portefeuille non custodial sans avoir besoin d&rsquo;enregistrement ou de compte. En mettant l&rsquo;accent sur la confidentialit\u00e9, vous pouvez acheter jusqu&rsquo;\u00e0 950 EUR ou 1000 CHF par jour sans v\u00e9rification d&rsquo;identit\u00e9, ce qui en fait une option attrayante pour ceux qui recherchent l&rsquo;anonymat dans leurs transactions.<\/p>\n<p>Une caract\u00e9ristique remarquable est l&rsquo;int\u00e9gration par Pocket de son propre portefeuille non custodial, acquis gr\u00e2ce \u00e0 l&rsquo;achat du portefeuille BitKipi. Cela facilite le d\u00e9marrage pour les d\u00e9butants tout en garantissant l&rsquo;auto-conservation. Pour les utilisateurs avanc\u00e9s, Pocket prend en charge l&rsquo;int\u00e9gration de xPub, permettant la g\u00e9n\u00e9ration automatique de nouvelles adresses de r\u00e9ception pour renforcer la confidentialit\u00e9. La plateforme prend \u00e9galement en charge une large gamme de portefeuilles mat\u00e9riels, notamment Ledger, Trezor, Coldcard et BitBox, assurant un stockage fluide du Bitcoin. De plus, le support du R\u00e9seau Lightning permet aux utilisateurs de b\u00e9n\u00e9ficier de transactions plus rapides et plus \u00e9conomiques, et le Bitcoin peut m\u00eame \u00eatre re\u00e7u via des options innovantes comme la cl\u00e9 USB Opendime.<\/p>\n<p>Malgr\u00e9 ses atouts, Pocket pr\u00e9sente certaines limites. Il ne prend en charge que les virements bancaires comme m\u00e9thode de paiement, excluant des options comme les cartes de cr\u00e9dit ou PayPal. Le service est exclusivement disponible en Europe, et m\u00eame au sein de la r\u00e9gion, plusieurs pays ne sont pas pris en charge. Bien que le tarif de service de 1,5 % soit comp\u00e9titif, il pourrait \u00eatre plus \u00e9lev\u00e9 que celui propos\u00e9 par certaines alternatives. De plus, bien qu&rsquo;aucun KYC initial ne soit requis, les transactions peuvent toujours \u00eatre li\u00e9es aux utilisateurs via les paiements bancaires, ce qui peut affecter l&rsquo;anonymat. Enfin, les limites journali\u00e8res d&rsquo;achat sans identification peuvent \u00eatre restrictives pour ceux qui souhaitent acheter des montants plus \u00e9lev\u00e9s.<\/p>\n<p>Dans l&rsquo;ensemble, Pocket Bitcoin est une plateforme tr\u00e8s fiable et priv\u00e9e pour les utilisateurs des r\u00e9gions prises en charge qui souhaitent un moyen simple d&rsquo;acheter du Bitcoin directement sur leurs portefeuilles. Son accent sur la confidentialit\u00e9, l&rsquo;auto-conservation et la facilit\u00e9 d&rsquo;utilisation le rend particuli\u00e8rement adapt\u00e9 aux d\u00e9butants et aux utilisateurs exp\u00e9riment\u00e9s, bien que ses options de paiement limit\u00e9es et ses restrictions r\u00e9gionales ne conviennent pas \u00e0 tout le monde.<\/p>\n<h2>Alternatives \u00e0 Pocket<\/h2>\n<div class=\"woocommerce columns-4 \"><ul class=\"products columns-4\">\n<li class=\"woocommerce-text-align-center woocommerce-image-align-center do-quantity-buttons product type-product post-194 status-publish first instock product_cat-acheter-du-bitcoin has-post-thumbnail shipping-taxable product-type-external\">\n\t<a href=\"https:\/\/h17n.com\/fr\/acheter-du-bitcoin\/bittr\/\" class=\"woocommerce-LoopProduct-link woocommerce-loop-product__link\"><img loading=\"lazy\" decoding=\"async\" width=\"300\" height=\"300\" src=\"https:\/\/h17n.com\/fr\/wp-content\/uploads\/sites\/2\/2023\/02\/bittr-300x300.jpg\" class=\"attachment-woocommerce_thumbnail size-woocommerce_thumbnail\" alt=\"Bittr : acheter des bitcoins avec un transfert SEPA\" srcset=\"https:\/\/h17n.com\/fr\/wp-content\/uploads\/sites\/2\/2023\/02\/bittr-300x300.jpg 300w, https:\/\/h17n.com\/fr\/wp-content\/uploads\/sites\/2\/2023\/02\/bittr-150x150.jpg 150w, https:\/\/h17n.com\/fr\/wp-content\/uploads\/sites\/2\/2023\/02\/bittr-768x768.jpg 768w, https:\/\/h17n.com\/fr\/wp-content\/uploads\/sites\/2\/2023\/02\/bittr-120x120.jpg 120w, https:\/\/h17n.com\/fr\/wp-content\/uploads\/sites\/2\/2023\/02\/bittr-600x600.jpg 600w, https:\/\/h17n.com\/fr\/wp-content\/uploads\/sites\/2\/2023\/02\/bittr-100x100.jpg 100w, https:\/\/h17n.com\/fr\/wp-content\/uploads\/sites\/2\/2023\/02\/bittr.jpg 1024w\" sizes=\"auto, (max-width: 300px) 100vw, 300px\" \/><h2 class=\"woocommerce-loop-product__title\">Bittr : acheter des bitcoins avec un transfert SEPA<\/h2>\n            <div class=\"star-rating\" title=\"Pas encore not\u00e9\"><span style=\"width:0%\"><strong class=\"rating\">0<\/strong> sur 5<\/span><\/div>        <a href=\"https:\/\/h17n.com\/fr\/acheter-du-bitcoin\/bittr\/#reviews\" class=\"woocommerce-review-link\" rel=\"nofollow\">(0)<\/a>\n\n\n<\/a><a href=\"https:\/\/getbittr.com\/?satoshi=H17NBitcoin\" aria-describedby=\"woocommerce_loop_add_to_cart_link_describedby_194\" data-quantity=\"1\" class=\"button product_type_external\" data-product_id=\"194\" data-product_sku=\"\" aria-label=\"D\u00e9couvrir Bittr\" rel=\"nofollow\">D\u00e9couvrir Bittr<\/a>\t<span id=\"woocommerce_loop_add_to_cart_link_describedby_194\" class=\"screen-reader-text\">\n\t\t\t<\/span>\n<\/li>\n<li class=\"woocommerce-text-align-center woocommerce-image-align-center do-quantity-buttons product type-product post-211 status-publish instock product_cat-acheter-du-bitcoin has-post-thumbnail shipping-taxable product-type-external\">\n\t<a href=\"https:\/\/h17n.com\/fr\/acheter-du-bitcoin\/kraken\/\" class=\"woocommerce-LoopProduct-link woocommerce-loop-product__link\"><img loading=\"lazy\" decoding=\"async\" width=\"300\" height=\"300\" src=\"https:\/\/h17n.com\/fr\/wp-content\/uploads\/sites\/2\/2023\/02\/kraken-300x300.jpg\" class=\"attachment-woocommerce_thumbnail size-woocommerce_thumbnail\" alt=\"Kraken\u00a0: un \u00e9change mondial de bitcoins\" srcset=\"https:\/\/h17n.com\/fr\/wp-content\/uploads\/sites\/2\/2023\/02\/kraken-300x300.jpg 300w, https:\/\/h17n.com\/fr\/wp-content\/uploads\/sites\/2\/2023\/02\/kraken-150x150.jpg 150w, https:\/\/h17n.com\/fr\/wp-content\/uploads\/sites\/2\/2023\/02\/kraken-100x100.jpg 100w\" sizes=\"auto, (max-width: 300px) 100vw, 300px\" \/><h2 class=\"woocommerce-loop-product__title\">Kraken\u00a0: un \u00e9change mondial de bitcoins<\/h2>\n            <div class=\"star-rating\" title=\"Pas encore not\u00e9\"><span style=\"width:0%\"><strong class=\"rating\">0<\/strong> sur 5<\/span><\/div>        <a href=\"https:\/\/h17n.com\/fr\/acheter-du-bitcoin\/kraken\/#reviews\" class=\"woocommerce-review-link\" rel=\"nofollow\">(0)<\/a>\n\n\n<\/a><a href=\"https:\/\/www.kraken.com\/\" aria-describedby=\"woocommerce_loop_add_to_cart_link_describedby_211\" data-quantity=\"1\" class=\"button product_type_external\" data-product_id=\"211\" data-product_sku=\"\" aria-label=\"D\u00e9couvrir Kraken\" rel=\"nofollow\">D\u00e9couvrir Kraken<\/a>\t<span id=\"woocommerce_loop_add_to_cart_link_describedby_211\" class=\"screen-reader-text\">\n\t\t\t<\/span>\n<\/li>\n<li class=\"woocommerce-text-align-center woocommerce-image-align-center do-quantity-buttons product type-product post-186 status-publish instock product_cat-acheter-du-bitcoin has-post-thumbnail shipping-taxable product-type-external\">\n\t<a href=\"https:\/\/h17n.com\/fr\/acheter-du-bitcoin\/relai\/\" class=\"woocommerce-LoopProduct-link woocommerce-loop-product__link\"><img loading=\"lazy\" decoding=\"async\" width=\"300\" height=\"300\" src=\"https:\/\/h17n.com\/fr\/wp-content\/uploads\/sites\/2\/2023\/02\/relai-300x300.jpg\" class=\"attachment-woocommerce_thumbnail size-woocommerce_thumbnail\" alt=\"Relai : une application d&#039;investissement en bitcoins\" srcset=\"https:\/\/h17n.com\/fr\/wp-content\/uploads\/sites\/2\/2023\/02\/relai-300x300.jpg 300w, https:\/\/h17n.com\/fr\/wp-content\/uploads\/sites\/2\/2023\/02\/relai-1024x1024.jpg 1024w, https:\/\/h17n.com\/fr\/wp-content\/uploads\/sites\/2\/2023\/02\/relai-150x150.jpg 150w, https:\/\/h17n.com\/fr\/wp-content\/uploads\/sites\/2\/2023\/02\/relai-768x768.jpg 768w, https:\/\/h17n.com\/fr\/wp-content\/uploads\/sites\/2\/2023\/02\/relai-120x120.jpg 120w, https:\/\/h17n.com\/fr\/wp-content\/uploads\/sites\/2\/2023\/02\/relai-600x600.jpg 600w, https:\/\/h17n.com\/fr\/wp-content\/uploads\/sites\/2\/2023\/02\/relai-100x100.jpg 100w, https:\/\/h17n.com\/fr\/wp-content\/uploads\/sites\/2\/2023\/02\/relai.jpg 1280w\" sizes=\"auto, (max-width: 300px) 100vw, 300px\" \/><h2 class=\"woocommerce-loop-product__title\">Relai : une application d&rsquo;investissement en bitcoins<\/h2>\n            <div class=\"star-rating\" title=\"Pas encore not\u00e9\"><span style=\"width:0%\"><strong class=\"rating\">0<\/strong> sur 5<\/span><\/div>        <a href=\"https:\/\/h17n.com\/fr\/acheter-du-bitcoin\/relai\/#reviews\" class=\"woocommerce-review-link\" rel=\"nofollow\">(0)<\/a>\n\n\n<\/a><a href=\"https:\/\/relai.app\/fr\/\" aria-describedby=\"woocommerce_loop_add_to_cart_link_describedby_186\" data-quantity=\"1\" class=\"button product_type_external\" data-product_id=\"186\" data-product_sku=\"\" aria-label=\"D\u00e9couvrir Relai\" rel=\"nofollow\">D\u00e9couvrir Relai<\/a>\t<span id=\"woocommerce_loop_add_to_cart_link_describedby_186\" class=\"screen-reader-text\">\n\t\t\t<\/span>\n<\/li>\n<li class=\"woocommerce-text-align-center woocommerce-image-align-center do-quantity-buttons product type-product post-219 status-publish last instock product_cat-acheter-du-bitcoin has-post-thumbnail shipping-taxable product-type-external\">\n\t<a href=\"https:\/\/h17n.com\/fr\/acheter-du-bitcoin\/stackinsat\/\" class=\"woocommerce-LoopProduct-link woocommerce-loop-product__link\"><img loading=\"lazy\" decoding=\"async\" width=\"300\" height=\"300\" src=\"https:\/\/h17n.com\/fr\/wp-content\/uploads\/sites\/2\/2023\/02\/stackinsat-300x300.jpg\" class=\"attachment-woocommerce_thumbnail size-woocommerce_thumbnail\" alt=\"StackinSat : un service de livraison de bitcoins\" srcset=\"https:\/\/h17n.com\/fr\/wp-content\/uploads\/sites\/2\/2023\/02\/stackinsat-300x300.jpg 300w, https:\/\/h17n.com\/fr\/wp-content\/uploads\/sites\/2\/2023\/02\/stackinsat-1024x1024.jpg 1024w, https:\/\/h17n.com\/fr\/wp-content\/uploads\/sites\/2\/2023\/02\/stackinsat-150x150.jpg 150w, https:\/\/h17n.com\/fr\/wp-content\/uploads\/sites\/2\/2023\/02\/stackinsat-768x768.jpg 768w, https:\/\/h17n.com\/fr\/wp-content\/uploads\/sites\/2\/2023\/02\/stackinsat-120x120.jpg 120w, https:\/\/h17n.com\/fr\/wp-content\/uploads\/sites\/2\/2023\/02\/stackinsat-600x600.jpg 600w, https:\/\/h17n.com\/fr\/wp-content\/uploads\/sites\/2\/2023\/02\/stackinsat-100x100.jpg 100w, https:\/\/h17n.com\/fr\/wp-content\/uploads\/sites\/2\/2023\/02\/stackinsat.jpg 1280w\" sizes=\"auto, (max-width: 300px) 100vw, 300px\" \/><h2 class=\"woocommerce-loop-product__title\">StackinSat : un service de livraison de bitcoins<\/h2>\n            <div class=\"star-rating\" title=\"Pas encore not\u00e9\"><span style=\"width:0%\"><strong class=\"rating\">0<\/strong> sur 5<\/span><\/div>        <a href=\"https:\/\/h17n.com\/fr\/acheter-du-bitcoin\/stackinsat\/#reviews\" class=\"woocommerce-review-link\" rel=\"nofollow\">(0)<\/a>\n\n\n<\/a><a href=\"https:\/\/stackinsat.com\/\" aria-describedby=\"woocommerce_loop_add_to_cart_link_describedby_219\" data-quantity=\"1\" class=\"button product_type_external\" data-product_id=\"219\" data-product_sku=\"\" aria-label=\"D\u00e9couvrir StackinSat\" rel=\"nofollow\">D\u00e9couvrir StackinSat<\/a>\t<span id=\"woocommerce_loop_add_to_cart_link_describedby_219\" class=\"screen-reader-text\">\n\t\t\t<\/span>\n<\/li>\n<\/ul>\n<\/div>\n<h2>Plus d&rsquo;informations<\/h2>\n<ul>\n<li><a href=\"https:\/\/pocketbitcoin.com\/\" rel=\"nofollow noopener\" target=\"_blank\">Site web de<\/a> Pocket<\/li>\n<li><a href=\"https:\/\/pocketbitcoin.com\/blog\/posts\/new-coldcard-integration\" rel=\"nofollow noopener\" target=\"_blank\">Comment int\u00e9grer le portefeuille Coldcard dans le compte Pocket<\/a><\/li>\n<li>Pour les mises \u00e0 jour, <a href=\"https:\/\/twitter.com\/PocketBitcoin\" rel=\"nofollow noopener\" target=\"_blank\">suivre Pocket sur Twitter<\/a><\/li>\n<\/ul>\n","protected":false},"excerpt":{"rendered":"<p>Pocket est un \u00e9change de bitcoins qui convertit les virements bancaires en bitcoins et les envoie directement dans votre portefeuille.<\/p>\n","protected":false},"featured_media":535,"comment_status":"open","ping_status":"closed","template":"","meta":[],"product_brand":[],"product_cat":[40],"product_tag":[],"class_list":{"0":"post-532","1":"product","2":"type-product","3":"status-publish","4":"has-post-thumbnail","6":"product_cat-acheter-du-bitcoin","7":"","8":"woocommerce-text-align-center","9":"woocommerce-image-align-center","10":"do-quantity-buttons","12":"first","13":"instock","14":"shipping-taxable","15":"product-type-external"},"_links":{"self":[{"href":"https:\/\/h17n.com\/fr\/wp-json\/wp\/v2\/product\/532","targetHints":{"allow":["GET"]}}],"collection":[{"href":"https:\/\/h17n.com\/fr\/wp-json\/wp\/v2\/product"}],"about":[{"href":"https:\/\/h17n.com\/fr\/wp-json\/wp\/v2\/types\/product"}],"replies":[{"embeddable":true,"href":"https:\/\/h17n.com\/fr\/wp-json\/wp\/v2\/comments?post=532"}],"wp:featuredmedia":[{"embeddable":true,"href":"https:\/\/h17n.com\/fr\/wp-json\/wp\/v2\/media\/535"}],"wp:attachment":[{"href":"https:\/\/h17n.com\/fr\/wp-json\/wp\/v2\/media?parent=532"}],"wp:term":[{"taxonomy":"product_brand","embeddable":true,"href":"https:\/\/h17n.com\/fr\/wp-json\/wp\/v2\/product_brand?post=532"},{"taxonomy":"product_cat","embeddable":true,"href":"https:\/\/h17n.com\/fr\/wp-json\/wp\/v2\/product_cat?post=532"},{"taxonomy":"product_tag","embeddable":true,"href":"https:\/\/h17n.com\/fr\/wp-json\/wp\/v2\/product_tag?post=532"}],"curies":[{"name":"wp","href":"https:\/\/api.w.org\/{rel}","templated":true}]}}