{"id":524,"date":"2023-04-21T20:38:29","date_gmt":"2023-04-21T20:38:29","guid":{"rendered":"https:\/\/h17n.com\/fr\/?post_type=product&#038;p=524"},"modified":"2023-06-08T20:47:59","modified_gmt":"2023-06-08T20:47:59","slug":"remitano","status":"publish","type":"product","link":"https:\/\/h17n.com\/fr\/acheter-du-bitcoin\/remitano\/","title":{"rendered":"Remitano\u00a0: un \u00e9change de bitcoins pair-\u00e0-pair"},"content":{"rendered":"<p><a href=\"https:\/\/remitano.com\/home\" rel=\"nofollow noopener\" target=\"_blank\">Remitano<\/a> est une plateforme d&rsquo;<a href=\"https:\/\/h17n.com\/fr\/echange-p2p\/\">\u00e9change de bitcoins pair \u00e0 pair<\/a> qui permet d&rsquo;acheter et de vendre des bitcoins avec d&rsquo;autres utilisateurs. Elle a \u00e9t\u00e9 lanc\u00e9e en 2016 et son si\u00e8ge social se trouve aux Seychelles. L&rsquo;une des fonctionnalit\u00e9s uniques de Remitano est son syst\u00e8me d&rsquo;entiercement qui permet de prot\u00e9ger \u00e0 la fois les acheteurs et les vendeurs lors du trading.<\/p>\n<h2>Comment Remitano fonctionne-t-il ?<\/h2>\n<p>Pour cr\u00e9er un compte, il suffit de lier votre compte Google, Facebook, Apple ID ou Email en une seule \u00e9tape. Pour plus de s\u00e9curit\u00e9, il est recommand\u00e9 de v\u00e9rifier votre num\u00e9ro de t\u00e9l\u00e9phone avant de commencer \u00e0 \u00e9changer.<\/p>\n<p>Lorsque vous ouvrez un trade (achat ou vente de bitcoins avec une autre personne), le processus implique un certain nombre d&rsquo;\u00e9tapes pour garantir une transaction s\u00e9curis\u00e9e \u00e0 la fois pour l&rsquo;acheteur et le vendeur.<\/p>\n<p>Tout d&rsquo;abord, le vendeur accepte de vendre un montant sp\u00e9cifique de bitcoins \u00e0 l&rsquo;acheteur. Une fois cet accord conclu, le montant sp\u00e9cifi\u00e9 de bitcoins est alors d\u00e9tenu sous entiercement sur la plateforme. Ensuite, l&rsquo;acheteur doit payer le bitcoin par le moyen de paiement de son choix. Une fois le paiement effectu\u00e9, l&rsquo;acheteur confirme au vendeur que le paiement a \u00e9t\u00e9 effectu\u00e9 en marquant la transaction comme \u00ab\u00a0Pay\u00e9e\u00a0\u00bb sur le compte du vendeur. Cette confirmation se fait en toute confiance, sachant que les bitcoins du vendeur sont conserv\u00e9s en toute s\u00e9curit\u00e9 sur la plateforme Remitano.<\/p>\n<p>Une fois que le vendeur a re\u00e7u la confirmation du paiement sur son compte bancaire, il confirme le paiement sur la plateforme Remitano en marquant la transaction comme \u00ab\u00a0J&rsquo;ai re\u00e7u le paiement\u00a0\u00bb. Les bitcoins bloqu\u00e9s sont alors lib\u00e9r\u00e9s et transf\u00e9r\u00e9s dans le portefeuille de l&rsquo;acheteur.<\/p>\n<p>En cas de litige ou de probl\u00e8me concernant la transaction, l&rsquo;acheteur et le vendeur peuvent d\u00e9cider d&rsquo;escalader la transaction et de fournir des preuves \u00e0 l&rsquo;appui de leur demande. Ils peuvent \u00e9galement communiquer entre eux par l&rsquo;interm\u00e9diaire de la plateforme Remitano pour tenter de r\u00e9soudre les probl\u00e8mes. L&rsquo;\u00e9quipe d&rsquo;assistance de Remitano \u00e9valuera alors les preuves fournies par les deux parties et prendra une d\u00e9cision sur la base des informations fournies.<\/p>\n<div class=\"container-lazyload preview-lazyload container-youtube js-lazyload--not-loaded\"><a href=\"https:\/\/www.youtube.com\/watch?v=Bj9ru3vErk4\" class=\"lazy-load-youtube preview-lazyload preview-youtube\" data-video-title=\"Remitano - Comment \u00e7a marche?\" title=\"Play video &quot;Remitano - Comment \u00e7a marche?&quot;\">https:\/\/www.youtube.com\/watch?v=Bj9ru3vErk4<\/a><noscript>Video can&rsquo;t be loaded because JavaScript is disabled: <a href=\"https:\/\/www.youtube.com\/watch?v=Bj9ru3vErk4\" title=\"Remitano - Comment \u00e7a marche?\">Remitano &#8211; Comment \u00e7a marche? (https:\/\/www.youtube.com\/watch?v=Bj9ru3vErk4)<\/a><\/noscript><\/div>\n<h2>Frais<\/h2>\n<p>La structure des frais de Remitano varie en fonction du type de transaction et du pays dans lequel la transaction a lieu. Par exemple, si vous vendez ou achetez des bitcoins sur Remitano, la plateforme facture des frais de n\u00e9gociation de 1 % au \u00ab maker \u00bb (la personne qui publie une annonce pour acheter et vendre des bitcoins). Cela signifie que si vous achetez des bitcoins d&rsquo;une valeur de 1 000 dollars, des frais de transaction de 10 dollars vous seront factur\u00e9s.<\/p>\n<p>Outre les frais de trading, Remitano peut \u00e9galement facturer des frais de r\u00e9seau pour les transactions qui n\u00e9cessitent une confirmation sur la blockchain. Ces frais de r\u00e9seau varient en fonction de l&rsquo;\u00e9tat actuel du r\u00e9seau et du volume de transactions. Remitano ne facturera les frais que lorsque la transaction sera termin\u00e9e (correspondance r\u00e9ussie de l&rsquo;ordre).<\/p>\n<div class=\"action box\">\n<p><strong>Entiercement Remitano :<\/strong> Toutes les transactions en ligne sur la plateforme sont prot\u00e9g\u00e9es par un service d&rsquo;entiercement. Lorsqu&rsquo;une transaction est ouverte, le montant en bitcoins de la transaction est automatiquement r\u00e9serv\u00e9 \u00e0 partir du portefeuille Remitano du vendeur. Cela signifie que si le vendeur s&rsquo;enfuit avec votre argent et ne lib\u00e8re pas votre bitcoin, vous pouvez ouvrir le litige du commerce et fournir votre preuve de paiement et Remitano vous lib\u00e9rera le bitcoin de l&rsquo;entiercement.<\/p>\n<\/div>\n<h2>Plus d&rsquo;informations<\/h2>\n<ul>\n<li><a href=\"https:\/\/remitano.com\/home\/\" rel=\"nofollow noopener\" target=\"_blank\">Site web de<\/a> Remitano<\/li>\n<li>Remitano sur <a href=\"https:\/\/twitter.com\/remitano\" rel=\"nofollow noopener\" target=\"_blank\">Twitter<\/a><\/li>\n<li>Remitano avis sur <a href=\"https:\/\/www.trustpilot.com\/review\/remitano.com\" rel=\"nofollow noopener\" target=\"_blank\">Trustpilot<\/a><\/li>\n<\/ul>\n","protected":false},"excerpt":{"rendered":"<p>Remitano est une plateforme bas\u00e9e aux Seychelles permettant aux utilisateurs d&rsquo;\u00e9changer des bitcoins et int\u00e8gre un syst\u00e8me d&rsquo;entiercement pour la protection lorsqu&rsquo;on trade.<\/p>\n","protected":false},"featured_media":527,"comment_status":"open","ping_status":"closed","template":"","meta":[],"product_brand":[],"product_cat":[40],"product_tag":[],"class_list":{"0":"post-524","1":"product","2":"type-product","3":"status-publish","4":"has-post-thumbnail","6":"product_cat-acheter-du-bitcoin","7":"","8":"woocommerce-text-align-center","9":"woocommerce-image-align-center","10":"do-quantity-buttons","12":"first","13":"instock","14":"shipping-taxable","15":"product-type-external"},"_links":{"self":[{"href":"https:\/\/h17n.com\/fr\/wp-json\/wp\/v2\/product\/524","targetHints":{"allow":["GET"]}}],"collection":[{"href":"https:\/\/h17n.com\/fr\/wp-json\/wp\/v2\/product"}],"about":[{"href":"https:\/\/h17n.com\/fr\/wp-json\/wp\/v2\/types\/product"}],"replies":[{"embeddable":true,"href":"https:\/\/h17n.com\/fr\/wp-json\/wp\/v2\/comments?post=524"}],"wp:featuredmedia":[{"embeddable":true,"href":"https:\/\/h17n.com\/fr\/wp-json\/wp\/v2\/media\/527"}],"wp:attachment":[{"href":"https:\/\/h17n.com\/fr\/wp-json\/wp\/v2\/media?parent=524"}],"wp:term":[{"taxonomy":"product_brand","embeddable":true,"href":"https:\/\/h17n.com\/fr\/wp-json\/wp\/v2\/product_brand?post=524"},{"taxonomy":"product_cat","embeddable":true,"href":"https:\/\/h17n.com\/fr\/wp-json\/wp\/v2\/product_cat?post=524"},{"taxonomy":"product_tag","embeddable":true,"href":"https:\/\/h17n.com\/fr\/wp-json\/wp\/v2\/product_tag?post=524"}],"curies":[{"name":"wp","href":"https:\/\/api.w.org\/{rel}","templated":true}]}}